{"id":2445,"date":"2021-04-26T08:38:19","date_gmt":"2021-04-26T06:38:19","guid":{"rendered":"http:\/\/monperejeanmamy.fr\/?page_id=2445"},"modified":"2021-04-26T09:12:37","modified_gmt":"2021-04-26T07:12:37","slug":"jm-a-jr-fresnes-47-10-05","status":"publish","type":"page","link":"https:\/\/monperejeanmamy.fr\/?page_id=2445","title":{"rendered":"JM \u00e0 JR (Fresnes 47\/10\/05)"},"content":{"rendered":"<p><strong>\u00a0<\/strong><a href=\"http:\/\/monperejeanmamy.fr\/?page_id=2436\"><img loading=\"lazy\" class=\"wp-image-1352 alignleft\" src=\"http:\/\/monperejeanmamy.fr\/wp-content\/uploads\/2021\/03\/Lettre-precedente.jpg\" alt=\"\" width=\"143\" height=\"78\" \/><\/a><a href=\"http:\/\/monperejeanmamy.fr\/?page_id=2455\"><img loading=\"lazy\" class=\"alignright wp-image-1353\" src=\"http:\/\/monperejeanmamy.fr\/wp-content\/uploads\/2021\/03\/Lettre-suivante.jpg\" alt=\"\" width=\"139\" height=\"76\" \/><\/a><\/p>\n<p style=\"text-align: center;\"><strong>Dimanche 5 octobre 1947<\/strong><\/p>\n<p style=\"text-align: center;\">Ma Jeannette ch\u00e9rie,<\/p>\n<p style=\"text-align: justify;\">J\u2019ai bien re\u00e7u ta bonne lettre \u00e9crite en r\u00e9ponse de celle que tu veux bien trouver gentille. &gt;Et depuis j\u2019ai pens\u00e9 encore davantage combien il fallait travailler, esp\u00e9rer, ne pas douter, affirmer pour que tout se passe au mieux et que les nuages se dissipent. Je crois que tu es tr\u00e8s mod\u00e9r\u00e9e quand tu me dis rien jusqu\u2019au 14 octobre. Je crois qu\u2019il faut dire novembre et m\u00eame d\u00e9cembre. J\u2019ai tr\u00e8s bonne impression. Plus encore. De toutes fa\u00e7ons, l\u2019atmosph\u00e8re n\u2019est plus la m\u00eame et j\u2019ai bougrement raison de travailler \u00e0 reculer la chose. Nous allons encore agir dans le m\u00eame sens.<\/p>\n<p style=\"text-align: justify;\">Je t\u2019expliquerai, quand je serai sorti, beaucoup de choses. Tu verras comme le r\u00e9veillon sera gentil. Peut-\u00eatre pas tr\u00e8s calme, mais intime et tendre. Et nous trouverons beaucoup de choses \u00e0 se rappeler devant le feu doux, Pendant que Fr\u00e9d\u00e9ric pensera \u00e0 ses jouets du lendemain, pour lesquels je lui aurai racont\u00e9 les plus merveilleuses histoires de P\u00e8re No\u00ebl. Il faut qu\u2019il sache que la vie est remplie de b\u00e9n\u00e9dictions, pleine de joies, bourr\u00e9e de cadeaux qu\u2019on doit tendre les mains toujours pour donner et recevoir et que les vieillards \u00e0 barbe blanche sont les meilleurs hommes du monde.<\/p>\n<p style=\"text-align: justify;\">Je voudrais que chacune de mes lettres soit pour toi un message d\u2019amiti\u00e9, d\u2019affection, de tendresse haute, que tu sois toujours plus heureuse, plus l\u00e9g\u00e8re et plus d\u00e9livr\u00e9e de soucis et de d\u00e9sirs apr\u00e8s leur lecture. Que tu ne r\u00eave point sur un oreiller vide, mais que tu te sentes tout \u00e0 coup transport\u00e9e du d\u00e9sir d\u2019agir et de penser dans le calme de la pl\u00e9nitude. Il faut pour cela sentir profond\u00e9ment \u00e0 chaque minute la pr\u00e9sence de la patience, de la vie pleine de dons, de la toute bont\u00e9. Il n\u2019y a pas un instant o\u00f9 nous soyons seuls, livr\u00e9s au d\u00e9sespoir de notre \u00e9go\u00efsme. Bien au contraire, tout nous entoure d\u2019une affection si s\u00fbre. Ainsi, moi ce soir\u00a0: tes fleurs sont encore toutes vivantes depuis lundi, tes photos depuis trois ans veillent sur toutes mes pages blanches et regardent par-dessus la main tous les mots qui s\u2019inscrivent comme des serments ou des promesses, ou des po\u00e8mes du c\u0153ur br\u00fblant d\u2019un flot de vie heureuse.<\/p>\n<p style=\"text-align: justify;\">En face je regarde la place d\u2019un village o\u00f9 boivent des vaches et o\u00f9 Fr\u00e9d\u00e9ric s\u2019inscrit comme une tache blanche sous le poids de deux maisons tranquilles.<\/p>\n<p><img loading=\"lazy\" class=\"aligncenter size-full wp-image-2458\" src=\"http:\/\/monperejeanmamy.fr\/wp-content\/uploads\/2021\/04\/1947-08-f-FGR-Jarnages.jpg\" alt=\"\" width=\"1173\" height=\"670\" srcset=\"https:\/\/monperejeanmamy.fr\/wp-content\/uploads\/2021\/04\/1947-08-f-FGR-Jarnages.jpg 1173w, https:\/\/monperejeanmamy.fr\/wp-content\/uploads\/2021\/04\/1947-08-f-FGR-Jarnages-300x171.jpg 300w, https:\/\/monperejeanmamy.fr\/wp-content\/uploads\/2021\/04\/1947-08-f-FGR-Jarnages-1024x585.jpg 1024w, https:\/\/monperejeanmamy.fr\/wp-content\/uploads\/2021\/04\/1947-08-f-FGR-Jarnages-768x439.jpg 768w, https:\/\/monperejeanmamy.fr\/wp-content\/uploads\/2021\/04\/1947-08-f-FGR-Jarnages-500x286.jpg 500w\" sizes=\"(max-width: 1173px) 100vw, 1173px\" \/><\/p>\n<p style=\"text-align: justify;\">Si je d\u00e9couvre l\u2019image du dessous, c\u2019est une fille \u00e0 la figure sage qui tient ses cheveux contre le vent pendant que monte le bruit de la rivi\u00e8re.<\/p>\n<p><img loading=\"lazy\" class=\"aligncenter size-full wp-image-2459\" src=\"http:\/\/monperejeanmamy.fr\/wp-content\/uploads\/2021\/04\/1947-08-h-FGR-Jarnages.jpg\" alt=\"\" width=\"771\" height=\"409\" srcset=\"https:\/\/monperejeanmamy.fr\/wp-content\/uploads\/2021\/04\/1947-08-h-FGR-Jarnages.jpg 771w, https:\/\/monperejeanmamy.fr\/wp-content\/uploads\/2021\/04\/1947-08-h-FGR-Jarnages-300x159.jpg 300w, https:\/\/monperejeanmamy.fr\/wp-content\/uploads\/2021\/04\/1947-08-h-FGR-Jarnages-768x407.jpg 768w, https:\/\/monperejeanmamy.fr\/wp-content\/uploads\/2021\/04\/1947-08-h-FGR-Jarnages-500x265.jpg 500w\" sizes=\"(max-width: 771px) 100vw, 771px\" \/><\/p>\n<p style=\"text-align: justify;\">Plus loin j\u2019ai un petit p\u00eacheur qui rit sous le soleil, une maman brune qui rit dans l\u2019herbe o\u00f9 j\u2019entends les grillons, o\u00f9 les sauterelles courent en d\u00e9coupant des lianes.<\/p>\n<p><img loading=\"lazy\" class=\"aligncenter size-full wp-image-2448\" src=\"http:\/\/monperejeanmamy.fr\/wp-content\/uploads\/2021\/04\/1947-08-c-FGR-Jarnages-Copie.jpg\" alt=\"\" width=\"1196\" height=\"648\" srcset=\"https:\/\/monperejeanmamy.fr\/wp-content\/uploads\/2021\/04\/1947-08-c-FGR-Jarnages-Copie.jpg 1196w, https:\/\/monperejeanmamy.fr\/wp-content\/uploads\/2021\/04\/1947-08-c-FGR-Jarnages-Copie-300x163.jpg 300w, https:\/\/monperejeanmamy.fr\/wp-content\/uploads\/2021\/04\/1947-08-c-FGR-Jarnages-Copie-1024x555.jpg 1024w, https:\/\/monperejeanmamy.fr\/wp-content\/uploads\/2021\/04\/1947-08-c-FGR-Jarnages-Copie-768x416.jpg 768w, https:\/\/monperejeanmamy.fr\/wp-content\/uploads\/2021\/04\/1947-08-c-FGR-Jarnages-Copie-500x271.jpg 500w\" sizes=\"(max-width: 1196px) 100vw, 1196px\" \/><\/p>\n<p style=\"text-align: justify;\">Sur mon mur une carte du monde d\u2019o\u00f9 les Am\u00e9riques m\u2019appellent comme des mamans terres promises qui offrent leurs c\u0153urs vierges aux pionniers fatigu\u00e9s de l\u2019Europe trop dense. Jusqu\u2019au salp\u00eatre du mur qui chante sa chanson souffreteuse en s\u2019excusant de ne pouvoir m\u2019attendrir davantage. Mais on a tant piti\u00e9 de la laideur qu\u2019on la d\u00e9core du nom d\u2019humidit\u00e9. Voici que toutes choses concourent \u00e0 l\u2019harmonie de tout. La t\u00eate se repose sous la lumi\u00e8re blonde, encore maternelle celle-l\u00e0. J\u2019ai, depuis l\u2019enfance, la m\u00eame impression merveilleuse, en face de chaque petite lampe \u00e9lectrique, de la pr\u00e9sence d\u2019une f\u00e9e c\u00e2line, qui est l\u2019\u00e2me du lieu b\u00e9ni. En Savoie, quand j\u2019avais cinq ans (c\u2019\u00e9tait hier) nous employions des lampes \u00e0 filament de charbon. Les interrupteurs claquaient avec un bruissement sonore. La lampe de cuivre vibrait comme une touche de musique. Le filament \u00e9tait rouge feu et tremblait. Ma petite lampe de bureau sur le vieux meuble Louis XV que j\u2019ai laiss\u00e9 dans une faillite \u00e0 Alger (encore une) \u00e9clairait mes premiers vers (\u00e0 dix-sept ans). J\u2019ai connu toutes les soir\u00e9es douces de l\u2019\u00e9criture sous les lampes amies. Jusqu\u2019\u00e0 la puissance cent bougies que j\u2019avais enferm\u00e9e dans un zinc peint en vert aux impressions de roses, sur une tige de vieille lampe \u00e0 huile et qui \u00e9clairait rue Geoffroy Saint-Hilaire le cuir que m\u2019a vol\u00e9 un capitaine FFI. M\u00eame celui-l\u00e0 est ami (le cuir). N\u2019est-il pas l\u00e0 o\u00f9 il fraternise sur quelque bureau maltrait\u00e9 par les canifs, ou bien cir\u00e9 par une moutonne, le br\u00fblant reproche au voleur dont l\u2019\u00e2me petite doit courir les m\u00e9andres d\u2019une cellule d\u2019angoisse plus petite que la mienne. Je suis si libre ce soir o\u00f9 les mots prononc\u00e9s vers Paris par celui qui pr\u00e9tend l\u2019avoir d\u00e9livr\u00e9 doivent ressembler \u00e9trangement \u00e0 ceux que nous dictions aux foules ardentes qui redoutaient les exc\u00e8s des enrag\u00e9s d\u2019alors. Je suis si libre qu\u2019il faut bien te dire que j\u2019esp\u00e8re tout, que je suis s\u00fbr de tout, que je regarde tout avec bonheur.<\/p>\n<p style=\"text-align: justify;\">Bonsoir ma ch\u00e9rie. Tu es tr\u00e8s gentille. Tu m\u2019as \u00e9cout\u00e9. Je suis bien plus gentil encore que tu crois. Je ne cesse de t\u2019aimer avec tellement de calme, les yeux ferm\u00e9s comme on croit \u00e0 la vie.<\/p>\n<h1 style=\"text-align: justify;\"><span style=\"text-decoration: underline;\">Lundi soir.<\/span><\/h1>\n<p style=\"text-align: justify;\">J\u2019ai re\u00e7u ta grande lettre ce matin, celle d\u2019hier\u00a0!! Mais oui, et j\u2019utilise illico les plumes. Tu vois que j\u2019\u00e9cris beaucoup plus fin. De sorte que je vais pouvoir te raconter tellement plus de choses. Mais voila, mon papier ne va plus \u00eatre assez grand. J\u2019ai bien re\u00e7u le colis ce matin. Toit est parfait. Veux-tu dire \u00e0 ma m\u00e8re 1\u00b0\/ de m\u2019envoyer lundi une paire de chaussures fortement ressemel\u00e9es. Je rendrai celles que j\u2019ai l\u2019autre jeudi. Deux ans de Fresnes leur ont us\u00e9 un peu la semelle. <u>Il faut<\/u> les faire r\u00e9parer. J\u2019en aurai besoin assez vite. Qu\u2019elle n\u2019oublie pas de les ferrer au talon et au bout. 2\u00b0\/ Jusqu\u2019\u00e0 nouvel ordre ni pardessus ni autre v\u00eatement d\u2019hiver. 3\u00b0\/ Je n\u2019oublierai pas de mettre les bouteilles de vinaigrette. Qu\u2019elle ne s\u2019\u00e9nerve pas pour tois flacons. 4\u00b0\/ J\u2019envisage les \u00e9v\u00e8nements avec plus de calme. Qu\u2019elle ne s\u2019\u00e9meuve pas des mes conseils pressants d\u2019il y a quinze jours et qu\u2019elle agisse \u00e0 son gr\u00e9.<\/p>\n<p style=\"text-align: justify;\">Pour toi, tu peux te d\u00e9p\u00eacher de mettre tout au point car nous irons tr\u00e8s vite et le travail m\u2019emp\u00eachera de te dire toutes les choses aimables que je pense et que tu attends. Je vais d\u00e9biter du papier au m\u00e8tre. Nous n\u2019aurons pas une minute pour nous embrasser, pour nous regarder, pour penser \u00e0 nous, pour manger, pour dormir. Il faudra travailler jour et nuit, car nous allons aborder le moment le plus intense de notre vie. Finis les beaux jours de Fresnes, le farniente dans la cellule, les petits colis, et les parties de cartes, les po\u00e8mes et les fusill\u00e9s, les condamnations et les gardiens. Nous rentrons dans l\u2019activit\u00e9 vivante. Nous ressurgissons du tombeau o\u00f9 l\u2019injustice a voulu nous pr\u00e9cipiter et nous d\u00e9montrons notre vigueur.<\/p>\n<p style=\"text-align: justify;\">Tu vois que je suis tout gonfl\u00e9 de certitude. Es-tu contente de me voir aussi d\u00e9cid\u00e9\u00a0? (Je viens de tuer mon troisi\u00e8me moustique en cinq minutes. Je me demande par quel trou du rideau ils peuvent passer).<\/p>\n<p style=\"text-align: justify;\">Dis \u00e0 ma m\u00e8re que le costume va tr\u00e8s bien. Parfaitement bien.<\/p>\n<p style=\"text-align: justify;\">Figure-toi qu\u2019en pensant \u00e0 ton bon ami G. qui me regardait avec des yeux attendris je me suis pris \u00e0 rire et \u00e0 hocher la t\u00eate. On les a pr\u00e9venus pendant ces 2 ans \u00bd de ce qui allait se passer. Qui avait raison\u00a0?? O\u00f9 en sont-ils\u00a0? Est-ce que quelquefois ce bon brave homme ne se demande pas comment tout cela va finir et qui va \u00eatre oblig\u00e9 de s\u2019en m\u00ealer. J\u2019ai vu combien son associ\u00e9 \u00e9tait prudent. Il a bien fait de se garer \u00e0 temps, les exp\u00e9riences dangereuses sont \u00e0 \u00e9viter. Je crois que la r\u00e9action sera si dure qu\u2019on se demande comment on pourra \u00e9viter les exc\u00e8s.<\/p>\n<p style=\"text-align: justify;\">Il parait qu\u2019il y avait du monde dimanche. Ce que c\u2019est que d\u2019attirer les gens par des vedettes et par une sorte de f\u00eate foraine. On nous a signal\u00e9 de nombreux d\u00e9fil\u00e9s de voitures, ainsi que d\u2019importantes manifestations de groupes. Maintenant\u2026 il circule ici tant de bobards.<\/p>\n<p style=\"text-align: justify;\">Que pense le Palais de la nouvelle du r\u00e9tablissement du Komintern\u00a0? Est-ce que messieurs les avocats songent \u00e0 protester en ch\u0153ur contre le noyautage des jurys par les communistes\u00a0? Si maintenant la III<sup>\u00e8me<\/sup> internationale est r\u00e9tablie, ils ne peuvent plus arguer de leur qualit\u00e9 de Fran\u00e7ais. Ils sont d\u2019abord citoyens sovi\u00e9tiques, partisans, nationaux sovi\u00e9tiques. Donc ils ne peuvent nous juger (il est vrai que\u2026). Il faut que le barreau refuse de plaider devant ces jur\u00e9s. Je pense que Flo. et d\u2019autres vont agir. Bien qu\u2019il soit d\u00e9j\u00e0 trop tard pour beaucoup.<\/p>\n<p style=\"text-align: justify;\">J\u2019ai maintenant la conviction que devant le danger, le monde entier est oblig\u00e9 de remonter la pente. Et nous sauverons ce pays de l\u2019anarchie, et de la domination \u00e9trang\u00e8re, car les soviets, une fois battus, nous serons oblig\u00e9s d\u2019\u00e9tablir ici un r\u00e9gime d\u2019autorit\u00e9 qui emp\u00eachera le retour de pareilles choses. Voici que, sans avoir \u00e9t\u00e9 dans la m\u00eal\u00e9e du dehors, nous sommes encore les promoteurs du combat.<\/p>\n<p style=\"text-align: justify;\">Ce sont des choses trop audacieuses pour une t\u00eate aussi blonde. Je ne veux penser \u00e0 toi ce soir qu\u2019en me disant\u00a0: elle est toute jolie, elle est toute simple, toute joyeuse, si heureuse d\u2019\u00eatre dans l\u2019amour infini, celui qui comble de joie l\u2019humanit\u00e9 toute enti\u00e8re, car celui-l\u00e0 n\u2019est pas \u00e9go\u00efste, il est indivisible. Pour savoir aimer, il faut aimer tous les hommes \u00e0 la fois. Et le c\u0153ur de Jeanne est assez grand pour contenir Dieu tout entier.<\/p>\n<p style=\"text-align: justify;\">Puisque Fr\u00e9d\u00e9ric connait toutes ses lettres, apprends-lui imm\u00e9diatement cette phrase qu\u2019il lui faut retenir toute sa vie : \u00ab <em>la vie est belle, elle est parfaite, elle est immense, elle est infinie, elle est \u00e9ternelle ; elle est toute enti\u00e8re consacr\u00e9e \u00e0 l\u2019amour de tout.<\/em> \u00bb<\/p>\n<p style=\"text-align: justify;\">Je t\u2019embrasse en travaillant. Je travaille en t\u2019embrassant. En travaillant \u00e0 t\u2019aimer si naturellement et tellement mieux qu\u2019au lieu d\u2019un gros torrent, nous allons \u00eatre un grand fleuve, plein d\u2019un \u00e9lan illimit\u00e9. Et voici que notre Jeannette est baign\u00e9e de fraicheur, inond\u00e9e de soleil, parfum\u00e9e d\u2019ondes divines. De quoi \u00eatre b\u00e9nie toute une semaine.<\/p>\n<p style=\"text-align: justify;\">Je t\u2019embrasse mille et une fois. Ceci pour que la semaine s\u2019accroche \u00e0 la prochaine sans interruption de baisers.<\/p>\n<p>J.<\/p>\n","protected":false},"excerpt":{"rendered":"<p>\u00a0 Dimanche 5 octobre 1947 Ma Jeannette ch\u00e9rie, J\u2019ai bien re\u00e7u ta bonne lettre \u00e9crite en r\u00e9ponse de celle que tu veux bien trouver gentille. &gt;Et depuis j\u2019ai pens\u00e9 encore davantage combien il fallait travailler, esp\u00e9rer, ne pas douter, affirmer &hellip; <a href=\"https:\/\/monperejeanmamy.fr\/?page_id=2445\">Continuer la lecture <span class=\"meta-nav\">&rarr;<\/span><\/a><\/p>\n","protected":false},"author":2,"featured_media":11,"parent":0,"menu_order":0,"comment_status":"closed","ping_status":"closed","template":"","meta":[],"folder":[],"_links":{"self":[{"href":"https:\/\/monperejeanmamy.fr\/index.php?rest_route=\/wp\/v2\/pages\/2445"}],"collection":[{"href":"https:\/\/monperejeanmamy.fr\/index.php?rest_route=\/wp\/v2\/pages"}],"about":[{"href":"https:\/\/monperejeanmamy.fr\/index.php?rest_route=\/wp\/v2\/types\/page"}],"author":[{"embeddable":true,"href":"https:\/\/monperejeanmamy.fr\/index.php?rest_route=\/wp\/v2\/users\/2"}],"replies":[{"embeddable":true,"href":"https:\/\/monperejeanmamy.fr\/index.php?rest_route=%2Fwp%2Fv2%2Fcomments&post=2445"}],"version-history":[{"count":3,"href":"https:\/\/monperejeanmamy.fr\/index.php?rest_route=\/wp\/v2\/pages\/2445\/revisions"}],"predecessor-version":[{"id":2460,"href":"https:\/\/monperejeanmamy.fr\/index.php?rest_route=\/wp\/v2\/pages\/2445\/revisions\/2460"}],"wp:featuredmedia":[{"embeddable":true,"href":"https:\/\/monperejeanmamy.fr\/index.php?rest_route=\/wp\/v2\/media\/11"}],"wp:attachment":[{"href":"https:\/\/monperejeanmamy.fr\/index.php?rest_route=%2Fwp%2Fv2%2Fmedia&parent=2445"}],"wp:term":[{"taxonomy":"folder","embeddable":true,"href":"https:\/\/monperejeanmamy.fr\/index.php?rest_route=%2Fwp%2Fv2%2Ffolder&post=2445"}],"curies":[{"name":"wp","href":"https:\/\/api.w.org\/{rel}","templated":true}]}}