{"id":2455,"date":"2021-04-26T08:59:30","date_gmt":"2021-04-26T06:59:30","guid":{"rendered":"http:\/\/monperejeanmamy.fr\/?page_id=2455"},"modified":"2021-04-26T09:22:21","modified_gmt":"2021-04-26T07:22:21","slug":"jm-a-jr-fresnes-47-10-11","status":"publish","type":"page","link":"https:\/\/monperejeanmamy.fr\/?page_id=2455","title":{"rendered":"JM \u00e0 JR (Fresnes 47\/10\/11)"},"content":{"rendered":"<p><strong>\u00a0<\/strong><a href=\"http:\/\/monperejeanmamy.fr\/?page_id=2445\"><img loading=\"lazy\" class=\"wp-image-1352 alignleft\" src=\"http:\/\/monperejeanmamy.fr\/wp-content\/uploads\/2021\/03\/Lettre-precedente.jpg\" alt=\"\" width=\"143\" height=\"78\" \/><\/a><a href=\"http:\/\/monperejeanmamy.fr\/?page_id=2462\"><img loading=\"lazy\" class=\"alignright wp-image-1353\" src=\"http:\/\/monperejeanmamy.fr\/wp-content\/uploads\/2021\/03\/Lettre-suivante.jpg\" alt=\"\" width=\"139\" height=\"76\" \/><\/a><\/p>\n<p style=\"text-align: center;\"><strong>Samedi 11 octobre 1947<\/strong><\/p>\n<p style=\"text-align: center;\">Ma petite fille ch\u00e9rie,<\/p>\n<p style=\"text-align: justify;\">Non, je ne te laisse pas \u00e9teindre la lumi\u00e8re. Il faut au contraire la pleine lumi\u00e8re pour voir les yeux francs, les l\u00e8vres sinc\u00e8res, les mots loyaux, les gestes simples. Nous ne sommes pas des t\u00e9n\u00e8bres nous autres, nous n\u2019avons point besoin de nous cacher pour que notre amour brille mieux dans une nuit complice. Au grand jour, devant tous, avec cette s\u00e9r\u00e9nit\u00e9 si simple, si douce, qu\u2019elle semble \u00eatre l\u2019apanage de la paix elle-m\u00eame. Pour aimer nous n\u2019avons pas m\u00eame besoin de mots. Ni m\u00eame un battement de cils. Tout est prodigieux sous un sourire \u00e0 peine esquiss\u00e9. Je crois que le bonheur n\u2019a pas besoin de d\u00e9monstration. Il est. Il vit. Il remplit tout. Il est le ciel en marche. Il est la joie \u00e0 l\u2019infini. \u00catre heureux, c\u2019est ne penser \u00e0 rien de laid. Il faut \u00e9liminer toute impuret\u00e9, se laver de toute tache, de tout souvenir, construire sur un roc adouci, poli, la maison qui tienne contre l\u2019orage, le temple qui n\u2019est pas b\u00e2ti de main d\u2019homme.<\/p>\n<p style=\"text-align: justify;\">Tu ne m\u2019as gu\u00e8re \u00e9crit cette semaine. Et tu ne me dis gu\u00e8re tout ce que tu as derri\u00e8re la t\u00eate. Car tu dois garder d\u2019immenses r\u00e9serves fut\u00e9es. On sent que sous une fa\u00e7ade de mots charmants, il gronde des sources vives. Je voudrais bien voir le torrent secret, le fleuve qui baigne les r\u00eaves, le lac qui ne se d\u00e9couvre qu\u2019\u00e0 la lune, ou au matin discret, si haut perdu dans les cimes.<\/p>\n<p style=\"text-align: justify;\">Depuis quelques jours je suis tout content. Tout un travail secret se pr\u00e9pare en moi qui me rend plus fort et plus vif, et meilleur et plus d\u00e9cid\u00e9. Ce qui compte, c\u2019est l\u2019esprit dont on affronte les \u00e9preuves. Je crois maintenant pouvoir supporter le feu sans br\u00fblures. De la belle ordalie <a href=\"#_ftn1\" name=\"_ftnref1\">[1]<\/a>. Nous finirons par nous accoutumer \u00e0 tous les supplices chinois. L\u2019atmosph\u00e8re nous semble plus favorable depuis huit jours. Grosses campagnes de presse en notre faveur. Que vont donner les \u00e9lections\u00a0? Il semble que le jeu du G\u00e9n\u00e9ral ait r\u00e9ussi \u00e0 rassembler beaucoup de Parisiens, comme \u00e0 int\u00e9resser nombre de provinciaux. Peut-\u00eatre jouera-t-on d\u2019ici peu une partie d\u00e9cisive.<\/p>\n<p style=\"text-align: justify;\">J\u2019ai beaucoup parl\u00e9 de toi \u00e0 Mlle Meyer. Tu sais qu\u2019il est absolument indispensable que tu la voies d\u2019ici peu. Pour toutes sortes de raisons que je ne peux te dire ici, mais qui tiennent toutes \u00e0 des pr\u00e9occupations d\u2019avenir. Elle connait fort bien le caract\u00e8re de ma m\u00e8re. Elle est tr\u00e8s au courant de mes pens\u00e9es profondes (une praticienne scientiste est beaucoup plus qu\u2019un pr\u00eatre). Elle m\u2019aide pour tous mes probl\u00e8mes moraux, sentimentaux. Et naturellement je lui ai parl\u00e9 de mes projets. Elle veut te conna\u00eetre. Et je veux que tu la connaisses. J\u2019aimerais que tu lui am\u00e8nes Fr\u00e9d\u00e9ric\u00a0; mais non la premi\u00e8re fois, car je pr\u00e9f\u00e8re que vous ayez une conversation entre femmes. Elle te dira beaucoup de bonnes choses qui te feront plaisir. Entre autres, tout le bien que je pense de toi.<\/p>\n<p style=\"text-align: justify;\">Elle t\u2019encouragera \u00e9galement de ma part \u00e0 travailler dans le sens qu\u2019il faut pour que nos affaires r\u00e9ussissent, car tu peux activer toi-m\u00eame la r\u00e9alisation de nos plus chers d\u00e9sirs. Il faut pour cela te d\u00e9livrer de ta sauvagerie, de cette timidit\u00e9 qui paralyse tout, ou bien de cette farouche petite volont\u00e9 qui refuse de faire un pas qui ne soit pas \u00e0 son gr\u00e9, quand on la presse d\u2019\u00eatre docile. Sais-tu bien qu\u2019avec moi, au point o\u00f9 j\u2019en suis, il faut vivre en fonction d\u2019une foi pr\u00e9cise qui n\u2019admet pas les intransigeants. J\u2019ai appris \u00e0 ob\u00e9ir. Il faut bien que la femme que j\u2019aime le mieux au monde sache aussi s\u2019incliner devant les choses ou les principes qui nous d\u00e9passent tous et consente \u00e0 convenir que le r\u00f4le d\u2019une cr\u00e9ature est d\u2019essayer de comprendre ce que la nature exige d\u2019elle, d\u2019autant plus qu\u2019on veut pour elle le meilleur et le parfait.<\/p>\n<h1 style=\"text-align: justify;\"><u>Dimanche matin<\/u>.<\/h1>\n<p style=\"text-align: justify;\">Je t\u2019ai dit bonsoir hier, mais tu \u00e9tais d\u00e9j\u00e0 endormie. Ce matin c\u2019est moi qui t\u2019ouvre un \u0153il apr\u00e8s l\u2019autre. Il fait si clair. Tu as tellement de paix dans tes yeux que toute la chambre est lumineuse.<\/p>\n<p style=\"text-align: justify;\">J\u2019ai beaucoup pens\u00e9 \u00e0 toi. Mon petit doigt m\u2019a dit beaucoup de choses. Je veux que tu sois heureuse. Faut-il que tu veuilles bien faire un pas vers le bonheur. Petite fille aim\u00e9e, comme on veut ton bien, le veux-tu aussi\u00a0? Est-ce que tu acceptes que je t\u2019aime comme il le faut\u00a0: hautement, avec une dignit\u00e9 intransigeante, avec un\u00a0 sens permanent de l\u2019absolu, avec une humilit\u00e9 de vivre\u00a0? Il me faut une compagne d\u2019ap\u00f4tre (le mot n\u2019est pas vain) qui marche dans le m\u00eame sens que moi. Je c rois que tu seras pr\u00eatre \u00e0 t\u2019ouvrir \u00e0 cette v\u00e9rit\u00e9 si substantielle. Et quand tu auras sond\u00e9 tout ton c\u0153ur, tu verras combien il faut s\u2019engager \u00e0 fond dans la t\u00e2che la meilleure. Tu me parlais, au dernier parloir, de travailler beaucoup. H\u00e9 oui. Mais \u00e0 un travail qui profite, qui exige du d\u00e9vouement le meilleur, qui soit utile pour tous.<\/p>\n<p style=\"text-align: justify;\">Le soleil est si joli que je t\u2019en envoie tout un paquet. Sois patiente et sage.<\/p>\n<h1 style=\"text-align: justify;\"><u>Lundi<\/u>.<\/h1>\n<p style=\"text-align: justify;\">Toujours pas de lettre de toi. On m\u2019oublie\u00a0? D\u00e9j\u00e0\u00a0! On est f\u00e2ch\u00e9e\u00a0? De quoi donc\u00a0? On s\u2019ennuie\u00a0? De quoi encore\u00a0? On a eu trop \u00e0 faire\u00a0? C\u2019est bien vrai\u00a0? On a pens\u00e9 qu\u2019il valait mieux agir qu\u2019\u00e9crire\u00a0? Possible. Toujours pas de nouvelle de Flo. Laissez dormir. Les \u00e9v\u00e8nements tournent si vite. Il faut encore aller jusqu\u2019\u00e0 la crise qui est toute proche. De cela, tout est gagn\u00e9. Je crois que maintenant le plus dur est fait.<\/p>\n<p style=\"text-align: justify;\">Bien re\u00e7u l\u2019excellent, le parfait colis. Veux-tu bien me procurer une bo\u00eete de cirage marron clair (du Kiwi si possible, c\u2019est le meilleur et je suis tr\u00e8s difficile sur le cirage). Dis \u00e0 ma m\u00e8re de faire r\u00e9parer mes chaussures de daim (elles me semblent avoir des semelles plus importantes). Je te rendrai jeudi la paire abim\u00e9e que j\u2019ai ici. \u00c0 faire ressemeler illico sans attendre.<\/p>\n<p style=\"text-align: justify;\">Je viens de recevoir ta lettre de samedi. Elle est remplie de bonnes et mauvaises choses. Passe encore pour Kafka avec son histoire \u00e0 la fois idiote et int\u00e9ressante, mais le po\u00e8me (qui semble de fonction) est prodigieusement laid et je suis \u00e0 l\u2019oppos\u00e9 aujourd\u2019hui de cette conception \u00e9grillarde qui trouve son bonheur dans l\u2019animalit\u00e9. Voil\u00e0 vingt ans que je m\u2019\u00e9loigne avec horreur, avec t\u00e9nacit\u00e9, avec m\u00e9thode, de cette pens\u00e9e stupide qui veut absolument trouver la vie belle pendant l\u2019espace d\u2019un moment et rien apr\u00e8s. C\u2019est vraiment un jet de salive d\u2019\u00e9ph\u00e9m\u00e8re, de pauvre ivrogne qui n\u2019aura connu qu\u2019un spasme et qui aura sombr\u00e9 dans une mort affreuse o\u00f9 il doit souffrir un martyre glacial. Car pour ces app\u00e9tits bestiaux plus on va, plus il en faut de cette truculence paillarde jusqu\u2019au comble du vice et du sadisme.\u00a0 Je suis tout \u00e0 fait gu\u00e9ri de ces b\u00eatises qui, sous couleur de po\u00e9sie, ont hant\u00e9 ma jeunesse et qui continuent \u00e0 f\u00ealer les cervelles des malheureux qui r\u00eavent d\u2019orgies. Heureusement, nous avons d\u2019autres joies.<\/p>\n<p style=\"text-align: justify;\">Mon proc\u00e8s\u00a0? Je n\u2019y pense absolument pas. Sauf pour le nier toujours. Tout \u00e0 l\u2019heure, le co\u00e9quipier qui doit passer avec moi dans le box pr\u00e9tendait que son avocat avait re\u00e7u renseignement pour une date d\u00e9but novembre. Il me semble que Floriot aurait \u00e9t\u00e9 le premier pr\u00e9venu et m\u2019en aurait averti. Or, un proc\u00e8s de 4 jours ne s\u2019intercale pas sans qu\u2019un avocat aussi charg\u00e9 que lui soit pressenti. De plus, l\u2019instruction n\u2019\u00e9tant pas termin\u00e9e, il conviendra de repousser la date. Quand il le faudra, nous irons nous expliquer devant les juges sans passion. \u00c0 moins que, les passions continuant, nous allions vivre la vie des hommes encha\u00een\u00e9s qui se d\u00e9p\u00eachent d\u2019\u00e9crire leurs derni\u00e8res volont\u00e9s pour que la post\u00e9rit\u00e9 en goute la douceur et l\u2019amertume.<\/p>\n<p style=\"text-align: justify;\">Je suis tr\u00e8s heureux d\u2019avoir appris tout ce que je sais maintenant. Je suis tr\u00e8s heureux de savoir que nous n\u2019avons pas tout \u00e0 fait tort, quand nous pensions \u00e0 des solutions de sagesse. Et depuis quelque temps j\u2019apprends encore davantage, je suis bien pr\u00e8s d\u2019\u00eatre tout \u00e0 fait sage. J\u2019ai tourn\u00e9 la mauvaise page de la vie, celle toute noire o\u00f9 l\u2019on n\u2019inscrit que des r\u00eaves. Derri\u00e8re, il n\u2019y a plus que de la lumi\u00e8re. Quand la nuit est finie on se r\u00e9veille et l\u2019on ne voit qu\u2019une chose, qu\u2019au lieu de s\u2019\u00e9pouvanter de cauchemars, il fallait aimer bien davantage et la vie et les hommes pour ce qu\u2019ils sont (et qu\u2019ils ne savent pas), pour ce qu\u2019ils seront, pour toutes les meurtrissures qu\u2019ils s\u2019infligent, pour toutes les bont\u00e9s qu\u2019ils n\u00e9gligent.<\/p>\n<p style=\"text-align: justify;\">Ainsi, toi, tu prends ton temps \u00e0 te lamenter quand il te faudrait d\u00e9rouler des minutes de bonheur (mais on ne peut le trouver dans la pr\u00e9sence animale de quelqu\u2019un). Si tu savais comme on est libre devant un mur, heureux devant une \u00e2me propre, aimant en pensant \u00e0 un enfant pur, joyeux quand on roule dans sa t\u00eate des mots de douceurs, des id\u00e9es parfaites.<\/p>\n<p style=\"text-align: justify;\">C\u2019est pourquoi je vais d\u00e9chirer ta lettre tout de suite (pour le mauvais po\u00e8me). J\u2019en garderai tous les baisers, toute l\u2019affection r\u00e9elle, toute la tendresse aim\u00e9e, toute l\u2019\u00e9ternit\u00e9 aimante, car c\u2019est cela qui dure. C\u2019est la seule chose qui vaille la peine de vivre. Rien ne compte sauf l\u2019amour, mais pour qu\u2019il soit beau il faut qu\u2019il soit lav\u00e9 \u00e0 grande eau trois fois par jour dans le ciel bleu.<\/p>\n<p style=\"text-align: justify;\">D\u00e9p\u00eache-toi de faire tout ce que je t\u2019ai dit. Nous n\u2019avons plus de temps \u00e0 perdre. Sache que nous sommes bien\u00a0 conduits. Je te dirai jeudi tout ce qu\u2019il faut. Tu es tout un torrent de tendresse. Je l\u2019accepte comme une rivi\u00e8re gonfl\u00e9e de tout toi. Mes gros baisers. N\u2019en prive pas le Fr\u00e9d\u00e9ric.<\/p>\n<p style=\"text-align: justify;\">J.<\/p>\n<p style=\"text-align: justify;\"><a href=\"#_ftnref1\" name=\"_ftn1\">[1]<\/a> Ordalie\u00a0: \u00e9preuve judiciaire employ\u00e9e au Moyen \u00c2ge pour \u00e9tablir l&rsquo;innocence ou la culpabilit\u00e9 de l&rsquo;accus\u00e9 (synonyme\u00a0: jugement de Dieu). Ordalie par l\u2019eau, ordalie par le feu.<\/p>\n","protected":false},"excerpt":{"rendered":"<p>\u00a0 Samedi 11 octobre 1947 Ma petite fille ch\u00e9rie, Non, je ne te laisse pas \u00e9teindre la lumi\u00e8re. Il faut au contraire la pleine lumi\u00e8re pour voir les yeux francs, les l\u00e8vres sinc\u00e8res, les mots loyaux, les gestes simples. Nous &hellip; <a href=\"https:\/\/monperejeanmamy.fr\/?page_id=2455\">Continuer la lecture <span class=\"meta-nav\">&rarr;<\/span><\/a><\/p>\n","protected":false},"author":2,"featured_media":11,"parent":0,"menu_order":0,"comment_status":"closed","ping_status":"closed","template":"","meta":[],"folder":[],"_links":{"self":[{"href":"https:\/\/monperejeanmamy.fr\/index.php?rest_route=\/wp\/v2\/pages\/2455"}],"collection":[{"href":"https:\/\/monperejeanmamy.fr\/index.php?rest_route=\/wp\/v2\/pages"}],"about":[{"href":"https:\/\/monperejeanmamy.fr\/index.php?rest_route=\/wp\/v2\/types\/page"}],"author":[{"embeddable":true,"href":"https:\/\/monperejeanmamy.fr\/index.php?rest_route=\/wp\/v2\/users\/2"}],"replies":[{"embeddable":true,"href":"https:\/\/monperejeanmamy.fr\/index.php?rest_route=%2Fwp%2Fv2%2Fcomments&post=2455"}],"version-history":[{"count":3,"href":"https:\/\/monperejeanmamy.fr\/index.php?rest_route=\/wp\/v2\/pages\/2455\/revisions"}],"predecessor-version":[{"id":2466,"href":"https:\/\/monperejeanmamy.fr\/index.php?rest_route=\/wp\/v2\/pages\/2455\/revisions\/2466"}],"wp:featuredmedia":[{"embeddable":true,"href":"https:\/\/monperejeanmamy.fr\/index.php?rest_route=\/wp\/v2\/media\/11"}],"wp:attachment":[{"href":"https:\/\/monperejeanmamy.fr\/index.php?rest_route=%2Fwp%2Fv2%2Fmedia&parent=2455"}],"wp:term":[{"taxonomy":"folder","embeddable":true,"href":"https:\/\/monperejeanmamy.fr\/index.php?rest_route=%2Fwp%2Fv2%2Ffolder&post=2455"}],"curies":[{"name":"wp","href":"https:\/\/api.w.org\/{rel}","templated":true}]}}