{"id":2462,"date":"2021-04-26T09:14:30","date_gmt":"2021-04-26T07:14:30","guid":{"rendered":"http:\/\/monperejeanmamy.fr\/?page_id=2462"},"modified":"2021-04-26T10:42:46","modified_gmt":"2021-04-26T08:42:46","slug":"jm-a-jr-47-10-19","status":"publish","type":"page","link":"https:\/\/monperejeanmamy.fr\/?page_id=2462","title":{"rendered":"JM \u00e0 JR (Fresnes 47\/10\/19)"},"content":{"rendered":"<p><strong>\u00a0<\/strong><a href=\"http:\/\/monperejeanmamy.fr\/?page_id=2455\"><img loading=\"lazy\" class=\"wp-image-1352 alignleft\" src=\"http:\/\/monperejeanmamy.fr\/wp-content\/uploads\/2021\/03\/Lettre-precedente.jpg\" alt=\"\" width=\"143\" height=\"78\" \/><\/a><a href=\"http:\/\/monperejeanmamy.fr\/?page_id=2468\"><img loading=\"lazy\" class=\"alignright wp-image-1353\" src=\"http:\/\/monperejeanmamy.fr\/wp-content\/uploads\/2021\/03\/Lettre-suivante.jpg\" alt=\"\" width=\"139\" height=\"76\" \/><\/a><\/p>\n<p style=\"text-align: center;\"><strong>Dimanche 19 octobre 1947<\/strong><\/p>\n<p style=\"text-align: center;\">Ma petite fille ch\u00e9rie,<\/p>\n<p style=\"text-align: justify;\">Je crois que nous commen\u00e7ons \u00e0 vivre des jours fameux. On sent dans ce pays un profond bouleversement. Depuis quelques jours les nouvelles paraissent impr\u00e9cises, mais tout tend \u00e0 prouver que l\u2019\u00e9tat de choses d\u2019hier va cesser et que ce pays ne peut plus supporter le d\u00e9sordre. Nous esp\u00e9rons que nous serons compris dans cette volont\u00e9 de r\u00e9novation et que la lutte de demain nous trouvera libres et d\u00e9cid\u00e9s. On voit de grosses campagnes pour l\u2019amnistie. Je pense que ce n\u2019est pas tellement par g\u00e9n\u00e9rosit\u00e9 que par souci de nous utiliser bient\u00f4t activement.<\/p>\n<p style=\"text-align: justify;\">Il faut donc, comme tu dis si bien, tenir le coup l\u00e0 o\u00f9 tu sais. Et je suis s\u00fbr maintenant que c\u2019est possible. D\u2019ici peu nous verrons combien il \u00e9tait logique d\u2019esp\u00e9rer tout du retournement politique in\u00e9vitable. C\u2019\u00e9tait une question de temps. Nous voici arriv\u00e9s \u00e0 terme.<\/p>\n<p style=\"text-align: justify;\">Demain nous commencerons \u00e0 conna\u00eetre les r\u00e9sultats. Mais, d\u2019ores et d\u00e9j\u00e0, il est acquis que l\u2019extr\u00eame gauche se trouve fortement contre, battue par toute la droite et par la propagande et la volont\u00e9 am\u00e9ricaine. D\u00e8s que l\u2019on aura supprim\u00e9 l\u2019odieux syst\u00e8me de justice qui s\u2019est exerc\u00e9 contre nous depuis trois ans, nous pourrons nous justifier ais\u00e9ment. Je crois, on vote, que pour tous les gens sens\u00e9s, la cause est entendue.<\/p>\n<p style=\"text-align: justify;\">Je me sens ce soir de parfaite humeur. Tout va tr\u00e8s bien. D\u2019autant plus que je sais avoir encore devant moi 45 ans de vie sur ce plan pour r\u00e9aliser quelques petites choses ch\u00e8res. Et on peut faire en si peu de temps du bon travail. Apr\u00e8s, nous irons travailler de l\u2019autre c\u00f4t\u00e9, \u00e0 la gloire du v\u00e9ritable Grand Architecte de l\u2019Univers (comme on dit dans le jargon ma\u00e7onnique).<\/p>\n<p style=\"text-align: justify;\">J\u2019ai bien re\u00e7u ta petite lettre o\u00f9 tu refuses encore de faire ce que je t\u2019ai demand\u00e9. Il faudra donc attendre la sortie pour que nous mettions au point toutes sortes de choses. Car il est important, capital, absolument n\u00e9cessaire de voir clair en soi pour savoir dans quoi on s\u2019engage. Je ne veux pas me disputer avec toi toute la journ\u00e9e. Je t\u2019aime trop pour cela. Et tu ne veux pas non plus vivre avec quelqu\u2019un qui te sera compl\u00e8tement inconnu et que tu verras toujours plong\u00e9 dans des bouquins que tu ne comprends pas ou que tu ne veux pas comprendre. Pour \u00eatre heureux il est essentiel d\u2019aller jusqu\u2019au fond du c\u0153ur l\u2019un de l\u2019autre. Ce serait imprudent, d\u00e9loyal, peu sage de ne pas convenir de tout avant de construire quelque chose d\u2019aussi important que toute une vie. Or, il faut bien que tu saches que l\u2019\u00e9tude de la Christian Science est devenue pour moi beaucoup plus qu\u2019une petite marotte, ou qu\u2019un divertissement intellectuel. J\u2019ai compris trop de choses dans ce domaine de la m\u00e9taphysique pour ne pas voir mon comportement compl\u00e8tement transform\u00e9 par les id\u00e9es qui sont expliqu\u00e9es dans ce livre et d\u2019autres. Les Scientistes ne vivent pas comme tout le monde. Ils vivent m\u00eame \u00e0 l\u2019envers de tout le monde quand les humains se pr\u00e9cipitent vers des plaisirs fades ou des erreurs subtiles. Je te dis tout cela, non point pour te d\u00e9tourner de moi, bien au contraire, mais pour que tu sois compl\u00e8tement \u00e9clair\u00e9e. Je ne veux pas que tu puisses me reprocher de t\u2019avoir cach\u00e9 la moindre chose.<\/p>\n<p style=\"text-align: justify;\">Si je divorce d\u2019avec ma premi\u00e8re femme, c\u2019est presque en totalit\u00e9 \u00e0 cause de l\u2019opposition absolue qu\u2019elle faisait \u00e0 la Christian Science, en plus d\u2019un caract\u00e8re d\u00e9testable et d\u2019autres choses impossibles \u00e0 admettre. Toutefois, toutes ces choses auraient pu \u00eatre d\u00e9truites si elle avait accept\u00e9 de se r\u00e9former, comme, de mon c\u00f4t\u00e9, j\u2019ai fait le trajet. Si je te trouve aujourd\u2019hui sur ma route, c\u2019est que ta mentalit\u00e9 me semble saine sur beaucoup de points. Faut-il que tu consentes \u00e0 l\u2019essentiel. Car je sais fort bien que mon exp\u00e9rience m\u2019oblige \u00e0 redoubler d\u2019efforts dans la voie o\u00f9 je me suis engag\u00e9.<\/p>\n<h1 style=\"text-align: justify;\"><u>Lundi<\/u>.<\/h1>\n<p style=\"text-align: justify;\">Je relis ma prose de la veille et la trouve fort dure pour une aussi gentille personne que j\u2019aime tant et pour qui, depuis quelque temps, j\u2019\u00e9prouve tout l\u2019int\u00e9r\u00eat qu\u2019il faut pour r\u00e9ussir une admirable union. Je les laisse quand m\u00eame ces lignes tr\u00e8s inspir\u00e9es par la rigueur car elles d\u00e9finissent une position mentale qu\u2019il faut que tu connaisses. Elles ne peuvent que te r\u00e9jouir, car tu verras que tu te trouves en pr\u00e9sence de quelqu\u2019un d\u2019infiniment sinc\u00e8re et solide qui ne dissimule rien et sait bien ce qu\u2019il veut. Je suis si convaincu par l&rsquo;exp\u00e9rience que l\u00e0 est la v\u00e9rit\u00e9, qu&rsquo;il n&rsquo;y a pas de doute sur mon attitude de demain quant aux probl\u00e8mes de la vie. La libert\u00e9 morale est la condition de toutes les unions heureuses m\u00eame si l&rsquo;on diff\u00e8re sur certains points de vue, il faut s&rsquo;harmoniser. Or je crois que nous irons fort bien ensemble quand j&rsquo;aurai eu avec toi les grandes conversations qui d\u00e9cident de tout le bonheur. Tel que tu l&rsquo;es, tu es si charmante, si d\u00e9vou\u00e9e, si affectueuse, si pleine de c\u0153ur, si bien une femme et une s\u0153ur, que toute cette affection doit \u00eatre sublim\u00e9e pour qu&rsquo;elles parviennent au plus haut de l&rsquo;id\u00e9al impersonnel. Dieu ne peut pas se tromper dans ce qu\u2019il unit et il ne saurait associer que des id\u00e9es pures. Et dans un foyer tr\u00e8s ch\u00e8rement appr\u00e9ci\u00e9 on doit br\u00fbler tous les \u00e9go\u00efsmes comme faire flamber toute la flamme d&rsquo;un amour transcendant.<\/p>\n<h1 style=\"text-align: justify;\"><u>12h<\/u>.<\/h1>\n<p style=\"text-align: justify;\">Tu es la merveille des merveilles. Malgr\u00e9 les difficult\u00e9s, tu as r\u00e9ussi \u00e0 m&rsquo;apporter ce matin le colis habituel et magnifique. Tu es le d\u00e9vouement lui-m\u00eame. Tu es tout ce que j&rsquo;aime. Mais je ne veux pas que tu \u00e9prouves pour moi de l&rsquo;amour aveugle. Ma m\u00e8re, quand elle me parle de toi, me dit : \u00ab Elle t\u2019adore. Tu es une idole pour elle \u00bb. Je veux absolument briser ce sentiment d\u2019extase qui ne nous apportera rien ni \u00e0 l\u2019un ni \u00e0 l&rsquo;autre. Si tu m&rsquo;aimes, tu aimeras aussi la v\u00e9rit\u00e9 que j&rsquo;aime, car ce que j&rsquo;aime en toi c&rsquo;est la v\u00e9rit\u00e9 que tu manifestes inconsciemment, tout \u00e0 fait naturellement, sans la conna\u00eetre. Tu es la plus loyale, la plus douce, la plus sensible et aimante, tu es l&rsquo;amour m\u00eame ; je ne veux pas faire de toi une intellectuelle, mais une chr\u00e9tienne, car tu l&rsquo;es, et tu l\u2019ignores. Et ce sera la base de notre vie. Ce n&rsquo;est pas une conception limit\u00e9e. Je n&rsquo;exige pas de toi une conversion spectaculaire, mais je sais que dans tout \u00eatre il y a, \u00e0 un moment donn\u00e9, un intense besoin de spiritualit\u00e9, une ascension merveilleuse vers une vie plus haute que la mat\u00e9rielle, un refus du vulgaire, une appr\u00e9ciation des choses \u00e9ternelles. Si tu es sur ma route, si je suis sur la tienne, c&rsquo;est qu&rsquo;il \u00e9tait \u00e9crit que nous nous apporterions mutuellement des v\u00e9rit\u00e9s. Toi, avec ton c\u0153ur, moi, avec mes facult\u00e9s d&rsquo;analyse, quelquefois bien s\u00e8ches, mais que je nourris de tellement d&rsquo;amour qu&rsquo;elles coulent \u00e0 flots et deviennent vivantes comme l&rsquo;Esprit. Je vois d&rsquo;ici ta moue\u00a0: \u00ab\u00a0Je ne comprends rien \u00e0 tout \u00e7a. Moi j&rsquo;aime, et puis c&rsquo;est tout\u00a0\u00bb. On ne demande pas autre chose que de la multiplier par mille, par un milliard, et de savoir que tout le fleuve de tendresse qui sort de ton c\u0153ur est parole de v\u00e9rit\u00e9. On ne te demande ni g\u00e9nuflexions, ni pri\u00e8res sottes, mais d&rsquo;appliquer ton intelligence \u00e0 aimer plus haut, \u00e0 d\u00e9couvrir les grandes lois de la vie, \u00e0 vivre harmonieusement, en paix, riche d&rsquo;\u00e9motions douces, et pleine d\u2019une bont\u00e9 absolue. On te demande de croire qu&rsquo;il existe un merveilleux principe sur quoi s&rsquo;appuyer de toutes son \u00e2me qui gu\u00e9rit tous maux, et qui nous dit qu&rsquo;avant ou apr\u00e8s la mort, l&rsquo;homme continue \u00e0 chercher la voie de l&rsquo;\u00e9ternit\u00e9. Ce ne sont pas des mots, ce sont des faits. Il faudra que tu \u00e9l\u00e8ves tes enfants dans cette voie \u00e9troite et resserr\u00e9e. Et m\u00eame si ce n&rsquo;est pas commode pour toi aujourd&rsquo;hui, m\u00eame si le petit \u00e9go\u00efsme que tu h\u00e9sites \u00e0 me donner pour que je le casse en mille morceaux, comme j&rsquo;ai cass\u00e9 le mien, s&rsquo;anime un peu contre le gros m\u00e9chant monsieur qui veut nous \u00e9craser de tout son poids de th\u00e9ologien, et bien, les efforts que tu seras oblig\u00e9e de faire seront de ces pas humains que nous avons tous fait et qui ont leur r\u00e9compense. Dans la vie, il faut lutter pour arriver \u00e0 la situation sup\u00e9rieure. Ma jeannette est une femme ob\u00e9issante, non pas \u00e0 son mari, mais au Principe Vital qui commande le monde entier. La loi est pour elle comme pour les autres. On apprend \u00e0 tout \u00e2ge. Moi aussi, je me suis qu&rsquo;un \u00e9tudiant. Et il n&rsquo;y a pas de raison que tu ne fasses pas ton effort.<\/p>\n<p style=\"text-align: justify;\">Et puis je suis bien b\u00eate de me tourmenter, et de te faire tant de grandes phrases. Je suis certain que tu as d\u00e9j\u00e0 commenc\u00e9. Dans le fond, tu sais bien que j&rsquo;ai raison. Quand tu pleurais tout contre moi, c&rsquo;est que tu voulais que je t&rsquo;apprenne de grandes choses, non pas que je t&rsquo;aime, moi (c&rsquo;est fait, mais cela n&rsquo;est pas suffisant) mais que Dieu, le Principe de tout, t\u2019aime, et c&rsquo;est cette pens\u00e9e l\u00e0 qui te gu\u00e9rit. Tu n&rsquo;as pas besoin d&rsquo;\u00eatre une petite fille nerveuse vite consol\u00e9e avec trois baisers, mais d&rsquo;\u00eatre une femme profond\u00e9ment remu\u00e9e jusque dans sa sensibilit\u00e9 la plus haute, et qui donne le maximum de son fier d\u00e9vouement \u00e0 la d\u00e9monstration d&rsquo;une v\u00e9rit\u00e9 spirituelle dans toute sa vie. Le bonheur, c&rsquo;est \u00e9couter dans le silence les voix les plus \u00e9tranges, les plus imp\u00e9n\u00e9trables, les plus douces, les plus pures. On n\u2019entend l&rsquo;infini que lorsqu&rsquo;on on s&rsquo;oublie soi-m\u00eame.<\/p>\n<p style=\"text-align: justify;\">Voil\u00e0 pour aujourd&rsquo;hui une grande le\u00e7on de morale chr\u00e9tienne. Passons maintenant au grand r\u00e9confort de toute ma chaleur tendre. Je te prends sur mes genoux. Je mets ta t\u00eate sur mon \u00e9paule, et je te berce comme une fillette aim\u00e9e jusqu&rsquo;\u00e0 ce que tu t&rsquo;endormes, confiante. Tu vois bien que je ne te veux point de mal, mais seulement veiller sur ton sommeil, et prier pour que ton r\u00e9veil soit beau. Et ce r\u00e9veil, c&rsquo;est la douceur au fond des yeux mouill\u00e9s de larmes de gratitude, tant le bonheur p\u00e8se sur le c\u0153ur contrit.<\/p>\n<h1 style=\"text-align: justify;\"><u>21h<\/u>.<\/h1>\n<p style=\"text-align: justify;\">Cette fois-ci, c\u2019est bonsoir. Je viens de faire une grosse tache. Prend la pour un gros baiser. Mais un baiser d&rsquo;amour. Celui qui ne laisse pas de marques sur la peau, mais qui scelle le c\u0153ur d&rsquo;une douceur galante. Comme je t&rsquo;ai beaucoup bouscul\u00e9 dans toute cette lettre, je veux que tu dormes ce soir d&rsquo;un sommeil heureux d&rsquo;enfant apais\u00e9. Tout va bien. Le mieux du monde. Tout est calme. Parfait. La vie est belle. Plus belle encore que pr\u00e9vu dans ces contes de f\u00e9es si bizarres o\u00f9 l&rsquo;homme r\u00eave de tant de choses inutiles, tandis que nous, nous ne pensons qu&rsquo;\u00e0 dormir en paix, et \u00e0 nous souvenir qu&rsquo;il ne faut pas bouger quand les anges passent.<\/p>\n<p style=\"text-align: justify;\">J.<\/p>\n<p style=\"text-align: justify;\">PS. Ne m\u2019envoie plus de bougies pour l\u2019instant. Plus de m\u00e9ta non plus pendant huit jours. Par contre la saccharine et le lait en poudre sont les bienvenus. Et ma m\u00e8re ne sait gu\u00e8re forcer la dose. Encore un peu de temps et c\u2019est moi qui te le pr\u00e9parerai, le petit d\u00e9jeuner.<\/p>\n<p>&nbsp;<\/p>\n","protected":false},"excerpt":{"rendered":"<p>\u00a0 Dimanche 19 octobre 1947 Ma petite fille ch\u00e9rie, Je crois que nous commen\u00e7ons \u00e0 vivre des jours fameux. On sent dans ce pays un profond bouleversement. Depuis quelques jours les nouvelles paraissent impr\u00e9cises, mais tout tend \u00e0 prouver que &hellip; <a href=\"https:\/\/monperejeanmamy.fr\/?page_id=2462\">Continuer la lecture <span class=\"meta-nav\">&rarr;<\/span><\/a><\/p>\n","protected":false},"author":2,"featured_media":11,"parent":0,"menu_order":0,"comment_status":"closed","ping_status":"closed","template":"","meta":[],"folder":[],"_links":{"self":[{"href":"https:\/\/monperejeanmamy.fr\/index.php?rest_route=\/wp\/v2\/pages\/2462"}],"collection":[{"href":"https:\/\/monperejeanmamy.fr\/index.php?rest_route=\/wp\/v2\/pages"}],"about":[{"href":"https:\/\/monperejeanmamy.fr\/index.php?rest_route=\/wp\/v2\/types\/page"}],"author":[{"embeddable":true,"href":"https:\/\/monperejeanmamy.fr\/index.php?rest_route=\/wp\/v2\/users\/2"}],"replies":[{"embeddable":true,"href":"https:\/\/monperejeanmamy.fr\/index.php?rest_route=%2Fwp%2Fv2%2Fcomments&post=2462"}],"version-history":[{"count":4,"href":"https:\/\/monperejeanmamy.fr\/index.php?rest_route=\/wp\/v2\/pages\/2462\/revisions"}],"predecessor-version":[{"id":2471,"href":"https:\/\/monperejeanmamy.fr\/index.php?rest_route=\/wp\/v2\/pages\/2462\/revisions\/2471"}],"wp:featuredmedia":[{"embeddable":true,"href":"https:\/\/monperejeanmamy.fr\/index.php?rest_route=\/wp\/v2\/media\/11"}],"wp:attachment":[{"href":"https:\/\/monperejeanmamy.fr\/index.php?rest_route=%2Fwp%2Fv2%2Fmedia&parent=2462"}],"wp:term":[{"taxonomy":"folder","embeddable":true,"href":"https:\/\/monperejeanmamy.fr\/index.php?rest_route=%2Fwp%2Fv2%2Ffolder&post=2462"}],"curies":[{"name":"wp","href":"https:\/\/api.w.org\/{rel}","templated":true}]}}