{"id":2468,"date":"2021-04-26T10:35:48","date_gmt":"2021-04-26T08:35:48","guid":{"rendered":"http:\/\/monperejeanmamy.fr\/?page_id=2468"},"modified":"2024-01-22T17:05:32","modified_gmt":"2024-01-22T16:05:32","slug":"jm-a-jr-fresnes-47-10-27","status":"publish","type":"page","link":"https:\/\/monperejeanmamy.fr\/?page_id=2468","title":{"rendered":"JM \u00e0 JR (Fresnes 47\/10\/27)"},"content":{"rendered":"<p><strong>\u00a0<\/strong><a href=\"http:\/\/monperejeanmamy.fr\/?page_id=2462\"><img loading=\"lazy\" class=\"wp-image-1352 alignleft\" src=\"http:\/\/monperejeanmamy.fr\/wp-content\/uploads\/2021\/03\/Lettre-precedente.jpg\" alt=\"\" width=\"143\" height=\"78\" \/><\/a><a href=\"http:\/\/monperejeanmamy.fr\/?page_id=2472\"><img loading=\"lazy\" class=\"alignright wp-image-1353\" src=\"http:\/\/monperejeanmamy.fr\/wp-content\/uploads\/2021\/03\/Lettre-suivante.jpg\" alt=\"\" width=\"139\" height=\"76\" \/><\/a><\/p>\n<p style=\"text-align: center;\"><strong>Lundi 27 octobre 1947<\/strong><\/p>\n<p style=\"text-align: center;\">Ma petite fille ch\u00e9rie,<\/p>\n<p style=\"text-align: justify;\">J\u2019ai re\u00e7u le pneu de Floriot tout \u00e0 l\u2019heure. J\u2019esp\u00e8re que, pr\u00e9venue, tu fais le n\u00e9cessaire pour ce que je t\u2019ai dit. Il faut agir sans tarder. Et si quelque fois nous n\u2019arrivons pas \u00e0 ce que nous voulons, c\u2019est qu\u2019il en sera d\u00e9cid\u00e9 autrement pour nous. J\u2019\u00e9cris \u00e0 Flo. dans ce sens.<\/p>\n<p style=\"text-align: justify;\">Que je te dise imm\u00e9diatement tout ce dont j\u2019ai besoin ici\u00a0:<\/p>\n<ol>\n<li style=\"text-align: justify;\">mes chaussons de mouton<\/li>\n<li style=\"text-align: justify;\">le vieux pardessus qui me sert de robe de chambre<\/li>\n<li style=\"text-align: justify;\">une paire de chaussures ressemel\u00e9es. Celles que j\u2019ai sont d\u00e9j\u00e0 trou\u00e9es comme pr\u00e9vu<\/li>\n<li style=\"text-align: justify;\">du m\u00e9ta dans les colis<\/li>\n<li style=\"text-align: justify;\">veux-tu te mettre en rapport imm\u00e9diatement avec Mlle Meyer, Gr\u00e9sillon 09 31 (le matin) et lui r\u00e9clamer <em>Les Barreaux d\u2019Or<\/em>. Tu mettras imm\u00e9diatement au point la chose pour Flo. Je compte du reste te voir au parloir pour t\u2019indiquer ce qu\u2019il faut faire. Viens sans faute non pas le 30 mais le jeudi 6. Nous mettrons tout au point.<\/li>\n<\/ol>\n<p style=\"text-align: justify;\">Les jours qui vont venir vont \u00eatre d\u00e9cisifs. Si quelquefois des \u00e9v\u00e8nements cruciaux intervenaient, je risque d\u2019\u00eatre repouss\u00e9 encore tr\u00e8s loin. Sinon, il faudra supporter patiemment les coups du sort et nous en tirer au mieux.<\/p>\n<p style=\"text-align: justify;\">J\u2019ai bien re\u00e7u ta bonne lettre o\u00f9 tu me dis des choses si gentilles. Figure-toi que ce soir je suis un peu bouscul\u00e9 par l\u2019\u00e9v\u00e8nement pour m\u2019\u00e9pandre sentimentalement. Tu ne m\u2019en voudras pas d\u2019\u00eatre bref \u00e0 l\u2019exc\u00e8s. Je t\u2019ai d\u00e9j\u00e0 \u00e9crit tellement de choses que tu as tout en mains pour savoir combien mon c\u0153ur contient de pens\u00e9es affectueuses pour toi qui m\u2019a tant aid\u00e9 pendant ces trois ans. Voici le moment de l\u2019\u00e9preuve le plus dur. Je suis bien s\u00fbr que tu sera l\u00e0, fid\u00e8le, dans l\u2019ombre, et que tu veilleras \u00e0 tout.<\/p>\n<p style=\"text-align: justify;\">Je crois aussi que la force dont je me sens soulev\u00e9 fera que chaque obstacle sera vaincu, si insurmontable paraisse-t-il. Et puis, \u00e0 bien r\u00e9fl\u00e9chir, ce soir, je pr\u00e9f\u00e8re \u00eatre encore dans ma peau que dans celle de certaines gens au pouvoir aujourd\u2019hui. Qui sait ce qui peut se passer tr\u00e8s vite. Je crois \u00eatre tellement plus calme et plus pur que certains responsables qui ne doivent pas se sentir sir s\u00fbrs du lendemain.<\/p>\n<p style=\"text-align: justify;\">Au fond, je crois que je tiendrai ma promesse d\u2019aller te faire ton petit d\u00e9jeuner un de ces matins. Ce sera une surprise. Quelle vie curieuse, hein ? Ne pas savoir si dans un mois on sera en libert\u00e9 ou dans une bagarre inimaginable ou bien condamn\u00e9 \u00e0 mort, en train d\u2019\u00e9crire des m\u00e9moires importants ou des po\u00e8mes bibliques. Car rien ne pourrait m\u2019exalter autant qu\u2019une condamnation. Je me sens d\u00e9j\u00e0 tout pr\u00e8s d\u2019un ciel si puissant, si plein d\u2019anges, si d\u00e9livr\u00e9 de toutes chaines que je ne sens plus le poids d\u2019hier, la vie malfaisante, ni m\u00eame la lutte qui s\u2019annonce grandiose. Que je sois de ce c\u00f4t\u00e9-ci ou de l\u2019autre, je vais voir, comme tous, la destruction d\u2019un monde mal fam\u00e9, \u00e0 mesure qu\u2019apparaitra le bonheur de vivre plus pr\u00e8s de la paix.<\/p>\n<p style=\"text-align: justify;\">Peut-\u00eatre aussi serai-je sous la lampe pr\u00e8s d\u2019une blonde \u00e0 qui je ne raconterai aucune des histoires terribles que je connais parce qu\u2019elle n\u2019a pas besoin qu\u2019on lui d\u00e9couvre toute la m\u00e9chancet\u00e9 du monde. Bien au contraire, il faudra lui apprendre les merveilleuses v\u00e9rit\u00e9s qui font que les hommes ne doivent plus se battre et qui construisent d\u00e9finitivement le bonheur et la vie. Ainsi nous aurons \u00e9t\u00e9 pour Jeannette le guide et non le tourment, et nous lui donnerons la lumi\u00e8re qui \u00e9claire le sentier \u00e9troit, le petit chemin o\u00f9 le c\u0153ur doit passer tout pur pour atteindre \u00e0 l\u2019aube la montagne haute.<\/p>\n<p style=\"text-align: justify;\">Je relis ta lettre.<\/p>\n<p style=\"text-align: justify;\">Mais non, petite fille b\u00e9b\u00eate, je ne veux pas me d\u00e9tacher de toi, mais il est indispensable que pour jouer ensemble deux violons soient accord\u00e9s. Il nous faut le m\u00eame \u00ab\u00a0la\u00a0\u00bb. Or, le mien n\u2019est pas du tout, mais pas du tout, un amour charnel, plein de d\u00e9lices et de ravages intimes avec des imaginations frivoles. Je suis compl\u00e8tement gu\u00e9ri de cette fa\u00e7on d\u00e9sastreuse d\u2019aimer, et s\u2019il est une chose qui peut ne plus correspondre \u00e0 mon exp\u00e9rience actuelle, avec toute la volont\u00e9 d\u2019y \u00e9chapper que cela comporte, c\u2019est bien la passion. Toujours aveugle, toujours animale, toujours capricieuse ou tyrannique, elle pousse les hommes et les femmes au d\u00e9sespoir, et fait s\u2019enfuir l\u2019un, comme se tordre de douleur l\u2019autre qui s\u2019ent\u00eate.<\/p>\n<p style=\"text-align: justify;\">Par contre la recherche lente d\u2019une v\u00e9rit\u00e9 sublime d\u00e9veloppe chez celui qui tente \u00e0 fond l\u2019exp\u00e9rience de merveilleuses possibilit\u00e9s d\u2019aimer. Mais ce n\u2019est plus sur le m\u00eame plan. Cela exige un sacrifice total de l\u2019\u00e9go\u00efsme, un d\u00e9vouement absolu non plus pour la personne, mais pour l\u2019id\u00e9al commun. Et chacun tient son bonheur de la v\u00e9rit\u00e9 qu\u2019il manifeste.<\/p>\n<p style=\"text-align: justify;\">R\u00e9fl\u00e9chis bien \u00e0 tout cela. Crois-moi, quand je t\u2019ai dit d\u00e9j\u00e0 il y a quelques mois de commencer \u00e0 \u00e9tudier toi-m\u00eame ce qui me paraissait indispensable pour ton progr\u00e8s, j\u2019avais raison. Ne t\u2019ent\u00eate pas. Il faut briser cette petite volont\u00e9, mettre l\u2019humilit\u00e9 l\u00e0 o\u00f9 il y a de l\u2019orgueil, l\u2019ob\u00e9issance \u00e0 la place de la r\u00e9volte. Tu vas te trouver enferm\u00e9e de probl\u00e8mes que tu ne pourras pas r\u00e9soudre toute seule. Il te faut une m\u00e9thode. Je n\u2019insisterai pas davantage. Tu es assez intelligente pour comprendre ce qui convient \u00e0 ta mentalit\u00e9.<\/p>\n<p style=\"text-align: justify;\">Et puis, au fond, tu ne veux peut-\u00eatre pas du tout qu\u2019on t\u2019ennuie avec des choses qui te sont pour l\u2019instant compl\u00e8tement \u00e9trang\u00e8res. Voil\u00e0 le drame. C\u2019est peut-\u00eatre moi qui ai \u00e9volu\u00e9 terriblement. La prison ne vaut rien aux amoureux. Et pourtant je t\u2019aime tellement. Mais voil\u00e0, il faut qu\u2019on puisse parler la m\u00eame langue. La mienne n\u2019est plus celle des amants d\u00e9vor\u00e9s d\u2019extase. Je ne peux plus retourner en arri\u00e8re. Alors je t\u2019aime avec toute la bont\u00e9 divine que je peux. Elle te b\u00e9nit aussi bien. Et je prie pour que tu sois heureuse. Mais est-ce que tu veux du ciel que je te donne\u00a0? Et n\u2019exiges-tu pas plut\u00f4t ce d\u00e9chainement d\u2019hier que je ne peux plus te donner parce qu\u2019il est pour moi le ma \u00e0 vaincre, la confusion mentale, le magn\u00e9tisme animal d\u00e9gradant\u00a0?<\/p>\n<p style=\"text-align: justify;\">Tes fleurs de la semaine derni\u00e8re avaient tenu. J\u2019ai rajout\u00e9 celles de ce matin qui sont merveilleuses contre les deux branches de feuillage vert cir\u00e9. Si, pour le d\u00e9but novembre tu trouves un des tes amis qui ait un chrysanth\u00e8me, j\u2019aimerai qu\u2019il veille le soir \u00e0 c\u00f4t\u00e9 de ma table et qu\u2019il d\u00e9verse sur toutes les bibles de ma cellule un flot de gentillesse chiffonn\u00e9e.<\/p>\n<p style=\"text-align: justify;\">Je vais aller me coucher. Il n\u2019est pas si tard mais il ne fait pas si chaud. Et puis j\u2019ai envie de dormir comme du plomb. Quand je pense \u00e0 ceux qui autrefois avaient la t\u00eate sous les bombardements effrayants ma situation actuelle me semble idyllique. Jamais on n\u2019aura \u00e9t\u00e9 aussi tranquille. Pas de soucis. La vie est splendide. On peut m\u00e9diter toute la journ\u00e9e sur des v\u00e9rit\u00e9s m\u00e9taphysiques. Quoi de mieux\u00a0?<\/p>\n<p style=\"text-align: justify;\">Bonsoir petite ch\u00e9rie. Si je suis debout de tr\u00e8s bonne heure, je te rajouterai trois mots, sinon tu prendras cette lettre comme elle est, toute courte, mais toute aimante et surcharg\u00e9e de tendresse.<\/p>\n<p style=\"text-align: justify;\">Gros, gros baisers et plus encore, la joie de t\u2019aimer.<\/p>\n<p style=\"text-align: justify;\">J.<\/p>\n","protected":false},"excerpt":{"rendered":"<p>\u00a0 Lundi 27 octobre 1947 Ma petite fille ch\u00e9rie, J\u2019ai re\u00e7u le pneu de Floriot tout \u00e0 l\u2019heure. J\u2019esp\u00e8re que, pr\u00e9venue, tu fais le n\u00e9cessaire pour ce que je t\u2019ai dit. Il faut agir sans tarder. Et si quelque fois &hellip; <a href=\"https:\/\/monperejeanmamy.fr\/?page_id=2468\">Continuer la lecture <span class=\"meta-nav\">&rarr;<\/span><\/a><\/p>\n","protected":false},"author":2,"featured_media":11,"parent":0,"menu_order":0,"comment_status":"closed","ping_status":"closed","template":"","meta":[],"folder":[],"_links":{"self":[{"href":"https:\/\/monperejeanmamy.fr\/index.php?rest_route=\/wp\/v2\/pages\/2468"}],"collection":[{"href":"https:\/\/monperejeanmamy.fr\/index.php?rest_route=\/wp\/v2\/pages"}],"about":[{"href":"https:\/\/monperejeanmamy.fr\/index.php?rest_route=\/wp\/v2\/types\/page"}],"author":[{"embeddable":true,"href":"https:\/\/monperejeanmamy.fr\/index.php?rest_route=\/wp\/v2\/users\/2"}],"replies":[{"embeddable":true,"href":"https:\/\/monperejeanmamy.fr\/index.php?rest_route=%2Fwp%2Fv2%2Fcomments&post=2468"}],"version-history":[{"count":4,"href":"https:\/\/monperejeanmamy.fr\/index.php?rest_route=\/wp\/v2\/pages\/2468\/revisions"}],"predecessor-version":[{"id":3257,"href":"https:\/\/monperejeanmamy.fr\/index.php?rest_route=\/wp\/v2\/pages\/2468\/revisions\/3257"}],"wp:featuredmedia":[{"embeddable":true,"href":"https:\/\/monperejeanmamy.fr\/index.php?rest_route=\/wp\/v2\/media\/11"}],"wp:attachment":[{"href":"https:\/\/monperejeanmamy.fr\/index.php?rest_route=%2Fwp%2Fv2%2Fmedia&parent=2468"}],"wp:term":[{"taxonomy":"folder","embeddable":true,"href":"https:\/\/monperejeanmamy.fr\/index.php?rest_route=%2Fwp%2Fv2%2Ffolder&post=2468"}],"curies":[{"name":"wp","href":"https:\/\/api.w.org\/{rel}","templated":true}]}}