{"id":2472,"date":"2021-04-26T10:44:39","date_gmt":"2021-04-26T08:44:39","guid":{"rendered":"http:\/\/monperejeanmamy.fr\/?page_id=2472"},"modified":"2021-04-26T11:02:35","modified_gmt":"2021-04-26T09:02:35","slug":"jm-a-jr-fresnes-47-11-03","status":"publish","type":"page","link":"https:\/\/monperejeanmamy.fr\/?page_id=2472","title":{"rendered":"JM \u00e0 JR (Fresnes 47\/11\/03)"},"content":{"rendered":"<p><strong>\u00a0<\/strong><a href=\"http:\/\/monperejeanmamy.fr\/?page_id=2468\"><img loading=\"lazy\" class=\"wp-image-1352 alignleft\" src=\"http:\/\/monperejeanmamy.fr\/wp-content\/uploads\/2021\/03\/Lettre-precedente.jpg\" alt=\"\" width=\"143\" height=\"78\" \/><\/a><a href=\"http:\/\/monperejeanmamy.fr\/?page_id=2476\"><img loading=\"lazy\" class=\"alignright wp-image-1353\" src=\"http:\/\/monperejeanmamy.fr\/wp-content\/uploads\/2021\/03\/Lettre-suivante.jpg\" alt=\"\" width=\"139\" height=\"76\" \/><\/a><\/p>\n<p style=\"text-align: center;\"><strong>Lundi 3 novembre 1947<\/strong><\/p>\n<p style=\"text-align: center;\">Ma ch\u00e8re petite fille,<\/p>\n<p style=\"text-align: justify;\">Voici l\u2019avant-derni\u00e8re lettre avant le proc\u00e8s. Et avant la d\u00e9cision, car le lundi 17 je n\u2019aurai pas le temps de t\u2019\u00e9crire. Nous aurons du reste pass\u00e9 la journ\u00e9e ensemble. Et je te dis tout de suite ce qu\u2019il me faut.<\/p>\n<ol>\n<li style=\"text-align: justify;\">J\u2019ai besoin de toute urgence d\u2019un bouquin : <em>La lib\u00e9ration de Paris<\/em> par Dansette <a href=\"#_ftn1\" name=\"_ftnref1\">[1]<\/a>, dans la derni\u00e8re \u00e9dition, c&rsquo;est-\u00e0-dire celle o\u00f9 figure un certain accord (dans les pi\u00e8ces annexes) entre les Am\u00e9ricains, le Mar\u00e9chal P\u00e9tain, document contresign\u00e9 par Mr Parodi au nom du G\u00e9n\u00e9ral de Gaulle. Il est capital que j\u2019aie ce document. Veux-tu le chercher partout et bien v\u00e9rifier qu\u2019il y soit.<\/li>\n<li style=\"text-align: justify;\">Il faut que les <em>B.d\u2019or<\/em> soient pr\u00eats le plus t\u00f4t possible pour les donner \u00e0 Flo. Mais aussi pour l\u2019usage que je dirai jeudi.<\/li>\n<li style=\"text-align: justify;\">D\u00e9brouille-toi dans tes relations pour amener des journalistes amis. Je pense que Combat peut \u00eatre int\u00e9ress\u00e9. Je te dirai surtout jeudi tout ce qu\u2019il faut faire. Ne n\u00e9glige pas la presse \u00e9trang\u00e8re. C\u2019est le plus important. Il y\u00a0 a dans le proc\u00e8s quelque chose de capital pour les Am\u00e9ricains. Remue tout le monde pour y arriver.<\/li>\n<\/ol>\n<p style=\"text-align: justify;\">Merci pour le colis. Tout est parfait. Les roses sont splendides.<\/p>\n<p style=\"text-align: justify;\">Figure-toi que je ne pense gu\u00e8re \u00e0 toute cette affaire. Je ne vais pas jusqu\u2019\u00e0 \u00e9crire une pi\u00e8ce d\u2019ici l\u00e0, mais quelques po\u00e8mes\u2026 peut-\u00eatre\u2026 Ce qui me pr\u00e9occupe surtout est de savoir comment le gouvernement va tomber et quels seront les prochains \u00e9v\u00e8nements. Et puis, sais-tu, tout cela est tellement irr\u00e9el. Il vaut tellement mieux se retrouver dans des difficult\u00e9s que dans des jouissances basses. J\u2019ai beaucoup r\u00e9fl\u00e9chi \u00e0 cela. Il m\u2019apparait que ma situation est infiniment pr\u00e9f\u00e9rable \u00e0 celle de tas de gens qui croupissent encore sur des tas d\u2019or ou devant des cocktails, croyant \u00eatre libres, et s\u2019\u00e9tourdissant de leurs vices. Dans peu de temps, la terreur envahira ces \u00e2mes folles. Pour moi, je suis blind\u00e9 contre tout. Bonne exp\u00e9rience que celle-l\u00e0 devant les \u00e9preuves qui viennent.<\/p>\n<p style=\"text-align: justify;\">Les deux prochaines ann\u00e9es vont r\u00e9v\u00e9ler au monde la barbarie totale. D\u00e9j\u00e0 nous avons vu les pr\u00e9mices. Mais on ne sait pas assez, chez les pauvres gens qui essayent d\u00e9sesp\u00e9r\u00e9ment de trouver une paix impossible, \u00e0 quel point la nature humaine est bassement monstrueuse, \u00e0 quel point il faut monter dans la vie, la conception divine pour que l\u2019homme apparaisse d\u00e9gag\u00e9 de ses souillures, \u00e0 quel point il faut vaincre la mati\u00e8re, l\u2019animalit\u00e9 bestiale qui est en chacun pour bien se parer du nom d\u2019Homme. On pressent l\u2019\u00e9v\u00e8nement qui sera effroyable. Les esprits subtils et intuitifs l\u2019ont d\u00e9tect\u00e9 depuis longtemps, mais la presse \u00e9touffe syst\u00e9matiquement toute nouvelle \u00e0 ce sujet.<\/p>\n<p style=\"text-align: justify;\">Pas de nouvelles de Floriot. Je voudrais qu\u2019il m\u2019envoie au moins Demery pour que je puisse avec elle convenir de certaines choses (liste de t\u00e9moins \u00e0 d\u00e9charge, etc.). Il faudra que tu penses aussi \u00e0 prendre en st\u00e9no tout ce que je dirai, et en plus ce que certains t\u00e9moins diront, car il n\u2019y a pas de st\u00e9no dans ces audiences, or certaines choses seront essentielles \u00e0 conserver, en particulier tout ce qui concerne l\u2019activit\u00e9 des certains partis pendant l\u2019Occupation.<\/p>\n<p style=\"text-align: justify;\">Pense aussi \u00e0 me ravitailler un peu \u00e0 chaque audience. J\u2019aurai soif si je parle beaucoup. Eau min\u00e9rale naturellement. Et un sandwich pour tenir l\u2019homme. Arrange-toi avec ma m\u00e8re pour tous ces frais.<\/p>\n<p style=\"text-align: justify;\">Et maintenant parlons s\u00e9rieusement. J\u2019ai bien re\u00e7u ta bonne lettre si affectueuse o\u00f9 tu me dis tant de gentillesses et tu t\u00e9moignes tant d\u2019impatience. Voil\u00e0 bien des sentiments amoureux qui ne sont gu\u00e8re la marque d\u2019une personne sage. Il faut savoir se grandir \u00e0 la taille des circonstances si l\u2019on veut supporter les coups du sort. Je crois que tu changeras d\u2019avis un jour et que l\u2019exp\u00e9rience t\u2019apprendra combien il faut dominer tous ses d\u00e9sirs. Il faut surtout que ce proc\u00e8s ne te trouble en rien, que tu ne sois pas comme un petit oiseau affol\u00e9 mais au contraire comme une personne si calme que rien ne peut la troubler et qui voit toujours plus clairement combien il faut que la sagesse domine la situation. On se tire de tous les mauvais pas. Il y en a bien d\u2019autres qui sont pass\u00e9s \u00e0 travers des \u00e9preuves plus terribles. \u00c0 toutes les \u00e9poques. L\u2019adversit\u00e9 nous apprend beaucoup plus que la vie jouisseuse. Et il est n\u00e9cessaire d\u2019apprendre \u00e0 quel point on doit monter au-dessus de tout.<\/p>\n<p style=\"text-align: justify;\">Donc, il ne faut pas du tout trembler, pas du tout se sentir \u00e9mue, mais au contraire, lutter pas \u00e0 pas. Tu sais qu\u2019avec moi, ce sera une \u00e9preuve de tous les jours. Pas si terrible bien s\u00fbr, mais qui sait\u00a0? Aussi difficile. Plus on avance vers une r\u00e9alit\u00e9 tr\u00e8s spirituelle, plus les d\u00e9mons de la Terre pr\u00e9tendent se venger. On m\u2019a racont\u00e9 hier des histoires v\u00e9cues d\u2019une telle horreur que cela d\u00e9passe l\u2019imagination.<\/p>\n<p style=\"text-align: justify;\">Et il faut bien vite oublier tout cela. Il faut l\u2019effacer \u00e0 tout jamais de son esprit car cela est mal d\u2019en conserver la trace, m\u00eame pour ha\u00efr la pers\u00e9cution que les hommes s\u2019infligent entre eux. Il faut commencer \u00e0 voir plus clairement combien la vie est douce et paisible pour celui qui n\u2019a plus souci de la temp\u00eate mais qui sait lutter contre la lame. On se sent si s\u00fbr sur un bon bateau, si \u00e0 l\u2019abri de toutes les fureurs de l\u2019orage. Et c\u2019est la Providence qui gouverne, la V\u00e9rit\u00e9 qui guide, l\u2019Intelligence qui calme les flots.<\/p>\n<p style=\"text-align: justify;\">Je ne doute pas que tu aies fait tout ce qu\u2019il fallait pour pr\u00e9parer le terrain. Et je crois que l\u00e0, tes amis peuvent t\u2019\u00eatre tr\u00e8s utiles.<\/p>\n<p style=\"text-align: justify;\">Veux-tu bien m\u2019apporter une sorte de sac en toile ordinaire o\u00f9 mettre un peu de provisions pour la journ\u00e9e, avec un n\u0153ud coulant. Le mien est us\u00e9. Prends une sorte de sac d\u2019\u00e9picier. Tu sais, l\u00e0 o\u00f9 on met du riz. Grandeur\u00a0? 20&#215;40 cm. Tu le mettras dans le prochain colis de lundi.<\/p>\n<p style=\"text-align: justify;\">N\u2019oublie pas de venir jeudi au parloir. Exige ta place. C\u2019est ton tour. Et j\u2019ai \u00e0 te parler longuement. Si quelquefois on a une communication \u00e0 me faire, qu\u2019on te la fasse par ma m\u00e8re, et tu me la diras.<\/p>\n<p style=\"text-align: justify;\">Surtout que ma m\u00e8re ne vienne pas au proc\u00e8s. Qu\u2019elle reste bien tranquille chez elle \u00e0 m\u00e9diter, et qu\u2019elle soit heureuse dans toute sa b\u00e9atitude inspir\u00e9e. Dis-lui cela de ma part.<\/p>\n<p style=\"text-align: justify;\">Je t\u2019embrasse petite fille, mais pas trop parce qu\u2019il ne faut troubler les belles petites \u00e2mes qui r\u00eavent la nuit de choses folles ou m\u00e9chantes. Regarde comme la vie est belle. Elle t\u2019a donn\u00e9 \u00e0 aimer un petit gar\u00e7on qui est l\u2019ange des anges, un grand ami qui te gronde et te conduit comme une toute petite fille que tu es et qui a besoin de tant de tendresse, quelque fois un peu s\u00e9v\u00e8re parce qu\u2019elle veut absolument que la vie corresponde \u00e0 son r\u00eave. La r\u00e9alit\u00e9 est bien plus belle. Mes gros baisers.<\/p>\n<p>J.<\/p>\n<p style=\"text-align: justify;\"><a href=\"#_ftnref1\" name=\"_ftn1\">[1]<\/a> <em>Histoire de la lib\u00e9ration de Paris<\/em> par Adrien Dansette (Fayard 1946)<\/p>\n","protected":false},"excerpt":{"rendered":"<p>\u00a0 Lundi 3 novembre 1947 Ma ch\u00e8re petite fille, Voici l\u2019avant-derni\u00e8re lettre avant le proc\u00e8s. Et avant la d\u00e9cision, car le lundi 17 je n\u2019aurai pas le temps de t\u2019\u00e9crire. Nous aurons du reste pass\u00e9 la journ\u00e9e ensemble. Et je &hellip; <a href=\"https:\/\/monperejeanmamy.fr\/?page_id=2472\">Continuer la lecture <span class=\"meta-nav\">&rarr;<\/span><\/a><\/p>\n","protected":false},"author":2,"featured_media":11,"parent":0,"menu_order":0,"comment_status":"closed","ping_status":"closed","template":"","meta":[],"folder":[],"_links":{"self":[{"href":"https:\/\/monperejeanmamy.fr\/index.php?rest_route=\/wp\/v2\/pages\/2472"}],"collection":[{"href":"https:\/\/monperejeanmamy.fr\/index.php?rest_route=\/wp\/v2\/pages"}],"about":[{"href":"https:\/\/monperejeanmamy.fr\/index.php?rest_route=\/wp\/v2\/types\/page"}],"author":[{"embeddable":true,"href":"https:\/\/monperejeanmamy.fr\/index.php?rest_route=\/wp\/v2\/users\/2"}],"replies":[{"embeddable":true,"href":"https:\/\/monperejeanmamy.fr\/index.php?rest_route=%2Fwp%2Fv2%2Fcomments&post=2472"}],"version-history":[{"count":3,"href":"https:\/\/monperejeanmamy.fr\/index.php?rest_route=\/wp\/v2\/pages\/2472\/revisions"}],"predecessor-version":[{"id":2479,"href":"https:\/\/monperejeanmamy.fr\/index.php?rest_route=\/wp\/v2\/pages\/2472\/revisions\/2479"}],"wp:featuredmedia":[{"embeddable":true,"href":"https:\/\/monperejeanmamy.fr\/index.php?rest_route=\/wp\/v2\/media\/11"}],"wp:attachment":[{"href":"https:\/\/monperejeanmamy.fr\/index.php?rest_route=%2Fwp%2Fv2%2Fmedia&parent=2472"}],"wp:term":[{"taxonomy":"folder","embeddable":true,"href":"https:\/\/monperejeanmamy.fr\/index.php?rest_route=%2Fwp%2Fv2%2Ffolder&post=2472"}],"curies":[{"name":"wp","href":"https:\/\/api.w.org\/{rel}","templated":true}]}}