{"id":2476,"date":"2021-04-26T10:54:27","date_gmt":"2021-04-26T08:54:27","guid":{"rendered":"http:\/\/monperejeanmamy.fr\/?page_id=2476"},"modified":"2021-04-26T11:09:36","modified_gmt":"2021-04-26T09:09:36","slug":"jm-a-jr-fresnes-47-11-09","status":"publish","type":"page","link":"https:\/\/monperejeanmamy.fr\/?page_id=2476","title":{"rendered":"JM \u00e0 JR (Fresnes 47\/11\/09)"},"content":{"rendered":"<p><strong>\u00a0<\/strong><a href=\"http:\/\/monperejeanmamy.fr\/?page_id=2472\"><img loading=\"lazy\" class=\"wp-image-1352 alignleft\" src=\"http:\/\/monperejeanmamy.fr\/wp-content\/uploads\/2021\/03\/Lettre-precedente.jpg\" alt=\"\" width=\"143\" height=\"78\" \/><\/a><a href=\"http:\/\/monperejeanmamy.fr\/?page_id=2480\"><img loading=\"lazy\" class=\"alignright wp-image-1353\" src=\"http:\/\/monperejeanmamy.fr\/wp-content\/uploads\/2021\/03\/Lettre-suivante.jpg\" alt=\"\" width=\"139\" height=\"76\" \/><\/a><\/p>\n<p style=\"text-align: center;\"><strong>Dimanche 9 novembre 1947<\/strong><\/p>\n<p style=\"text-align: center;\">Ma petite fille ch\u00e9rie,<\/p>\n<p style=\"text-align: justify;\">J\u2019ai vu ce matin le secr\u00e9taire de Floriot avec qui j\u2019ai eu un excellent entretien. Il a l\u2019air optimiste me disant que les \u00e9v\u00e8nements tournent d\u2019heure en heure et que l\u2019atmosph\u00e8re change rapidement. Nous le voyons ici dans certaines d\u00e9cisions de Cour de Justice qui apparaissent comme plus mesur\u00e9es, et surtout dans l\u2019attitude de certains qui nous confient leur d\u00e9go\u00fbt de l\u2019actuelle situation. Il parait que les prix augmentent vertigineusement. On va \u00e0 la catastrophe rapide. Mon jeune avocat me disait ce matin (il est r\u00e9sistant, deux ans \u00e0 Buchenwald) \u00ab\u00a0<em>Malheureusement\u00a0<\/em>(sic)<em>, je crois que c\u2019est vous qui avez raison<\/em>\u00a0\u00bb. Il m\u2019a conseill\u00e9 d\u2019\u00eatre gentil avec les jur\u00e9s. Je vais r\u00e9fl\u00e9chir \u00e0 cela. Il faut \u00eatre tr\u00e8s mod\u00e9r\u00e9 mais ne faire aucune concession sur le fond de la doctrine.<\/p>\n<p style=\"text-align: justify;\">Pour ce qui est des <em>B.d\u2019or<\/em>, tache de me les donner \u00e0 l\u2019audience si tu peux. Tout au moins le dernier jour. Je pense que Flo. pourrait en communiquer peut-\u00eatre un exemplaire au Pr\u00e9sident (il en faut donc plusieurs, car je ne veux pas le laisser, trop de travail). J\u2019en ai besoin d\u2019autre part d\u2019urgence pour un de mes camarades, \u00e9diteur. Tout cela me semble indispensable pour un certain coup de rein litt\u00e9raire que je m\u00e9dite. Il faut profiter du vent qui souffle. Et nous devons nous pr\u00e9parer \u00e0 regonfler la voile.<\/p>\n<p style=\"text-align: justify;\">Les trois roses tiennent toujours. Les mimosas aussi. Je bois du th\u00e9 en pensant \u00e0 toi. Tu peux me remettre du th\u00e9, mais surtout du m\u00e9ta, beaucoup de m\u00e9ta. C\u2019est indispensable (si possible 100 \u00e0 150 b\u00e2tons par semaine. D\u00e9brouille-toi avec ma m\u00e8re. Je vais t\u00e2cher de trouver une autre solution, en attendant\u2026).<\/p>\n<p style=\"text-align: justify;\">Tu es tr\u00e8s gentille. Je t\u2019aime beaucoup. Mais il faudra m\u2019\u00e9couter en tous points. Pas de caprices. Pas de volont\u00e9 personnelle. Et beaucoup d\u2019ardeur \u00e0 comprendre. (Entendons-nous. Il faudra \u00e9couter <u>la bonne loi<\/u> en tous points. Pas moi bien s\u00fbr, qui suis tr\u00e8s ob\u00e9issant pour moi-m\u00eame, mais ne puis vivre, marcher, penser pour toi).<\/p>\n<p style=\"text-align: justify;\">Je remue dans ma t\u00eate des tas d\u2019id\u00e9es. Quel travail\u00a0! Il me semble enfin que quatre ans d\u2019activit\u00e9 dans le sens que tu sais vont \u00eatre utiles. Ce proc\u00e8s serait-il ma r\u00e9compense\u00a0?<\/p>\n<p style=\"text-align: justify;\">Dire que tu ne sais pas que tu es d\u00e9sormais dans ma cellule. Dire que tu ne crois pas que je suis dans ta chambre. Il faut que ta pens\u00e9e monte si haut qu\u2019elle me rejoigne. D\u2019o\u00f9 je suis, il n\u2019y a pas de prison. Il n\u2019y a que des flots d\u2019anges.<\/p>\n<p style=\"text-align: justify;\">Il faudra le lundi 17 m\u2019apporter mon colis de tr\u00e8s bonne heure pour que je sois servi tr\u00e8s vite. Au fait, \u00e0 bien r\u00e9fl\u00e9chir, il vaudra mieux l\u2019apporter le samedi matin. Ce sera plus commode.<\/p>\n<h1 style=\"text-align: justify;\"><u>Lundi soir<\/u>.<\/h1>\n<p style=\"text-align: justify;\">Je relis la derni\u00e8re phrase et \u00e9cris ce soir au directeur pour lui demander autorisation pour le colis. Donc, fais comme convenu \u00e0 moins de contrordre. Si par hasard le colis \u00e9tait refus\u00e9 tu le rapporterais lundi. Tant pis.<\/p>\n<p style=\"text-align: justify;\">J\u2019ai \u00e9t\u00e9 d\u00e9rang\u00e9 toute la journ\u00e9e. Impossibilit\u00e9 d\u2019\u00e9crire et ce soir il me reste quelques minutes pour griffonner. Tu veux bien m\u2019excuser si je n\u2019\u00e9cris pas la tendre et longue lettre habituelle. L\u2019esprit travaille dans un sens plus pr\u00e9cis pour le jour que tu sais, et les arguments roulent dans ma t\u00eate sans arr\u00eat.<\/p>\n<p style=\"text-align: justify;\">Tes \u0153illets sont superbes, magnifiques. Merci. Ils sont la joie de ma cellule.<\/p>\n<p style=\"text-align: justify;\">Je pense \u00eatre fin pr\u00eat lundi. Plus les \u00e9v\u00e8nements se pr\u00e9cipitent, plus je pense qu\u2019il est int\u00e9ressant de passer et de dire ce qu\u2019il faut. Il me semble arriver \u00e0 l\u2019heure juste. D\u2019heure en heure on nous a annonc\u00e9 quelque nouvelle encourageante. Nous ne sommes pas loin du but. Pour moi, c\u2019est une bagarre \u00e0 fond, <u>quels que soient les risques<\/u>. Ne t\u2019inqui\u00e8te pas pour la suite, m\u00eame si j\u2019attrape le maximum. Il faut gagner, et pour livrer bataille, et les adversaires sont en mauvaise position, de par leur mauvaise foi, leurs erreurs, leurs crimes. Tout tourne, tr\u00e8s vite.<\/p>\n<p style=\"text-align: justify;\">Alors, je vais t\u2019embrasser tr\u00e8s tendrement pour me replonger dans le travail de mon dossier. Si tendrement que tu en seras toute calme le long d\u2019une nuit cl\u00e9mente.<\/p>\n<p style=\"text-align: justify;\">Je dors si bien, si repos\u00e9, si parfaitement tranquille. Au comble du bonheur. Absolument d\u00e9livr\u00e9 de tout. Quelle force on a quand on est certain d\u2019avoir raison et de s\u2019appuyer sur le bon principe. Et qui peut quelque chose contre vous\u00a0?<\/p>\n<p style=\"text-align: justify;\">Ton petit mot m\u2019est bien arriv\u00e9. Tu me donneras un exemplaire des <em>B. d\u2019or<\/em> le premier jour car j\u2019en ai besoin ici. Je le redonnerai \u00e0 Floriot. Fais-moi dire jeudi si tout va bien et ce qu\u2019on pr\u00e9voit, si tu le sais.<\/p>\n<p style=\"text-align: justify;\">Je t\u2019embrasse petite fille, mille fois, et une encore. J\u2019embrasse le Fr\u00e9d\u00e9ric qui est le plus heureux du monde aussi. Tout est si calme. Il est tard. Tes \u0153illets sont inond\u00e9s de lumi\u00e8re par ma lampe. \u00c0 peine quelques bruits de serrures lointains, les derni\u00e8res portes qu\u2019on boucle, un pas de gardien. J\u2019ai pr\u00e9par\u00e9 mon lit pour la nuit et vais me fourrer au chaud en pensant qu\u2019il fait bon dans le ciel et que la terre n\u2019existe pas. Seule fa\u00e7on de vivre heureux, de vivre tout court.<\/p>\n<p style=\"text-align: justify;\">On se r\u00e9jouit l\u00e0 haut. Tout de suite. Tu es la toute lumi\u00e8re.<\/p>\n<p style=\"text-align: justify;\">Gros, gros baisers.<\/p>\n<p>J.<\/p>\n","protected":false},"excerpt":{"rendered":"<p>\u00a0 Dimanche 9 novembre 1947 Ma petite fille ch\u00e9rie, J\u2019ai vu ce matin le secr\u00e9taire de Floriot avec qui j\u2019ai eu un excellent entretien. Il a l\u2019air optimiste me disant que les \u00e9v\u00e8nements tournent d\u2019heure en heure et que l\u2019atmosph\u00e8re &hellip; <a href=\"https:\/\/monperejeanmamy.fr\/?page_id=2476\">Continuer la lecture <span class=\"meta-nav\">&rarr;<\/span><\/a><\/p>\n","protected":false},"author":2,"featured_media":11,"parent":0,"menu_order":0,"comment_status":"closed","ping_status":"closed","template":"","meta":[],"folder":[],"_links":{"self":[{"href":"https:\/\/monperejeanmamy.fr\/index.php?rest_route=\/wp\/v2\/pages\/2476"}],"collection":[{"href":"https:\/\/monperejeanmamy.fr\/index.php?rest_route=\/wp\/v2\/pages"}],"about":[{"href":"https:\/\/monperejeanmamy.fr\/index.php?rest_route=\/wp\/v2\/types\/page"}],"author":[{"embeddable":true,"href":"https:\/\/monperejeanmamy.fr\/index.php?rest_route=\/wp\/v2\/users\/2"}],"replies":[{"embeddable":true,"href":"https:\/\/monperejeanmamy.fr\/index.php?rest_route=%2Fwp%2Fv2%2Fcomments&post=2476"}],"version-history":[{"count":3,"href":"https:\/\/monperejeanmamy.fr\/index.php?rest_route=\/wp\/v2\/pages\/2476\/revisions"}],"predecessor-version":[{"id":2483,"href":"https:\/\/monperejeanmamy.fr\/index.php?rest_route=\/wp\/v2\/pages\/2476\/revisions\/2483"}],"wp:featuredmedia":[{"embeddable":true,"href":"https:\/\/monperejeanmamy.fr\/index.php?rest_route=\/wp\/v2\/media\/11"}],"wp:attachment":[{"href":"https:\/\/monperejeanmamy.fr\/index.php?rest_route=%2Fwp%2Fv2%2Fmedia&parent=2476"}],"wp:term":[{"taxonomy":"folder","embeddable":true,"href":"https:\/\/monperejeanmamy.fr\/index.php?rest_route=%2Fwp%2Fv2%2Ffolder&post=2476"}],"curies":[{"name":"wp","href":"https:\/\/api.w.org\/{rel}","templated":true}]}}