{"id":2484,"date":"2021-04-26T11:11:52","date_gmt":"2021-04-26T09:11:52","guid":{"rendered":"http:\/\/monperejeanmamy.fr\/?page_id=2484"},"modified":"2021-04-26T18:07:28","modified_gmt":"2021-04-26T16:07:28","slug":"jm-a-jr-fresnes-47-12-04","status":"publish","type":"page","link":"https:\/\/monperejeanmamy.fr\/?page_id=2484","title":{"rendered":"JM \u00e0 JR (Fresnes 47\/12\/04)"},"content":{"rendered":"<p><strong>\u00a0<\/strong><a href=\"http:\/\/monperejeanmamy.fr\/?page_id=2480\"><img loading=\"lazy\" class=\"wp-image-1352 alignleft\" src=\"http:\/\/monperejeanmamy.fr\/wp-content\/uploads\/2021\/03\/Lettre-precedente.jpg\" alt=\"\" width=\"143\" height=\"78\" \/><\/a><a href=\"http:\/\/monperejeanmamy.fr\/?page_id=2489\"><img loading=\"lazy\" class=\"alignright wp-image-1353\" src=\"http:\/\/monperejeanmamy.fr\/wp-content\/uploads\/2021\/03\/Lettre-suivante.jpg\" alt=\"\" width=\"139\" height=\"76\" \/><\/a><\/p>\n<p style=\"text-align: center;\"><strong>Jeudi 4 d\u00e9cembre 1947<\/strong><\/p>\n<p style=\"text-align: center;\">Petite fille toute gentille,<\/p>\n<p style=\"text-align: justify;\">Je ne t\u2019ai pas \u00e9crit lundi. Trop de gr\u00e8ves. Me suit dit\u00a0: arrivera pas. Ai eu du remord. Vois que Poste fonctionne. Peu, mais un peu. R\u00e9pare. Grande lettre aujourd\u2019hui.<\/p>\n<p style=\"text-align: justify;\">Parce que vous \u00eates une tr\u00e8s gentille petite fille. Parce que vous pensez de temps en temps au prisonnier. De temps en temps\u00a0? Toutes les heures\u00a0? Tous les jours\u00a0? De temps en temps. Tous les soirs \u00e0 Fr\u00e9d\u00e9ric qui vous rappelle le prisonnier.<\/p>\n<p style=\"text-align: justify;\">Tu es blonde comme un bouquet de foin d\u2019automne. Tu es chiffonn\u00e9e comme un \u0153illet. Tu as des yeux d\u2019oiseau moqueur. Tu ne r\u00e9ponds jamais ce qu\u2019on te demande. Pour les petites choses, oui, mais pour les grandes choses, on ne sait pas.<\/p>\n<p style=\"text-align: justify;\">Tu aimes la musique. Tu vas voir les expositions de peinture. Tu es tr\u00e8s capable de bavarder beaucoup. Tu ne dis rien.<\/p>\n<p style=\"text-align: justify;\">Tu es un moineau. Les moineaux sont patients. Ton mimosa dure comme le souvenir de nos f\u00eates du c\u0153ur.<\/p>\n<p style=\"text-align: justify;\">Cet apr\u00e8s-midi, madame ma m\u00e8re m\u2019a fait savoir que c\u2019\u00e9tait son jour. Je vais t\u00e2cher de te r\u00e9cup\u00e9rer \u00e0 huitaine, sinon \u00e0 quinzaine sans faute. Mais, d\u2019ici l\u00e0\u2026 Est-ce que toutes ces b\u00eatises vont finir un jour\u00a0? Est-ce que les bourgeois imb\u00e9ciles qui nous maintiennent en prison vont s\u2019apercevoir qu\u2019ils sont au bord de l\u2019abime et que rien, sinon une formidable r\u00e9action inesp\u00e9r\u00e9e, ne peut les sauver de la catastrophe\u00a0? Est-ce que\u2026\u00a0? Est-ce que\u2026\u00a0? Ne nous \u00e9nervons pas. Trente huit mois de patience d\u00e9j\u00e0.<\/p>\n<p style=\"text-align: justify;\">Tu m\u2019attends ou tu ne m\u2019attends pas\u00a0? Je voudrais que tu m\u2019\u00e9crives des lettres beaucoup plus gentilles. Des lettres inspir\u00e9es\u00a0!&#8230; Des lettres o\u00f9 il y ait tout le ciel et les \u00e9toiles. Des lettres qui soient un fleuve. Des lettres qui soient de feu et d\u2019air tendre. Des lettres d\u2019amoureuse, plus encore, de femme secr\u00e8te qui comprend tout ce que personne n\u2019a jamais su, et qui ne sait rien de tout ce que le monde connait. Des lettres d\u2019oiseau. Veux-tu que je te fasse un mod\u00e8le pour m\u2019envoyer une lettre \u00e0 mon go\u00fbt. Tu me dirais d\u2019abord mon ch\u00e9ri et non pas mon petit ch\u00e9ri. Petit, c\u2019est trop petit. Mon grand ch\u00e9ri, c\u2019est d\u00e9j\u00e0 plus important. Mon immense ch\u00e9ri, pas tout \u00e0 fait \u00e0 la dimension voulue. Mon ch\u00e9ri infini, mon infiniment ch\u00e9ri, mon plus que ch\u00e9ri, ou mon ch\u00e9ri tout court. Le d\u00e9but est difficile. Il faut toujours dire quelque chose, de soi, ou de ce qu\u2019on a vu, c&rsquo;est-\u00e0-dire de soi, ou de l\u2019autre, comme on le voit, comme on le veut, c\u2019est encore de soi. Alors, commen\u00e7ons\u00a0: mon infiniment grand ch\u00e9ri. Voil\u00e0, c\u2019est bien. \u00c7a te fait toute petite. J\u2019aime beaucoup que tu sois toute petite. Grand c\u0153ur, mais toute petite. Immense affection. Minuscule bonne femme. Le moins de place et le plus de place possible. Mets-toi dans ma poche.<\/p>\n<p style=\"text-align: justify;\">D\u2019abord, tu devrais me dire les phrases essentielles\u00a0: j\u2019ai pens\u00e9 \u00e0 toi, non pas pour me faire plaisir, mais comme il le faut. Je t\u2019ai vu, non \u00e0 travers <u>mon<\/u> amour, mais comme tu dois \u00eatre, comme on t\u2019a fait, avec une t\u00eate dans le ciel, des pieds sur la terre et une robe d\u2019ange. Alors j\u2019ai senti pousser mes ailes et j\u2019ai chant\u00e9. A tue-t\u00eate, et puis en pleurant, de joie. Et puis en riant, parce que j\u2019\u00e9tais plus l\u00e9g\u00e8re. Et puis en sautant, parce que la terre est gaie. Et j\u2019ai mis ma t\u00eate sur ton \u00e9paule o\u00f9 les plis de la robe sont si denses qu\u2019il me semble ne plus entendre ton c\u0153ur battre. Quoiqu\u2019il ait le son d\u2019un gros bourdon d\u2019\u00e9glise. Celui de Notre-Dame. Le plus grave. Celui qui ne bat que pour les dimanches et les grands jours o\u00f9 la foule croit qu\u2019il se passe quelque chose chez Dieu le P\u00e8re, le P\u00e8re qu\u2019on ne conna\u00eet pas.<\/p>\n<p style=\"text-align: justify;\">Mon ch\u00e9ri, j\u2019ai voulu te faire plaisir, ajouter \u00e0 ta joie qui est grande, vivre du m\u00eame souffle dont tu me parles \u00e0 l\u2019oreille. J\u2019ai voulu, j\u2019ai consenti \u00e0 briser ma petite moue qui te faisait tant de peine quand tu me disais des choses que je ne voulais pas croire, et j\u2019ai \u00e9t\u00e9 l\u2019autre soir baigner mes mains dans le fleuve de vie qui sort des livres sacr\u00e9s. J\u2019ai consenti \u00e0 n\u2019\u00eatre plus une petite femme selon les vieilles habitudes, \u00e0 ne plus t\u2019importuner avec mes d\u00e9sirs de timbres, \u00e0 ne plus vouloir tellement rouler dans tes bras d\u2019homme dont je veux \u00e9veiller l\u2019ardeur, mais au contraire \u00e0 \u00eatre pr\u00e8s de toi si purement d\u00e9vou\u00e9e, \u00e0 me sentir toute pr\u00e9cieuse, toute anim\u00e9e de voix sereines que tu te sentes repos\u00e9 comme autrefois quand tu mettais ta t\u00eate sur le sein de ta maman toute jeune. Je suis ta nouvelle jeune maman, je suis celle qui saura sacrifier tout le mauvais, tout l\u2019animal, pour marcher avec toi dans la voie secr\u00e8te o\u00f9 l\u2019on n\u2019entend plus les bruits odieux de la terre mar\u00e2tre. Voici que je suis princesse ou que je suis servante. Me voici fille de Dieu et ta s\u0153ur, et \u00e0 ton image sainte. Je prie si haut qu\u2019il faut bien que Dieu m\u2019entende puisque je suis dans son orbe transcendantale, et que je commence \u00e0 percevoir son pouls. Je sais que tu as tant pri\u00e9, tant affirm\u00e9 de joie pour moi, que les portes de l\u2019aube se sont ouvertes peu \u00e0 peu, et que je sens de plus en plus l\u2019air frais du merveilleux jardin me p\u00e9n\u00e9trer d\u2019un ar\u00f4me prodigieux. Je marche sur un sentier terrible entour\u00e9e de d\u00e9mons fr\u00f4leurs, guid\u00e9e par une fragile \u00e9toile, mais je monte pied \u00e0 pied et je suis s\u00fbre, et moins tremblante, et plus d\u00e9cid\u00e9e, et moins orgueilleuse, et moins ignorante, et plus active.<\/p>\n<p style=\"text-align: justify;\">Voil\u00e0 de quoi, mon infiniment ch\u00e9ri, mon immense amour fraternel, r\u00e9jouir ta coupe d\u2019amertume si lourde, dans quoi j\u2019ai voulu boire moi aussi pour soulager ton \u00e9preuve. Voil\u00e0 que je suis compagne et non plus amie, femme et non plus ma\u00eetresse, divine et non plus animale. Voil\u00e0 que je commence \u00e0 monter la pente rude avec mes pieds d\u00e9chauss\u00e9s moi aussi, et \u00e0 suivre \u00e0 la trace les signes des grands proph\u00e8tes, et \u00e0 m\u2019incliner devant les souffrances des vestales. Voil\u00e0 que j\u2019adore, moi aussi, et non plus toi, mais lui, car tu l\u2019aimes davantage que tout et il nous faut ob\u00e9ir au Principe tout aimable. Voici que tu ne m\u2019auras plus p\u00e9cheresse mais sanctifi\u00e9e. Nous ne serons plus l\u2019un pour l\u2019autre sujet de chute mais de vaillance recouvr\u00e9e Mon ob\u00e9issance est pieuse. Et j\u2019ai trouv\u00e9 la paix.<\/p>\n<p style=\"text-align: justify;\">Crois-tu, la belle lettre\u00a0? Tu me l\u2019as \u00e9crite\u00a0? Tu l\u2019as r\u00eav\u00e9e\u00a0? Ou bien as-tu pr\u00e9f\u00e9r\u00e9 ta radio\u00a0? Un concert d\u2019hommes\u00a0? Un spectacle de chair\u00a0?<\/p>\n<p style=\"text-align: justify;\">Petite fille toute gentille, vous \u00eates encore de brume et d\u2019ombre. Il vous faut devenir de soleil et d\u2019eau vive. Une source. Un rayon ail\u00e9. Une Marie-Madeleine pr\u00eate \u00e0 toutes les croix, toutes les ouvertures de tombeaux.<\/p>\n<p style=\"text-align: justify;\">Parl\u00e9-je dans le vide\u00a0? Est-ce que ton c\u0153ur est un tombeau\u00a0? Ou bien un buisson de tourterelles\u00a0?<\/p>\n<h1 style=\"text-align: justify;\"><u>15h<\/u>.<\/h1>\n<p style=\"text-align: justify;\">Je relis ma liste de petites choses. Veux-tu bien pour lundi ne pas oublier<\/p>\n<ol>\n<li style=\"text-align: justify;\">Bougie<\/li>\n<li style=\"text-align: justify;\">Savon<\/li>\n<li style=\"text-align: justify;\">Plumes.<\/li>\n<\/ol>\n<p style=\"text-align: justify;\">Je n\u2019ai pas assez de photos de Fr\u00e9d\u00e9ric, pas assez de lettres de toi. Je me sens tout seul et je me console avec ma Bible. Et j\u2019avoue que c\u2019est parfait. Tu vois ?<\/p>\n<p style=\"text-align: justify;\">Chez le monsieur du mardi soir, il y a des livres \u00e0 prendre\u00a0:<\/p>\n<ol>\n<li style=\"text-align: justify;\">une <em>Concordance<\/em> de S. et Sant\u00e9 \u00e0 remettre \u00e0 Mlle Meyer (qui te remettra par ailleurs un synopse des <em>Evangiles<\/em> sous couverture cartonn\u00e9e format papier perfor\u00e9).<\/li>\n<li style=\"text-align: justify;\">un <em>Prose works<\/em> de M. B.Eddy <a href=\"#_ftn1\" name=\"_ftnref1\">[1]<\/a> \u00e0 mettre chez ma m\u00e8re.<\/li>\n<\/ol>\n<p style=\"text-align: justify;\">Par ailleurs, il faut remettre \u00e0 ma m\u00e8re un exemplaire de tout ce qui est d\u00e9j\u00e0 termin\u00e9\u00a0: <em>B Or<\/em>, <em>Lancelot<\/em> etc. Urgent. Je crois qu\u2019on s\u2019occupe d\u2019un \u00e9diteur.<\/p>\n<p style=\"text-align: justify;\">Tu crois au P\u00e8re No\u00ebl, toi\u00a0? Pourquoi pas\u00a0? Il est gentil le P\u00e8re No\u00ebl. Il fait beaucoup de cadeaux. On verra s\u2019il tient ses promesses.<\/p>\n<p style=\"text-align: justify;\">Comme je te suis reconnaissant de m\u2019avoir \u00e9crit une aussi belle lettre aujourd\u2019hui. Il me semble que je vis avec un courage renouvel\u00e9, extraordinaire. Jamais je n\u2019ai\u00a0 connu fille aussi gentille que toi.<\/p>\n<h1 style=\"text-align: justify;\"><u>18h<\/u>.<\/h1>\n<p style=\"text-align: justify;\">Dans la nuit, sous la bougie qui s\u2019\u00e9puise, je ne m\u2019\u00e9puise pas \u00e0 te redire des gentillesses. Les comprends-tu\u00a0? Les entends-tu\u00a0? Elles sont comme le tonnerre sur la montagne, rugissantes et \u00e9lectriques. IL faut une oreille tr\u00e8s fine pour entendre ce tonnerre-l\u00e0<\/p>\n<p style=\"text-align: justify;\">Ne t\u2019occupe pas du <em>Prose Works<\/em>, c\u2019est d\u00e9j\u00e0 rendu. Il faut v\u00e9rifier si <em>Concordance<\/em> est revenu \u00e0 sa propri\u00e9taire.<\/p>\n<p style=\"text-align: justify;\">Que puis-je faire quand il reste aussi peu de papier au bas de la page\u00a0? Commencer une nouvelle page de tendresse raisonnable et irraisonn\u00e9e, et patiente, et impatiente, de cette tendresse qui ne m\u2019use pas car elle se renouvelle \u00e0 la source toujours abondante, \u00e0 l\u2019\u00e9ternelle mis\u00e9ricorde qui fait que nous sommes tous heureux quand nous comptons les heures lentes \u00e0 nous d\u00e9vider des mots doux (la suite au prochain fascicule d\u2019int\u00e9r\u00eat primordial). On t\u2019embrasse, on te r\u00e9chauffe, on te regarde tr\u00e8s attentivement, on t\u2019\u00e9coute vivre. Gros, gros B.<\/p>\n<p>J.<\/p>\n<p style=\"text-align: justify;\"><a href=\"#_ftnref1\" name=\"_ftn1\">[1]<\/a> <em>Prose Work<\/em> de Mary Baker Eddy paru en 1925 est une collection d\u201d\u00e9crits de la fondatrice de la<em> Christian Science<\/em> (note de FGR)<\/p>\n","protected":false},"excerpt":{"rendered":"<p>\u00a0 Jeudi 4 d\u00e9cembre 1947 Petite fille toute gentille, Je ne t\u2019ai pas \u00e9crit lundi. Trop de gr\u00e8ves. Me suit dit\u00a0: arrivera pas. Ai eu du remord. Vois que Poste fonctionne. Peu, mais un peu. R\u00e9pare. Grande lettre aujourd\u2019hui. Parce &hellip; <a href=\"https:\/\/monperejeanmamy.fr\/?page_id=2484\">Continuer la lecture <span class=\"meta-nav\">&rarr;<\/span><\/a><\/p>\n","protected":false},"author":2,"featured_media":11,"parent":0,"menu_order":0,"comment_status":"closed","ping_status":"closed","template":"","meta":[],"folder":[],"_links":{"self":[{"href":"https:\/\/monperejeanmamy.fr\/index.php?rest_route=\/wp\/v2\/pages\/2484"}],"collection":[{"href":"https:\/\/monperejeanmamy.fr\/index.php?rest_route=\/wp\/v2\/pages"}],"about":[{"href":"https:\/\/monperejeanmamy.fr\/index.php?rest_route=\/wp\/v2\/types\/page"}],"author":[{"embeddable":true,"href":"https:\/\/monperejeanmamy.fr\/index.php?rest_route=\/wp\/v2\/users\/2"}],"replies":[{"embeddable":true,"href":"https:\/\/monperejeanmamy.fr\/index.php?rest_route=%2Fwp%2Fv2%2Fcomments&post=2484"}],"version-history":[{"count":3,"href":"https:\/\/monperejeanmamy.fr\/index.php?rest_route=\/wp\/v2\/pages\/2484\/revisions"}],"predecessor-version":[{"id":2492,"href":"https:\/\/monperejeanmamy.fr\/index.php?rest_route=\/wp\/v2\/pages\/2484\/revisions\/2492"}],"wp:featuredmedia":[{"embeddable":true,"href":"https:\/\/monperejeanmamy.fr\/index.php?rest_route=\/wp\/v2\/media\/11"}],"wp:attachment":[{"href":"https:\/\/monperejeanmamy.fr\/index.php?rest_route=%2Fwp%2Fv2%2Fmedia&parent=2484"}],"wp:term":[{"taxonomy":"folder","embeddable":true,"href":"https:\/\/monperejeanmamy.fr\/index.php?rest_route=%2Fwp%2Fv2%2Ffolder&post=2484"}],"curies":[{"name":"wp","href":"https:\/\/api.w.org\/{rel}","templated":true}]}}