{"id":2489,"date":"2021-04-26T17:55:23","date_gmt":"2021-04-26T15:55:23","guid":{"rendered":"http:\/\/monperejeanmamy.fr\/?page_id=2489"},"modified":"2024-01-22T17:23:45","modified_gmt":"2024-01-22T16:23:45","slug":"jm-a-jr-fresnes-47-12-08","status":"publish","type":"page","link":"https:\/\/monperejeanmamy.fr\/?page_id=2489","title":{"rendered":"JM \u00e0 JR (Fresnes 47\/12\/08)"},"content":{"rendered":"<p><strong>\u00a0<\/strong><a href=\"http:\/\/monperejeanmamy.fr\/?page_id=2484\"><img loading=\"lazy\" class=\"wp-image-1352 alignleft\" src=\"http:\/\/monperejeanmamy.fr\/wp-content\/uploads\/2021\/03\/Lettre-precedente.jpg\" alt=\"\" width=\"143\" height=\"78\" \/><\/a><a href=\"http:\/\/monperejeanmamy.fr\/?page_id=2493\"><img loading=\"lazy\" class=\"alignright wp-image-1353\" src=\"http:\/\/monperejeanmamy.fr\/wp-content\/uploads\/2021\/03\/Lettre-suivante.jpg\" alt=\"\" width=\"139\" height=\"76\" \/><\/a><\/p>\n<p style=\"text-align: center;\"><strong>Lundi 8 d\u00e9cembre 1947<\/strong><\/p>\n<p style=\"text-align: center;\">Ma ch\u00e9rie,<\/p>\n<p style=\"text-align: justify;\">Je t\u2019ai \u00e9crit longuement jeudi. Aujourd\u2019hui deux mots (deux grands mots\u2026\u00a0 devine\u2026) seulement.<\/p>\n<p style=\"text-align: justify;\">Bien re\u00e7u bon colis. Excellent. Magnifique colis.<\/p>\n<p style=\"text-align: justify;\">Avis. Pour la semaine de No\u00ebl et celle du Jour de l\u2019An, suppl\u00e9ment. Le colis est port\u00e9 \u00e0 5 kgs. Chaque semaine\u2026 \u00e0 moins que je tienne mes promesses. On m\u2019annonce un l\u00e9ger retard. Patience.<\/p>\n<p style=\"text-align: justify;\">Pour les manuscrits, ne te laisse pas influencer. Que tout reste o\u00f9 cela est. Un exemplaire \u00e0 donner de ce qui est pr\u00eat. Voil\u00e0 qui est clair. Compr\u00e9hensible. Pour le reste, pas d\u2019instructions nouvelles.<\/p>\n<p style=\"text-align: justify;\">Le baiser de Fr\u00e9d\u00e9ric m\u2019a touch\u00e9 comme une fus\u00e9e volante. Je suis \u00e9bloui. Alors tu t\u2019en vas dans des \u00ab\u00a0Ateliers\u00a0\u00bb voir jouer l\u2019Anouilh. Bon th\u00e9\u00e2tre. Nous y f\u00fbmes assidus. Mes souvenirs s\u2019\u00e9vadent peu \u00e0 peu de ce temps.<\/p>\n<p style=\"text-align: justify;\">J\u2019ai l\u2019impression de ne plus vivre dans le monde. A mi-chemin entre le vieil homme et l\u2019\u00e9ternit\u00e9. Dans quelque temps on ne trouvera plus trace du gros gar\u00e7on. Ce ne sera qu\u2019une id\u00e9e, entre autres, qui aura travers\u00e9 la rue. Une rue bien r\u00e9volutionnaire. Que le monde se barricade donc dans ses ent\u00eatements et ses orgueils.<\/p>\n<p style=\"text-align: justify;\">Les heures sonnent. Le c\u0153ur aussi\u2026 mais pas les m\u00eames heures. Je suis tr\u00e8s content de la vie. Elle s\u2019ouvre au-dessus de nous avec une intensit\u00e9. Nous parlions tout \u00e0 l\u2019heure de ceux qui sont morts. Ils sont si tranquilles dans leur qui\u00e9tude. La vie est pour eux devenue plus transparente. Ils n\u2019ont plus tout ce poids du monde \u00e0 porter. Ils ont chaud dans les plis de la robe de Dieu. J\u2019en ai vu partir tant depuis trois ans. Tant\u2026 C&rsquo;est-\u00e0-dire tr\u00e8s peu par rapport \u00e0 d\u2019autres moments\u2026 Mais ce sont ceux qu\u2019on tue \u00e0 froid qui sont les plus regard\u00e9s. Dispara\u00eetre dans un bombardement collectif, pas d\u2019int\u00e9r\u00eat. \u00catre fusill\u00e9 par douze hommes, c\u2019est d\u00e9j\u00e0 passer de l\u2019accident banal \u00e0 la pers\u00e9cution individuelle. Preuve de qualit\u00e9\u2026 dans le mal ou le bien. N\u2019oublions jamais que le Christ \u00e9tait flanqu\u00e9 de deux chenapans.<\/p>\n<p style=\"text-align: justify;\">Ma ch\u00e9rie, j\u2019ai pris une trop grosse plume \u00e0 ton gr\u00e9 sans doute. Elle \u00e9crit si lourdement que je ne peux aligner beaucoup de mots. Mais ne dit-on pas tout en quelques phrases. Et puis je t\u2019ai d\u00e9j\u00e0 dit beaucoup. Et tu ne m\u2019as pas encore r\u00e9pondu sur l\u2019essentiel. Voil\u00e0 qu\u2019on va taquiner tes yeux si jolis. Mon moineau. On ne te fera point de peine.<\/p>\n<p style=\"text-align: justify;\">Veux-tu bien attendre jeudi que je te d\u00e9voile un roman-fleuve, tout serr\u00e9, plein de p\u00e2querettes et de nuages givr\u00e9s. Aujourd\u2019hui je regarde tes \u0153illets avec la m\u00eame joie secr\u00e8te (tu n\u2019as pas voulu m\u2019envoyer des chrysanth\u00e8mes. C\u2019est pourtant beaucoup plus fris\u00e9, et si joli).<\/p>\n<p style=\"text-align: justify;\">Je t\u2019esp\u00e8re jeudi. On me dit par ailleurs que c\u2019est boucl\u00e9 pour ce jour l\u00e0. J\u2019ai l\u2019impression qu\u2019on se remue beaucoup contre ta jeune personne. Preuve que tu existes dangereusement. Laisse dire. Patience. Sois confiante et active. Sois surtout ob\u00e9issante aux grandes lois de la vie qui ordonnent d\u2019\u00eatre beaucoup mieux que ce qu\u2019en croient nos yeux.<\/p>\n<p style=\"text-align: justify;\">Je t\u2019embrasse. Mille et une fois. Les mille, c\u2019est une id\u00e9e de l\u2019infini. La une, c\u2019est le renouveau. Il faut toujours r\u00e9-enclancher les s\u00e9ries. Gros gros B.<\/p>\n<p style=\"text-align: justify;\">J.<\/p>\n","protected":false},"excerpt":{"rendered":"<p>\u00a0 Lundi 8 d\u00e9cembre 1947 Ma ch\u00e9rie, Je t\u2019ai \u00e9crit longuement jeudi. Aujourd\u2019hui deux mots (deux grands mots\u2026\u00a0 devine\u2026) seulement. Bien re\u00e7u bon colis. Excellent. Magnifique colis. Avis. Pour la semaine de No\u00ebl et celle du Jour de l\u2019An, suppl\u00e9ment. &hellip; <a href=\"https:\/\/monperejeanmamy.fr\/?page_id=2489\">Continuer la lecture <span class=\"meta-nav\">&rarr;<\/span><\/a><\/p>\n","protected":false},"author":2,"featured_media":11,"parent":0,"menu_order":0,"comment_status":"closed","ping_status":"closed","template":"","meta":[],"folder":[],"_links":{"self":[{"href":"https:\/\/monperejeanmamy.fr\/index.php?rest_route=\/wp\/v2\/pages\/2489"}],"collection":[{"href":"https:\/\/monperejeanmamy.fr\/index.php?rest_route=\/wp\/v2\/pages"}],"about":[{"href":"https:\/\/monperejeanmamy.fr\/index.php?rest_route=\/wp\/v2\/types\/page"}],"author":[{"embeddable":true,"href":"https:\/\/monperejeanmamy.fr\/index.php?rest_route=\/wp\/v2\/users\/2"}],"replies":[{"embeddable":true,"href":"https:\/\/monperejeanmamy.fr\/index.php?rest_route=%2Fwp%2Fv2%2Fcomments&post=2489"}],"version-history":[{"count":4,"href":"https:\/\/monperejeanmamy.fr\/index.php?rest_route=\/wp\/v2\/pages\/2489\/revisions"}],"predecessor-version":[{"id":3259,"href":"https:\/\/monperejeanmamy.fr\/index.php?rest_route=\/wp\/v2\/pages\/2489\/revisions\/3259"}],"wp:featuredmedia":[{"embeddable":true,"href":"https:\/\/monperejeanmamy.fr\/index.php?rest_route=\/wp\/v2\/media\/11"}],"wp:attachment":[{"href":"https:\/\/monperejeanmamy.fr\/index.php?rest_route=%2Fwp%2Fv2%2Fmedia&parent=2489"}],"wp:term":[{"taxonomy":"folder","embeddable":true,"href":"https:\/\/monperejeanmamy.fr\/index.php?rest_route=%2Fwp%2Fv2%2Ffolder&post=2489"}],"curies":[{"name":"wp","href":"https:\/\/api.w.org\/{rel}","templated":true}]}}