{"id":2493,"date":"2021-04-26T18:09:23","date_gmt":"2021-04-26T16:09:23","guid":{"rendered":"http:\/\/monperejeanmamy.fr\/?page_id=2493"},"modified":"2021-04-26T18:26:26","modified_gmt":"2021-04-26T16:26:26","slug":"jm-a-jr-fresnes-47-12-11","status":"publish","type":"page","link":"https:\/\/monperejeanmamy.fr\/?page_id=2493","title":{"rendered":"JM \u00e0 JR (Fresnes 47\/12\/11)"},"content":{"rendered":"<p><strong>\u00a0<\/strong><a href=\"http:\/\/monperejeanmamy.fr\/?page_id=2489\"><img loading=\"lazy\" class=\"wp-image-1352 alignleft\" src=\"http:\/\/monperejeanmamy.fr\/wp-content\/uploads\/2021\/03\/Lettre-precedente.jpg\" alt=\"\" width=\"143\" height=\"78\" \/><\/a><a href=\"http:\/\/monperejeanmamy.fr\/?page_id=2497\"><img loading=\"lazy\" class=\"alignright wp-image-1353\" src=\"http:\/\/monperejeanmamy.fr\/wp-content\/uploads\/2021\/03\/Lettre-suivante.jpg\" alt=\"\" width=\"139\" height=\"76\" \/><\/a><\/p>\n<p style=\"text-align: center;\"><strong>Jeudi 11 d\u00e9cembre 1947<\/strong><\/p>\n<p style=\"text-align: center;\">Ma ch\u00e9rie,<\/p>\n<p style=\"text-align: justify;\">Alors, on n\u2019\u00e9crit plus du tout\u00a0? On ne sait plus quoi dire\u00a0? On n\u2019a pas d\u2019histoires \u00e0 raconter\u00a0? On ne peut m\u00eame plus glisser quelques nouvelles sous des baisers\u00a0? Quelques baisers sous des nouvelles\u00a0? On ne veut plus raconter tout au long tout ce que l\u2019on fait, tout ce que l\u2019on pense, tout ce que l\u2019on r\u00eave, tout ce que l\u2019on veut\u00a0? On a peur\u00a0? On \u00e9prouve de la lassitude\u00a0? On trouve le temps trop long\u00a0? On s\u00e8che d\u2019impatience\u00a0? Ou bien, on a des distractions\u00a0? On a trouv\u00e9 de quoi occuper ses soir\u00e9es\u00a0?<\/p>\n<p style=\"text-align: justify;\">Comprends pas\u00a0? Demande explications.<\/p>\n<p style=\"text-align: justify;\">Ici tout va, puisque le moral va. Il y a des heures o\u00f9 l\u2019on s\u2019anime. On se morfond un peu, et puis on reprend non seulement espoir, mais courage et certitude. Les \u00e9v\u00e8nements vont vite. Nous arrivons peu \u00e0 peu au bout. Il faudra bien que la situation \u00e9volue dans le sens pr\u00e9vu. D\u00e9j\u00e0 nous en voyons tous les pr\u00e9mices.<\/p>\n<p style=\"text-align: justify;\">Que dit l\u2019aviation\u00a0? Tu ne m\u2019en as parl\u00e9 qu\u2019incidemment. Que dit le Palais\u00a0? Et tes amis\u00a0? J\u2019esp\u00e8re enfin te voir jeudi prochain. Ce n\u2019est pas trop t\u00f4t. Il a fallu pi\u00e9tiner. Bon Dieu\u00a0! On fait queue \u00e0 ce parloir. Ou plut\u00f4t syst\u00e9matiquement on s\u2019impose. Patience. Je r\u00e9glerai tout cela de belle fa\u00e7on tr\u00e8s bient\u00f4t. Il me semble que moi aussi j\u2019ai voix au chapitre et que je peux esquisser le d\u00e9sir de voir qui il me plait. Or, c\u2019est fort bien de se soumettre \u00e0 toutes les obligations de famille, mais enfin, me permettra-t-on d\u2019oser souhaiter pr\u00e9f\u00e9rer telle personne \u00e0 telle autre, et demander respectueusement qu\u2019on daigne me lib\u00e9rer un jeudi pour m\u2019offrir un plaisir de prisonnier qui me semble quelque peu l\u00e9gitime. Je ne veux pas faire d\u2019esclandre, mais on a un peu abus\u00e9 de la situation ces derniers temps, et je pense qu\u2019on aura lieu de s\u2019en repentir. J\u2019ai horreur d\u2019\u00eatre manipul\u00e9. Voil\u00e0.<\/p>\n<p style=\"text-align: justify;\">Sur ce, on t\u2019embrasse sur le front, sur les yeux, sur les cheveux, sur le bout des doigts. Et le Fr\u00e9d\u00e9ric, on le couvre de baisers, et on lui souffle dans le cou. Qu\u2019est-ce qu\u2019il aura pour son No\u00ebl\u00a0? Dis-moi tout ce que tu lui donnes, en d\u00e9tail.<\/p>\n<p style=\"text-align: justify;\">Qu\u2019est-ce que tu veux pour ton No\u00ebl\u00a0? Je crois que mes promesses auront peut-\u00eatre un peu de retard. Mais tout arrivera bien. Ne nous d\u00e9courageons pas. Il faudra que le P\u00e8re No\u00ebl s\u2019arrange avec le Bon Dieu pour trouver une date tr\u00e8s convenable.<\/p>\n<p style=\"text-align: justify;\">J\u2019avais envie d\u2019\u00e9crire des contes de prison, ou de No\u00ebl, ou pour les petites filles qui oublient d\u2019\u00e9crire. Un tr\u00e8s joli conte. O\u00f9 la fille est punie\u00a0 sa n\u00e9gligence d\u2019une fa\u00e7on effroyable. Il lui pousse des ongles rouges. Ses yeux deviennent vert cru. Sa langue se transforme en grenouille, et les cheveux lui poussent tout droit comme du bl\u00e9. On lui met un \u00e9criteau sur le front. Elle se prom\u00e8ne ainsi devant toute la population indign\u00e9e, et elle devra se contenter de biscuits de mer sal\u00e9 pendant quinze jours, avec un peu de morue.<\/p>\n<p style=\"text-align: justify;\">Sais-tu bien que c\u2019est le traitement que je te r\u00e9serve si tu es m\u00e9chante.<\/p>\n<p style=\"text-align: justify;\">Par contre, pour celles qui disent tout ce qui leur passe par le c\u0153ur on cherchera des r\u00e9compenses \u00e9tonnantes\u00a0: du biscuit sucr\u00e9, des robes de toutes les\u00a0 couleurs, des poup\u00e9es avec des yeux qui se ferment, des chats au long poil, des perroquets des \u00celes, blancs avec une huppe jaune, verts avec un toupet bleu, rouges et violets au ventre jaune (des perroquets qui parlent longuement, avec de grandes phrases, en vers, qui r\u00e9citent <em>le Bateau Ivre<\/em> ou <em>les Pauvres Gens<\/em>).<\/p>\n<p style=\"text-align: justify;\">A moins que tu pr\u00e9f\u00e8res un P\u00e8re No\u00ebl avec une barbe en coton, et un grand sac \u00e0 surprises.<\/p>\n<p style=\"text-align: justify;\">J\u2019ai aussi des ch\u00e2teaux sur la Loire, des autos dernier confort avec transformation auto, avion, fus\u00e9e pour voyage dans la lune, des \u00e9toiles tr\u00e8s habitables, sans voisins imm\u00e9diats pour \u00e9viter risques de guerre ou autres, des paradis naturels avec oasis, jardin, arbres \u00e0 pommes, serpents, \u00e8ve et Adam, p\u00e8re \u00e9ternel, archanges \u00e0 l\u2019\u00e9p\u00e9e flamboyante.<\/p>\n<p style=\"text-align: justify;\">On peut aussi trouver rez-de-chauss\u00e9e paisible, quartier jardin du Roi, avec tapis, tableaux, livres et lampes \u00e0 abat-jour, bibelots chinois et pendules silencieuses. Au choix.<\/p>\n<p style=\"text-align: justify;\">Mais il faut \u00e9crire.<\/p>\n<p style=\"text-align: justify;\">Comme nous ne sommes que le 11, je te pardonne. Si tu n\u2019as pas envoy\u00e9 de nouvelles avant le 24, je ferai les gros yeux. Avec des sourcils \u00e9normes.<\/p>\n<p style=\"text-align: justify;\">Bonsoir Mademoiselle\u00a0? On t\u2019embrasse. On ne te dit rien. On te laisse tout deviner. Le monsieur du dimanche ou du mardi te remettra un paquet. A classer avec le tout. Tu y trouveras trois po\u00e8mes. A intercaler dans les B. \u00e0 ton choix. Probablement dans les chansons. Chercher dans un paquet pr\u00e9c\u00e9dent (Flo.) une grande feuille blanche avec \u00ab\u00a0ballade d\u2019icelui parti\u00a0\u00bb.\u00a0 A mettre tout \u00e0 fait \u00e0 la fin, avec une page de garde sp\u00e9ciale. Reprendre chez Flo. l\u2019exemplaire pour faire corrections. Me parler longuement de tout ce que tu penses de tout ce que tu tapes. Me donner avis. Me dire r\u00e9flexions, suggestions, impressions. Je ne sais rien. Est-ce que cela te plait\u00a0? Oui\u00a0? Non\u00a0? Peut-\u00eatre\u00a0? Est-ce que c\u2019est int\u00e9ressant\u00a0?<\/p>\n<p style=\"text-align: justify;\">J\u2019aime beaucoup Anouilh. Son th\u00e9\u00e2tre est le meilleur du moment. Voil\u00e0 qui d\u00e9passe tous les crabes, vermisseaux et porcelets qui s\u00e9vissent dans le bourbier. Tu ne m\u2019as pas racont\u00e9 la pi\u00e8ce. Comme il faut te tirer les choses de la bouche. Heureusement que tes yeux parlent pour toi. G. G. B.<\/p>\n<p>J.<\/p>\n<p>&nbsp;<\/p>\n","protected":false},"excerpt":{"rendered":"<p>\u00a0 Jeudi 11 d\u00e9cembre 1947 Ma ch\u00e9rie, Alors, on n\u2019\u00e9crit plus du tout\u00a0? On ne sait plus quoi dire\u00a0? On n\u2019a pas d\u2019histoires \u00e0 raconter\u00a0? On ne peut m\u00eame plus glisser quelques nouvelles sous des baisers\u00a0? Quelques baisers sous des &hellip; <a href=\"https:\/\/monperejeanmamy.fr\/?page_id=2493\">Continuer la lecture <span class=\"meta-nav\">&rarr;<\/span><\/a><\/p>\n","protected":false},"author":2,"featured_media":11,"parent":0,"menu_order":0,"comment_status":"closed","ping_status":"closed","template":"","meta":[],"folder":[],"_links":{"self":[{"href":"https:\/\/monperejeanmamy.fr\/index.php?rest_route=\/wp\/v2\/pages\/2493"}],"collection":[{"href":"https:\/\/monperejeanmamy.fr\/index.php?rest_route=\/wp\/v2\/pages"}],"about":[{"href":"https:\/\/monperejeanmamy.fr\/index.php?rest_route=\/wp\/v2\/types\/page"}],"author":[{"embeddable":true,"href":"https:\/\/monperejeanmamy.fr\/index.php?rest_route=\/wp\/v2\/users\/2"}],"replies":[{"embeddable":true,"href":"https:\/\/monperejeanmamy.fr\/index.php?rest_route=%2Fwp%2Fv2%2Fcomments&post=2493"}],"version-history":[{"count":3,"href":"https:\/\/monperejeanmamy.fr\/index.php?rest_route=\/wp\/v2\/pages\/2493\/revisions"}],"predecessor-version":[{"id":2500,"href":"https:\/\/monperejeanmamy.fr\/index.php?rest_route=\/wp\/v2\/pages\/2493\/revisions\/2500"}],"wp:featuredmedia":[{"embeddable":true,"href":"https:\/\/monperejeanmamy.fr\/index.php?rest_route=\/wp\/v2\/media\/11"}],"wp:attachment":[{"href":"https:\/\/monperejeanmamy.fr\/index.php?rest_route=%2Fwp%2Fv2%2Fmedia&parent=2493"}],"wp:term":[{"taxonomy":"folder","embeddable":true,"href":"https:\/\/monperejeanmamy.fr\/index.php?rest_route=%2Fwp%2Fv2%2Ffolder&post=2493"}],"curies":[{"name":"wp","href":"https:\/\/api.w.org\/{rel}","templated":true}]}}