{"id":25,"date":"2021-02-09T15:20:47","date_gmt":"2021-02-09T14:20:47","guid":{"rendered":"http:\/\/monperejeanmamy.fr\/?page_id=25"},"modified":"2021-03-05T15:43:14","modified_gmt":"2021-03-05T14:43:14","slug":"genealogie","status":"publish","type":"page","link":"https:\/\/monperejeanmamy.fr\/?page_id=25","title":{"rendered":"Ses anc\u00eatres"},"content":{"rendered":"<p style=\"text-align: justify;\">Jean-Charles Mamy est le fils de Charles-Jean-Eug\u00e8ne Mamy, n\u00e9 le 25 juillet 1877 \u00e0 Paris et de Marie Tardy, n\u00e9e le 13 mai 1880 \u00e0 Betton-Bettonet, mari\u00e9s le 22 octobre 1900 \u00e0 Chamb\u00e9ry.<\/p>\n<p style=\"text-align: justify;\">Un travail consid\u00e9rable de recherche g\u00e9n\u00e9alogique, qui a port\u00e9 sur plusieurs milliers de ses anc\u00eatres paternels et maternels jusqu&rsquo;aux Francs et aux Robertiens, en passant par les carolingiens et les Cap\u00e9tiens, r\u00e9alis\u00e9 par un des petits-fils de Jean Mamy, a permis de remonter la branche des Mamy jusqu&rsquo;en 1620..<\/p>\n<p style=\"text-align: justify;\">Depuis 1620, et peut-\u00eatre depuis bien avant, les Mamy et les Tardy\u00a0 sont pratiquement tous n\u00e9, tous mari\u00e9s, tous d\u00e9c\u00e9d\u00e9s et enterr\u00e9s dans un rayon de moins d&rsquo;une lieue autour du village d&rsquo;hauteville, en Savoie. Pour explorer l&rsquo;arbre des racines \u00ab Mamy \u00bb de Jean Mamy, <a href=\"http:\/\/monperejeanmamy.fr\/?page_id=825\">cliquez ici<\/a>.<\/p>\n<h1>De anc\u00eatres nobles et royaux<\/h1>\n<p style=\"text-align: justify;\">Le 7 septembre 1761, Joseph Mamy, le p\u00e8re d&rsquo;Andr\u00e9anne Mamy, ma\u00eetre de poste et maire d\u2019\u00c9pierre, a \u00e9pous\u00e9 Josephte Salomon dont l\u2019un des a\u00efeux, Claude Salomon, lui aussi ma\u00eetre de poste et maire d\u2019\u00c9pierre, avait \u00e9pous\u00e9 le 16 d\u00e9cembre 1639 \u00e0 Chamoux-sur-Gelon une demoiselle de la noblesse savoyarde, Jacqueline de Gallis.<\/p>\n<p style=\"text-align: justify;\"><img loading=\"lazy\" class=\"wp-image-132 alignleft\" src=\"http:\/\/monperejeanmamy.fr\/wp-content\/uploads\/2021\/02\/Arbre-Jean-Mamy-extrait-212x300.jpg\" alt=\"\" width=\"186\" height=\"259\" \/>Un petit parcours du combattant nous conduit ensuite dans le d\u00e9dale de la moyenne noblesse savoyarde et bourguignonne, les de Gallis, les de\u00a0 Bonivard, les de Mouxy, les de Menthon, les de Luyrieu, les de Salins, les de Rye, les de Vienne\u2026 pour remonter au douzi\u00e8me si\u00e8cle jusqu\u2019\u00e0 Thibaut V de Blois, et sa femme Alix, fille de Louis VII le Jeune, Roi de France, descendant direct de Hugues Capet.<\/p>\n<p>Mais ce n&rsquo;est pas fini.<\/p>\n<p style=\"text-align: justify;\">Jean Mamy, par cons\u00e9quent moi aussi, descendons donc des Robertiens, de Hugues Capet, de Charlemagne, l\u2019Empereur \u00e0 la barbe fleurie, de son p\u00e8re, P\u00e9pin le Bref et de son grand-p\u00e8re, Charles Martel et des Rois francs.<\/p>\n<p style=\"text-align: justify;\">Avec, au passage, un d\u00e9tour vers l\u2019Empereur <b>Fr\u00e9d\u00e9ric <abbr class=\"abbr\" title=\"premier\">I<sup>er<\/sup><\/abbr> <a href=\"http:\/\/monperejeanmamy.fr\/?page_id=135\"><img loading=\"lazy\" class=\"alignright size-thumbnail wp-image-140\" src=\"http:\/\/monperejeanmamy.fr\/wp-content\/uploads\/2021\/02\/Frederic-Barberousse-150x150.jpg\" alt=\"\" width=\"150\" height=\"150\" \/><\/a>de Hohenstaufen<\/b>, surnomm\u00e9 <b>Fr\u00e9d\u00e9ric Barberousse, souverain du Saint Empire Romain-Germanique<\/b> de 1152 \u00e0 sa mort. Peut-on y voir un lien g\u00e9n\u00e9tique avec le penchant de Jean Mamy pour le mod\u00e8le allemand ?<\/p>\n<p>Pour afficher l&rsquo;arbre ci-dessus en plein \u00e9cran, <a href=\"http:\/\/monperejeanmamy.fr\/?page_id=135\">cliquez ici<\/a><\/p>\n<p>Pour en explorer les grandes grandes branches choisissez<\/p>\n<ul>\n<li><a href=\"http:\/\/monperejeanmamy.fr\/?page_id=864\">La branche Mamy-Salomon<\/a><\/li>\n<li><a href=\"http:\/\/monperejeanmamy.fr\/?page_id=872\">La branche moyenne noblesse savoyardes-bourguignonne<\/a><\/li>\n<li><a href=\"http:\/\/monperejeanmamy.fr\/?page_id=874\">La branche des Cap\u00e9tiens<\/a><\/li>\n<li><a href=\"http:\/\/monperejeanmamy.fr\/?page_id=876\">La branche Cuiseaux-Coligny et Fr\u00e9d\u00e9ric Barberousse<\/a><\/li>\n<li><a href=\"http:\/\/monperejeanmamy.fr\/?page_id=878\">La branche des Robertiens<\/a><\/li>\n<li><a href=\"http:\/\/monperejeanmamy.fr\/?page_id=881\">La branche des Carolingiens et des Francs<\/a><\/li>\n<\/ul>\n","protected":false},"excerpt":{"rendered":"<p>Jean-Charles Mamy est le fils de Charles-Jean-Eug\u00e8ne Mamy, n\u00e9 le 25 juillet 1877 \u00e0 Paris et de Marie Tardy, n\u00e9e le 13 mai 1880 \u00e0 Betton-Bettonet, mari\u00e9s le 22 octobre 1900 \u00e0 Chamb\u00e9ry. Un travail consid\u00e9rable de recherche g\u00e9n\u00e9alogique, qui &hellip; <a href=\"https:\/\/monperejeanmamy.fr\/?page_id=25\">Continuer la lecture <span class=\"meta-nav\">&rarr;<\/span><\/a><\/p>\n","protected":false},"author":1,"featured_media":8,"parent":0,"menu_order":0,"comment_status":"closed","ping_status":"closed","template":"","meta":[],"folder":[],"_links":{"self":[{"href":"https:\/\/monperejeanmamy.fr\/index.php?rest_route=\/wp\/v2\/pages\/25"}],"collection":[{"href":"https:\/\/monperejeanmamy.fr\/index.php?rest_route=\/wp\/v2\/pages"}],"about":[{"href":"https:\/\/monperejeanmamy.fr\/index.php?rest_route=\/wp\/v2\/types\/page"}],"author":[{"embeddable":true,"href":"https:\/\/monperejeanmamy.fr\/index.php?rest_route=\/wp\/v2\/users\/1"}],"replies":[{"embeddable":true,"href":"https:\/\/monperejeanmamy.fr\/index.php?rest_route=%2Fwp%2Fv2%2Fcomments&post=25"}],"version-history":[{"count":15,"href":"https:\/\/monperejeanmamy.fr\/index.php?rest_route=\/wp\/v2\/pages\/25\/revisions"}],"predecessor-version":[{"id":1061,"href":"https:\/\/monperejeanmamy.fr\/index.php?rest_route=\/wp\/v2\/pages\/25\/revisions\/1061"}],"wp:featuredmedia":[{"embeddable":true,"href":"https:\/\/monperejeanmamy.fr\/index.php?rest_route=\/wp\/v2\/media\/8"}],"wp:attachment":[{"href":"https:\/\/monperejeanmamy.fr\/index.php?rest_route=%2Fwp%2Fv2%2Fmedia&parent=25"}],"wp:term":[{"taxonomy":"folder","embeddable":true,"href":"https:\/\/monperejeanmamy.fr\/index.php?rest_route=%2Fwp%2Fv2%2Ffolder&post=25"}],"curies":[{"name":"wp","href":"https:\/\/api.w.org\/{rel}","templated":true}]}}