{"id":2505,"date":"2021-04-26T18:35:40","date_gmt":"2021-04-26T16:35:40","guid":{"rendered":"http:\/\/monperejeanmamy.fr\/?page_id=2505"},"modified":"2024-01-22T17:34:56","modified_gmt":"2024-01-22T16:34:56","slug":"jm-a-jr-fresnes-47-12-28","status":"publish","type":"page","link":"https:\/\/monperejeanmamy.fr\/?page_id=2505","title":{"rendered":"JM \u00e0 JR (Fresnes 47\/12\/28)"},"content":{"rendered":"<p><strong>\u00a0<\/strong><a href=\"http:\/\/monperejeanmamy.fr\/?page_id=2501\"><img loading=\"lazy\" class=\"wp-image-1352 alignleft\" src=\"http:\/\/monperejeanmamy.fr\/wp-content\/uploads\/2021\/03\/Lettre-precedente.jpg\" alt=\"\" width=\"143\" height=\"78\" \/><\/a><a href=\"http:\/\/monperejeanmamy.fr\/?page_id=2509\"><img loading=\"lazy\" class=\"alignright wp-image-1353\" src=\"http:\/\/monperejeanmamy.fr\/wp-content\/uploads\/2021\/03\/Lettre-suivante.jpg\" alt=\"\" width=\"139\" height=\"76\" \/><\/a><\/p>\n<p style=\"text-align: center;\"><strong>Dimanche 28 d\u00e9cembre 1948<\/strong><\/p>\n<p style=\"text-align: center;\">Ma petite fille ch\u00e9rie,<\/p>\n<p style=\"text-align: justify;\">Tout d\u2019abord que je te gronde. Les m\u00e9dicaments, c\u2019est bon pour les gens qui ont des id\u00e9es malades. Et nous sommes tous bien portant moralement. Donc physiquement. Tu ne vas pas te mettre \u00e0 fr\u00e9quenter les pharmaciens. On n\u2019a pas besoin du tout de c\u00e9der au mal du si\u00e8cle. Nous nous tenons debout par la d\u00e9cision de l\u2019Esprit et non par la vertu des produits chimiques. Nous ne sommes pas des animaux nous autres. Et nous n\u2019avons que faire des prospectus des charlatans. Avis. J\u2019esp\u00e8re donc que tu n\u2019encombres pas la mentalit\u00e9 pure et parfaitement saine de Fr\u00e9d\u00e9ric avec des craintes aliment\u00e9es aux pages m\u00e9dicales de l\u2019almanach Hachette. Sur ce, merci quand m\u00eame pour la bonne intention (l\u2019Enfer, dit-on, en est pav\u00e9).<\/p>\n<p style=\"text-align: justify;\">Je suis extrait demain. Pourquoi ? Myst\u00e8re. Je te le dirai demain soir. Encore une balade dans des locaux grillag\u00e9s, bourr\u00e9s de verrous, couverts d\u2019inscriptions inf\u00e2mes. Quel procureur, quel inquisiteur, vais-je aborder ? L\u2019aventure continue. Je pense de plus en plus que, \u00e9tant donn\u00e9 ce que je suis, il ne pouvait en \u00eatre autrement. C\u2019est un miracle que je sois encore l\u00e0. Je ne les ai pourtant pas m\u00e9nag\u00e9s.<\/p>\n<p style=\"text-align: justify;\">La situation tourne de plus en plus. Nous arrivons maintenant aux phases actives, aux \u00e9v\u00e8nements plus pr\u00e9cis. D\u00e9j\u00e0 le mois de d\u00e9cembre a \u00e9t\u00e9 tumultueux dans ses d\u00e9buts. Janvier le sera sans doute encore davantage, puis f\u00e9vrier, jusqu\u2019\u00e0 l\u2019explosion, car la m\u00e8che est allum\u00e9e.<\/p>\n<p style=\"text-align: justify;\">Pour moi, les hommes ont cess\u00e9 de m\u2019int\u00e9resser. Ces sont des fauves. Il faut se d\u00e9barrasser de la violence terrestre et ne plus vivre sur la loi des \u00e9go\u00efsmes et des fureurs partisanes.<\/p>\n<p style=\"text-align: justify;\">Je suis ravi du No\u00ebl de l\u2019enfant blond. Il a l\u2019air d\u2019avoir \u00e9t\u00e9 combl\u00e9 de b\u00e9n\u00e9dictions. Est-ce que tu lui a mis dans un soulier un gros paquet de sagesse\u00a0? J\u2019ai beaucoup aim\u00e9 qu\u2019on lui ai donn\u00e9 des jouets \u00e0 distribuer. C\u2019est un geste excellent, qui devrait \u00eatre r\u00e9p\u00e9t\u00e9 partout. Voil\u00e0, d\u00e8s l\u2019enfance, une grande le\u00e7on de solidarit\u00e9. Apprendre \u00e0 donner. Comme apprendre \u00e0 recevoir. Personne ne se doute de l\u2019effort qu\u2019il faut pour parfaire ces simples choses.<\/p>\n<p style=\"text-align: justify;\">Je vais donc me coucher de bonne heure ce soir, car, pour passer \u00e0 trois ou quatre heures de l\u2019apr\u00e8s-midi on nous r\u00e9veille \u00e0 6h \u00bd et nous partons \u00e0 8h \u00bc. C\u2019est tout un voyage. Chaque journ\u00e9e pass\u00e9e au Palais ou ailleurs correspond au trajet Paris-Marseille dans le couloir. Presque tout le temps debout. Locaux puants. Seuls les gardes municipaux sont quelquefois aimables. Au retour, quand ils ne serrent pas trop le cabriolet <a href=\"#_ftn1\" name=\"_ftnref1\">[1]<\/a>. Et quand on rentre \u00e0 la prison le soir, on est content de retrouver son \u00ab\u00a0chez-soi\u00a0\u00bb. L\u2019homme s\u2019habitue \u00e0 toutes les tani\u00e8res. Il lui suffit d\u2019un toit et d\u2019une gamelle. Et le bonheur ne d\u00e9pend que de l\u2019influx divin. On peut \u00eatre milliardaire et malheureux. Il me semble qu\u2019au fond d\u2019une cale j\u2019aurais conserv\u00e9 en moi tout le soleil.<\/p>\n<p style=\"text-align: justify;\">Bonsoir, blonde menue, fid\u00e8le et ardente, et pleine de ressources vives. Tu ne m\u2019\u00e9cris plus du tout, mais tu penses tellement \u00e0 nous qu\u2019on le sent au travers de tous les murs. \u00c0 bient\u00f4t te lire, te voir, t\u2019embrasser. Je t\u2019imaginerai ange volant sur les nu\u00e9es, dans mon sommeil p\u00e9n\u00e9tr\u00e9 d\u2019harmonie d\u00e9tach\u00e9e de toute brume.<\/p>\n<h1 style=\"text-align: justify;\">22h.<\/h1>\n<p style=\"text-align: justify;\">Tu \u00e9tais bougrement gentille et jolie, et tu sentais bon. Et je ne regrette pas du tout de t\u2019avoir fait perdre tout ton apr\u00e8s-midi. Bien au contraire. Et j\u2019ai appris de fort bonnes choses. D\u2019abord, c\u2019est que je n\u2019ai plus de juge. Car l\u2019instruction ne revient plus au m\u00eame endroit. Il faut donc qu\u2019un nouveau magistrat reprenne le dossier en main, qu\u2019il l\u2019\u00e9tudie. Mon juge d\u2019aujourd\u2019hui m\u2019a parl\u00e9 de deux mois encore. Nous y serons peut-\u00eatre encore dans deux ans alors m\u00eame que je serai sorti depuis longtemps. Car c\u2019est ainsi.<\/p>\n<p style=\"text-align: justify;\">D\u2019autre part \u00ab\u00a0on\u00a0\u00bb m\u2019aurait dit que les \u00e9v\u00e8nements tournant fort vite, l\u2019affaire risque de ne pas passer. \u00ab\u00a0On\u00a0\u00bb m\u2019a m\u00eame parl\u00e9 de la suppression des cours. Moi, je ne connais qu\u2019une chose, c\u2019est que j\u2019ai ce soir des tulipes merveilleuses et que je fourre mon nez dedans. Elles ne sentent rien mais elles sont un paradis. Elles sentent l\u2019amour. Il n\u2019a pas de parfum terrestre.<\/p>\n<p style=\"text-align: justify;\">Toute la vie tu perds ton temps \u00e0 cause de moi \u2013 avec moi. Perdre son temps. Perdre le temps. Perdre le moi. Perdre la t\u00eate. Perdre l\u2019orgueil du temps et du moi. Et que vaut le temps ? Et que vaut le moi ? Je compte bien que je t\u2019arracherai \u00e0 tes pr\u00e9occupations temporelles, aux affres, aux tentations du temps. Veux-tu bien l\u00e2cher le temps ! Sais-tu bien qu\u2019on le repr\u00e9sente sous les traits de Saturne, avec une faux. Vas-tu le perdre ce vieillard, cette hypnose bonheur. Il faut attendre longtemps \u00e0 la porte pour quelques minutes, quelques si\u00e8cles, une \u00e9ternit\u00e9 de pl\u00e9nitude.<\/p>\n<p style=\"text-align: justify;\">Quand j\u2019\u00e9tais tout \u00e0 l\u2019heure dans ce couloir qui fr\u00f4le cette galerie o\u00f9 les gens ne se prom\u00e8nent point emmenott\u00e9s, j\u2019ai eu la tentation de croire que de l\u2019autre c\u00f4t\u00e9 c\u2019\u00e9tait la libert\u00e9, et puis j\u2019ai regard\u00e9. J\u2019ai vu l\u2019air soucieux des gens. Une femme est apparue sur le seuil qui avait les yeux hagards, pleins d\u2019une tristesse tragique. D\u2019autres passaient en courant, charg\u00e9es de responsabilit\u00e9s, de soucis. Mon garde s\u2019agitait dans sa mentalit\u00e9 de chien bien dress\u00e9. Il s\u2019impatientait, trouvait le temps long. Et je relisais des r\u00e9cits sur la Convention, 93, la Terreur, les guerres de Vend\u00e9e, \u00e9crits par un partisan contre-r\u00e9volutionnaire. \u00c0 deux pas de moi un avocat, que j\u2019avais connu r\u00e9sistant, puis t\u00e9moin dans une de mes nombreuses affaires, claquait du talon dur sur le plancher. Tu es venue comme une petite sylphide nous parler de Saint Sulpice. Est-ce que cela existe pour nous qui ne connaissons la vie que par les dessous, les couloirs souterrains, les cachots puants, les voitures cadenass\u00e9es, les cellules pourries de salp\u00eatre ? Et pourtant, nous rions, nous chantons en secret comme ces justes de la Bible qui resplendissent comme le soleil dans le royaume dont les humains n\u2019ont aucune id\u00e9e, tout occup\u00e9s \u00e0 courir apr\u00e8s leur temps, \u00e0 ne pas le perdre ce temps pr\u00e9cieux qu\u2019on leur donne au compte-gouttes, une minute apr\u00e8s l\u2019autre, et dont ils font l\u2019usage qu\u2019on sait.<\/p>\n<p style=\"text-align: justify;\">Alors, le Fr\u00e9d\u00e9ric peut tenir boutique de jouets. Bravo\u00a0! Il est prouv\u00e9 qu\u2019il est aim\u00e9 au-del\u00e0 de toute limite. Il lui pleut des cadeaux sur la t\u00eate. Dit-il merci\u00a0? Au ciel d\u2019abord\u00a0? \u00c0 sa belle m\u00e8re\u00a0? \u00c0 sa m\u00e8re la vie\u00a0? \u00c0 son ange gardien Jeannette\u00a0? Au soleil qui fait rire\u00a0? \u00c0 l\u2019esprit qui gonfle la terre\u00a0et la poitrine des petites bonnes femmes qui attendent leur\u2026 amoureux\u00a0? Ami\u00a0? Amant\u00a0? Mari\u00a0? Moine\u00a0? Po\u00e8te\u00a0? Pasteur\u00a0? Protecteur\u00a0? Bien aim\u00e9\u00a0? Tu as remarqu\u00e9 que je n\u2019ai pu t\u2019embrasser qu\u2019\u00e0 pleine joue.<\/p>\n<p style=\"text-align: justify;\">Merci pour le porte-plume. Il va. C\u2019est \u00e7a. Ne cherche pas plus loin. Ne perds pas ton temps.<\/p>\n<p style=\"text-align: justify;\">Veux-tu bien penser \u00e0 me mettre r\u00e9guli\u00e8rement oignon, ail, laurier, thym, et patati\u2026 Vous oubliez mesdames l\u2019essentiel du colis. Car il faut parfumer nos pommes de terre bihebdomadaires et nous estimons fort les condiments. C\u2019est ce qui compte beaucoup. Si tu trouves quelques boites d\u2019\u00e9pices anglais ou am\u00e9ricain, tu sais, ces esp\u00e8ces de poudres plus ou moins piment\u00e9es de quoi faire rougir un Sioux, tu peux sans h\u00e9siter m\u2019envoyer cette sorte d\u2019encaustique interne. Voil\u00e0 qui tient chaud mieux que le ridicule gilet que ma m\u00e8re m\u2019a envoy\u00e9 et qui va \u00eatre parfait comme tapis de toilette. J\u2019attends la peau de mouton promise.<\/p>\n<p style=\"text-align: justify;\">Tu vas me dire que je deviens exigeant, grincheux, peu reconnaissant. Point du tout. Je vous r\u00e9compense d\u00e9j\u00e0 mesdames par tant d\u2019affection tendre, vous, ma m\u00e8re, et toi, mon amie que vous \u00eates toutes chaudes de mes caresses b\u00e9nies. Ta peu \u00e9tait si douce cet apr\u00e8s-midi. Je vais me contenter de mon oreiller.<\/p>\n<p style=\"text-align: justify;\">Je vous embrasse mamzelle l\u00e0 o\u00f9 vous aimez le mieux, sur ce petit front si pur, ce c\u0153ur si haut plac\u00e9 qu\u2019il ne connait plus l\u2019ennui. Bonne ann\u00e9e. La voil\u00e0 celle qui vient qui ouvre toutes les portes de la sagesse. Gros, gros b.<\/p>\n<p style=\"text-align: justify;\">J.<\/p>\n<p style=\"text-align: justify;\"><a href=\"#_ftnref1\" name=\"_ftn1\">[1]<\/a> Un cabriolet (ou poucettes) est un type de menotte. Il s&rsquo;agit d&rsquo;une corde \u00e0 n\u0153uds termin\u00e9e par deux morceaux de bois utilis\u00e9e pour lier les mains des pr\u00e9venus. (note de FGR)<\/p>\n","protected":false},"excerpt":{"rendered":"<p>\u00a0 Dimanche 28 d\u00e9cembre 1948 Ma petite fille ch\u00e9rie, Tout d\u2019abord que je te gronde. Les m\u00e9dicaments, c\u2019est bon pour les gens qui ont des id\u00e9es malades. Et nous sommes tous bien portant moralement. Donc physiquement. Tu ne vas pas &hellip; <a href=\"https:\/\/monperejeanmamy.fr\/?page_id=2505\">Continuer la lecture <span class=\"meta-nav\">&rarr;<\/span><\/a><\/p>\n","protected":false},"author":2,"featured_media":11,"parent":0,"menu_order":0,"comment_status":"closed","ping_status":"closed","template":"","meta":[],"folder":[],"_links":{"self":[{"href":"https:\/\/monperejeanmamy.fr\/index.php?rest_route=\/wp\/v2\/pages\/2505"}],"collection":[{"href":"https:\/\/monperejeanmamy.fr\/index.php?rest_route=\/wp\/v2\/pages"}],"about":[{"href":"https:\/\/monperejeanmamy.fr\/index.php?rest_route=\/wp\/v2\/types\/page"}],"author":[{"embeddable":true,"href":"https:\/\/monperejeanmamy.fr\/index.php?rest_route=\/wp\/v2\/users\/2"}],"replies":[{"embeddable":true,"href":"https:\/\/monperejeanmamy.fr\/index.php?rest_route=%2Fwp%2Fv2%2Fcomments&post=2505"}],"version-history":[{"count":4,"href":"https:\/\/monperejeanmamy.fr\/index.php?rest_route=\/wp\/v2\/pages\/2505\/revisions"}],"predecessor-version":[{"id":3261,"href":"https:\/\/monperejeanmamy.fr\/index.php?rest_route=\/wp\/v2\/pages\/2505\/revisions\/3261"}],"wp:featuredmedia":[{"embeddable":true,"href":"https:\/\/monperejeanmamy.fr\/index.php?rest_route=\/wp\/v2\/media\/11"}],"wp:attachment":[{"href":"https:\/\/monperejeanmamy.fr\/index.php?rest_route=%2Fwp%2Fv2%2Fmedia&parent=2505"}],"wp:term":[{"taxonomy":"folder","embeddable":true,"href":"https:\/\/monperejeanmamy.fr\/index.php?rest_route=%2Fwp%2Fv2%2Ffolder&post=2505"}],"curies":[{"name":"wp","href":"https:\/\/api.w.org\/{rel}","templated":true}]}}