{"id":2522,"date":"2021-04-27T15:12:47","date_gmt":"2021-04-27T13:12:47","guid":{"rendered":"http:\/\/monperejeanmamy.fr\/?page_id=2522"},"modified":"2021-04-27T15:35:35","modified_gmt":"2021-04-27T13:35:35","slug":"jm-a-jr-fresnes-48-01-04-2","status":"publish","type":"page","link":"https:\/\/monperejeanmamy.fr\/?page_id=2522","title":{"rendered":"JM \u00e0 JR (Fresnes 48\/01\/04-2)"},"content":{"rendered":"<p><strong>\u00a0<\/strong><a href=\"http:\/\/monperejeanmamy.fr\/?page_id=2517\"><img loading=\"lazy\" class=\"wp-image-1352 alignleft\" src=\"http:\/\/monperejeanmamy.fr\/wp-content\/uploads\/2021\/03\/Lettre-precedente.jpg\" alt=\"\" width=\"143\" height=\"78\" \/><\/a><a href=\"http:\/\/monperejeanmamy.fr\/?page_id=2526\"><img loading=\"lazy\" class=\"alignright wp-image-1353\" src=\"http:\/\/monperejeanmamy.fr\/wp-content\/uploads\/2021\/03\/Lettre-suivante.jpg\" alt=\"\" width=\"139\" height=\"76\" \/><\/a><\/p>\n<p style=\"text-align: center;\"><strong>Dimanche 4 janvier 1948 n\u00b02<br \/>\n<\/strong><\/p>\n<p style=\"text-align: center;\">Ma petite fille ch\u00e9rie,<\/p>\n<p style=\"text-align: justify;\">Au diable si je pensais \u00eatre encore dans cette cellule \u00e0 cette date. Qui m\u2019aurait dit en 44 que rien ne se serait encore pass\u00e9 encore trois ans plus tard, et qu\u2019on se trouverait bien vivant, de meilleure joie, d\u2019humeur plus l\u00e9g\u00e8re dans les m\u00eames murs o\u00f9 les ennemis du genre humain (et pourquoi ne pas dire du genre divin) pr\u00e9tendants nous inclure \u00e0 jamais. Les portes s\u2019ouvrent. Les cha\u00eenes tombent. Les ennemis s\u2019enfuient. Les cauchemars se dissipent. La vague s\u2019apaise. Les survivants peuvent esp\u00e9rer aborder bient\u00f4t le port qu\u2019ils d\u00e9siraient dans leur ferveur \u00e0 \u00e9treindre le mauvais radeau qui flottait par hasard sur la mer d\u00e9cha\u00een\u00e9e. On voit bien \u00e7a et l\u00e0 quelques indices qui montrent que le d\u00e9luge est fini. Ainsi la colombe revenait-elle \u00e0 No\u00e9, tenant son rameau d\u2019olivier en t\u00e9moignage de la baisse des eaux. Ainsi j\u2019ai vu dans tes yeux l\u2019autre jour que tu n\u2019avais plus peur. As-tu jamais eu peur\u00a0? Les hommes paraissent quelquefois plus m\u00e9chants que les fauves. Il faut plusieurs coups de baguette magique pour qu\u2019ils redeviennent paisibles. L\u2019agneau est un animal spirituel qui demande du d\u00e9sint\u00e9ressement.<\/p>\n<p style=\"text-align: justify;\">Donc tu n\u2019avais plus peur. C\u2019est que la joie avait mang\u00e9 l\u2019inqui\u00e9tude. IL faut bien qu\u2019elle s\u2019affirme, qu\u2019elle renaisse, qu\u2019elle \u00e9clate cette joie inexprimable, totale, qui vient de partout et chasse les terreurs de la terre. Quelle bizarrerie. \u00c0 mesure que tout s\u2019effondre dans ce pays d\u00e9labr\u00e9, je me sens de plus en plus convaincu qu\u2019en contrepartie il monte dans le monde une s\u00e8ve invisible capable de redonner aux hommes de v\u00e9ritablement bonne volont\u00e9 la foi et l\u2019ardeur n\u00e9cessaire pour r\u00e9aliser une action juste. On sent d\u2019instinct cette \u00e9nergie bienfaisante capable de ressusciter chez certains peuples le renouveau qu\u2019il faut pour durer. Et m\u00eame si les vieillards ou les voyous s\u2019y opposent, ils ne pourront r\u00e9sister \u00e0 l\u2019appel qui monte avec si grande force.<\/p>\n<p style=\"text-align: justify;\">J\u2019ai bien re\u00e7u la charmante lettre de Fr\u00e9d\u00e9ric avec le rouge-gorge. Il \u00e9crit fort bien pour son \u00e2ge et on voit qu\u2019on ne lui tient pas la main. Sais-tu que mon camarade, qui nous envoie les livres, pr\u00e9tendait avoir re\u00e7u une lettre de sa filleule \u00e2g\u00e9e de deux ans et demi. Il a fallu discuter beaucoup pour lui faire convenir qu\u2019il pouvait s\u2019agir d\u2019une autre fillette de neuf ans. Les hommes ne savent gu\u00e8re comment poussent les enfants.<\/p>\n<p style=\"text-align: justify;\">J\u2019ai bien re\u00e7u aussi la lettre d\u2019invitation pour l\u2019apr\u00e8s-r\u00e9veillon. Et j\u2019\u00e9tais l\u00e0, tout pr\u00e9sent, \u00e0 te rendre hommage. \u00c9tais-tu contente\u00a0?<\/p>\n<p style=\"text-align: justify;\">Viendras-tu mardi\u00a0? Chi lo sa\u00a0? ou jeudi\u00a0? Quand saurai-je si j\u2019ai droit \u00e0 dix minutes d\u2019yeux derri\u00e8re un grillage \u00e0 lapins. Tu vois qu\u2019on enferme quelquefois les moineaux dans les cages.<\/p>\n<h1 style=\"text-align: justify;\"><u>Lundi<\/u>.<\/h1>\n<p style=\"text-align: justify;\">Tes deux \u0153illets sont contre mon \u00e9paule, m\u00eal\u00e9s aux tulipes qui tiennent encore. La branche de gui est sur mon mur \u00e0 droite, gage de bonheur et de bonne ann\u00e9e. Et les marguerites sont toujours l\u00e0, merveilleuses, s\u2019ouvrant l\u2019une apr\u00e8s l\u2019autre. J\u2019esp\u00e8re encore dans tous les boutons. Ils sont nombreux. Il y en a peut-\u00eatre pour un mois. Quelle dr\u00f4le de fleur de durer si longtemps.<\/p>\n<p style=\"text-align: justify;\">\u00c0 l\u2019instant on vient de m\u2019annoncer qu\u2019un camarade qui comptait sortir le soir m\u00eame (affaire insignifiante) vient d\u2019attraper perp\u00e9tuit\u00e9\u00a0! Bigre\u00a0! Les nouveaux jur\u00e9s ne sont pas doux. On rectifie. C\u2019est le tribunal militaire qui est aussi m\u00e9chant. D\u00e9cid\u00e9ment, on n\u2019en finira jamais. Esp\u00e9rons quand m\u00eame.<\/p>\n<p style=\"text-align: justify;\">Je relis ta lettre du 30 d\u00e9cembre, \u00e0 d\u00e9faut de plus r\u00e9cente, et j\u2019esp\u00e8re te voir demain. Dis \u00e0 ma m\u00e8re, en cas que je l\u2019oublie, que le gilet de mouton est merveilleux.<\/p>\n<p style=\"text-align: justify;\">Veux-tu bien mettre dans le prochain colis<\/p>\n<ol>\n<li style=\"text-align: justify;\">du fil noir de lin<\/li>\n<li style=\"text-align: justify;\">du fil blanc id.<\/li>\n<\/ol>\n<p style=\"text-align: justify;\">Merci pour tout ce que j\u2019ai trouv\u00e9 ce matin. Absolument parfait. Je grossis d\u2019heure en heure. Jusqu\u2019\u00e0 devenir \u00e9norme. Un Bouddha, un poussah, Gargantua. Comment te faire passer de mon superflu ? Est-ce que tu m\u2019aimeras moins quand j\u2019aurais d\u00e9pass\u00e9 les cent kilos ?<\/p>\n<p style=\"text-align: justify;\">J\u2019esp\u00e8re que notre ami t\u2019aura donn\u00e9 les bouquins promis. As-tu revu l\u2019aviateur ? Que dit-il ? Et tes amis ? Et Flo. ? Il faut te renseigner partout. Veux-tu bien me dire aussi ce qu\u2019on dit de l\u2019initiative de Mme Roosevelt ? Et de la lettre des cardinaux ? Tout un mouvement se dessine pour l\u2019amnistie. On voit bien le bout de l\u2019oreille. Les Am\u00e9ricains ont besoin de r\u00e9cup\u00e9rer les anti-communistes. D\u2019autre part, pas de reconstruction par le bloc occidental sans politique de r\u00e9conciliation. Hier nous \u00e9tions int\u00e9ressants \u00e0 condamner, aujourd\u2019hui \u00e0 absoudre. Bon Dieu, que nous avons d\u2019importance ! Pour moi, je ne vois dans ces man\u0153uvres contradictoires que basse politique. Les lampistes paient toujours et les requins d\u00e9chirent les filets. La prochaine fois, je mettrai quelques milliards de c\u00f4t\u00e9. De quoi vivre quelques mois au prix du prochain timbre-poste.<\/p>\n<p style=\"text-align: justify;\">Il parait qu\u2019en un mois la vie a augment\u00e9 de 65%\u00a0! Est-ce vrai\u00a0? Je me demande comment vous faites pour les colis. Ce doit \u00eatre ruineux. Il faut qu\u2019on en parle.<\/p>\n<p style=\"text-align: justify;\">Viens donc demain avec tous tes sourires et tous tes yeux \u00e9tonn\u00e9s, na\u00effs, caressants, si loyaux. Je t\u2019attends avec ma joie bondissante. Et nous \u00e9changerons \u00e0 travers les barreaux les banalit\u00e9s des parole d\u00e9finitives\u00a0: \u00ab\u00a0<em>comment vas-tu\u00a0?<\/em>\u00a0\u00bb, \u00ab\u00a0<em>tr\u00e8s bien, et toi\u00a0?<\/em>\u00a0\u00bb, \u00ab\u00a0<em>Tout va tr\u00e8s bien<\/em>\u00a0\u00bb, \u00ab\u00a0<em>Esp\u00e9rons\u2026<\/em>\u00a0\u00bb<\/p>\n<p style=\"text-align: justify;\">Mes gros, tr\u00e8s gros, tr\u00e8s tr\u00e8s gros b.<\/p>\n<p>J.<\/p>\n<p>&nbsp;<\/p>\n","protected":false},"excerpt":{"rendered":"<p>\u00a0 Dimanche 4 janvier 1948 n\u00b02 Ma petite fille ch\u00e9rie, Au diable si je pensais \u00eatre encore dans cette cellule \u00e0 cette date. Qui m\u2019aurait dit en 44 que rien ne se serait encore pass\u00e9 encore trois ans plus tard, &hellip; <a href=\"https:\/\/monperejeanmamy.fr\/?page_id=2522\">Continuer la lecture <span class=\"meta-nav\">&rarr;<\/span><\/a><\/p>\n","protected":false},"author":2,"featured_media":11,"parent":0,"menu_order":0,"comment_status":"closed","ping_status":"closed","template":"","meta":[],"folder":[],"_links":{"self":[{"href":"https:\/\/monperejeanmamy.fr\/index.php?rest_route=\/wp\/v2\/pages\/2522"}],"collection":[{"href":"https:\/\/monperejeanmamy.fr\/index.php?rest_route=\/wp\/v2\/pages"}],"about":[{"href":"https:\/\/monperejeanmamy.fr\/index.php?rest_route=\/wp\/v2\/types\/page"}],"author":[{"embeddable":true,"href":"https:\/\/monperejeanmamy.fr\/index.php?rest_route=\/wp\/v2\/users\/2"}],"replies":[{"embeddable":true,"href":"https:\/\/monperejeanmamy.fr\/index.php?rest_route=%2Fwp%2Fv2%2Fcomments&post=2522"}],"version-history":[{"count":3,"href":"https:\/\/monperejeanmamy.fr\/index.php?rest_route=\/wp\/v2\/pages\/2522\/revisions"}],"predecessor-version":[{"id":2529,"href":"https:\/\/monperejeanmamy.fr\/index.php?rest_route=\/wp\/v2\/pages\/2522\/revisions\/2529"}],"wp:featuredmedia":[{"embeddable":true,"href":"https:\/\/monperejeanmamy.fr\/index.php?rest_route=\/wp\/v2\/media\/11"}],"wp:attachment":[{"href":"https:\/\/monperejeanmamy.fr\/index.php?rest_route=%2Fwp%2Fv2%2Fmedia&parent=2522"}],"wp:term":[{"taxonomy":"folder","embeddable":true,"href":"https:\/\/monperejeanmamy.fr\/index.php?rest_route=%2Fwp%2Fv2%2Ffolder&post=2522"}],"curies":[{"name":"wp","href":"https:\/\/api.w.org\/{rel}","templated":true}]}}