{"id":2539,"date":"2021-04-28T14:08:53","date_gmt":"2021-04-28T12:08:53","guid":{"rendered":"http:\/\/monperejeanmamy.fr\/?page_id=2539"},"modified":"2021-04-28T14:27:18","modified_gmt":"2021-04-28T12:27:18","slug":"jm-a-jr-fresnes-48-02-01","status":"publish","type":"page","link":"https:\/\/monperejeanmamy.fr\/?page_id=2539","title":{"rendered":"JM \u00e0 JR (Fresnes 48\/02\/01)"},"content":{"rendered":"<p><strong>\u00a0<\/strong><a href=\"http:\/\/monperejeanmamy.fr\/?page_id=2534\"><img loading=\"lazy\" class=\"wp-image-1352 alignleft\" src=\"http:\/\/monperejeanmamy.fr\/wp-content\/uploads\/2021\/03\/Lettre-precedente.jpg\" alt=\"\" width=\"143\" height=\"78\" \/><\/a><a href=\"http:\/\/monperejeanmamy.fr\/?page_id=2543\"><img loading=\"lazy\" class=\"alignright wp-image-1353\" src=\"http:\/\/monperejeanmamy.fr\/wp-content\/uploads\/2021\/03\/Lettre-suivante.jpg\" alt=\"\" width=\"139\" height=\"76\" \/><\/a><\/p>\n<p style=\"text-align: center;\"><strong>Dimanche 1<sup>er<\/sup><\/strong><strong> f\u00e9vrier 1948<br \/>\n<\/strong><\/p>\n<p style=\"text-align: center;\">Ma petite fille silencieuse ch\u00e9rie,<\/p>\n<p style=\"text-align: justify;\">Je suis comme s\u0153ur Anne\u00a0: l\u2019herbe qui verdoie, le soleil qui poudroie, rien sur la route. Monsieur Marlborough c\u2019est le facteur. Est-ce que quatre \u00e9cuyers vont m\u2019apporter enfin la lettre de notre amour vivant\u00a0? O\u00f9 es-tu petite lumi\u00e8re vive qui clignote au vent des orages mondains, puis t\u2019affermit contre la bourrasque pour me guider dans mon p\u00e8lerinage sombre\u00a0? Tu es ma petite lumi\u00e8re et tu ne disparais pas dans la grande lumi\u00e8re o\u00f9 l\u2019on trouve la joie de durer et de suivre et de fouler les d\u00e9mons.<\/p>\n<p style=\"text-align: justify;\">Ma cellule est encore pleine de tes fleurs de ces quinze derniers jours. \u00c0 quoi je me r\u00e9jouis de rajouter demain les trois p\u00e9tales et brins de mousse qui sont le soleil de l\u2019esprit. Que les fleurs aident \u00e0 vivre\u00a0! On se repose sur ces chiffons de soie vivante, sur ces explosions de tendresse color\u00e9e. L\u2019\u0153il boit, mange sa vie secr\u00e8te dans les \u00e9panouissements limpides de ces bestioles v\u00e9g\u00e9tales. C\u2019est le ciel en pot, la for\u00eat sous la main, le jardin sans limite. Car, par un \u0153illet, j\u2019ai tout le Japon. Par une an\u00e9mone, toutes les provinces de France, par l\u2019asparagus, des millions de sapins dress\u00e9s contre un ciel riant. Et ce soir j\u2019irai dormir au fond des corolles, comme dans le creux de ton amour douillet.<\/p>\n<p style=\"text-align: justify;\">Est-ce que tu penses quelque fois qu\u2019un oreiller est un t\u00e9l\u00e9phone commode, discret, sans fil\u00a0? J\u2019y trouve sur le mien beaucoup de cheveux blonds et de boucles d\u2019oreilles perdues. Et j\u2019ai beaucoup de peine \u00e0 me r\u00e9veiller.<\/p>\n<p style=\"text-align: justify;\">Je ne sais pas ce que les \u00e9v\u00e8nements prochains nous r\u00e9servent. Il semble qu\u2019on s\u2019en aille vers des heures d\u00e9cisives. J\u2019ai l\u2019impression que la promesse que j\u2019ai faite pour No\u00ebl n\u2019aura \u00e9t\u00e9 diff\u00e9r\u00e9e que de de quelques mois. Va-t-on enfin voir clair ? Veux-tu passer \u00e0 l\u2019aviation et me dire ce qu\u2019on en pense. J\u2019aurai besoin d\u2019un coup de pouce dans peu de temps, car nous sommes avertis qu\u2019on pr\u00e9pare le transfert de presque toutes les affaires aux Tribunaux militaires. Il sera \u00e9videmment bien plus facile de s\u2019expliquer devant des hommes dont les pr\u00e9occupations ne sont pas dirig\u00e9es par Moscou.<\/p>\n<p style=\"text-align: justify;\">Veux-tu bien toi aussi, pour ne pas oublier (je dis tout ce qui me passe par la t\u00eate), dire \u00e0 ma m\u00e8re qu\u2019elle me mette du savon. J\u2019en use beaucoup en ce moment, \u00e9tant, de nature et de tradition, la propret\u00e9 ambulante. Je r\u00eave \u00e0 des hammams\u00a0! Je sens que je vais me faire bouillir\u00a0! Bouillir\u00a0! Vingt kilos \u00e0 perdre\u00a0! Tous tes colis\u00a0! Il parait qu\u2019on m\u2019attribue 100 kg, au jug\u00e9\u00a0! Je n\u2019en conviens pas\u00a0! Heureusement que tu compenses. La moyenne est sauve.<\/p>\n<p style=\"text-align: justify;\">Bonjour\u2026 Bonsoir\u2026 Qu\u2019est-ce que tu racontes\u00a0? Je veux une histoire. Ou bien je n\u2019\u00e9teins pas la lumi\u00e8re. Une histoire absolument vraie.<\/p>\n<p style=\"text-align: justify;\">Il y avait une fois un feu de bois. C\u2019\u00e9tait quelques ann\u00e9es apr\u00e8s une boucle de ceinture cass\u00e9e. Alors (non, ce n\u2019\u00e9tait pas un feu de bois, c\u2019\u00e9tait un radiateur parabolique en cuivre rouge), comme le tapis \u00e9tait arabe et la couverture aussi. Les ombres \u00e9taient plus brunes au plafond. On n\u2019y voyait que deux grands yeux qui s\u2019ouvraient, \u00e9tonn\u00e9s, pour se refermer, pudiques. J\u2019\u00e9coutais l\u2019horloge du c\u0153ur qui battait un furieux tocsin, histoire d\u2019avertir qu\u2019on s\u2019amuse en enfer et que le diable secoue son rire secret. Le velours du fauteuil se r\u00e2pait un peu. Vert clair il \u00e9tait.<\/p>\n<p style=\"text-align: justify;\">Voil\u00e0. \u00c0 demain matin. Je t\u2019\u00e9couterais arriver. \u00c0 trois km on entend ton pas.<\/p>\n<h1 style=\"text-align: justify;\"><u>Lundi soir<\/u>.<\/h1>\n<p style=\"text-align: justify;\">Je t\u2019ai si bien entendue qu\u2019il m\u2019a fallut \u00e9couter pendant une heure tout un orchestre de voix intimes. Et c\u2019\u00e9tait parfait. Les an\u00e9mones sont maintenant dans leur eau si fraiche qu\u2019elle est une source de vie renouvel\u00e9e. Les \u0153illets de la semaine derni\u00e8re sont encore tout neufs. Le feuillage d\u2019il y a trois semaines prend des teintes brunes qui contrastent joliment avec le vert frais de l\u2019asparagus toujours vivace. Et me voil\u00e0 encore en plein jardin de l\u2019infini.<\/p>\n<p style=\"text-align: justify;\">Es-tu au courant de la proposition officielle de Mme P\u00e9rol, d\u00e9put\u00e9e, qui demande le transfert des dossiers de Cour de Justice aux Tribunaux militaires\u00a0? Je crois m\u00eame qu\u2019il s\u2019agit de la suppression pure et simple des Cours. Renseigne-toi. Renseigne-moi.<\/p>\n<p style=\"text-align: justify;\">Demande \u00e0 Philibert s\u2019il a lu <em>Fifi Roi <a href=\"#_ftn1\" name=\"_ftnref1\"><strong>[1]<\/strong><\/a><\/em> de Claude Jamet. Toutefois qu\u2019il n\u2019essaie pas de nous le faire parvenir. Il serait sans doute refus\u00e9 \u00e0 la censure. On me dit du bien du bouquin. Il parait qu\u2019il fait bon travail.<\/p>\n<p style=\"text-align: justify;\">Moi non plus je ne trouve plus rien \u00e0 te dire, puisque je t\u2019ai d\u00e9j\u00e0 tout dit. T\u2019en ai-je dit des choses depuis un an\u00a0! deux ans\u00a0! trois ans\u00a0! et avant\u00a0! quand je ne disais rien\u00a0! et maintenant\u00a0! quand je ne dis plus rien.<\/p>\n<p style=\"text-align: justify;\">Et pourtant, je vais te raconter une belle histoire. C\u2019\u00e9tait naturellement un printemps. Ces choses arrivent toujours au printemps. Elle \u00e9tait toute petite, appuy\u00e9e contre un arbre de la for\u00eat. Les violettes se moquaient d\u2019elle. Qu\u2019attend-elle, \u00e0 regarder ainsi vers le nid du rossignol\u00a0? Il ne chante que la nuit. Mais qu\u2019attend-elle donc\u00a0? Tous les moucherons, bougies de lumi\u00e8re, voltigeaient, indiff\u00e9rents. Alors, une id\u00e9e traversa la cervelle toujours en \u00e9veil du merle. Nous allons lui siffler sur l\u2019\u00e9paule, mais de notre fa\u00e7on. Mais elle ne bougeait toujours pas, attentive, guettant quelque chose sur un nuage, si rose. Le soleil \u00e9tait \u00e9mu, fondait en eau. Que faut-il donc faire pour qu\u2019elle parle\u00a0? Toute la for\u00eat s\u2019agitait. Les muettes soul\u00e8vent de ces temp\u00eates.<\/p>\n<p style=\"text-align: justify;\">Et tout \u00e0 coup, la source chanta. Une voix claire, sublime, un flot d\u2019amour d\u2019un seul cri. Si douce. Si sublime. Envahissant tout. Jusqu\u2019au fond de l\u2019espace. Car le silence s\u2019\u00e9tait fait autour. On se retient de respirer quand Dieu parle.<\/p>\n<p style=\"text-align: justify;\">Elle comprimait son c\u0153ur \u00e0 deux mains. La source \u00e9tait l\u00e0, au plus profond, joyeuse, \u00e0 ne plus pouvoir s\u2019arr\u00eater pendant des si\u00e8cles. Et les mots sortaient sans arr\u00eat, comme la Parole qui divinise et recr\u00e9e tout. Il fallait bien que les biches gu\u00e9rissent, que les papillons s\u2019arr\u00eatent, que les vieux arbres fr\u00e9missent d\u2019aise. Un vent nouveau parfumait la terre charg\u00e9e de suc. On est si riche qu\u2019on ne sait jamais comment d\u00e9lasser ses mains fleuries.<\/p>\n<p style=\"text-align: justify;\">Voil\u00e0. Belle histoire. On te tresse des couronnes. On te proclame la plus grande f\u00e9e du monde, ou la plus belle fleur bleue. On t\u2019ouvre toutes les portes de tous les Paradis.<\/p>\n<p style=\"text-align: justify;\">Et l\u2019on t\u2019embrasse avec tendresse c\u00e2line pour que tout soit r\u00e9chauff\u00e9 en toi, et l\u2019amour, et la paix, et le bonheur, et la patience. Garde-toi de toute inqui\u00e9tude, comme de toute lassitude. Il faut marcher son chemin tout droit sur le sentier \u00e9troit. Nous ne sommes pas des compagnons de grande route.<\/p>\n<p style=\"text-align: justify;\">Pas de pied fragile. Pas de vertige. L\u2019ascension est longue jusqu\u2019\u00e0 l\u2019air pur.<\/p>\n<p style=\"text-align: justify;\">\u00c0 la semaine prochaine, ma fille ch\u00e9rie. Tu viendras jeudi 12 au parloir. Pr\u00e9viens-en madame m\u00e8re. Me d\u00e9verserai sur ton sourire, tous mes yeux. \u00c0 bient\u00f4t te lire. Mais je t\u2019\u00e9coute vivre, plus encore que je te lis. G. g. baisers<\/p>\n<p style=\"text-align: justify;\">J.<\/p>\n<p style=\"text-align: justify;\"><a href=\"#_ftnref1\" name=\"_ftn1\">[1]<\/a> <em>Fifi Roi<\/em> de Claude Jamet (1910-1993) publi\u00e9 en 1948. Politiquement de gauche, il penche pour les communistes en 1934 puis pour les socialistes en 1936. Sous l&rsquo;Occupation, il sera favorable \u00e0 la collaboration par pacifisme. Il publia des articles dans <em>La France socialiste<\/em>, <em>Notre Combat<\/em> et <em>R\u00e9volution nationale<\/em>. Il rejoignit la Ligue de la pens\u00e9e fran\u00e7aise de Ren\u00e9 Ch\u00e2teau. \u00c0 la Lib\u00e9ration, il fut condamn\u00e9 \u00e0 trois mois de prison, et incarc\u00e9r\u00e9 \u00e0 la prison de Fresnes, o\u00f9 il retrouva Robert Brasillach. (note de FGR)<\/p>\n","protected":false},"excerpt":{"rendered":"<p>\u00a0 Dimanche 1er f\u00e9vrier 1948 Ma petite fille silencieuse ch\u00e9rie, Je suis comme s\u0153ur Anne\u00a0: l\u2019herbe qui verdoie, le soleil qui poudroie, rien sur la route. Monsieur Marlborough c\u2019est le facteur. Est-ce que quatre \u00e9cuyers vont m\u2019apporter enfin la lettre &hellip; <a href=\"https:\/\/monperejeanmamy.fr\/?page_id=2539\">Continuer la lecture <span class=\"meta-nav\">&rarr;<\/span><\/a><\/p>\n","protected":false},"author":2,"featured_media":11,"parent":0,"menu_order":0,"comment_status":"closed","ping_status":"closed","template":"","meta":[],"folder":[],"_links":{"self":[{"href":"https:\/\/monperejeanmamy.fr\/index.php?rest_route=\/wp\/v2\/pages\/2539"}],"collection":[{"href":"https:\/\/monperejeanmamy.fr\/index.php?rest_route=\/wp\/v2\/pages"}],"about":[{"href":"https:\/\/monperejeanmamy.fr\/index.php?rest_route=\/wp\/v2\/types\/page"}],"author":[{"embeddable":true,"href":"https:\/\/monperejeanmamy.fr\/index.php?rest_route=\/wp\/v2\/users\/2"}],"replies":[{"embeddable":true,"href":"https:\/\/monperejeanmamy.fr\/index.php?rest_route=%2Fwp%2Fv2%2Fcomments&post=2539"}],"version-history":[{"count":4,"href":"https:\/\/monperejeanmamy.fr\/index.php?rest_route=\/wp\/v2\/pages\/2539\/revisions"}],"predecessor-version":[{"id":2547,"href":"https:\/\/monperejeanmamy.fr\/index.php?rest_route=\/wp\/v2\/pages\/2539\/revisions\/2547"}],"wp:featuredmedia":[{"embeddable":true,"href":"https:\/\/monperejeanmamy.fr\/index.php?rest_route=\/wp\/v2\/media\/11"}],"wp:attachment":[{"href":"https:\/\/monperejeanmamy.fr\/index.php?rest_route=%2Fwp%2Fv2%2Fmedia&parent=2539"}],"wp:term":[{"taxonomy":"folder","embeddable":true,"href":"https:\/\/monperejeanmamy.fr\/index.php?rest_route=%2Fwp%2Fv2%2Ffolder&post=2539"}],"curies":[{"name":"wp","href":"https:\/\/api.w.org\/{rel}","templated":true}]}}