{"id":2543,"date":"2021-04-28T14:20:50","date_gmt":"2021-04-28T12:20:50","guid":{"rendered":"http:\/\/monperejeanmamy.fr\/?page_id=2543"},"modified":"2024-01-22T17:59:22","modified_gmt":"2024-01-22T16:59:22","slug":"jm-a-jr-fresnes-48-02-09","status":"publish","type":"page","link":"https:\/\/monperejeanmamy.fr\/?page_id=2543","title":{"rendered":"JM \u00e0 JR (Fresnes 48\/02\/09)"},"content":{"rendered":"<p><strong>\u00a0<\/strong><a href=\"http:\/\/monperejeanmamy.fr\/?page_id=2539\"><img loading=\"lazy\" class=\"wp-image-1352 alignleft\" src=\"http:\/\/monperejeanmamy.fr\/wp-content\/uploads\/2021\/03\/Lettre-precedente.jpg\" alt=\"\" width=\"143\" height=\"78\" \/><\/a><a href=\"http:\/\/monperejeanmamy.fr\/?page_id=2549\"><img loading=\"lazy\" class=\"alignright wp-image-1353\" src=\"http:\/\/monperejeanmamy.fr\/wp-content\/uploads\/2021\/03\/Lettre-suivante.jpg\" alt=\"\" width=\"139\" height=\"76\" \/><\/a><\/p>\n<p style=\"text-align: center;\"><strong>Lundi 9<\/strong><strong> f\u00e9vrier 1948<br \/>\n<\/strong><\/p>\n<p style=\"text-align: center;\">Ma ch\u00e9rie,<\/p>\n<p style=\"text-align: justify;\">C\u2019est volontairement que je n\u2019ai pas commenc\u00e9 ma lettre hier, parce que tu ne m\u2019as pas \u00e9crit de toute la semaine, et je vais \u00e9crire tr\u00e8s gros pour en mettre\u2026 j\u2019allais dire des m\u00e9chancet\u00e9s. Comme si j\u2019\u00e9tais capable d\u2019arr\u00eater le flot quotidien qui coule vers ceux que j\u2019aime. Comme si tout \u00e0 coup j\u2019avais besoin de r\u00e9ponse pour me lancer \u00e0 fond dans le don de l\u2019in\u00e9puisable tendresse. M\u00eame si tu ne m\u2019\u00e9cris pas du tout, je t\u2019\u00e9crirai toujours, et tr\u00e8s serr\u00e9, \u00e0 menues pattes, avec d\u2019immenses douceurs entre les lignes. Moins tu m\u2019\u00e9criras, plus je t\u2019en donnerai. Voil\u00e0 ma petite f\u00e9e aux bras encombr\u00e9s de cadeaux.<\/p>\n<p style=\"text-align: justify;\">Mais je sais bien que tu es ch\u00e2tain. Pour moi tu es blonde. Il suffit d\u2019un peu de soleil, ou de tendresse, pour \u00e9claircir une chevelure qui ne demande qu\u2019\u00e0 rayonner. Et le blond est si joli quand il ne br\u00fble pas les cheveux pour les rendre comme \u00e9toupe. J\u2019ai horreur de ces poup\u00e9es qui sentent le coiffeur, comme si l\u2019on frisait au fer les fleurs des champs. IL faut le cheveu lav\u00e9, ranim\u00e9, vivifi\u00e9, p\u00e9tant de s\u00e8ve et point bouilli. Je sens encore mes doigts passer dans tes boucles. Souveraine profane\u00a0! Voil\u00e0 que parfois nous ne sommes plus moine\u00a0! Sacril\u00e8ge\u00a0! Et pourtant je ne crois pas mal faire que de t\u2019aimer.<\/p>\n<p style=\"text-align: justify;\">Nous parlions tout \u00e0 l\u2019heure entre camarades de ces romans nordiques o\u00f9 apparaissent des personnages lents et profonds, plein d\u2019une tendresse pure, mais point vive comme celle des latins. Ce sont pour la plupart de pauvres ou riches p\u00eacheurs, des paysans t\u00eatus, des citadins patients dans leur foyer b\u00e9ni qui n\u2019a jamais connu la guerre. Ils mettent des ann\u00e9es \u00e0 s\u2019\u00e9tudier, \u00e0 s\u2019\u00e9pouser, \u00e0 comprendre leur rythme commun. La sexualit\u00e9 ne joue pas pour ces gens frustres mais sinc\u00e8res. Ce qui compte c\u2019est la patience \u00e0 vivre, la t\u00e9nacit\u00e9 dans l\u2019\u00e9preuve. Je suis s\u00fbr maintenant que nous sortirons de celle-l\u00e0 \u00e0 force de dons de r\u00e9sistance int\u00e9rieure, vainquant tout par la Parole cr\u00e9atrice de d\u00e9tente et de v\u00e9rit\u00e9. D\u00e9j\u00e0 l\u2019on pense \u00e0 nous donner d\u2019autres juges que les sectaires. Je crois que l\u2019on devra aller beaucoup plus loin. Il s\u2019agit de choisir entre la r\u00e9conciliation et la guerre civile. Je doute que ce si\u00e8cle et cette France puisse supporter plus longtemps une \u00e9treinte criminelle.<\/p>\n<p style=\"text-align: justify;\">Il parait que Flandrin, Bidault et Blum ont discouru. Veux-tu bien m\u2019en reparler et me dire succinctement la teneur de leurs propos. J\u2019aimerais que tu voies beaucoup de monde pour recueillir beaucoup d\u2019avis. Que dit-on au Palais\u00a0? Et \u00e0 l\u2019aviation\u00a0? Et ailleurs\u00a0? Chez Rebut-Brid\u2019oison <a href=\"#_ftn1\" name=\"_ftnref1\">[1]<\/a>\u00a0? Il faut tout savoir pour tout pr\u00e9voir. Et chez les cocos\u00a0? Et chez Sa Majest\u00e9 Brassard <a href=\"#_ftn2\" name=\"_ftnref2\">[2]<\/a>\u00a0? Donne-lui le bonjour, c\u2019est un brave homme. Je lui raconterai un jour de bonnes histoires sur son dieu\u00a0: L.T <a href=\"#_ftn3\" name=\"_ftnref3\">[3]<\/a>. Dis-lui que je suis de plus en plus, et farouchement, monarchiste. Histoire de rire (\u00e0 propos et envie de rire\u00a0? O\u00f9 en sommes-nous\u00a0? Parlons-en. C\u2019est tr\u00e8s press\u00e9. Allons, allons\u00a0! On m\u2019oublie. J\u2019aimerai bien corriger tout \u00e7a. Et<em> Gabriella<\/em> ? Figure-toi que nous allons avoir un travail fou, jour et nuit, (La nuit pour dormir).<\/p>\n<p style=\"text-align: justify;\">Je crois d\u00e9cid\u00e9ment que nous ne jouerons pas <em>Tristan et Yseult<\/em>. On se retrouvera de c\u00f4t\u00e9-ci encore et je te raconterai des histoires, m\u00eame qui ne t\u2019int\u00e9ressent pas.<\/p>\n<p style=\"text-align: justify;\">J\u2019ai beaucoup lu et travaill\u00e9 cette semaine. Travaux arides. Lectures historiques. On ne s\u2019int\u00e9resse plus aux romans. Si tu vois Phil. dis-lui que j\u2019ai des projets formidables pour lui. On en reparlera \u00e0 la sortie. Tu comptes les jours toi\u00a0? Moi, pas le temps. Pas d\u2019importance. Nous sommes toujours aussi jeunes. Pas chang\u00e9s d\u2019un poil.<\/p>\n<p style=\"text-align: justify;\">Merci pour les jacinthes. Merveilleux. Magnifique. Suis ravi. Mis en pots. Dans terre noire. Gros terreau plein de s\u00e8ve. Pousseront vite. D\u00e8s que fleurs s\u2019ouvriront, pousserai cris de joie hurlante. Suis amoureux fou des fleurs. Tant pis pour toi.<\/p>\n<p style=\"text-align: justify;\">Ai aussi envie d\u2019un chat. Pas possible ici. Mais me rattraperai. Me suis occup\u00e9 pendant quelque temps d\u2019une araign\u00e9e (sans jeu de mots, la mienne\u2026 celle qu\u2019on m\u2019attribue au plafond \u00e9tant exclue). Colis parfait. Plus que parfait. Un peu de sel SVP. Il est tout \u00e0 fait blanc maintenant. Tant pis. Combien te reste-t-il de manuscrits de chaque sorte\u00a0? Deux j\u2019esp\u00e8re, sauf pour les B. d\u2019or o\u00f9 il ne doit t\u2019en rester qu\u2019un, l\u2019autre \u00e9tant dans le dossier de Flo. Au fond, je me demande ce qu\u2019il y fait maintenant. Veux-tu bien, \u00e0 l\u2019occasion, passer le voir et le r\u00e9cup\u00e9rer. Cela te donnera aussi peut-\u00eatre l\u2019id\u00e9e de penser \u00e0 engager des pourparlers pour le futur. Connais-tu quelqu\u2019un en Suisse qui puisse s\u2019en occuper\u00a0? Pas ton cousin. Pas du tout la personne qu\u2019il faut. Mais peut-\u00eatre, \u00e0 l\u2019occasion.<\/p>\n<h1 style=\"text-align: justify;\"><u>19h<\/u>.<\/h1>\n<p style=\"text-align: justify;\">Me voici enferm\u00e9 depuis quelques minutes et sous la lampe, apr\u00e8s le repas, on regarde jouer la lumi\u00e8re sur les an\u00e9mones et les \u0153illets des semaines derni\u00e8res. Au loin le bruit du m\u00e9tro, tr\u00e8s insistant depuis deux jours que le vent souffle contre la prison. Les derniers ragots de la journ\u00e9e cr\u00e9ent une sorte d\u2019espoir, de mirage permanent devant nous qui attendons toujours le prochain mois, la prochaine quinzaine pour voir tourner la roue jusqu\u2019au point o\u00f9 la terreur d\u2019aujourd\u2019hui atteindra son thermidor.\u00a0 Tous les camarades sont joyeux de la moindre petite chose : une lettre re\u00e7ue, un discours o\u00f9 l\u2019on lit entre les lignes, les encouragements de quelques facteurs ou pr\u00eatres qui font prendre patience. Il y en a qui r\u00eavent encore de la bonne foi ou de la g\u00e9n\u00e9rosit\u00e9 d\u2019adversaires, d\u2019autres qui g\u00e9missent de leurs condamnations, qui maudissent leurs juges, d\u2019autres qui, d\u00e9pouill\u00e9s de tout, attendent, vautr\u00e9s sur leurs paillasses humides, un printemps meilleur.<\/p>\n<p style=\"text-align: justify;\">J\u2019ai bu le caf\u00e9 saccharin\u00e9. La vaisselle traine dans son coin jusqu\u2019\u00e0 tout \u00e0 l\u2019heure o\u00f9 je prendrai de fermes r\u00e9solutions, sans peut-\u00eatre les tenir (g\u00e9n\u00e9ralement les gros travaux se font le matin). J\u2019ai ce soir encore plusieurs centaines de pages de documents \u00e0 d\u00e9pouiller, plus ma r\u00e9ussite habituelle, la plus compliqu\u00e9e qui soit, avec 104 cartes), peut-\u00eatre un\u00a0 po\u00e8me. Il y a tr\u00e8s longtemps que je n\u2019ai d\u00e9croch\u00e9 ma lyre, et puis nous irons nous enfermer dans la peau de mouton en r\u00eavant \u00e0 des cieux bien sages, \u00e0 des anges d\u2019une bont\u00e9 totale, \u00e0 des z\u00e9phyrins joufflus comme Fr\u00e9d\u00e9ric, \u00e0 des petites filles dont le c\u0153ur bat trop fort et qu\u2019il faut gronder parce qu\u2019elles comptent les jours et r\u00eavent trop.<\/p>\n<p style=\"text-align: justify;\">Il ne faut pas plus de trente secondes pour nous endormir, nous autres, tant nous avons peu de soucis. Le matin \u00e0 7 heures, une clef tourne dans la serrure. Il fait encore nuit. Malgr\u00e9 la lumi\u00e8re allum\u00e9e je prolongerai le sommeil jusqu\u2019au jour. Le caf\u00e9 servi depuis longtemps est gard\u00e9 pour le soir. Je me pr\u00e9cipite sur le pain et les rillettes et sur la farine lact\u00e9e. Et ce sera encore une fois une journ\u00e9e de prison\u00a0: lecture de bible, m\u00e9nage, travaux d\u2019aum\u00f4nerie, bouquins, visites nombreuses, bavardages, nouvelles. Demain jour de parloir, heureusement, on me boucle d\u00e8s 13 heures, ce qui fait que je peux travailler tranquille.<\/p>\n<p style=\"text-align: justify;\">Je compte sur toi jeudi, petite fille. Satisfaite\u00a0? Si quelquefois il y a contrordre, arrange-toi avec ma m\u00e8re pour le jeudi suivant. Mais j\u2019aime autant celui-ci. Viens avec tous tes yeux. On t\u2019embrasse comme on peut, avec cette tendresse qui ignore les obstacles. Nous arriverons bien \u00e0 r\u00e9aliser pleinement notre accord. Gros, gros b.<\/p>\n<p style=\"text-align: justify;\">J.<\/p>\n<p style=\"text-align: justify;\"><a href=\"#_ftnref1\" name=\"_ftn1\">[1]<\/a> Brid&rsquo;oison : personnage sot et stupide (note de FGR)<br \/>\n<a href=\"#_ftnref2\" name=\"_ftn2\">[2]<\/a> Mon parrain, Georges Brassard, militant SFIO (Note FGR))<br \/>\n<a href=\"#_ftnref3\" name=\"_ftn3\">[3]<\/a> L.T. : Andr\u00e9 Le Troquer (1884-1963). \u00c9lu d\u00e9put\u00e9 de Paris en 1936, il si\u00e8ge \u00e0 l&rsquo;Assembl\u00e9e nationale de 1945 \u00e0 1958 (pr\u00e9sident de l&rsquo;Assembl\u00e9e nationale de 1954 \u00e0 1955, puis de 1956 \u00e0 1958). Il se prononce en juin 1940 contre la demande d&rsquo;armistice et s&#8217;embarque le 20 juin 1940 \u00e0 Bordeaux avec d&rsquo;autres parlementaires sur le paquebot Massilia \u00e0 destination de l&rsquo;Afrique du Nord pour continuer la lutte, et arrive \u00e0 Casablanca le 24 juin, deux jours apr\u00e8s la signature de l&rsquo;Armistice du 22 juin 1940. En 1942, avec F\u00e9lix Gouin, il d\u00e9fend L\u00e9on Blum lors du proc\u00e8s de Riom. Il si\u00e8ge \u00e0 l&rsquo;Assembl\u00e9e consultative d&rsquo;Alger avant d&rsquo;\u00eatre nomm\u00e9 commissaire \u00e0 la Guerre et \u00e0 l&rsquo;Air puis commissaire d\u00e9l\u00e9gu\u00e9 \u00e0 l&rsquo;administration des territoires m\u00e9tropolitains lib\u00e9r\u00e9s. Il est aux c\u00f4t\u00e9s du G\u00e9n\u00e9ral de Gaulle \u00e0 la lib\u00e9ration de Paris et descend \u00e0 ses c\u00f4t\u00e9s les Champs-\u00c9lys\u00e9es en ao\u00fbt 1944. Au printemps 1945, avant m\u00eame l&rsquo;ouverture du proc\u00e8s du Mar\u00e9chal P\u00e9tain (le 23 juillet 1945), il sugg\u00e8re que la condamnation \u00e0 mort soit suivie d&rsquo;une c\u00e9r\u00e9monie solennelle \u00e0 l&rsquo;Arc de Triomphe au cours de laquelle un simple troupier d\u00e9graderait le Mar\u00e9chal et briserait son b\u00e2ton.<\/p>\n","protected":false},"excerpt":{"rendered":"<p>\u00a0 Lundi 9 f\u00e9vrier 1948 Ma ch\u00e9rie, C\u2019est volontairement que je n\u2019ai pas commenc\u00e9 ma lettre hier, parce que tu ne m\u2019as pas \u00e9crit de toute la semaine, et je vais \u00e9crire tr\u00e8s gros pour en mettre\u2026 j\u2019allais dire des &hellip; <a href=\"https:\/\/monperejeanmamy.fr\/?page_id=2543\">Continuer la lecture <span class=\"meta-nav\">&rarr;<\/span><\/a><\/p>\n","protected":false},"author":2,"featured_media":11,"parent":0,"menu_order":0,"comment_status":"closed","ping_status":"closed","template":"","meta":[],"folder":[],"_links":{"self":[{"href":"https:\/\/monperejeanmamy.fr\/index.php?rest_route=\/wp\/v2\/pages\/2543"}],"collection":[{"href":"https:\/\/monperejeanmamy.fr\/index.php?rest_route=\/wp\/v2\/pages"}],"about":[{"href":"https:\/\/monperejeanmamy.fr\/index.php?rest_route=\/wp\/v2\/types\/page"}],"author":[{"embeddable":true,"href":"https:\/\/monperejeanmamy.fr\/index.php?rest_route=\/wp\/v2\/users\/2"}],"replies":[{"embeddable":true,"href":"https:\/\/monperejeanmamy.fr\/index.php?rest_route=%2Fwp%2Fv2%2Fcomments&post=2543"}],"version-history":[{"count":4,"href":"https:\/\/monperejeanmamy.fr\/index.php?rest_route=\/wp\/v2\/pages\/2543\/revisions"}],"predecessor-version":[{"id":3264,"href":"https:\/\/monperejeanmamy.fr\/index.php?rest_route=\/wp\/v2\/pages\/2543\/revisions\/3264"}],"wp:featuredmedia":[{"embeddable":true,"href":"https:\/\/monperejeanmamy.fr\/index.php?rest_route=\/wp\/v2\/media\/11"}],"wp:attachment":[{"href":"https:\/\/monperejeanmamy.fr\/index.php?rest_route=%2Fwp%2Fv2%2Fmedia&parent=2543"}],"wp:term":[{"taxonomy":"folder","embeddable":true,"href":"https:\/\/monperejeanmamy.fr\/index.php?rest_route=%2Fwp%2Fv2%2Ffolder&post=2543"}],"curies":[{"name":"wp","href":"https:\/\/api.w.org\/{rel}","templated":true}]}}