{"id":2549,"date":"2021-04-28T18:50:24","date_gmt":"2021-04-28T16:50:24","guid":{"rendered":"http:\/\/monperejeanmamy.fr\/?page_id=2549"},"modified":"2024-01-22T18:05:26","modified_gmt":"2024-01-22T17:05:26","slug":"jm-a-jr-fresnes-48-02-15","status":"publish","type":"page","link":"https:\/\/monperejeanmamy.fr\/?page_id=2549","title":{"rendered":"JM \u00e0 JR (Fresnes 48\/02\/15)"},"content":{"rendered":"<p><strong>\u00a0<\/strong><a href=\"http:\/\/monperejeanmamy.fr\/?page_id=2543\"><img loading=\"lazy\" class=\"wp-image-1352 alignleft\" src=\"http:\/\/monperejeanmamy.fr\/wp-content\/uploads\/2021\/03\/Lettre-precedente.jpg\" alt=\"\" width=\"143\" height=\"78\" \/><\/a><a href=\"http:\/\/monperejeanmamy.fr\/?page_id=2554\"><img loading=\"lazy\" class=\"alignright wp-image-1353\" src=\"http:\/\/monperejeanmamy.fr\/wp-content\/uploads\/2021\/03\/Lettre-suivante.jpg\" alt=\"\" width=\"139\" height=\"76\" \/><\/a><\/p>\n<p style=\"text-align: center;\"><strong>Dimanche 15<\/strong><strong> f\u00e9vrier 1948<br \/>\n<\/strong><\/p>\n<p style=\"text-align: center;\">Ma petite fille ch\u00e9rie,<\/p>\n<p style=\"text-align: justify;\">Je t\u2019esp\u00e9rais jeudi. Et je reconnais qu\u2019il valait mieux que ce jour-l\u00e0 je m\u2019occupe de ma m\u00e8re, bien d\u00e9sorient\u00e9e, et qu\u2019il fallait remettre dans la bonne voie de la s\u00e9r\u00e9nit\u00e9. Elle a de temps \u00e0 autre des d\u00e9faillances qui proviennent de suggestions mystiques. Sa vie n\u2019a pas \u00e9t\u00e9 des plus heureuses. Peut-\u00eatre n\u2019a-t-elle pas eu tout l\u2019\u00e9lan qu\u2019il fallait pour la construire. Elle s\u2019est enferm\u00e9e dans un d\u00e9pit cons\u00e9cutif \u00e0 un mauvais mariage et n\u2019a pas retrouv\u00e9 le compagnon qu\u2019il lui aurait fallu. Et puis, c\u2019est une femme sans ambition, timide et craintive au fond, vivant de peu et ne cherchant pas \u00e0 \u00e9tendre sa vie au-del\u00e0 des limites apprises dans le jeune \u00e2ge. La plupart des femmes sont ainsi. Leur domaine est de sentiment et ne va gu\u00e8re au-del\u00e0 de l\u2019\u00e9ducation des enfants ou des probl\u00e8mes vitaux les plus humbles. Il est exceptionnel d\u2019en trouver qui soient d\u2019une p\u00e2te plus dure. Toutefois, j\u2019aurais aim\u00e9 ma m\u00e8re plus d\u00e9brouillarde, commer\u00e7ante, capable de mieux g\u00e9rer ses int\u00e9r\u00eats. Trop de d\u00e9vouement sans autorit\u00e9 r\u00e9duit la personne \u00e0 une condition inf\u00e9rieure. Tout le monde s\u2019en sert et la pi\u00e9tine. \u00c0 la suite de quoi on souffre (c\u2019est bien la merveilleuses personne que j\u2019aie jamais rencontr\u00e9e). Elle est toutefois d\u2019un abord difficile et je ne saurai trop te conseiller la prudence. Tr\u00e8s sensible \u00e0 toutes les amabilit\u00e9s.<\/p>\n<p style=\"text-align: justify;\">Bien re\u00e7u toutes tes bonnes lettres il y a quelques jours. Les jacinthes prosp\u00e8rent. Je les trempe d\u2019eau. Elles sont nourries \u00e0 souhait. Les an\u00e9mones d\u2019il y a quinze jours durent encore sur la table.<\/p>\n<p style=\"text-align: justify;\">J\u2019ai vu longuement le pasteur aujourd\u2019hui. Il va habiter Saint Germain d\u00e8s mercredi. C\u2019est bien loin. J\u2019esp\u00e8re qu\u2019il aura le t\u00e9l\u00e9phone pour que tu puisses le tenir au courant de tes d\u00e9marches. Je lui ai dit souvent tout le bien que je pensais de toi. Nous avons parl\u00e9 aujourd\u2019hui, \u00e0 propos du mariage r\u00e9cent d\u2019un de mes camarades, des qualit\u00e9s morales qui sont n\u00e9cessaires pour un m\u00e9nage harmonieux, et surtout de l\u2019obligation absolue de la spiritualit\u00e9 de l\u2019union, sinon ce n\u2019est qu\u2019un assemblage animal. Comme sur ce point j\u2019estime avoir des id\u00e9es encore plus avanc\u00e9es que celles pr\u00e9conis\u00e9es par l\u2019\u00c9glise protestante et qui sont toutes contenues dans un certain livre qui est ma nourriture quotidienne, j\u2019ai \u00e9t\u00e9 en mesure de le r\u00e9conforter lui-m\u00eame \u2013 qui en avait besoin.<\/p>\n<p style=\"text-align: justify;\">Depuis quelque temps je me sens progresser beaucoup dans cette voie. La prison encourage \u00e0 la m\u00e9ditation vers les hautes sph\u00e8res. \u00c0 l\u2019encontre des habituels clients de ces maisons qui sortent d\u2019ici g\u00e9n\u00e9ralement plus vicieux qu\u2019en y entrant, nous en sortirons vraisemblablement purifi\u00e9s de beaucoup de choses. L\u2019optique n\u2019est plus la m\u00eame qu\u2019avant. Nous concevons la vie non plus selon les plaisirs, ou m\u00eame la routine de la chair, mais selon un mode de pens\u00e9e harmonieux qui d\u00e9daigne d\u00e9sormais toutes les constructions humaines. Pour moi, je sais que je suis un homme fort diff\u00e9rent d\u2019il y a trois ans, et peu capable de retourner en arri\u00e8re. Il me semble avoir r\u00eav\u00e9 des choses faciles, \u00e0 oublier tr\u00e8s vite, puis des choses joyeuses, ou banales, \u00e0 oublier de m\u00eame, puis des violences, \u00e0 oublier surtout, et \u00e0 contredire. Toute cette existence heurt\u00e9e, chaotique, sensuelle, douloureuse, soumise \u00e0 des n\u00e9cessit\u00e9s contradictoires, me semble stupide. J\u2019ai trouv\u00e9 ici le bonheur. Non point dans les lieux m\u00eames, mais dans la r\u00e9flexion de l\u2019esprit.<\/p>\n<p style=\"text-align: justify;\">Voil\u00e0 petite amie, fille ch\u00e9rie, ce qu\u2019il faut te dire ce soir, avec un bonsoir bien doux, des gestes bien tranquilles, comme on cause au coin du feu d\u2019une vie qui commence \u00e0 \u00eatre \u00e9ternelle parce qu\u2019on la sent d\u00e9tach\u00e9e de tout et surtout du faux \u00eatre qui pr\u00e9tend \u00eatre un homme et qui n\u2019est qu\u2019un fant\u00f4me imposteur. Je t\u2019embrasse. Beaucoup mieux. Je pense \u00e0 toi comme \u00e0 une chose pr\u00e9cieuse. Les diamants sont toujours entour\u00e9s d\u2019une gangue dont il faut les d\u00e9pouiller. Je te d\u00e9pouille de tout le n\u00e9ant.<\/p>\n<p style=\"text-align: justify;\">Il parait, d\u2019apr\u00e8s tous les camarades sortis que la vie du dehors est tr\u00e8s d\u00e9cevante. On ne retrouve plus rien du pays qu\u2019on connaissait. Est-ce que je te reconnaitrai\u00a0? J\u2019ai besoin d\u2019une sainte \u00e0 c\u00f4t\u00e9 de moi, non pour me supporter, mais pour courir plus vite. Est-ce que tu as r\u00e9fl\u00e9chi \u00e0 ce que je t\u2019ai demand\u00e9 il y a quelque temps\u00a0?<\/p>\n<h1 style=\"text-align: justify;\"><u>Lundi 20h<\/u>.<\/h1>\n<p style=\"text-align: justify;\">J\u2019ai, pour t\u2019\u00e9crire, le nez dans les marguerites. Comment s\u2019appellent les petites fleurs rouges\u00a0? J\u2019esp\u00e8re que les marguerites tiendront aussi longtemps que les derni\u00e8res. En voil\u00e0 pour quinze jours au moins \u00e0 effeuiller la plus belle pour savoir si m\u2019aime ma Dulcin\u00e9e. Un peu\u00a0? Beaucoup\u00a0? Passionn\u00e9ment\u00a0? \u00c9ternellement\u00a0? Immod\u00e9r\u00e9ment\u00a0? Purement\u00a0? Conjointement\u00a0? Formidablement\u00a0? Tendrement\u00a0? Ponctuellement\u00a0? Spirituellement\u00a0? Ah\u00a0! Voil\u00e0 le hic. Nous y touchons. Nous voyons le but. Nous atteignons la hauteur qu\u2019il faut. D\u00eetes-moi, marguerite, cherche-t-elle un Faust mis\u00e9rable ou un ange radieux\u00a0? Un mari de puissance charnelle ou un compagnon \u00e9th\u00e9r\u00e9\u00a0? O\u00f9 se portent ses regards\u00a0? O\u00f9 tendent ses d\u00e9sirs\u00a0? \u00c0 quoi se consacre-t-elle\u00a0? \u00c0 ses volont\u00e9s ou \u00e0 celles d\u2019en haut\u00a0? Les marguerites se laissent d\u00e9pouiller et me r\u00e9pondent par\u00a0: passionn\u00e9ment, \u00e0 la folie, pas du tout (c&rsquo;est-\u00e0-dire \u00e0 la folie ou un peu). Quelle ti\u00e9deur\u00a0! Froide ou bouillante, il me la faut. Quel silence\u00a0! Il me faudrait des lettres de feu, de glace, d\u2019espace, d\u2019\u00e9ternit\u00e9. Que son c\u0153ur \u00e9clate en mille \u00e9toiles. Qui sait\u00a0? Attendons les nuits d\u2019\u00e9t\u00e9. Il se peu que le ciel nous couvre de baisers infinis, que le c\u0153ur des petites filles se r\u00e9v\u00e8le tout entier dans une puret\u00e9 si grande qu\u2019on s\u2019y lancera sans frein.<\/p>\n<p style=\"text-align: justify;\">Colis parfait. \u00ab\u00a0\u2018turellement\u00a0\u00bb. Merci. Mille et mille fois. Avis\u00a0! pas de bougie la semaine prochaine. Sel tr\u00e8s bien. Tapioca itou. Avis\u00a0: 1 paquet flocons d\u2019avoine, SVP. Tout le reste absolument magnifique. Mille et mille mercis. \u00ab\u00a0\u2018turellement\u00a0\u00bb. Avis\u00a0: mille baisers. Et mille, mille fois mille.<\/p>\n<p style=\"text-align: justify;\">Ai quasiment fini bouquin Philibert. Quand rentre ce jeune homme\u00a0? Que dit-il\u00a0? Et l\u2019aviation\u00a0? Et partout\u00a0? Il semble qu\u2019on se pr\u00e9occupe vraiment de supprimer les Cours, ou d\u2019amnistier. Tant d\u2019articles, de lettres publiques (pasteur Boegner <a href=\"#_ftn1\" name=\"_ftnref1\">[1]<\/a>, apr\u00e8s \u00e9v\u00eaques), de confr\u00e9ries. Est-ce que les gens en place vont finir par c\u00e9der ou bien faudra-t-il une r\u00e9volution pour remettre les choses en place\u00a0? C&rsquo;est-\u00e0-dire d\u2019autres gens, plus accessibles \u00e0 des id\u00e9es humanitaires.<\/p>\n<p style=\"text-align: justify;\">Je t\u2019embrasse parce que je vais commencer \u00e0 d\u00e9voiler des digressions politiques que tu connais et qu\u2019il vaut mieux que je me livre \u00e0 de douces am\u00e9nit\u00e9s (le mot douce \u00e9tant mis ici pour multiplier la douceur si possible). Et l\u2019on fait partager au Fr\u00e9d\u00e9ric tout le flot aimable. Que veux-tu de plus\u00a0? La lune\u00a0? Elle aussi r\u00e9pand sur la terre une profonde paix. Gros baisers sous la lune, mais mon soleil est bien plus fort pour te r\u00e9chauffer. Bonsoir. Tr\u00e8s bonne nuit.<\/p>\n<p style=\"text-align: justify;\">J.<\/p>\n<p style=\"text-align: justify;\"><a href=\"#_ftnref1\" name=\"_ftn1\">[1]<\/a> Marc Boegner (1881-1970) est un pasteur et th\u00e9ologien protestant, responsable d&rsquo;\u00c9glise et essayiste fran\u00e7ais. En 1943, il condamne l&rsquo;envoi forc\u00e9 des travailleurs en Allemagne au titre du STO. Son action en faveur des Juifs durant la guerre fait qu&rsquo;il est d\u00e9sign\u00e9 Juste parmi les nations en 1988. Ayant rencontr\u00e9 \u00e0 six reprises, dans le cadre de ses fonctions, le mar\u00e9chal P\u00e9tain, il fut d\u00e9cor\u00e9 de l&rsquo;Ordre de la Francisque et nomm\u00e9 membre du Conseil national de Vichy. Il s&rsquo;attacha, lors de sa d\u00e9position au proc\u00e8s de P\u00e9tain, le 30 juillet 1945, \u00e0 t\u00e9moigner des bonnes intentions et de la bonne volont\u00e9 manifest\u00e9es par celui-ci. Apr\u00e8s la guerre, il continue son combat pour l&rsquo;unit\u00e9 en participant au mouvement \u0153cum\u00e9nique. (note de FGR)<\/p>\n<p>&nbsp;<\/p>\n","protected":false},"excerpt":{"rendered":"<p>\u00a0 Dimanche 15 f\u00e9vrier 1948 Ma petite fille ch\u00e9rie, Je t\u2019esp\u00e9rais jeudi. Et je reconnais qu\u2019il valait mieux que ce jour-l\u00e0 je m\u2019occupe de ma m\u00e8re, bien d\u00e9sorient\u00e9e, et qu\u2019il fallait remettre dans la bonne voie de la s\u00e9r\u00e9nit\u00e9. Elle &hellip; <a href=\"https:\/\/monperejeanmamy.fr\/?page_id=2549\">Continuer la lecture <span class=\"meta-nav\">&rarr;<\/span><\/a><\/p>\n","protected":false},"author":2,"featured_media":11,"parent":0,"menu_order":0,"comment_status":"closed","ping_status":"closed","template":"","meta":[],"folder":[],"_links":{"self":[{"href":"https:\/\/monperejeanmamy.fr\/index.php?rest_route=\/wp\/v2\/pages\/2549"}],"collection":[{"href":"https:\/\/monperejeanmamy.fr\/index.php?rest_route=\/wp\/v2\/pages"}],"about":[{"href":"https:\/\/monperejeanmamy.fr\/index.php?rest_route=\/wp\/v2\/types\/page"}],"author":[{"embeddable":true,"href":"https:\/\/monperejeanmamy.fr\/index.php?rest_route=\/wp\/v2\/users\/2"}],"replies":[{"embeddable":true,"href":"https:\/\/monperejeanmamy.fr\/index.php?rest_route=%2Fwp%2Fv2%2Fcomments&post=2549"}],"version-history":[{"count":4,"href":"https:\/\/monperejeanmamy.fr\/index.php?rest_route=\/wp\/v2\/pages\/2549\/revisions"}],"predecessor-version":[{"id":3265,"href":"https:\/\/monperejeanmamy.fr\/index.php?rest_route=\/wp\/v2\/pages\/2549\/revisions\/3265"}],"wp:featuredmedia":[{"embeddable":true,"href":"https:\/\/monperejeanmamy.fr\/index.php?rest_route=\/wp\/v2\/media\/11"}],"wp:attachment":[{"href":"https:\/\/monperejeanmamy.fr\/index.php?rest_route=%2Fwp%2Fv2%2Fmedia&parent=2549"}],"wp:term":[{"taxonomy":"folder","embeddable":true,"href":"https:\/\/monperejeanmamy.fr\/index.php?rest_route=%2Fwp%2Fv2%2Ffolder&post=2549"}],"curies":[{"name":"wp","href":"https:\/\/api.w.org\/{rel}","templated":true}]}}