{"id":2559,"date":"2021-04-28T19:25:37","date_gmt":"2021-04-28T17:25:37","guid":{"rendered":"http:\/\/monperejeanmamy.fr\/?page_id=2559"},"modified":"2024-01-22T18:12:50","modified_gmt":"2024-01-22T17:12:50","slug":"jm-a-jr-fresnes-48-03-01","status":"publish","type":"page","link":"https:\/\/monperejeanmamy.fr\/?page_id=2559","title":{"rendered":"JM \u00e0 JR (Fresnes 48\/03\/01)"},"content":{"rendered":"<p><strong>\u00a0<\/strong><a href=\"http:\/\/monperejeanmamy.fr\/?page_id=2554\"><img loading=\"lazy\" class=\"wp-image-1352 alignleft\" src=\"http:\/\/monperejeanmamy.fr\/wp-content\/uploads\/2021\/03\/Lettre-precedente.jpg\" alt=\"\" width=\"143\" height=\"78\" \/><\/a><a href=\"http:\/\/monperejeanmamy.fr\/?page_id=2563\"><img loading=\"lazy\" class=\"alignright wp-image-1353\" src=\"http:\/\/monperejeanmamy.fr\/wp-content\/uploads\/2021\/03\/Lettre-suivante.jpg\" alt=\"\" width=\"139\" height=\"76\" \/><\/a><\/p>\n<p style=\"text-align: center;\"><strong>Lundi <\/strong>1<sup>er<\/sup><strong> mars<\/strong><strong> 1948<br \/>\n<\/strong><\/p>\n<p style=\"text-align: center;\">Petite fille ch\u00e9rie,<\/p>\n<p style=\"text-align: justify;\">Bon parloir, hein, nous deux\u00a0? Substantiel, pas vrai\u00a0? Et puis net. Pas de circonvolutions. Dit bien ce qu\u2019il veut dire. Oui, oui. Non, non. Comme \u00e7a tout le monde est d\u2019accord sur le sentier \u00e0 prendre. On sait o\u00f9 l\u2019on va. Tu \u00e9tais tr\u00e8s gentille. Tu es toujours tr\u00e8s gentille. Tr\u00e8s ob\u00e9issante. Tu es toujours\u2026 tr\u00e8s jolie, tr\u00e8s simple, tr\u00e8s amour.<\/p>\n<p style=\"text-align: justify;\">Vu Flo. hier. M\u2019a expliqu\u00e9 l\u2019histoire. Amusant. Enfantin. Renseigne-toi sur la liste des noms et fais-la moi parvenir. Que je sache qui est convoqu\u00e9. Voila. Des b\u00eatises. Tout va fort bien puisque cela sert utilement. Suis tr\u00e8s content.<\/p>\n<p style=\"text-align: justify;\">Re\u00e7u bon gros colis. Parfait. Pour prochain 1\u00b0\/ Pas de bougie 2\u00b0\/ C\u2019est tout. Baisers (je mets ce mot, non pour finir, mais pour ponctuer Sais-tu bien qu\u2019il faut ainsi clore toute phrase. La vie comporte tant d\u2019amour qu\u2019on vit dans la tendresse chaude. Elle est revenue la douceur printani\u00e8re. Ce soir ma fen\u00eatre est ouverte et la jacinthe rose resplendit contre le ciel noir barrel\u00e9 d\u2019acier. L\u2019autre, encore timide, a attendu pour grandir la cl\u00e9mence du temps. Tes an\u00e9mones ont d\u00e9j\u00e0 repris toute vigueur).<\/p>\n<p style=\"text-align: justify;\">De quoi parlerons-nous ce soir\u00a0? De l\u2019avenir\u00a0? Il n\u2019y en n\u2019a pas. Tout est pr\u00e9sent. Dans l\u2019infini pas de murs, pas de prison, pas de s\u00e9paration. Je suis si pr\u00e8s de ta tempe que j\u2019en vois se gonfler toutes les petites veines intimes et je sais bien ce qui r\u00e9jouit le c\u0153ur si haut d\u2019une Jeannette toute d\u00e9pouill\u00e9e de ses timides angoisses. C\u2019est la vie large, le grand large o\u00f9 s\u2019\u00e9panouit la toute puissance s\u2019un esprit qui n\u2019est limit\u00e9 par rien. A distance, ne co\u00efncide-t-on pas avec la musique qui est latente. Pourquoi ne pas co\u00efncider avec l\u2019amour\u00a0? Il souffle o\u00f9 il veut, \u00e0 Fresnes comme \u00e0 la gare de Lyon et ne saurait s\u2019\u00e9mouvoir d\u2019une fen\u00eatre ferm\u00e9e ou de la moue d\u2019une jeune femme trop dubitative. On n\u2019a pas le droit de nier l\u2019\u00e9vidence si sensible d\u2019un bonheur supra-humain. Est-ce que tu sens que je t\u2019embrasse\u00a0? Il faut.<\/p>\n<p style=\"text-align: justify;\">Je vais \u00e0 la fin de cette semaine f\u00eater mes trois ans de Fresnes. Qui l\u2019aurait dit ? Et pas encore jug\u00e9. Jamais pareille supposition n\u2019aurait pu effleurer notre na\u00eff entendement. Et pourtant voil\u00e0. Les choses sont si bizarres.<\/p>\n<p style=\"text-align: justify;\">As-tu lu un roman de Chamisso\u00a0: <em>L\u2019homme qui a perdu son ombre <a href=\"#_ftn1\" name=\"_ftnref1\"><strong>[1]<\/strong><\/a>\u00a0<\/em>(<em>l\u2019aventure de Schlemihl)\u00a0<\/em>? Et bien, il y a des hommes qui perdent ainsi leur douleur et jusqu\u2019\u00e0 l\u2019id\u00e9e de ce qui est le support de la douleur\u00a0: la chair. Alors, ils connaissent la f\u00e9licit\u00e9. Car leur joie est sans bornes. C\u2019est ce qui nous attend tous. Pas difficile. Il ne s\u2019agit que de grimper pour \u00e9chapper aux miasmes de la vall\u00e9e. Un peu d\u2019attention, un pied solide, pas de vertige, mettre ses doigts sur les prises, bien accroch\u00e9s, se hisser sans secousses et on arrive au grand sommet o\u00f9 fouette le vent.<\/p>\n<p style=\"text-align: justify;\">Je me suis plong\u00e9 avec joie dans le bouquin de Giraud. Plus qu\u2019utile. Indispensable. C\u2019est m\u00eame la raison pour laquelle je n\u2019ai pas commenc\u00e9 cette lettre hier, et pourquoi je pense encore devoir travailler au moins deux bonnes heures ce soir. Dis-moi si le livre a du succ\u00e8s au dehors\u00a0? Veux-tu bien surveiller tout sp\u00e9cialement les \u00e9v\u00e8nements de Gr\u00e8ce, de Finlande, les d\u00e9cisions du congr\u00e8s am\u00e9ricain et les pronostics sur le RPF. Tout cela devient d\u2019actualit\u00e9 br\u00fblante. Nous en venons \u00e0 la crise. Je vais bient\u00f4t tenir ma promesse de No\u00ebl. Tant crie-t-on No\u00ebl qui vient.<\/p>\n<h1 style=\"text-align: justify;\"><u>23h<\/u>.<\/h1>\n<p style=\"text-align: justify;\">Est-ce que tu m\u2019en voudras beaucoup pour une fois si t\u2019avouant que, tombant de sommeil, je vais me rouler dans une peau de mouton o\u00f9 ma pens\u00e9e te rejoindra plus vite que jamais. Les r\u00eaves sont souvent des bouff\u00e9es d\u2019air qui vous induisent \u00e0 une r\u00e9alit\u00e9 plus parfaite. Et l\u2019on n\u2019est jamais si pr\u00e8s de l\u2019amour que dans le repos.<\/p>\n<p style=\"text-align: justify;\">Tes an\u00e9mones s\u2019ouvrent d\u2019heure en heure. Bonne id\u00e9e que le feuillage dans quoi elles sont tapies.<\/p>\n<p style=\"text-align: justify;\">Il y a trois jours, j\u2019ai affirm\u00e9 par \u00e9crit \u00e0 une certaine personne une d\u00e9cision qui doit te rassurer. La situation se trouve clarifi\u00e9e. Tu vois qu\u2019on t\u2019ob\u00e9it\u2026 quand tu dis des choses raisonnables.<\/p>\n<p style=\"text-align: justify;\">Embrasse le Fr\u00e9d\u00e9ric. Il est le plus beau du monde. Et moi aussi je t\u2019embrasse comme la plus belle. Je n\u2019ai pas fini de te louer. On d\u00e9couvre tes qualit\u00e9s comme un paysage qu\u2019on d\u00e9roule en prenant de la hauteur. Tant de recoins. Tant de sources fra\u00eeches.<\/p>\n<p style=\"text-align: justify;\">Bonsoir. Gros bonsoir. Tu es toute lumi\u00e8re comme un ciel bleu que je ne l\u00e2cherai jamais.<\/p>\n<p style=\"text-align: justify;\">J.<\/p>\n<p style=\"text-align: justify;\"><a href=\"#_ftnref1\" name=\"_ftn1\">[1]<\/a> <em>L&rsquo;\u00e9trange histoire de Peter Schlemihl <\/em>ou<em> l\u2019homme qui a vendu son ombre <\/em>est un r\u00e9cit fantastique \u00e9crit par l\u2019\u00e9crivain et botaniste allemand Adelbert von Chamisso durant l\u2019\u00e9t\u00e9 1813. La premi\u00e8re \u00e9dition fran\u00e7aise de ce court roman parut en 1822, dans une traduction de Hippolyte de Chamisso (note de FGR)<\/p>\n","protected":false},"excerpt":{"rendered":"<p>\u00a0 Lundi 1er mars 1948 Petite fille ch\u00e9rie, Bon parloir, hein, nous deux\u00a0? Substantiel, pas vrai\u00a0? Et puis net. Pas de circonvolutions. Dit bien ce qu\u2019il veut dire. Oui, oui. Non, non. Comme \u00e7a tout le monde est d\u2019accord sur &hellip; <a href=\"https:\/\/monperejeanmamy.fr\/?page_id=2559\">Continuer la lecture <span class=\"meta-nav\">&rarr;<\/span><\/a><\/p>\n","protected":false},"author":2,"featured_media":11,"parent":0,"menu_order":0,"comment_status":"closed","ping_status":"closed","template":"","meta":[],"folder":[],"_links":{"self":[{"href":"https:\/\/monperejeanmamy.fr\/index.php?rest_route=\/wp\/v2\/pages\/2559"}],"collection":[{"href":"https:\/\/monperejeanmamy.fr\/index.php?rest_route=\/wp\/v2\/pages"}],"about":[{"href":"https:\/\/monperejeanmamy.fr\/index.php?rest_route=\/wp\/v2\/types\/page"}],"author":[{"embeddable":true,"href":"https:\/\/monperejeanmamy.fr\/index.php?rest_route=\/wp\/v2\/users\/2"}],"replies":[{"embeddable":true,"href":"https:\/\/monperejeanmamy.fr\/index.php?rest_route=%2Fwp%2Fv2%2Fcomments&post=2559"}],"version-history":[{"count":4,"href":"https:\/\/monperejeanmamy.fr\/index.php?rest_route=\/wp\/v2\/pages\/2559\/revisions"}],"predecessor-version":[{"id":3267,"href":"https:\/\/monperejeanmamy.fr\/index.php?rest_route=\/wp\/v2\/pages\/2559\/revisions\/3267"}],"wp:featuredmedia":[{"embeddable":true,"href":"https:\/\/monperejeanmamy.fr\/index.php?rest_route=\/wp\/v2\/media\/11"}],"wp:attachment":[{"href":"https:\/\/monperejeanmamy.fr\/index.php?rest_route=%2Fwp%2Fv2%2Fmedia&parent=2559"}],"wp:term":[{"taxonomy":"folder","embeddable":true,"href":"https:\/\/monperejeanmamy.fr\/index.php?rest_route=%2Fwp%2Fv2%2Ffolder&post=2559"}],"curies":[{"name":"wp","href":"https:\/\/api.w.org\/{rel}","templated":true}]}}