{"id":2568,"date":"2021-05-01T18:54:32","date_gmt":"2021-05-01T16:54:32","guid":{"rendered":"http:\/\/monperejeanmamy.fr\/?page_id=2568"},"modified":"2024-01-22T18:20:46","modified_gmt":"2024-01-22T17:20:46","slug":"jm-a-jr-fresnes-48-03-14","status":"publish","type":"page","link":"https:\/\/monperejeanmamy.fr\/?page_id=2568","title":{"rendered":"JM \u00e0 JR (Fresnes 48\/03\/14)"},"content":{"rendered":"<p><strong>\u00a0<\/strong><a href=\"http:\/\/monperejeanmamy.fr\/?page_id=2563\"><img loading=\"lazy\" class=\"wp-image-1352 alignleft\" src=\"http:\/\/monperejeanmamy.fr\/wp-content\/uploads\/2021\/03\/Lettre-precedente.jpg\" alt=\"\" width=\"143\" height=\"78\" \/><\/a><a href=\"http:\/\/monperejeanmamy.fr\/?page_id=2572\"><img loading=\"lazy\" class=\"alignright wp-image-1353\" src=\"http:\/\/monperejeanmamy.fr\/wp-content\/uploads\/2021\/03\/Lettre-suivante.jpg\" alt=\"\" width=\"139\" height=\"76\" \/><\/a><\/p>\n<p style=\"text-align: center;\"><strong>Dimanche 14 <\/strong><strong>mars<\/strong><strong> 1948<br \/>\n<\/strong><\/p>\n<p style=\"text-align: center;\">Petite fille ch\u00e9rie,<\/p>\n<p style=\"text-align: justify;\">Peu de nouvelles cette semaine\u00a0? Du moins pas assez. D\u2019abord, pourquoi depuis longtemps n\u2019ai-je plus de nouvelles photos\u00a0? Le Fr\u00e9d\u00e9ric n\u2019a pas \u00e9t\u00e9 film\u00e9 d\u2019au moins huit mois. Quant \u00e0 la Jeannette, on ne sait plus si elle existe, si elle impressionne encore les plaques. Je comprends bien que les films tir\u00e9s de Dickens sont plus attrayants que les prisonniers \u00e0 combler. Nous vivons, nous, d\u2019un peu de ciel pur \u00e0 travers les barreaux, de quelques fleurs, de beaucoup d\u2019espoir et nous couchons tout cela sur papier blanc. Mais, faut-il encore de temps \u00e0 autre l\u2019indispensable vision d\u2019un monde qui n\u2019est pas perdu, dont, tout au moins, nous avons gard\u00e9 l\u2019essentiel de la puret\u00e9 qui nous plait. Je t\u2019attribue cette puret\u00e9. Veux-tu bien \u00eatre celle qui travaille, limpide, \u00e0 \u00eatre du meilleur esprit, celui qui r\u00e9g\u00e9n\u00e8re d\u2019heure en heure, et qui rend l\u2019homme plus l\u00e9ger, plus souple \u00e0 suivre les ordres sup\u00e9rieurs, plus humble et plus patient.<\/p>\n<p style=\"text-align: justify;\">Il y a ce soir un croissant de lune quasi oriental, mince filet de lumi\u00e8re laiteuse \u00e0 c\u00f4t\u00e9 d\u2019un point fixe qui est peut-\u00eatre un globe de plusieurs millions de fois la Terre. Notre \u00e9go\u00efsme personnel \u00e0 c\u00f4t\u00e9 de cet univers apparent est ridiculement fourmiculaire. On s\u2019indigne de voir que tant de soucis d\u00e9sordonn\u00e9s agitent les habitants d\u2019une plan\u00e8te que la seule contemplation des forces naturelles devrait calmer &#8211; \u00e0 d\u00e9faut de la contemplation plus sereine des forces invisibles \u00e0 l\u2019\u0153il animal \u2013 mais qui sont infiniment plus r\u00e9elles que notre monde de carton. La Terre, c\u2019est du cin\u00e9ma\u00a0! Pour les petites filles qui s\u2019ennuient. Comment peut-on s\u2019ennuyer quand on a tant de t\u00e2ches devant soi, dont la premi\u00e8re serait de secouer sa paresse pour pr\u00e9parer certains manuscrits que je connais et dont on va avoir grand besoin. Mais l\u00e0, nous nous heurtons \u00e0 une moue obstin\u00e9e. Il est vrai que moi-m\u00eame ayant failli \u00e0 une promesse de No\u00ebl, je manque un peu d\u2019autorit\u00e9. Ne mettons plus de date. P\u00e2ques est d\u00e9j\u00e0 l\u00e0. La Trinit\u00e9 se passera peut-\u00eatre, mais nous finirons bien par tourner la page. Les mauvais romans finissent un jour. Il ne reste de viable que l\u2019\u00e9ternit\u00e9. Celle-l\u00e0, on ne s\u2019en lasse jamais, la main dans la main. Faut-il encore lever la t\u00eate. O\u00f9 regarde-tu, petite fille\u00a0? Vers quel \u00e9cran\u00a0?<\/p>\n<p style=\"text-align: justify;\">Les \u00e9v\u00e8nements tournent vite. J\u2019ai de tr\u00e8s bonnes nouvelles. Tout ce cauchemar va cesser. Nous allons vers des solutions rapides. Je vais pouvoir t\u2019apprendre toutes les recettes de cuisine que je connais, la soupe \u00e0 l\u2019oignon, l\u2019\u0153uf sur le plat sauce tomate, le riz au gras avec carry, oignons et lard grillott\u00e9, les pommes de terre Cayenne, et les trente-six sortes de m\u00e9langes de caf\u00e9. Je me r\u00e9serve aussi pour les entremets \u00e0 la saccharine et le saucisson pain sec \u2013 tous raffinements soigneusement \u00e9tudi\u00e9s. E soir, j\u2019ai mang\u00e9 un d\u00e9licieux lapin, qui \u00e9tait peut-\u00eatre du chat. Sais-tu m\u00e9langer la compote de pommes avec le petit suisse\u00a0? Et les flocons d\u2019avoine au citron\u00a0? Et le lard bouilli pommes pur\u00e9e\u00a0?<\/p>\n<p style=\"text-align: justify;\">Mes jacinthes sont resplendissantes. La lie de vin est en pleine puissance. Elle baigne dans l\u2019eau pure, toutes racines d\u00e9ploy\u00e9es. L\u2019autre, plus modeste, est encore dans son humus. J\u2019ai rarement vu des fleurs aussi vives. Demain, d\u00e8s 10 heures \u00bd, je guette le service colis et me pr\u00e9cipite \u00e0 l\u2019ouverture des paniers. Et j\u2019entends toujours mon num\u00e9ro parmi les premiers. T\u2019as-t-on dit que le lait est interdit sous toutes ses formes\u00a0? Prie donc ma m\u00e8re de cesser sa livraison en petits paquets. Je ferai mon petit-d\u00e9jeuner avec de simples farines.<\/p>\n<p style=\"text-align: justify;\">Voil\u00e0 pour ce soir toutes les amabilit\u00e9s habituelles, mais tu sais bien que tous les soirs j\u2019envoie vers le Boulevard Diderot des pens\u00e9es fra\u00eeches, tous les matins aussi et souvent dans la journ\u00e9e, et quelques fois la nuit. Ce que c\u2019est que se fourrer dans une peau de mouton qui se rattache \u00e0 des souvenirs. Bonsoir fillette. Dormez bien sous la lune. On pense \u00e0 vous, \u00e0 vos Catherine, \u00e0 tous vos d\u00e9sirs les meilleurs. La vie les exaucera si vous lui demandez son appui. Pour cela faut-il ouvrir votre esprit \u00e0 des conceptions de haute puissance. Il n\u2019y a que les c\u0153urs infinis qui puissent \u00eatre combl\u00e9s.<\/p>\n<p style=\"text-align: justify;\">(Je trouve les quelques phrases cit\u00e9es de la pi\u00e8ce de C.A. Pujet, d\u2019un banal\u00a0!!!) Bonsoir.<\/p>\n<h1 style=\"text-align: justify;\"><u>Lundi<\/u>.<\/h1>\n<p style=\"text-align: justify;\">Merci fleurs. Merci colis. Merci pantalon, pas celui-l\u00e0, tant pis, attendre pour l\u2019autre. Merci pour lettre re\u00e7ue \u00e0 l\u2019instant. Merci pour tout. Tout va tr\u00e8s bien. Suis tout \u00e0 fait r\u00e9jouis, tranquille, patient, d\u00e9cid\u00e9 \u00e0 travailler, \u00e0 vivre une vie heureuse et longue, en paix avec mes voisins, avec mes compatriotes, avec mes ennemis, avec le monde entier. Tout est parfait. Suis bon comme tout. Pas m\u00e9chant du tout. Tr\u00e8s content d\u2019avoir fait pr\u00e8s de 4 ans en prison. Tr\u00e8s tr\u00e8s content. Pas vindicatif. Pardonne \u00e0 tous. Bien dispos\u00e9. Honn\u00eate homme. Bons sentiments. Embrasse ma m\u00e8re pour moi, Fr\u00e9d\u00e9ric pour moi, tout le monde pour moi.<\/p>\n<p style=\"text-align: justify;\">Prochain colis : pas de pyrog\u00e8ne. \u00c9conomies. Pas de bougie. Economies\u2026 Peux-tu passer rue Saint-Jacques \u00e0 l\u2019angle de la rue des Ecoles. Petite boutique livres \u00e9sot\u00e9riques en descendant \u00e0 gauche. Vois si tu trouves <em>La vie impersonnelle <\/em>(sans nom d\u2019auteur). Ne dois pas \u00eatre tr\u00e8s cher. Si c\u2019est trop cher, ne pas prendre. Mais c\u2019est un tr\u00e8s petit volume. Valait 8 ou 10 F avant guerre. Cherche chez Gibert s\u2019il y en a d\u2019occasion. \u00c7a s\u2019est beaucoup vendu. Itou chez Chacornac ou sur les quais. Tr\u00e8s bon bouquin. Envoie un merci.<\/p>\n<p style=\"text-align: justify;\">Suis tout \u00e0 fait d\u00e9cid\u00e9 ce soir \u00e0 \u00eatre tr\u00e8s bon pour tout le monde. Indispensable \u00eatre tr\u00e8s bon. Arrange tout. Corrige tout. Faut pardonner, quoiqu\u2019on vous ait fait. Impossible en vouloir \u00e0 qui que ce soit. Ne savaient pas ce qu\u2019ils faisaient.<\/p>\n<p style=\"text-align: justify;\">Toi, tu es trop gentille. Toute gentille. Toute enti\u00e8re bonne. Comme du bon pain. Blanc. Qu\u2019elle est pure cette \u00e2me toute neuve. Un \u0153il si grand qui s\u2019ouvre \u00e0 l\u2019infini, et pas m\u00e9chant du tout. On y voit tout le ciel. Je vais faire un po\u00e8me sur tes yeux. On l\u2019appellera <em>Livre d\u2019heures.<\/em><\/p>\n<p style=\"text-align: justify;\">Qui est bon donne tout. Je te donne tout. D\u2019immenses tr\u00e9sors. Des vrais. Tous immat\u00e9riels. C\u2019est tout ce j\u2019ai, mais pr\u00e9cieux. Un paradis, une terre promise, un fleuve de vie, un absolu d\u00e9vouement. A propos on ne soigne pas la grippe avec des tisanes, ni cataplasmes, mais avec une simple pri\u00e8re\u00a0: gu\u00e9rison instantan\u00e9e. Je suis en train de gu\u00e9rir bien autre chose. Si tu savais\u00a0! Un c\u0153ur qui \u00e9tait bougrement malade. Et il a suffit d\u2019un mot \u00e0 quoi l\u2019on n\u2019avait pas pens\u00e9. On avait rab\u00e2ch\u00e9 mille phrases. Rien \u00e0 faire. Le mot a fait le miracle. En une minute\u00a0! Ce que des ann\u00e9es n\u2019avaient pas fait.<\/p>\n<p style=\"text-align: justify;\">Sais-tu les jacinthes\u00a0(la deuxi\u00e8me est dans l\u2019eau pure depuis tout \u00e0 l\u2019heure)\u00a0? Elles sont superbes. Comment s\u2019appellent les fleurs blanches et roses d\u2019aujourd\u2019hui\u00a0? Magnifiques. Je ne me lasse pas de les regarder.<\/p>\n<p style=\"text-align: justify;\">Les Cours de Justice sont supprim\u00e9es. On ne sait si c\u2019est en province ou Paris. Renseigne-toi. O\u00f9 vont passer les dossiers restants ? Combien reste-t-il de Cours ? etc\u2026 Voir si le Palais a vent de tous les projets ? D\u2019autre part, voir l&rsquo;aviation, car bient\u00f4t \u00e9v\u00e8nements pr\u00e9vus. Savoir si, \u00e0 ce moment, pas possible faire transfusion civil-militaire. Patience. Nous sommes sur la bonne voie.<\/p>\n<p style=\"text-align: justify;\">T\u2019aime beaucoup. Sens infiniment bonnes choses dans ambiance g\u00e9n\u00e9rale. Compl\u00e8tement rassur\u00e9 sur affaire. Tout \u00e0 fait d\u00e9cid\u00e9 \u00e0 marquer des points. \u00ab\u00a0Mon dossier est une r\u00e9f\u00e9rence\u00a0\u00bb. Je dis cela depuis trois ans. Personne n\u2019a jamais voulu me croire. Faut-il que les gens soient ent\u00eat\u00e9s\u00a0! Te rappelles-tu 44\u00a0? Je disais \u00ab\u00a0C\u2019est moi qui ai raison\u00a0\u00bb. On m\u2019a trait\u00e9 de fou. Et bien\u00a0? Maintenant je dis avant peu (un an au plus) nous sommes tous cas\u00e9s \u00e0 des postes importants et charg\u00e9s de faire tourner rond la machine. Et avec nous \u00e7a marchera. Il n\u2019y aura pas d\u2019opposition. Il faut faire la guerre \u00e0 tout\u00a0: \u00e0 la mis\u00e8re, \u00e0 la paresse, \u00e0 la b\u00eatise, \u00e0 la politique, \u00e0 l\u2019anarchie, \u00e0 tous les vices sociaux.<\/p>\n<p style=\"text-align: justify;\">Comme je suis tr\u00e8s bon ce soir (comme toujours, mais beaucoup plus encore, et ce n\u2019est pas fini), je ne te raconterai pas d\u2019histoire. Voila bien des ennuis \u00e9vit\u00e9s. Tu ne sauras donc pas ce qu\u2019a fait la f\u00e9e du jour, les lutins et les farfadets, le nain du roi, le fils de la duchesse et les douze petits pages. Ni carrosse, ni chaumi\u00e8re, mais de grosses tendresses avec une \u00e9paule amie et les mots qui bercent, et qui endorment jusqu\u2019\u00e0 ce que le r\u00eave merveilleux o\u00f9 l\u2019on croit voler tout seul dans l\u2019espace, avec des ailes plus rapide que le vent. On t\u2019embrasse. Pourquoi\u00a0? Parce que\u00a0!<\/p>\n<p style=\"text-align: justify;\">J.<\/p>\n<p>&nbsp;<\/p>\n<p>&nbsp;<\/p>\n","protected":false},"excerpt":{"rendered":"<p>\u00a0 Dimanche 14 mars 1948 Petite fille ch\u00e9rie, Peu de nouvelles cette semaine\u00a0? Du moins pas assez. D\u2019abord, pourquoi depuis longtemps n\u2019ai-je plus de nouvelles photos\u00a0? Le Fr\u00e9d\u00e9ric n\u2019a pas \u00e9t\u00e9 film\u00e9 d\u2019au moins huit mois. Quant \u00e0 la Jeannette, &hellip; <a href=\"https:\/\/monperejeanmamy.fr\/?page_id=2568\">Continuer la lecture <span class=\"meta-nav\">&rarr;<\/span><\/a><\/p>\n","protected":false},"author":2,"featured_media":11,"parent":0,"menu_order":0,"comment_status":"closed","ping_status":"closed","template":"","meta":[],"folder":[],"_links":{"self":[{"href":"https:\/\/monperejeanmamy.fr\/index.php?rest_route=\/wp\/v2\/pages\/2568"}],"collection":[{"href":"https:\/\/monperejeanmamy.fr\/index.php?rest_route=\/wp\/v2\/pages"}],"about":[{"href":"https:\/\/monperejeanmamy.fr\/index.php?rest_route=\/wp\/v2\/types\/page"}],"author":[{"embeddable":true,"href":"https:\/\/monperejeanmamy.fr\/index.php?rest_route=\/wp\/v2\/users\/2"}],"replies":[{"embeddable":true,"href":"https:\/\/monperejeanmamy.fr\/index.php?rest_route=%2Fwp%2Fv2%2Fcomments&post=2568"}],"version-history":[{"count":4,"href":"https:\/\/monperejeanmamy.fr\/index.php?rest_route=\/wp\/v2\/pages\/2568\/revisions"}],"predecessor-version":[{"id":3269,"href":"https:\/\/monperejeanmamy.fr\/index.php?rest_route=\/wp\/v2\/pages\/2568\/revisions\/3269"}],"wp:featuredmedia":[{"embeddable":true,"href":"https:\/\/monperejeanmamy.fr\/index.php?rest_route=\/wp\/v2\/media\/11"}],"wp:attachment":[{"href":"https:\/\/monperejeanmamy.fr\/index.php?rest_route=%2Fwp%2Fv2%2Fmedia&parent=2568"}],"wp:term":[{"taxonomy":"folder","embeddable":true,"href":"https:\/\/monperejeanmamy.fr\/index.php?rest_route=%2Fwp%2Fv2%2Ffolder&post=2568"}],"curies":[{"name":"wp","href":"https:\/\/api.w.org\/{rel}","templated":true}]}}