{"id":2578,"date":"2021-05-04T11:26:40","date_gmt":"2021-05-04T09:26:40","guid":{"rendered":"http:\/\/monperejeanmamy.fr\/?page_id=2578"},"modified":"2021-05-13T09:56:42","modified_gmt":"2021-05-13T07:56:42","slug":"disclaimer","status":"publish","type":"page","link":"https:\/\/monperejeanmamy.fr\/?page_id=2578","title":{"rendered":"Avertissement"},"content":{"rendered":"<p style=\"text-align: justify;\">Tous les propos et \u00e9crits \u00e0 caract\u00e8re politique de Jean Mamy, certains in\u00e9dits, publi\u00e9s dans les pages du pr\u00e9sent site, sont authentiques et ne peuvent engager la responsabilit\u00e9 que de leur seul auteur, condamn\u00e9 \u00e0 mort et d\u00e9chu de ses droits civiques, moraux et patrimoniaux en 1948 et fusill\u00e9 en 1949.<\/p>\n<p style=\"text-align: justify;\">Leur mise en ligne par son fils naturel, Fr\u00e9d\u00e9ric-Georges Roux, n\u2019a d\u2019autre but que de livrer des \u00e9l\u00e9ments factuels dont l\u2019int\u00e9r\u00eat historique lui semble manifeste, sans la moindre caution concernant leur forme ou leur fond et surtout sans la moindre intention de r\u00e9habilitation d\u2019un p\u00e8re qu\u2019il n\u2019a pas connu mais qui, pour des raisons \u00e9videntes qu\u2019il est facile de comprendre, peut lui \u00eatre cher.<\/p>\n<p style=\"text-align: justify;\"><img loading=\"lazy\" class=\"alignright  wp-image-2589\" src=\"http:\/\/monperejeanmamy.fr\/wp-content\/uploads\/2021\/05\/disclaimer-300x200.jpg\" alt=\"\" width=\"163\" height=\"112\" \/>Fr\u00e9d\u00e9ric-Georges Roux d\u00e9cline ainsi toute responsabilit\u00e9 quant \u00e0 leur contenu.<\/p>\n<p style=\"text-align: justify;\">Pour de multiples raisons, certains de ces documents sont \u00e0 diffusion restreinte, ni imprimables, ni t\u00e9l\u00e9chargeables. Pour en savoir plus <a href=\"http:\/\/monperejeanmamy.fr\/?page_id=115\">cliquez ici.<\/a><\/p>\n","protected":false},"excerpt":{"rendered":"<p>Tous les propos et \u00e9crits \u00e0 caract\u00e8re politique de Jean Mamy, certains in\u00e9dits, publi\u00e9s dans les pages du pr\u00e9sent site, sont authentiques et ne peuvent engager la responsabilit\u00e9 que de leur seul auteur, condamn\u00e9 \u00e0 mort et d\u00e9chu de ses &hellip; <a href=\"https:\/\/monperejeanmamy.fr\/?page_id=2578\">Continuer la lecture <span class=\"meta-nav\">&rarr;<\/span><\/a><\/p>\n","protected":false},"author":2,"featured_media":0,"parent":0,"menu_order":0,"comment_status":"closed","ping_status":"closed","template":"","meta":[],"folder":[],"_links":{"self":[{"href":"https:\/\/monperejeanmamy.fr\/index.php?rest_route=\/wp\/v2\/pages\/2578"}],"collection":[{"href":"https:\/\/monperejeanmamy.fr\/index.php?rest_route=\/wp\/v2\/pages"}],"about":[{"href":"https:\/\/monperejeanmamy.fr\/index.php?rest_route=\/wp\/v2\/types\/page"}],"author":[{"embeddable":true,"href":"https:\/\/monperejeanmamy.fr\/index.php?rest_route=\/wp\/v2\/users\/2"}],"replies":[{"embeddable":true,"href":"https:\/\/monperejeanmamy.fr\/index.php?rest_route=%2Fwp%2Fv2%2Fcomments&post=2578"}],"version-history":[{"count":4,"href":"https:\/\/monperejeanmamy.fr\/index.php?rest_route=\/wp\/v2\/pages\/2578\/revisions"}],"predecessor-version":[{"id":2592,"href":"https:\/\/monperejeanmamy.fr\/index.php?rest_route=\/wp\/v2\/pages\/2578\/revisions\/2592"}],"wp:attachment":[{"href":"https:\/\/monperejeanmamy.fr\/index.php?rest_route=%2Fwp%2Fv2%2Fmedia&parent=2578"}],"wp:term":[{"taxonomy":"folder","embeddable":true,"href":"https:\/\/monperejeanmamy.fr\/index.php?rest_route=%2Fwp%2Fv2%2Ffolder&post=2578"}],"curies":[{"name":"wp","href":"https:\/\/api.w.org\/{rel}","templated":true}]}}