{"id":2581,"date":"2021-05-05T10:08:08","date_gmt":"2021-05-05T08:08:08","guid":{"rendered":"http:\/\/monperejeanmamy.fr\/?page_id=2581"},"modified":"2024-01-22T18:27:04","modified_gmt":"2024-01-22T17:27:04","slug":"jm-a-jr-fresnes-48-03-28","status":"publish","type":"page","link":"https:\/\/monperejeanmamy.fr\/?page_id=2581","title":{"rendered":"JM \u00e0 JR (Fresnes 48\/03\/28)"},"content":{"rendered":"<p><strong>\u00a0<\/strong><a href=\"http:\/\/monperejeanmamy.fr\/?page_id=2572\"><img loading=\"lazy\" class=\"wp-image-1352 alignleft\" src=\"http:\/\/monperejeanmamy.fr\/wp-content\/uploads\/2021\/03\/Lettre-precedente.jpg\" alt=\"\" width=\"143\" height=\"78\" \/><\/a><a href=\"http:\/\/monperejeanmamy.fr\/?page_id=2595\"><img loading=\"lazy\" class=\"alignright wp-image-1353\" src=\"http:\/\/monperejeanmamy.fr\/wp-content\/uploads\/2021\/03\/Lettre-suivante.jpg\" alt=\"\" width=\"139\" height=\"76\" \/><\/a><\/p>\n<p style=\"text-align: center;\"><strong>Dimanche 28 <\/strong><strong>mars<\/strong><strong> 1948<br \/>\nP\u00e2ques<br \/>\n<\/strong><\/p>\n<p style=\"text-align: center;\">Ma ch\u00e9rie,<\/p>\n<p style=\"text-align: justify;\">J\u2019ai mang\u00e9 les poissons en chocolat en pensant \u00e0 toutes les cloches qui sonnaient partout pour annoncer la libert\u00e9 de tous les prisonniers car cette P\u00e2ques marque le commencement d\u2019une d\u00e9livrance. Le monde entier va ressusciter \u00e0 la vie et pour ce, faut-il qu\u2019il repousse toutes les suggestions de la mort. D\u00e9j\u00e0 on voit se grouper les arm\u00e9es de lib\u00e9rateurs, et cette fois-ci, c\u2019est pour le juste combat et non pour la confusion. Depuis quelques jours un esprit de tranquillit\u00e9 absolue, de calme serein, une brise douce de confiance me r\u00e9jouit. On a quelquefois de ces intuitions devant l\u2019\u00e9v\u00e8nement. Un de mes camarades me disait ce matin m\u2019avoir vu en r\u00eave courir sur la mer. Voil\u00e0 une vision de bon augure. Est-ce que tu r\u00eaves que nous allons tous deux courir la for\u00eat\u00a0? Chanter la libert\u00e9 dans les taillis\u00a0? Jouer aux enfants qui n\u2019ont plus de soucis du monde\u00a0? J\u2019ai tr\u00e8s envie de campagne, apr\u00e8s ce s\u00e9jour suffisant en lieu clos. Il faut savoir varier ses plaisirs.<\/p>\n<p style=\"text-align: justify;\">Bien re\u00e7u ta bonne lettre o\u00f9 tu relates ta visite \u00e0 ton amie. Les bruits les plus contradictoires \u00e9manent de cet antre. D\u2019un c\u00f4t\u00e9 on nous affirme que tout va mieux, de l\u2019autre que tout y est d\u00e9cha\u00een\u00e9 parce que c\u2019est la fin et que les derni\u00e8res ruades sont toujours plus violentes. Qui croire\u00a0? Pour moi, je ne crains rien et j\u2019attends. On verra bien. En tous cas, rien ne presse. Et puis, \u00e0 Dieu va\u00a0! Qui d\u00e9cide en fin de compte\u00a0? Ni toi, ni moi, ni les autres. Nous n\u2019avons pas d\u2019autre chose \u00e0 faire qu\u2019\u00e0 vivre l\u2019inspiration du moment.<\/p>\n<p style=\"text-align: justify;\">Il parait que le \u00ab\u00a0blondin\u00a0\u00bb est superbe. C\u2019est ce qu\u2019on m\u2019a dit. Il parait qu\u2019il s\u2019est \u00e9tal\u00e9 sur le trottoir, sans crier. Il parait qu\u2019il a bonne mine. Il parait que tu avais l\u2019air content, satisfait. Tout allait bien. Donc, bonne journ\u00e9e.<\/p>\n<p style=\"text-align: justify;\">Demain nous allons vivre un second dimanche. Pas d\u2019avocats. F\u00eate banale. C&rsquo;est-\u00e0-dire que la prison sera un peu moins remuante et que nous passerons vraisemblablement nos heures d\u2019apr\u00e8s-midi boucl\u00e9s dans nos piaules. Voil\u00e0 qui nous \u00e9vitera les accidents habituels de la route. Cette semaine sera neutre. Pas de cours ou presque. Pas d\u2019instructions. J\u2019esp\u00e8re que le vieux bonhomme ne va pas se presser. Je suis tr\u00e8s occup\u00e9 en ce moment. N\u2019ai pas le temps de r\u00e9pondre \u00e0 tout. Qu\u2019on se le dise. Il peut bien attendre encore quelques mois.<\/p>\n<p style=\"text-align: justify;\">Sur ce, je vais me coucher. Il fait si calme que j\u2019ai envie de penser \u00e0 toi. Bonsoir. On va bavarder.<\/p>\n<h1 style=\"text-align: justify;\"><u>Lundi<\/u>.<\/h1>\n<p style=\"text-align: justify;\">Chaque fois que je pense \u00e0 toi c\u2019est pour me f\u00e9liciter d\u2019avoir d\u00e9nich\u00e9 l\u2019oiseau rare, la fille d\u00e9licieuse et compr\u00e9hensive qui est plus qu\u2019une amie, mieux qu\u2019une compagne, d\u00e9vou\u00e9e comme Dieu le P\u00e8re, intelligente \u00e0 faire crouler la B\u00eatise elle-m\u00eame, et toute menue, et toute fut\u00e9e, et discr\u00e8te, patiente, pas orgueilleuse du tout, \u00e0 tel point qu\u2019elle peut supporter \u00a0les compliments sans rougir. Bref, on a envie de d\u00e9verser devant toi tous les cadeaux de la terre.<\/p>\n<p style=\"text-align: justify;\">On me dit ce matin que tous les dossiers en instance seraient repartis chez les \u00ab\u00a0militaires\u00a0\u00bb. On me signale aussi que certains ont re\u00e7u leur feuille pour mai. Donc les r\u00f4les ont l\u2019air d\u2019\u00eatre pleins en avril. Veux-tu voir tout cela et me le dire.<\/p>\n<p style=\"text-align: justify;\">Ne t\u2019inqui\u00e8te pas pour le catalogue th\u00e9orophique. Je n\u2019ai aucunement envie de cette litt\u00e9rature assommante, pr\u00e9tentieuse et fausse que je connais pour l\u2019avoir explor\u00e9 des ann\u00e9es durant. Seul le petit bouquin m\u2019aurait plu. Tu le trouveras peut-\u00eatre dans les librairies sp\u00e9cialis\u00e9es qui sont : Chacornac, les deux libraires de la rue Saint-Jacques \u00e0 droite en montant entre le boulevard Saint-Germain\u00a0 et la rue des \u00c9coles, la librairie d\u2019occasion de la place Paul Painlev\u00e9 (devant la Sorbonne) et surtout la librairie de la rue Gay-Lussac (ou Claude Bernard, je ne sais jamais) \u00e0 gauche en partant du Luxembourg \u00e0 cent m\u00e8tres du boulevard Saint Michel (c\u2019est la mieux achaland\u00e9e). Sinon tu as les deux grands libraires d\u2019occultisme Dorbon du boulevard Saint-Germain (angle de la rue de Bucci) et Dorbon du boulevard Haussmann (m\u00e9tro Chauss\u00e9e d\u2019Antin). Voir \u00e9galement rue Saint-Jacques \u00e0 gauche en montant (toujours entre boulevard Saint-Germain et rue des \u00c9coles) il y a deux libraires qui font de l\u2019occultisme. \u00c9galement une autre rue des \u00c9coles \u00e0 la hauteur de la rue Sainte-Genevi\u00e8ve (\u00e0 gauche en allant de la Sorbonne au Jardin des Plantes. Ne perds pas trop de temps pour \u00e7a. Voila un but de promenade. J\u2019ai eu l\u2019impression pendant cinq minutes de m\u2019\u00eatre balad\u00e9 dans mon vieux quartier Latin. Avec toi, la main dans la main.<\/p>\n<p style=\"text-align: justify;\">Sais-tu que j\u2019ai commenc\u00e9 un petit essai de \u00ab\u00a0<em>lettres d\u2019amour\u00a0<\/em>\u00bb. Elles sont adress\u00e9es \u00e0 un \u00eatre imaginaire, ou plut\u00f4t d\u00e9fini : la Marie-Madeleine de l\u2019<em>\u00c9vangile<\/em>. Ne sois pas jalouse. Tu ne peux pas te sentir concurrenc\u00e9e par un mythe. Et puis, on peut aimer deux femmes \u00e0 la fois : la vivante et l\u2019essentielle, les deux se confondent en une. Savoir si en toute femme il n\u2019y a pas Marie-Madeleine. C\u2019est peut-\u00eatre le d\u00e9sir secret de l\u2019homme que de trouver une cr\u00e9ature qui d\u00e9pouille le charnel pour se complaire dans le service de la v\u00e9rit\u00e9, la premi\u00e8re au tombeau comme \u00e0 la croix ! La premi\u00e8re \u00e0 d\u00e9couvrir le ressuscit\u00e9 ! Voila bien la fine mouche qui cherchait juste. Elle savait \u00e0 qui apporter son hommage. Miracle de l\u2019humilit\u00e9.<\/p>\n<p style=\"text-align: justify;\">Est-ce que tu as tap\u00e9 les quelques nouveaux po\u00e8mes\u00a0?<\/p>\n<p style=\"text-align: justify;\">Pour lundi prochain\u00a0: des pyrog\u00e8nes SVP. Est-ce que l\u2019huile et vinaigre sont autoris\u00e9s\u00a0? Si oui, petite bouteille. Ne mets plus de pain dans les colis. Il y en a ici en abondance (les auxiliaires ont double ration). Ne me mets pas de hareng saur. On en vend ici. Par contre le riz, les p\u00e2tes sont toujours appr\u00e9ci\u00e9s (id. la semoule, le tapioca), id. les farines cacaot\u00e9es, id. les fruits s\u00e9ch\u00e9s, id. champignons s\u00e9ch\u00e9s, id. artichauts s\u00e9ch\u00e9s. Vous m\u2019en mettiez l\u2019ann\u00e9e derni\u00e8re. Dis tout cela \u00e0 ma m\u00e8re. Je suis dans une p\u00e9riode de d\u00e9go\u00fbt du r\u00e9gime prison. Est-ce le printemps\u00a0? Est-ce la perspective d\u2019une libert\u00e9 possible\u00a0? Je commence \u00e0 avoir assez de cette com\u00e9die ignoble. Notre patience a \u00e9t\u00e9 grande&lt;. Il y a des plaisanteries qui doivent cesser.<\/p>\n<h1 style=\"text-align: justify;\"><u>20 heures<\/u>.<\/h1>\n<p style=\"text-align: justify;\">Au fil des heures on d\u00e9vide son train-train de riches et pures pens\u00e9es. Je me disais plein le c\u0153ur\u00a0: \u00ab\u00a0<em>comme elle a du m\u00e9rite\u00a0!\u00a0<\/em>\u00bb. Je te trouvais <u>du m\u00e9rite<\/u>\u00a0! C\u2019est bien le mot. Et j\u2019ajoutais\u00a0: \u00ab\u00a0<em>elle aura sa r\u00e9compense\u00a0!<\/em> \u00bb. Cette r\u00e9compense ce sera l\u2019affection i,finie dont on t\u2019entourera, dont on t\u2019entoure d\u00e9j\u00e0, qui sera pour toi un bain de tendresse chaude, un soutien efficace, des plus s\u00fbrs, parce que bas\u00e9 non plus seulement sur la force humaine mais sur tout l\u2019amour qui vient du ciel. J\u2019imaginais aussi que nous allions nous pr\u00e9cipiter au concert. Je veux me gorger de musique pure, religieuse ou profane, mais haute. Et puis je t\u2019emm\u00e8nerai dans tous les mus\u00e9es pour d\u00e9couvrir l\u2019\u00e2me des choses, et devant tous les paysages pour leur arracher leur plus intime esprit, et devant toutes les beaut\u00e9s r\u00e9elles pour les d\u00e9nuder et les contempler dans leur ordre vrai, dans leur banni\u00e8re absolue, et devant tout ce qu\u2019on doit apprendre, et devant tout ce qu\u2019on doit nier, et devant tout le bien, et devant tout le mal. Et nous n\u2019aurons que des amis d\u2019une telle \u00e9l\u00e9vation, d\u2019un tel courage. Et nous ne cesserons de monter dans la force de l\u2019\u00catre, dans la pl\u00e9nitude d\u2019un esprit d\u00e9livr\u00e9 de toutes les entraves dans la joie de s\u2019\u00e9pandre. J\u2019ai besoin de marcher la t\u00eate haute, dans un air rar\u00e9fi\u00e9 au dessus des miasmes et des souvenirs. J\u2019ai besoin de vivre par-dessus la foule, de l\u2019ignorer, de la mater comme on arr\u00eate une b\u00eate effar\u00e9e, de domestiquer son animalit\u00e9. Il faut vaincre, affirmer sa puissance, attaquer l\u2019ignoble, d\u00e9molir, pulv\u00e9riser la laideur et faire surgir de tout l\u2019esprit qui ranime la r\u00e9surrection permanente, \u00eatre bon pour les faibles, \u00eatre dur pour les mauvais, pardonner tout, ne n\u00e9gliger rien, employer l\u2019\u00e9p\u00e9e quand il le faut, et refuser l\u2019\u00e9p\u00e9e quand Dieu l\u2019exige, se sacrifier totalement \u00e0 l\u2019immense t\u00e2che qui nous attend.<\/p>\n<p style=\"text-align: justify;\">Voil\u00e0 de quoi vivre\u00a0!<\/p>\n<p style=\"text-align: justify;\">A bient\u00f4t te lire ma douce enfant aim\u00e9e. On a besoin de ta t\u00eate sur son \u00e9paule pour comprendre que sur cette mer d\u00e9cha\u00een\u00e9e un ange s\u2019approche quelquefois du radeau o\u00f9 on lutte. Bient\u00f4t sur la terre ferme je reprendrai un combat pr\u00e9cis.<\/p>\n<p style=\"text-align: justify;\">On t\u2019embrasse. Que dis-je\u00a0! On te ch\u00e9rit, parce qu\u2019on te comprend. Et ce n\u2019est pas fini car tu n\u2019a pas ouvert tous les recoins bien s\u00fbr. Le c\u0153ur d\u2019une femme est caverne d\u2019Ali Baba. Elle a glan\u00e9 tous les tr\u00e9sors de la terre. On y roule dans l\u2019ivresse d\u2019\u00eatre enfant de Dieu. Et l\u2019on s\u2019\u00e9merveille. Voila tout dit. Et tout recommence. Baisers. Mille fois.<\/p>\n<p>J.<\/p>\n<p>&nbsp;<\/p>\n","protected":false},"excerpt":{"rendered":"<p>\u00a0 Dimanche 28 mars 1948 P\u00e2ques Ma ch\u00e9rie, J\u2019ai mang\u00e9 les poissons en chocolat en pensant \u00e0 toutes les cloches qui sonnaient partout pour annoncer la libert\u00e9 de tous les prisonniers car cette P\u00e2ques marque le commencement d\u2019une d\u00e9livrance. Le &hellip; <a href=\"https:\/\/monperejeanmamy.fr\/?page_id=2581\">Continuer la lecture <span class=\"meta-nav\">&rarr;<\/span><\/a><\/p>\n","protected":false},"author":2,"featured_media":11,"parent":0,"menu_order":0,"comment_status":"closed","ping_status":"closed","template":"","meta":[],"folder":[],"_links":{"self":[{"href":"https:\/\/monperejeanmamy.fr\/index.php?rest_route=\/wp\/v2\/pages\/2581"}],"collection":[{"href":"https:\/\/monperejeanmamy.fr\/index.php?rest_route=\/wp\/v2\/pages"}],"about":[{"href":"https:\/\/monperejeanmamy.fr\/index.php?rest_route=\/wp\/v2\/types\/page"}],"author":[{"embeddable":true,"href":"https:\/\/monperejeanmamy.fr\/index.php?rest_route=\/wp\/v2\/users\/2"}],"replies":[{"embeddable":true,"href":"https:\/\/monperejeanmamy.fr\/index.php?rest_route=%2Fwp%2Fv2%2Fcomments&post=2581"}],"version-history":[{"count":4,"href":"https:\/\/monperejeanmamy.fr\/index.php?rest_route=\/wp\/v2\/pages\/2581\/revisions"}],"predecessor-version":[{"id":3270,"href":"https:\/\/monperejeanmamy.fr\/index.php?rest_route=\/wp\/v2\/pages\/2581\/revisions\/3270"}],"wp:featuredmedia":[{"embeddable":true,"href":"https:\/\/monperejeanmamy.fr\/index.php?rest_route=\/wp\/v2\/media\/11"}],"wp:attachment":[{"href":"https:\/\/monperejeanmamy.fr\/index.php?rest_route=%2Fwp%2Fv2%2Fmedia&parent=2581"}],"wp:term":[{"taxonomy":"folder","embeddable":true,"href":"https:\/\/monperejeanmamy.fr\/index.php?rest_route=%2Fwp%2Fv2%2Ffolder&post=2581"}],"curies":[{"name":"wp","href":"https:\/\/api.w.org\/{rel}","templated":true}]}}