{"id":2600,"date":"2021-05-13T10:24:49","date_gmt":"2021-05-13T08:24:49","guid":{"rendered":"http:\/\/monperejeanmamy.fr\/?page_id=2600"},"modified":"2024-01-22T18:38:25","modified_gmt":"2024-01-22T17:38:25","slug":"jm-a-jr-fresnes-48-04-11","status":"publish","type":"page","link":"https:\/\/monperejeanmamy.fr\/?page_id=2600","title":{"rendered":"JM \u00e0 JR (Fresnes 48\/04\/11)"},"content":{"rendered":"<p><strong>\u00a0<\/strong><a href=\"http:\/\/monperejeanmamy.fr\/?page_id=2595\"><img loading=\"lazy\" class=\"wp-image-1352 alignleft\" src=\"http:\/\/monperejeanmamy.fr\/wp-content\/uploads\/2021\/03\/Lettre-precedente.jpg\" alt=\"\" width=\"143\" height=\"78\" \/><\/a><a href=\"http:\/\/monperejeanmamy.fr\/?page_id=2604\"><img loading=\"lazy\" class=\"alignright wp-image-1353\" src=\"http:\/\/monperejeanmamy.fr\/wp-content\/uploads\/2021\/03\/Lettre-suivante.jpg\" alt=\"\" width=\"139\" height=\"76\" \/><\/a><\/p>\n<p style=\"text-align: center;\"><strong>Dimanche 11 avril<\/strong><strong> 1948<br \/>\n<\/strong><\/p>\n<p style=\"text-align: center;\">Petite fille ch\u00e9rie,<\/p>\n<p style=\"text-align: justify;\">Je r\u00e9fl\u00e9chissais tout \u00e0 l\u2019heure que voil\u00e0 sans doute la 150 ou 160<sup>\u00e8me<\/sup> lettre que je t\u2019envoie d\u2019ici, bourr\u00e9e de tendresses comme une bo\u00eete-surprise avec les meilleurs bonbons de confiserie. Et je n\u2019ai pas envie de m\u2019arr\u00eater. La source n\u2019en n\u2019est pas tarie. Nous ne nous sommes pas tout dit. A part les redites\u00a0: colis, fleurs, visites. A propos, j\u2019ai \u00e9crit <u>partout <\/u>que <u>j\u2019exigeais<\/u> que tu viennes jeudi prochain 15 avril. Je t\u2019attends donc au parloir de bonne heure avec tous tes yeux violets et toutes tes timidit\u00e9s, et toutes tes assurances audacieuses. Apporte-moi le plus possible des nouvelles du palais (comme de Suisse et de l\u2019aviation). Pour le prochain colis ne pas oublier\u00a0: cure-dents (si possible en bois). Merci pour radis, olives. D\u00e9licieux. Dis \u00e0 ma m\u00e8re de ne point m\u2019envoyer de viandes dures. J\u2019ai des d\u00e9m\u00eal\u00e9s avec mes dents et n\u2019ai plus d\u2019argent pour mon dentiste. Tout \u00e7a va s\u2019arranger bient\u00f4t, j\u2019esp\u00e8re.<\/p>\n<p style=\"text-align: justify;\">(Entre-nous, t\u00e9l\u00e9phone souvent \u00e0 ma m\u00e8re pour prendre de ses nouvelles. Elle est tr\u00e8s sensible aux pr\u00e9venances et j\u2019ai besoin de m\u2019assurer de ce c\u00f4t\u00e9-l\u00e0 que tout v a comme sur un roulement \u00e0 bille bien graiss\u00e9).<\/p>\n<p style=\"text-align: justify;\">J\u2019\u00e9crirai \u00e0 Philibert au prochain courrier. Il m\u2019a donn\u00e9 vraiment d\u2019excellentes nouvelles, avec beaucoup d\u2019espoir. Pour ta visite \u00e0 ton amie, il me semble impossible qu\u2019il y ait du nouveau avant qu\u2019on m\u2019ait convoqu\u00e9. C\u2019est l\u00e0-dessus que je voudrais avoir d\u00e9tails. Il ne me semble pas possible qu\u2019on puisse enqu\u00eater en dehors de moi, sans confrontations n\u00e9cessaires.\u00a0 Voil\u00e0 sur quoi je compte pour aller jusqu\u2019aux vacances. C\u2019est tout ce que je demande. Et c\u2019est tr\u00e8s possible, voire m\u00eame probable. Je me sens en ce moment dans les meilleures dispositions pour discuter le coup. Mes arguments sont \u00ab massues \u00bb. Nous n\u2019avons qu\u2019\u00e0 parler. Quant \u00e0 ceux qui pr\u00e9tendent nous imposer leur verdict ce sont ombres grotesques, mortels pleins de haine impuissante qui, t\u00f4t parvenus au pouvoir ill\u00e9gal, seront t\u00f4t abattus par le souffle de l\u2019ordre. Il y a des actrices qui ne viennent sur sc\u00e8ne que pour faire les trois petits tours traditionnels et se faire manger par le crocodile\u2026 Assez de vitup\u00e9rations importantes. J\u2019oublie toujours que j\u2019ai affaire \u00e0 une personne qui ne r\u00eave que de douceurs et tendres \u00e9bats.<\/p>\n<p style=\"text-align: justify;\">J\u2019ai bien re\u00e7u les photos. Il y en a deux qui me plaisent. Il est \u00e9patant. Bon teint, bon \u0153il et l\u2019air \u00e9veill\u00e9, le cheveu de famille, l\u2019air m\u00e2le, le front intelligent. D\u00e9j\u00e0 des bajoues. Une bonne t\u00eate carr\u00e9e avec un menton fin. Du muscle, du mollet. Bref, l\u2019id\u00e9al. L\u2019enfant superbe, le chef d\u2019\u0153uvre. Et tr\u00e8s \u00e0 son aise sur les fonds de palais. J\u2019ai profit\u00e9 de l\u2019occasion pour regarder les photos de la m\u00e8re qui n\u2019a pas daign\u00e9 m\u2019envoyer la plus petite image d\u2019elle-m\u00eame. Probable qu\u2019elle estime qu\u2019il me suffit d\u2019avoir de vieux paysages de l\u2019an dernier et un paquet datant de deux ou trois ans. Et pourtant cela m\u2019int\u00e9resserait de pouvoir te situer dans les derniers mois.<\/p>\n<h1 style=\"text-align: justify;\"><u>Lundi soir<\/u>.<\/h1>\n<p style=\"text-align: justify;\">J\u2019ai re\u00e7u aujourd\u2019hui de Suisse une notification d\u2019un juge de l\u00e0-bas comme quoi je suis inculp\u00e9 \u00ab d\u2019espionnage \u00bb dans le doux pays vaudois !!! Les imb\u00e9ciles. Pour deux voyages faits en 42 o\u00f9 mon activit\u00e9 se borna \u00e0 lire les journaux et \u00e0 serrer quelques mains plus ou moins sympathiques. Veux-tu voir Flo. \u00e0 qui j\u2019envoie ladite pelure pour qu\u2019il r\u00e9ponde au mieux et me r\u00e9serve la possibilit\u00e9 de rouler dans la farine les braves Helv\u00e8tes au jour J. car c\u2019est un petit tour de la F.M. qui n\u2019est pas contente. Je la comprends. Les criminels n\u2019aiment pas \u00eatre d\u00e9rang\u00e9s dans leurs \u00ab combines \u00bb. Avis. Je compte sur toi pour \u00e9claircir ce point m\u00eame. Ne suis pas du tout \u00e9mu.<\/p>\n<p style=\"text-align: justify;\">Colis parfait. Fleurs exquises. Tu sais toujours. J\u2019ai attendu 8h\u00bc pour penser \u00e0 toi plus pr\u00e9cis\u00e9ment, sachant que tu abordais la grille avec les pr\u00e9cieux paquets.<\/p>\n<p style=\"text-align: justify;\">La lune est en croissant fin ce soir \u00e0 c\u00f4t\u00e9 d\u2019une \u00e9toile brillante. Ciel pur. Pas un souffle de vent. Les bruits courent ici sur des incendies importants \u00e0 Paris. On y voit la main des partisans. Mais il y a tant de bobards. Toujours est-il que les \u00e9v\u00e8nements galopent. On s\u2019affronte durement. Et cette semaine est d\u00e9cisive. Les \u00e9lections italiennes. Le d\u00e9but d\u2019une bagarre grosse de cons\u00e9quences. L\u2019Europe sera demain en paix ou en feu. On souhaite ardemment la r\u00e9action enfin lib\u00e9ratrice. La na\u00efvet\u00e9 des Am\u00e9ricains est d\u00e9sarmante.<\/p>\n<p style=\"text-align: justify;\">Je n\u2019arrive plus \u00e0 travailler aussi r\u00e9guli\u00e8rement. Trop de distraction. Il me faudrait revenir dans une cellule boucl\u00e9e constamment. Mais c\u2019est moins agr\u00e9able par ailleurs. On finit par tourner en rond. Je commence \u00e0 comprendre le sentiment secret de l\u2019ours du Jardin des Plantes. Des camarades me disent qu\u2019ils sont mieux dans les camps. Toute la diff\u00e9rence qu\u2019il y a entre ledit Jardin et le Zoo o\u00f9 les fauves sont \u00e0 l\u2019aise.<\/p>\n<p style=\"text-align: justify;\">Car, \u00e0 l\u2019homme, il faut bouger pour qu\u2019il vive. J\u2019ai \u00e9t\u00e9 aujourd\u2019hui \u00e0 la promenade pour la premi\u00e8re fois depuis de longs mois. Tourn\u00e9 en rond dans un pr\u00e9au pendant une heure, sous un soleil doux. Parl\u00e9 de Juifs. Et de Christianisme. Et de Franc-ma\u00e7onnerie. Toutes choses p\u00e9rim\u00e9es.<\/p>\n<p style=\"text-align: justify;\">Je vois que nos adversaires sont furieux qu\u2019il paraisse au dehors tant de bouquins \u00ab\u00a0vichyssois\u00a0\u00bb.\u00a0 Qu\u2019ils se consolent. Ce n\u2019est que le commencement. L\u2019avenir leur r\u00e9serve infiniment plus de surprises. Car la propagande autoritaire va reprendre de plus belle d\u2019ici peu, \u00e9tant donn\u00e9 l\u2019\u00e9chec noir de la IV<sup>\u00e8me<\/sup> R\u00e9publique, le fascisme a beau jeu. Il r\u00e9appara\u00eetra sans m\u00eame cacher son nom. Et les d\u00e9mocrates en seront pour leur courte honte et leurs mains rougies. On donne les noms de ceux qui organisent les comit\u00e9s contre l\u2019amnistie. C\u2019est le vieux clan de r\u00e9sistants d\u00e9mocrates chr\u00e9tiens qui essaie de survivre \u00e0 la d\u00e9b\u00e2cle qui les menace. On voit qu\u2019ils sont isol\u00e9s. Les socialistes ne s\u2019y m\u00ealent pas. Les communistes font bande \u00e0 part. D\u2019autres \u00ab\u00a0r\u00e9sistants\u00a0\u00bb sont de notre bord. Toutes les forces de la coalition d\u2019hier sont divis\u00e9es. La III<sup>\u00e8me<\/sup> force bat de l\u2019aile. On voit qu\u2019elle n\u2019ira plus tr\u00e8s loin. Je crois que No\u00ebl approche. Tant le crie-t-on qu\u2019il vient.<\/p>\n<p style=\"text-align: justify;\">Int\u00e9ressante la critique sur Mr Sartre. La pi\u00e8ce a l\u2019air inepte, comme tout ce qu\u2019\u00e9crit et ce que fait le dit farceur. On voit que l\u2019\u00e9poque n\u2019a pas produit son grand homme. Tout a \u00e9t\u00e9 balay\u00e9 par la vague de fond d\u00e9bile. Il ne reste pas un \u00e9crivain de valeur. Tous les sous-crabes produisent, compissent, s\u2019essoufflent. Pas une \u0153uvre\u00a0! Et pourtant, ils ont la victoire, le papier, le public\u00a0! Les meilleurs tirent p\u00e9niblement \u00e0 12.000. On ne les lit pas. Et ils hurlent contre le lecteur qui leur pr\u00e9f\u00e8re d\u2019autres qui sont \u00e0 l\u2019index. Ces rat\u00e9s enragent, ayant toute la puissance physique, d\u2019\u00eatre battus si play que le m\u00e9pris les br\u00fble. Qui l\u2019aurait cru\u00a0! C\u2019\u00e9tait si simple. Il suffisait d\u2019avoir hurl\u00e9 avec les loups pour avoir du talent, \u00eatre \u00e9cout\u00e9, vant\u00e9, lou\u00e9 dans les journaux. Les petits copains brandissaient l\u2019encensoir. M\u00eame la publicit\u00e9 ne r\u00e9ussit plus. On les boude, les foule, les ignore. Ils ennuient tout le monde. On se d\u00e9tourne d\u2019eux. Comme d\u2019un spectcle r\u00e9pugnant. Ils en sont ulc\u00e9r\u00e9s, abrutis.<\/p>\n<p style=\"text-align: justify;\">La gloire ne s\u2019obtient pas \u00e0 coup de clairon. Ou de pognon\u00a0!<\/p>\n<p style=\"text-align: justify;\">Ma petite fille, si j\u2019enroule autour de mon doigt une m\u00e8che de tes cheveux et que je tire un peu, beaucoup, jusqu\u2019\u00e0 amener tes grands yeux sous les miens qui y lisent tous les secrets jusqu\u2019\u00e0 respirer le souffle qui t\u2019anime quand on te presse contre soi, est-ce que tu m\u2019en voudras de d\u00e9boucler tes oreilles et de t\u2019envelopper d\u2019une tendresse patiente\u00a0?<\/p>\n<p style=\"text-align: justify;\">Mais je vais beaucoup plus loin. Si je t\u2019emm\u00e8ne dans l\u2019\u00eele enchant\u00e9e d\u2019un amour constant, si le soir, sur le rivage, au son des ukul\u00e9l\u00e9s lointains, nous unissons nos mains pour regarder les vagues se briser sur la plage, et les monstres jouer au ras des flots, et les oiseaux se blottir dans les palmes en roucoulant des s\u00e9r\u00e9nades intimes, est-ce que tu viendras dans ma hutte\u00a0? Ma paillote\u00a0? Est-ce que le feu allum\u00e9 pour \u00e9loigner les scorpions, les serpents et les fauves te semblera plus clair si tu le regardes \u00e0 travers mes mains entrouvertes, mes paumes pressant ton front d\u2019une ti\u00e9deur apais\u00e9e. Nous vivrons le m\u00eame danger, la m\u00eame qui\u00e9tude, le m\u00eame amour. Nous aurons les m\u00eames r\u00e9veils. Nous b\u00e9nirons les m\u00eames lendemains.<\/p>\n<p style=\"text-align: justify;\">Voil\u00e0 de quoi apaiser ta faim et la mienne. La tendresse est une source o\u00f9 l\u2019on peut boire sans se lasser. L\u2019eau pure gu\u00e9rit. Il faut laver le c\u0153ur jusqu\u2019\u00e0 ce qu\u2019il soit limpide.<\/p>\n<p style=\"text-align: justify;\">Je vais me coucher. Je te verrai mieux. Et tu seras si pr\u00e9sente que j\u2019en aurai trop chaud, et qu\u2019il me faudra aller regarder la lune \u00e0 travers les barreaux. Paris est l\u00e0-bas, sur la droite. Je croyais bien ne jamais le revoir. Il parait que nous ressusciterons \u00e0 l\u2019air libre. Tant mieux. Nous avons beaucoup de mots doux \u00e0 distribuer et de pardons \u00e0 r\u00e9pandre. Gros, gros baisers.<\/p>\n<p style=\"text-align: justify;\">J.<\/p>\n","protected":false},"excerpt":{"rendered":"<p>\u00a0 Dimanche 11 avril 1948 Petite fille ch\u00e9rie, Je r\u00e9fl\u00e9chissais tout \u00e0 l\u2019heure que voil\u00e0 sans doute la 150 ou 160\u00e8me lettre que je t\u2019envoie d\u2019ici, bourr\u00e9e de tendresses comme une bo\u00eete-surprise avec les meilleurs bonbons de confiserie. Et je &hellip; <a href=\"https:\/\/monperejeanmamy.fr\/?page_id=2600\">Continuer la lecture <span class=\"meta-nav\">&rarr;<\/span><\/a><\/p>\n","protected":false},"author":2,"featured_media":11,"parent":0,"menu_order":0,"comment_status":"closed","ping_status":"closed","template":"","meta":[],"folder":[],"_links":{"self":[{"href":"https:\/\/monperejeanmamy.fr\/index.php?rest_route=\/wp\/v2\/pages\/2600"}],"collection":[{"href":"https:\/\/monperejeanmamy.fr\/index.php?rest_route=\/wp\/v2\/pages"}],"about":[{"href":"https:\/\/monperejeanmamy.fr\/index.php?rest_route=\/wp\/v2\/types\/page"}],"author":[{"embeddable":true,"href":"https:\/\/monperejeanmamy.fr\/index.php?rest_route=\/wp\/v2\/users\/2"}],"replies":[{"embeddable":true,"href":"https:\/\/monperejeanmamy.fr\/index.php?rest_route=%2Fwp%2Fv2%2Fcomments&post=2600"}],"version-history":[{"count":4,"href":"https:\/\/monperejeanmamy.fr\/index.php?rest_route=\/wp\/v2\/pages\/2600\/revisions"}],"predecessor-version":[{"id":3272,"href":"https:\/\/monperejeanmamy.fr\/index.php?rest_route=\/wp\/v2\/pages\/2600\/revisions\/3272"}],"wp:featuredmedia":[{"embeddable":true,"href":"https:\/\/monperejeanmamy.fr\/index.php?rest_route=\/wp\/v2\/media\/11"}],"wp:attachment":[{"href":"https:\/\/monperejeanmamy.fr\/index.php?rest_route=%2Fwp%2Fv2%2Fmedia&parent=2600"}],"wp:term":[{"taxonomy":"folder","embeddable":true,"href":"https:\/\/monperejeanmamy.fr\/index.php?rest_route=%2Fwp%2Fv2%2Ffolder&post=2600"}],"curies":[{"name":"wp","href":"https:\/\/api.w.org\/{rel}","templated":true}]}}