{"id":2604,"date":"2021-05-13T10:41:48","date_gmt":"2021-05-13T08:41:48","guid":{"rendered":"http:\/\/monperejeanmamy.fr\/?page_id=2604"},"modified":"2024-01-22T18:45:43","modified_gmt":"2024-01-22T17:45:43","slug":"jm-a-jr-fresnes-48-04-18","status":"publish","type":"page","link":"https:\/\/monperejeanmamy.fr\/?page_id=2604","title":{"rendered":"JM \u00e0 JR (Fresnes 48\/04\/18)"},"content":{"rendered":"<p><strong>\u00a0<\/strong><a href=\"http:\/\/monperejeanmamy.fr\/?page_id=2600\"><img loading=\"lazy\" class=\"wp-image-1352 alignleft\" src=\"http:\/\/monperejeanmamy.fr\/wp-content\/uploads\/2021\/03\/Lettre-precedente.jpg\" alt=\"\" width=\"143\" height=\"78\" \/><\/a><a href=\"http:\/\/monperejeanmamy.fr\/?page_id=2609\"><img loading=\"lazy\" class=\"alignright wp-image-1353\" src=\"http:\/\/monperejeanmamy.fr\/wp-content\/uploads\/2021\/03\/Lettre-suivante.jpg\" alt=\"\" width=\"139\" height=\"76\" \/><\/a><\/p>\n<p style=\"text-align: center;\"><strong>Dimanche 18 avril<\/strong><strong> 1948<br \/>\n<\/strong><\/p>\n<p style=\"text-align: center;\">Ma ch\u00e9rie,<\/p>\n<p style=\"text-align: justify;\">Ainsi nous avons eu notre premi\u00e8re sc\u00e8ne de m\u00e9nage dans la cage aux moineaux\u00a0! Voil\u00e0 qui promet\u00a0! Tu \u00e9tais tr\u00e8s gentille en col\u00e8re pour si peu de choses (on se met toujours en boule pour rien. Le monde stupide o\u00f9 nous vivons a commenc\u00e9 avec la r\u00e9volte des anges). Je te classais jusqu\u2019\u00e0 pr\u00e9sent parmi mes anges. L\u2019image d\u2019hier est \u00e0 moiti\u00e9 d\u00e9mon. Heureusement que la fin de la visite fut plus rassurante. Sourires. Moues. Pardons. Gentillesses. Tu redevins sucr\u00e9e. Mais la petite personne acide se d\u00e9menait encore dans ma t\u00eate. Il y a un gros travail \u00e0 faire pour que nous devenions parfaite. Je crois qu\u2019il faudra de la patience. Et quelle humilit\u00e9. Tu as de la chance que je sois \u00e0 jamais blind\u00e9 contre ce genre de nervosit\u00e9 toute f\u00e9minine. Les jeux jaloux me laissent froid et tout plein de compassion tendre. On dirait qu\u2019il faut d\u00e9fendre au chat de griffer, calmer le gros chien m\u00e9chant, la petite panth\u00e8re agac\u00e9e. Le petit animal se couche, devient gracieux sous le regard de son ma\u00eetre, se pelotonne et recommence ses coquetteries.<\/p>\n<p style=\"text-align: justify;\">Mais si je te consid\u00e8re non point comme un animal d\u2019appartement mais comme une fille \u00e0 qui on se confie, sur quoi on se repose, alors je serai net. D\u00e9fense, pour notre commun repos, de troubler l\u2019eau du lac. On ne voit plus le ciel qui se refl\u00e8te dedans. Nous ne devons jamais agiter des spectres de d\u00e9saccord. Au m\u00eame diapason mamzelle. Et jouons en mesure. Une. Deux. Et suivre la baguette du chef d\u2019orchestre. Et ne pas jeter son violon par terre. Et regarder la musique. Et y prendre plaisir\u2026 Et chanter la m\u00e9lodie\u2026 Et comprendre l\u2019\u00e9motion de l\u2019auteur\u2026 Et la traduire\u2026<\/p>\n<p style=\"text-align: justify;\">J\u2019ai d\u00e9j\u00e0 d\u00e9vor\u00e9 deux des bouquins que tu m\u2019as apport\u00e9s. Les romans ne m\u2019int\u00e9ressent pas. Par principe. Remercie toutefois Phil. Donne-lui les amiti\u00e9s de Creyssel et Marion<a href=\"#_ftn1\" name=\"_ftnref1\">[1]<\/a>. Creyssel est ravi du Cocteau. Moi aussi, un peu moins, mais beaucoup quand m\u00eame. C\u2019est une pens\u00e9e rare. Tr\u00e8s mondaine. Ce en quoi ce l\u00e9ger est lourd. Tr\u00e8s mat\u00e9rielle en ce sens qu\u2019il cherche le succ\u00e8s, l\u2019\u00e9blouissement passager, le fugace, qu\u2019il met la po\u00e9sie dans l\u2019instant, dans l\u2019impond\u00e9rable qui s\u2019enfuit, l\u2019inaccessible inexprimable qu\u2019on d\u00e9crit par symboles pr\u00e9cieux. Je le trouve fragile comme une porcelaine. Il y en a de grands prix. Il durera plus que les autres. C&rsquo;est-\u00e0-dire deux si\u00e8cles de plus. On est si vite objet de mus\u00e9e.<\/p>\n<p style=\"text-align: justify;\">Depuis quelques jours j\u2019ai le sentiment de n\u2019\u00eatre plus dans la vie. C&rsquo;est-\u00e0-dire dans la mort. La vie \u00e9tait pour nous autres, immat\u00e9rialistes, l\u2019esprit transcendant o\u00f9 la chair n\u2019impose plus les limites des sens. On s\u2019\u00e9lance non point dans le vide, mais dans le concret d\u2019un amour chaud, d\u2019un esprit plein de substance absolue, solide. On \u00e9prouve la satisfaction, la r\u00e9alit\u00e9, le plein du contentement le plus rare. Dieu. Ceci nous vient en prison comme devant le poteau d\u2019ex\u00e9cution, les crachats de la foule, ou le coin du feu tranquille, l\u2019abandon des amis, de la femme aim\u00e9e, ou bien la vie qu\u2019on ait le go\u00fbt de refuser ce qui n\u2019est pas, l\u2019insubstantiel, le non cr\u00e9\u00e9.<\/p>\n<p style=\"text-align: justify;\">Voici le 4<sup>\u00e8me<\/sup> printemps qui s\u2019avance. Les barreaux sont toujours aussi peu r\u00e9els \u00e0 nous qui sentons le prix de la vie au-del\u00e0 des mortels. Je crois que nos adversaires, nos bourreaux, sont infiniment malheureux, le poids de la peur, le poids de la haine, le poids des cur\u00e9es d\u2019hier, la hantise du lendemain. Que d\u2019\u00e9pouvantes. Ce soir le ciel est noir comme un drap ti\u00e8de. Du velours mat. On se heurte ainsi \u00e0 l\u2019ignorance de l\u2019\u0153il qui ne voit pas les \u00e9toiles pointer \u00e0 travers la brume. Il nous faudrait les mers du Sud. Moins d\u2019hommes respirent l\u00e0-bas. C\u2019est pourquoi l\u2019esprit plus clair voit les astres grossir, appara\u00eetre comme escarboucles sur grand fond gris. Et l\u2019on devine d\u00e9j\u00e0 tout le monde extraordinaire des \u00e9lus de Dieu qui peuple l\u2019Empyr\u00e9e. (A propos, o\u00f9 en est <em>Gabriella<\/em> et <em>Envie de rire<\/em> ?). Bonsoir. Mieux que cela. Pas s\u00e8chement. Bonsoir. Bonsoir. Plus profond. Bonsoir ch\u00e9rie. Bonsoir ma petite fille. Bonsoir mes cheveux ch\u00e2tains. Bonsoir le Fr\u00e9d\u00e9ric. Bonsoir la maman du Fr\u00e9d\u00e9ric. Bonsoir mes yeux tendres. Tu as r\u00eav\u00e9\u2026 Non, tu n\u2019as pas r\u00eav\u00e9\u2026 Tout est tr\u00e8s bien\u2026 Il n\u2019y a pas de nuages sur la lune. \u00ab Toujours de miel \u00bb. Voil\u00e0 la devise de chevalerie. \u00ab Toujours de ciel \u00bb. Dors, la vie est douce. Il suffit d\u2019une \u00e9paule sainte, solide, sinc\u00e8re\u2026 l\u2019oreiller d\u2019or.<\/p>\n<h1 style=\"text-align: justify;\"><u>Lundi<\/u>.<\/h1>\n<p style=\"text-align: justify;\">J\u2019ai re\u00e7u ta lettre. Comme j\u2019ai d\u00e9j\u00e0 oubli\u00e9 toute la vision de col\u00e8re de la cage dor\u00e9e, inutile d\u2019en parler. Ta photo est bien floue, et les personnages lointains. Je crois que le viseur de ton appareil doit \u00eatre d\u00e9r\u00e9gl\u00e9 pour toujours couper les pieds des personnages ou des objets. A v\u00e9rifier.<\/p>\n<p style=\"text-align: justify;\"><img loading=\"lazy\" class=\"alignleft wp-image-2618\" src=\"http:\/\/monperejeanmamy.fr\/wp-content\/uploads\/2021\/05\/1947-12-a-FGR-Luxembourg-300x226.jpg\" alt=\"\" width=\"256\" height=\"195\" \/>Les deux photos de Fr\u00e9d\u00e9ric qui me plaisent sont<\/p>\n<ol>\n<li style=\"text-align: justify;\">celle sur le fond du palais du Luxembourg<\/li>\n<li style=\"text-align: justify;\">celle sur le fond du Jardin des Plantes o\u00f9 il ne sourit pas d\u2019une grimace niaise mais o\u00f9 il a l\u2019air naturel.<\/li>\n<\/ol>\n<p style=\"text-align: justify;\"><img loading=\"lazy\" class=\" wp-image-2619 alignright\" src=\"http:\/\/monperejeanmamy.fr\/wp-content\/uploads\/2021\/05\/1948-03-a-FGR-Jardin-des-Plantes-300x298.jpg\" alt=\"\" width=\"235\" height=\"233\" srcset=\"https:\/\/monperejeanmamy.fr\/wp-content\/uploads\/2021\/05\/1948-03-a-FGR-Jardin-des-Plantes-300x298.jpg 300w, https:\/\/monperejeanmamy.fr\/wp-content\/uploads\/2021\/05\/1948-03-a-FGR-Jardin-des-Plantes-150x150.jpg 150w, https:\/\/monperejeanmamy.fr\/wp-content\/uploads\/2021\/05\/1948-03-a-FGR-Jardin-des-Plantes-302x300.jpg 302w, https:\/\/monperejeanmamy.fr\/wp-content\/uploads\/2021\/05\/1948-03-a-FGR-Jardin-des-Plantes.jpg 572w\" sizes=\"(max-width: 235px) 100vw, 235px\" \/>Avis. Ne jamais faire montrer les dents \u00e0 un enfant. Il ne sait pas sourire. Il faut d\u00e9j\u00e0 \u00eatre vedette de cin\u00e9ma pour savoir. La photo contre la gare de Lyon est mauvaise parce que vraiment trop conventionnelle. On sent qu\u2019on a dit au gosse\u00a0: Ris\u00a0! Et le malheureux plisse ses joues pour avoir l\u2019air. Tr\u00e8s g\u00ean\u00e9. Tr\u00e8s gauche. Laisse le libre de montrer sa t\u00eate franche.<\/p>\n<p style=\"text-align: justify;\">Qu\u2019est-ce que c\u2019est que cette mani\u00e8re de se d\u00e9nigrer en pr\u00e9tendant qu\u2019on est laide\u00a0! Ce qui est laid c\u2019est l\u2019opinion qu\u2019on a de son manque de pl\u00e9nitude. Il ne faut jamais s\u2019enorgueillir, mais jamais se diminuer.<\/p>\n<p style=\"text-align: justify;\">Merci pour le colis. Toujours parfait.<\/p>\n<p style=\"text-align: justify;\">Les \u00e9v\u00e8nements tournent de plus en plus vite. Bient\u00f4t on ne pourra plus les suivre.<\/p>\n<p style=\"text-align: justify;\">J\u2019ai \u00e9crit \u00e0 Floriot pour toutes sortes de choses. Ai vu Demery dimanche. Elle m\u2019a fait comprendre qu&rsquo;officiellement F. ne peut plus \u00eatre mon d\u00e9fenseur. Pourtant\u2026 Est-ce que je devrais chercher une nouvelle somme d\u2019argent pour payer le nouveau ? Qu\u2019en penses-tu ? Cela me sera difficile. Il me semble que F. peut tout arranger. Je sais bien qu\u2019il a \u00e9t\u00e9 des plus mod\u00e9r\u00e9s et merveilleux quant \u00e0 l\u2019efficience. Mais je ne pourrais jamais que le payer de promesses si quelquefois il estime devoir exiger un suppl\u00e9ment. Au bout de trois ans \u00bd le prisonnier n\u2019est pas riche. Je crois qu\u2019il faudra que nous en bavardions. S\u2019il ne veut pas plaider l\u2019affaire, il pourra peut-\u00eatre s\u2019arranger avec son confr\u00e8re. Moi je pr\u00e9f\u00e9rerai que l\u2019affaire ne se plaide jamais. Et il faut croire que ce sera la solution. Il y a des protections divines qui se r\u00e9alisent. Il vaudra mieux vivre \u00e0 l\u2019abri de toute guerre, de toute violence. Je deviens plus doux de jour en jour. Il me semble que je ne pourrai jamais revivre ce que j\u2019ai v\u00e9cu, refaire ce que j\u2019ai fait. Non point que je d\u00e9savoue, mais c\u2019est autre chose. On devient prudent, et d\u00e9sireux d\u2019apaisement. Je dirai m\u00eame plus, le monde actuel se pr\u00e9sente sous un jour si brutal qu\u2019on se refuse \u00e0 accepter cette vision sauvage. Nous avons mieux \u00e0 faire qu\u2019\u00e0 pleurer sur lui, qu&rsquo;\u00e0 le souffrir, ou qu\u2019\u00e0 l\u2019encourager dans son d\u00e9cha\u00eenement. Il faut vivre haut, refuser pour soi ou pour les autres toute erreur, toute laideur, toute petitesse. Quand je revois certaines actions d\u2019hier, j\u2019ai le sentiment que nous aurions pu \u00eatre plus calmes dans la temp\u00eate.<\/p>\n<ul>\n<li style=\"text-align: justify;\">Veux-tu bien me mettre une bougie, et demander \u00e0 ma m\u00e8re d\u2019augmenter la dose d\u2019ersatz caf\u00e9 (sinon de caf\u00e9 pur, mais j\u2019aime presque autant l\u2019ersatz). N\u2019oublie pas un citron. Aussi une petite bo\u00eete de vanillette.<\/li>\n<li style=\"text-align: justify;\">Pour le prochain colis, procure-toi chez le cordonnier une plaque fde caoutchouc durci pour chaussures. \u00c7a se vend parait-il partout. Un de mes camarades qui fabrique des sortes de pantoufles va me tailler l\u00e0 dedans une paire de semelle. Il parait que cela vaut une centaine de francs. Ne pas oublier. C\u2019est urgent. Je te rendrai bient\u00f4t les chaussons de mouton qui sont assez tourment\u00e9s de forme.<\/li>\n<\/ul>\n<p style=\"text-align: justify;\">Voil\u00e0 que la nuit devient si douce qu\u2019on se prend \u00e0 r\u00eaver. Bien plus, \u00e0 contempler un royaume infiniment plus doux et grand que celui des hommes. On se r\u00e9veille. Passer du cauchemar \u00e0 la vie. Voir enfin le d\u00e9mon du remords comme celui de la violence. Tu vois comme il faut croire \u00e0 la vie belle, repousser tout ce qui n\u2019est pas le parfait. Nous avons tous eu nos moments de col\u00e8re. Parce que nous croyons \u00e0 la r\u00e9alit\u00e9 du mal. Et celui-ci n\u2019existait pas. C\u2019\u00e9tait le pi\u00e8ge. Nous y sommes tomb\u00e9s. Il faut pour se relever admettre qu\u2019il \u00e9tait le mirage, l\u2019\u00e9cueil. Et sourire \u00e0 nouveau. Mes gros baisers. On t\u2019embrasse encore, et encore.<\/p>\n<p>J.<\/p>\n<p style=\"text-align: justify;\"><a href=\"#_ftnref1\" name=\"_ftn1\">[1]<\/a> Paul Marion, journaliste, militant communiste devenu l&rsquo;un des fondateurs du Parti populaire fran\u00e7ais (PPF), membre du gouvernement de Vichy. En 1944, il devient secr\u00e9taire d\u2019\u00c9tat aupr\u00e8s du mar\u00e9chal P\u00e9tain, qu&rsquo;il suit \u00e0 Sigmaringen. Condamn\u00e9 \u00e0 dix ans de prison le 14 d\u00e9cembre 1948, il est graci\u00e9 en 1953 pour des raisons m\u00e9dicales, i<\/p>\n","protected":false},"excerpt":{"rendered":"<p>\u00a0 Dimanche 18 avril 1948 Ma ch\u00e9rie, Ainsi nous avons eu notre premi\u00e8re sc\u00e8ne de m\u00e9nage dans la cage aux moineaux\u00a0! Voil\u00e0 qui promet\u00a0! Tu \u00e9tais tr\u00e8s gentille en col\u00e8re pour si peu de choses (on se met toujours en &hellip; <a href=\"https:\/\/monperejeanmamy.fr\/?page_id=2604\">Continuer la lecture <span class=\"meta-nav\">&rarr;<\/span><\/a><\/p>\n","protected":false},"author":2,"featured_media":11,"parent":0,"menu_order":0,"comment_status":"closed","ping_status":"closed","template":"","meta":[],"folder":[],"_links":{"self":[{"href":"https:\/\/monperejeanmamy.fr\/index.php?rest_route=\/wp\/v2\/pages\/2604"}],"collection":[{"href":"https:\/\/monperejeanmamy.fr\/index.php?rest_route=\/wp\/v2\/pages"}],"about":[{"href":"https:\/\/monperejeanmamy.fr\/index.php?rest_route=\/wp\/v2\/types\/page"}],"author":[{"embeddable":true,"href":"https:\/\/monperejeanmamy.fr\/index.php?rest_route=\/wp\/v2\/users\/2"}],"replies":[{"embeddable":true,"href":"https:\/\/monperejeanmamy.fr\/index.php?rest_route=%2Fwp%2Fv2%2Fcomments&post=2604"}],"version-history":[{"count":6,"href":"https:\/\/monperejeanmamy.fr\/index.php?rest_route=\/wp\/v2\/pages\/2604\/revisions"}],"predecessor-version":[{"id":3273,"href":"https:\/\/monperejeanmamy.fr\/index.php?rest_route=\/wp\/v2\/pages\/2604\/revisions\/3273"}],"wp:featuredmedia":[{"embeddable":true,"href":"https:\/\/monperejeanmamy.fr\/index.php?rest_route=\/wp\/v2\/media\/11"}],"wp:attachment":[{"href":"https:\/\/monperejeanmamy.fr\/index.php?rest_route=%2Fwp%2Fv2%2Fmedia&parent=2604"}],"wp:term":[{"taxonomy":"folder","embeddable":true,"href":"https:\/\/monperejeanmamy.fr\/index.php?rest_route=%2Fwp%2Fv2%2Ffolder&post=2604"}],"curies":[{"name":"wp","href":"https:\/\/api.w.org\/{rel}","templated":true}]}}