{"id":2609,"date":"2021-05-13T11:24:25","date_gmt":"2021-05-13T09:24:25","guid":{"rendered":"http:\/\/monperejeanmamy.fr\/?page_id=2609"},"modified":"2024-01-22T18:50:27","modified_gmt":"2024-01-22T17:50:27","slug":"jm-a-jr-fresnes-48-04-25","status":"publish","type":"page","link":"https:\/\/monperejeanmamy.fr\/?page_id=2609","title":{"rendered":"JM \u00e0 JR (Fresnes 48\/04\/25)"},"content":{"rendered":"<p><strong>\u00a0<\/strong><a href=\"http:\/\/monperejeanmamy.fr\/?page_id=2604\"><img loading=\"lazy\" class=\"wp-image-1352 alignleft\" src=\"http:\/\/monperejeanmamy.fr\/wp-content\/uploads\/2021\/03\/Lettre-precedente.jpg\" alt=\"\" width=\"143\" height=\"78\" \/><\/a><a href=\"http:\/\/monperejeanmamy.fr\/?page_id=2614\"><img loading=\"lazy\" class=\"alignright wp-image-1353\" src=\"http:\/\/monperejeanmamy.fr\/wp-content\/uploads\/2021\/03\/Lettre-suivante.jpg\" alt=\"\" width=\"139\" height=\"76\" \/><\/a><\/p>\n<p style=\"text-align: center;\"><strong>Dimanche 25 avril<\/strong><strong> 1948<br \/>\n<\/strong><\/p>\n<p style=\"text-align: center;\">Ma ch\u00e9rie,<\/p>\n<p style=\"text-align: justify;\">Pas une lettre cette semaine\u00a0! Si\u00a0! Une seule\u00a0! Avec une vieille photo\u00a0? O\u00f9 est Jeannette\u00a0? A quoi pense-t-elle\u00a0? J\u2019ai bien vu malgr\u00e9 tout qu\u2019elle pensait un peu \u00e0 moi. Alors, il parait qu\u2019il y a eu un feu de chemin\u00e9e, il y a quinze jours, pr\u00e8s d\u2019un certain trottoir. Et le Fr\u00e9d\u00e9ric s\u2019est rappel\u00e9 la chose. On me dit grand bien de son apparence. Et le mental\u00a0? Tu ne me racontes rien.<\/p>\n<p style=\"text-align: justify;\">Toujours rien du c\u00f4t\u00e9 Palais. Tant mieux. Il semble qu\u2019il faille encore attendre longtemps. Je crois que les choses sont des plus difficiles \u00e0 arranger vite, mais c\u2019est avec les plus gros arbres qu\u2019on fait les meilleures flamb\u00e9es. Et bient\u00f4t nous verrons le fruit de nos efforts. Quoique l\u2019atmosph\u00e8re ne soit pas d\u00e9tendue. Tu as vu pour Bassompierre. Il a \u00e9t\u00e9 victime de campagnes abominables. Et ceux qui ont pris le pouvoir par la violence pr\u00e9tendent rester ma\u00eetres de la place.<\/p>\n<p style=\"text-align: justify;\">Veux-tu bien te renseigner pour savoir ce qu\u2019on dit au Palais sur les suppressions de Cours. Savoir si l\u2019on transf\u00e8rerait les dossiers aux militaires. Et puis, pourquoi s\u2019inqui\u00e9ter ? Nous ne savons pas o\u00f9 nous serons dans quelques mois. Travaillons dans le pr\u00e9sent. Ici je boulonne comme un diable. Ou un Dieu. Par petites secousses. Avec patience. Mais peu \u00e0 peu les \u0153uvres se d\u00e9grossissent. Nous rajoutons par ci par l\u00e0 quelques vingtaines de vers \u00e0 la collection. De temps en temps aussi un peu de prose. Et surtout un travail m\u00e9taphysique formidable. Celui-l\u00e0 est le seul absolument indispensable. Il est la base de tout.<\/p>\n<p style=\"text-align: justify;\">Je vois que tu ne t\u2019int\u00e9resses gu\u00e8re \u00e0 ce que je t\u2019ai d\u00e9j\u00e0 demand\u00e9 plusieurs fois. Comment une fille aussi intelligente, curieuse, cultiv\u00e9e, musicienne, d\u00e9sireuse d\u2019apprendre n\u2019est t\u2019elle pas attir\u00e9e par le myst\u00e8re de la vie, les connaissances philosophiques ou religieuses, la compr\u00e9hension du monde visible et de l\u2019autre\u00a0? Ne serais-tu qu\u2019un moineau\u00a0? C\u2019est tr\u00e8s joli de picorer dans la main. Je sais bien que les oiseaux du ciel sont b\u00e9nis. Mais les ailes peuvent pousser jusqu\u2019\u00e0 couvrir la robe de l\u2019ange.<\/p>\n<p style=\"text-align: justify;\">Note que je ne critique pas. Il m\u2019est impossible d\u2019\u00eatre m\u00e9chant avec qui que ce soit. A l\u2019encontre de ce qu\u2019on peut penser de mes vieux \u00e9crits, et de cet abominable dossier. Ce que les hommes sont b\u00eates quand ils se battent\u00a0! Je fais maintenant la paix avec tout le monde. Je serre sur mon c\u0153ur tous mes ennemis. Je les reconnais pour ce qu\u2019ils sont\u00a0: des \u00eatres parfaits qui s\u2019ignorent, et se croient difformes, malheureux, oblig\u00e9s de tuer pour vivre. Je ne suis plus partisan, mais ressuscit\u00e9, uni avec les morts et les vivants, joyeux d\u2019une v\u00e9rit\u00e9 ressentie \u00e0 travers toutes les \u00e9preuves imaginaires. C\u2019est le voile de cette existence funeste qui nous cache des r\u00e9alit\u00e9s glorieuses. D\u00e9j\u00e0 nous pr\u00e9sentons ce que nous sommes en r\u00e9alit\u00e9. Ce sont des voix d\u2019une ampleur inconnue qui r\u00e9sonnent \u00e9trangement dans la conscience troubl\u00e9e. Peu \u00e0 peu l\u2019affirmation se fait plus insistante, plus d\u00e9cisive. Il nous faut c\u00e9der et nous courons vers le but avec des muscles ardents \u00e0 fouler les vieux pr\u00e9jug\u00e9s.<\/p>\n<p style=\"text-align: justify;\">Je crois que tu es tr\u00e8s bonne. Tu as l\u2019air d\u2019avoir un petit c\u0153ur ouvert \u00e0 tout un ciel. Il faut le multiplier par mille. On n\u2019est jamais assez grand pour que Dieu entre en vous tout entier. Imagine l\u2019horizon qu\u2019il faut \u2013 toute la place \u2013 A l\u2019infini. D\u00e9j\u00e0 les astronomes n\u2019en finissent plus de compter les \u00e9toiles. Ainsi de nous. Tout notre ciel est combl\u00e9. Ce sont des f\u00e9es, des voyages futurs, des expressions bienheureuses. Nous sommes toujours au centre du c\u0153ur de l\u2019\u00e9ternit\u00e9.<\/p>\n<h1 style=\"text-align: justify;\"><u>Lundi<\/u>.<\/h1>\n<p style=\"text-align: justify;\">Un camarade vient d\u2019\u00eatre interrog\u00e9 par mon juge \u00e0 mon sujet. Le greffier du juge lui avait d\u00e9j\u00e0 dit que l\u2019affaire serait termin\u00e9e incessamment et retransmise. Veux-tu voir cela. Si le juge renvoie le dossier d\u00e9but mai, il est vraisemblable que je ne puis passer avant le 15 juin, \u00e9tant donn\u00e9 l\u2019encombrement des r\u00f4les, peut-\u00eatre beaucoup plus tard. Tu sais que je suis parfaitement calme en face de tous \u00e9v\u00e8nements. Tout cela ne me pr\u00e9occupe pas.<\/p>\n<p style=\"text-align: justify;\">Il faut d\u00e8s \u00e0 pr\u00e9sent r\u00e9soudre les questions Floriot. Plaide-t-il ou non ? Veux-tu le voir pour cela. Leroy me plait beaucoup. Mais je n\u2019ai pas d\u2019argent \u00e0 lui donner. D\u2019autre part Flo m\u2019a rendu tant de services que je voudrais bien pouvoir lui \u00eatre reconnaissant autrement que par des discours. Mais on ne peut pas fabriquer ici de la fausse monnaie. Il y a donc quelque chose que je voudrais que tu voies de pr\u00e8s. Va voir Flo. Explique-toi avec lui et reviens me dire ce qu\u2019on fait. Je crois que ce sont les mois o\u00f9 il faudra agir s\u00e9rieusement pour sortir tout \u00e7a. Si nous pouvions gagner les grandes vacances, ce serait parfait. Si nous ne pouvons pas, ce n\u2019en sera pas moins parfait. Sans haine et sans crainte, nous dirons toute la v\u00e9rit\u00e9 sur tout. Et voil\u00e0.<\/p>\n<p style=\"text-align: justify;\">Tu me vois donc ce soir assez remis par cette nouvelle. Va-t-il falloir penser vraiment \u00e0 se d\u00e9fendre\u00a0? Ou bien verra-t-on encore les \u00e9v\u00e8nements se d\u00e9rouler sans que notre vie soit agit\u00e9e par le moindre souffle\u00a0? Tout cela est \u00e0 la fois question de caract\u00e8re et question d\u2019\u00e9v\u00e8nements ext\u00e9rieurs. Nous allons travailler pour \u00eatre du calme le plus inalt\u00e9rable. Il faut vaincre. Pas vrai\u00a0?<\/p>\n<p style=\"text-align: justify;\">On voit que du c\u00f4t\u00e9 de la Norv\u00e8ge, il se d\u00e9place encore des forces. Tout cela sent le br\u00fbl\u00e9. Est-ce que le conflit \u00e9clatera cette ann\u00e9e\u00a0?<\/p>\n<p style=\"text-align: justify;\">Je voulais d\u00e8s ce matin te remercier pour le colis. Il est magnifique. Le caf\u00e9 est une merveille. Il tombe \u00e0 pic. J\u2019en consomme pas mal et suis toujours tr\u00e8s juste. Et tout le reste est parfait. Veux-tu bien penser \u00e0 me mettre deux ou trois boites d\u2019allumettes \u00e0 3 sous dans le prochain colis (non point des grosses boites qui ratent toujours mais de la qualit\u00e9 au dessus qui, finalement, reviennent moins cher). J\u2019en prends toujours \u00e0 la cantine mais j\u2019ai oubli\u00e9 \u00e0 la derni\u00e8re commande et je crains d\u2019en \u00eatre d\u00e9muni. Demande \u00e0 ma m\u00e8re un peu de pyrog\u00e8ne. Je rendrai les tricots d\u2019hiver. Qu\u2019elle ne me les renvoie pas.<\/p>\n<p style=\"text-align: justify;\">Veux-tu bien m\u2019excuser pour ce soir. Je ne vais pas remplir toute la page. Mais en moins de mots je te dirai quand m\u00eame toute l\u2019affection, toute la gentillesse que j\u2019\u00e9prouve pour toi<\/p>\n<p style=\"text-align: justify;\">\u00a0Si cela peut te rendre heureuse. Tu es si d\u00e9vou\u00e9e, fid\u00e8le, patiente. Et puis ce n\u2019est pas seulement pour cela. Il me fait plaisir de te le dire.<\/p>\n<p style=\"text-align: justify;\">Dors tranquille, \u00e0 c\u00f4t\u00e9 du blondin. Embrasse-le pour son p\u00e8re. Et re\u00e7ois toutes mes tendresses. Je vais me mettre au travail, c&rsquo;est-\u00e0-dire classer des id\u00e9es. Gros gros baisers.<\/p>\n<p style=\"text-align: justify;\">J.<\/p>\n<p style=\"text-align: justify;\">\n","protected":false},"excerpt":{"rendered":"<p>\u00a0 Dimanche 25 avril 1948 Ma ch\u00e9rie, Pas une lettre cette semaine\u00a0! Si\u00a0! Une seule\u00a0! Avec une vieille photo\u00a0? O\u00f9 est Jeannette\u00a0? A quoi pense-t-elle\u00a0? J\u2019ai bien vu malgr\u00e9 tout qu\u2019elle pensait un peu \u00e0 moi. Alors, il parait qu\u2019il &hellip; <a href=\"https:\/\/monperejeanmamy.fr\/?page_id=2609\">Continuer la lecture <span class=\"meta-nav\">&rarr;<\/span><\/a><\/p>\n","protected":false},"author":2,"featured_media":11,"parent":0,"menu_order":0,"comment_status":"closed","ping_status":"closed","template":"","meta":[],"folder":[],"_links":{"self":[{"href":"https:\/\/monperejeanmamy.fr\/index.php?rest_route=\/wp\/v2\/pages\/2609"}],"collection":[{"href":"https:\/\/monperejeanmamy.fr\/index.php?rest_route=\/wp\/v2\/pages"}],"about":[{"href":"https:\/\/monperejeanmamy.fr\/index.php?rest_route=\/wp\/v2\/types\/page"}],"author":[{"embeddable":true,"href":"https:\/\/monperejeanmamy.fr\/index.php?rest_route=\/wp\/v2\/users\/2"}],"replies":[{"embeddable":true,"href":"https:\/\/monperejeanmamy.fr\/index.php?rest_route=%2Fwp%2Fv2%2Fcomments&post=2609"}],"version-history":[{"count":4,"href":"https:\/\/monperejeanmamy.fr\/index.php?rest_route=\/wp\/v2\/pages\/2609\/revisions"}],"predecessor-version":[{"id":3274,"href":"https:\/\/monperejeanmamy.fr\/index.php?rest_route=\/wp\/v2\/pages\/2609\/revisions\/3274"}],"wp:featuredmedia":[{"embeddable":true,"href":"https:\/\/monperejeanmamy.fr\/index.php?rest_route=\/wp\/v2\/media\/11"}],"wp:attachment":[{"href":"https:\/\/monperejeanmamy.fr\/index.php?rest_route=%2Fwp%2Fv2%2Fmedia&parent=2609"}],"wp:term":[{"taxonomy":"folder","embeddable":true,"href":"https:\/\/monperejeanmamy.fr\/index.php?rest_route=%2Fwp%2Fv2%2Ffolder&post=2609"}],"curies":[{"name":"wp","href":"https:\/\/api.w.org\/{rel}","templated":true}]}}