{"id":2614,"date":"2021-05-13T15:31:21","date_gmt":"2021-05-13T13:31:21","guid":{"rendered":"http:\/\/monperejeanmamy.fr\/?page_id=2614"},"modified":"2021-05-13T16:01:50","modified_gmt":"2021-05-13T14:01:50","slug":"jm-a-jr-fresnes-48-05-02","status":"publish","type":"page","link":"https:\/\/monperejeanmamy.fr\/?page_id=2614","title":{"rendered":"JM \u00e0 JR (Fresnes 48\/05\/02)"},"content":{"rendered":"<p><strong>\u00a0<\/strong><a href=\"http:\/\/monperejeanmamy.fr\/?page_id=2609\"><img loading=\"lazy\" class=\"wp-image-1352 alignleft\" src=\"http:\/\/monperejeanmamy.fr\/wp-content\/uploads\/2021\/03\/Lettre-precedente.jpg\" alt=\"\" width=\"143\" height=\"78\" \/><\/a><a href=\"http:\/\/monperejeanmamy.fr\/?page_id=2623\"><img loading=\"lazy\" class=\"alignright wp-image-1353\" src=\"http:\/\/monperejeanmamy.fr\/wp-content\/uploads\/2021\/03\/Lettre-suivante.jpg\" alt=\"\" width=\"139\" height=\"76\" \/><\/a><\/p>\n<p style=\"text-align: center;\"><strong>Dimanche 2 mai<\/strong><strong> 1948<br \/>\n<\/strong><\/p>\n<p style=\"text-align: center;\">Ma ch\u00e9rie,<\/p>\n<p style=\"text-align: justify;\">Entre une ou deux lettres par semaine et pas du tout, il y a une \u00e9norme diff\u00e9rence. Moi, je ne me contente pas de fleurs et de colis. Il me faut de la nourriture essentielle qui est celle du c\u0153ur. Ces nouvelles du dehors doivent \u00eatre pr\u00e9c\u00e9d\u00e9es des nouvelles familiales et j\u2019ai besoin d\u2019une personne aim\u00e9e qui me dise\u00a0: j\u00a0\u00bbai fait ceci, cela\u00a0; j\u2019ai ajout\u00e9 un ruban \u00e0 mon chapeau\u00a0; bord\u00e9 de rouge la culotte de mon fils\u00a0; et j\u2019ai vu tel ou tel qui m\u2019a dit patati patat. Ces choses sont indispensables au prisonnier pour lui rappeler de temps \u00e0 autre qu\u2019il est encore reli\u00e9 par un fil secret avec la vie du d\u00e9licieux monde, et qu\u2019on pense \u00e0 le distraire de sa vision de salp\u00eatre. Sinon, que voulez-vous, mamzelle, que fasse le prisonnier\u00a0? Lire la Bible\u00a0? Et la Bible\u00a0? Et la Bible\u00a0? Et des bouquins d\u2019Histoire\u00a0! Grotesque\u00a0l\u2019Histoire\u00a0! Guerres et massacres\u00a0! Fronti\u00e8res mouvantes\u00a0! Peuples en furie\u00a0! Suzerains f\u00e9roces\u00a0! R\u00e9publicains acharn\u00e9s\u00a0! Monde d\u2019insectes\u00a0! Recommence tout le temps\u00a0! Jamais termin\u00e9\u00a0! Pas moyen de vivre tranquilles\u00a0! Et puis, quelle jalousie effroyable anime tous ces mortels\u00a0! Le premier p\u00e9ch\u00e9 d\u2019Eve fut\u00a0: la convoitise\u00a0! Le voila bien le vice majeur\u00a0! D\u00e9sirs\u00a0! Prendre\u00a0! Et puis se tuer\u00a0! Je refuse d\u00e9sormais d\u2019\u00eatre un homme de combat.<\/p>\n<p style=\"text-align: justify;\">Alors, victime\u00a0? Que non point\u00a0: nuage dans le ciel, souffle de ros\u00e9e\u00a0! Un esprit qui se d\u00e9pouille de tout l\u2019arc en ciel de bazar qui nous p\u00e8se aux \u00e9paules comme un lustre de mauvais gout d\u00e9pare le plafond de nos r\u00eaves.<\/p>\n<p style=\"text-align: justify;\">Lire la Bible\u00a0! Et faire des vers\u00a0! Cette semaine est printani\u00e8re. Le muguet pousse. Et aussi les alexandrins. Tu souffriras dans quelque temps. Car il faudra les lire. Et les taper. Et donner ton avis. En savourer la musique. En chercher la saveur. En \u00e9couter le relief. En t\u00e2ter la substance. En dessiner l\u2019envol. Sujets de lettres. De beaucoup de lettres. Que n\u2019allons-nous pas recevoir de notre Dulcin\u00e9e. Je vais me coiffer, superbe, d\u2019un [trois mots ind\u00e9chiffrables] tout sp\u00e9cial pour l\u2019occasion. Allons\u00a0! Pressons\u00a0! Ce flot de paroles. Cette joie spontan\u00e9e. Nous sommes oreilles toutes dehors. Qu\u2019en dis-tu\u00a0? Tu ne sais plus quoi dire\u00a0! Voila bien de quoi rire. Et bien, dis nous ton \u00e9tonnement, ou ton mutisme. Pourquoi suis-je muette\u00a0? Parce que les filles ne parlent pas \u00e0 table. Elles \u00e9coutent les messieurs qui discutent jusqu\u2019au caf\u00e9, et elles desservent la table, en souriant aux invit\u00e9s.<\/p>\n<p style=\"text-align: justify;\">Mon moineau joli, le temps est laid, puis beau, puis laid, froid, puis chaud, puis froid. C\u2019est un premier mai de mis\u00e8re. On parle beaucoup de nous dans les journaux. En mal. En bien. Il parait que nous n\u2019avons plus que le droit de porter corde au cou et venir pieds nus faire amende honorable devant les tueurs. On nous reproche de penser encore \u00e0 des choses d\u00e9fendues. Qui\u00a0? On\u00a0? Et bien\u00a0: on\u00a0! Et voila comment avec quelques cabochards on fait une majorit\u00e9.<\/p>\n<p style=\"text-align: justify;\">Je t\u2019embrasse pour ce soir, sinon j\u2019aurais tout dit, et il me faut de la place demain pour raconter tout au long ce que mon c\u0153ur chante. Car il chante. Envers et contre tout. Le propre des grands naufrag\u00e9s est de savoir nager sur le dos, en respirant le ciel. La vague nous porte doucement vers la c\u00f4te aim\u00e9e, et non point sur les r\u00e9cifs. Nous arriverons bien \u00e0 nous faire recueillir par une \u00e9quipe de sauveteurs. Et puis, sommes-nous vraiment \u00e0 la mer\u00a0? Les po\u00e8tes habitent le ciel, par d\u00e9finition.<\/p>\n<p style=\"text-align: justify;\">Ma m\u00e8re m\u2019a rapport\u00e9 un propos venant de ta personne\u00a0: \u00ab\u00a0<em>Peut-\u00eatre me trouvera-t-il un peu trop popotte,\u00a0!!!\u00a0<\/em>\u00bb Popotte ?? Qu\u00e9 Popotte ? Qui est popotte ? Moi je ne regarde que les qualit\u00e9 du c\u0153ur. Est-il popotte ? \u00c9tincelant de lumi\u00e8re, le moineau popotte. J\u2019aime ce popotte. Il me r\u00e9jouit. Parce que tout simple. Je veux que tu sois popotte. Je t\u2019aime popotte. Ecris-moi popottement, et re\u00e7ois tous mes baisers tendres sur l\u2019oreille popotte.<\/p>\n<p style=\"text-align: justify;\">A demain. On pense \u00e0 toi. C\u2019est moi qui viendrai bient\u00f4t te d\u00e9livrer de ta prison d\u2019ennuis. Nous sommes ici en pleine libert\u00e9 de c\u0153ur.<\/p>\n<h1 style=\"text-align: justify;\"><u>Lundi. 21h<\/u><\/h1>\n<p style=\"text-align: justify;\">Veuille d\u2019abord remercier ta s\u0153ur du caf\u00e9 et du p\u00e2t\u00e9. Je penserai \u00e0 sa bont\u00e9 tous les matins, car j\u2019ai encore pour au moins trois jours \u00e0 savourer cet exquis petit d\u00e9jeuner. Quant au caf\u00e9, il est formidable. J\u2019en suis enchant\u00e9 au point de remercier le ciel de m\u2019avoir conduit en prison pour en appr\u00e9cier tant la saveur. Je t\u2019assurer que si ce n\u2019\u00e9tait l\u2019ennui (tr\u00e8s peu pesant) d\u2019\u00eatre possiblement fusill\u00e9, Fresnes est le meilleur endroit du monde. On y vit \u00e0 l\u2019abri des toutes les concupiscences. La cellule est un encouragement au travail individuel. Pas de t\u00e9l\u00e9phone. Le r\u00eave pour un po\u00e8te.<\/p>\n<p style=\"text-align: justify;\">Le colis est parfait, parfait. Tu as du avoir des difficult\u00e9s pour le m\u00e9tro. Car il n\u2019\u00e9tait pas l\u00e0 au petit jour comme d\u2019habitude. Pauvre ch\u00e9rie qui prend sur son temps pour secourir tous les hommes, le petit comme le grand. En auras-tu d\u00e9vers\u00e9 du d\u00e9vouement. A revendre. On te r\u00e9compensera par mille choses.<\/p>\n<p style=\"text-align: justify;\">Dis \u00e0 ma m\u00e8re de continuer le pyrog\u00e8ne pour l\u2019instant.<\/p>\n<p style=\"text-align: justify;\">On nous donne espoir de tous c\u00f4t\u00e9s que tout va \u00eatre bient\u00f4t fini. C&rsquo;est-\u00e0-dire que les \u00e9v\u00e8nements internationaux commandent tout. Moi, j\u2019ai toujours mis ma confiance tr\u00e8s haut. Cela ne veut pas dire qu\u2019il en advienne ce qu\u2019on d\u00e9sire d\u2019apr\u00e8s son petit \u00e9go\u00efsme. Il faut savoir tout abandonner pour tout gagner. Plus on l\u00e2che du lest, plus on monte.<\/p>\n<p style=\"text-align: justify;\">Le Fr\u00e9d\u00e9ric a l\u2019air diablement intelligent. Beau comme tout. Fort, gros, et remuant. La journ\u00e9e a \u00e9t\u00e9 plus douce, si ensoleill\u00e9e que la cellophane de mon sous-main en a craqu\u00e9. Je l\u2019ai remplac\u00e9e illico. Mon \u00ab\u00a0sous-main\u00a0\u00bb est un carton sur lequel j\u2019ai coll\u00e9 des centaines de vieux timbres de toutes les couleurs. Effet superbe, moderne. Penserai \u00e0 \u00e7a pour maison de commerce. Id\u00e9e originale.<\/p>\n<p style=\"text-align: justify;\">Ce soir petits oiseaux dans les grands arbres d\u2019\u00e0 c\u00f4t\u00e9. Cris de femmes au lointain dans la prison voisine. Elles piaillent comme une voli\u00e8re. Un ciel de mois de mai encore tendre, pas tr\u00e8s chaud, mais de bonne vieille humeur enfantine. Timide, un peu salade verte (les asperges \u00e9taient\u00a0 excellentes).<\/p>\n<p style=\"text-align: justify;\">Est-ce que tu as repris l\u2019exemplaire des <em>B.d\u2019O.<\/em> chez Flo\u00a0? Est-ce que tu as commenc\u00e9 Envie de R.\u00a0? Est-ce que tu penses \u00e0 Gabriella\u00a0? Est-ce que tu t\u2019imagines que tout \u00e7a ne va pas faire des montagnes d\u2019argent\u00a0? Est-ce que tu crois au P\u00e8re No\u00ebl\u00a0? Moi, oui. Oui. Oui. Oui. Plus que jamais.<\/p>\n<p style=\"text-align: justify;\">Je t\u2019embrasse. Ce n\u2019est pas assez. Je te dis tout ce que je pense. C\u2019est trop long. J\u2019\u00e9teins la lumi\u00e8re. C\u2019est trop court. Tu n\u2019es jamais contente\u00a0! Gros, gros b.<\/p>\n<p style=\"text-align: justify;\">J.<\/p>\n<p style=\"text-align: justify;\"><em>PS. Envoie-moi un cahier de papier perfor\u00e9, et des plumes. Merci\u00a0! Et du papier blanc.<\/em><\/p>\n<p>&nbsp;<\/p>\n<p>&nbsp;<\/p>\n<p>&nbsp;<\/p>\n<p>&nbsp;<\/p>\n","protected":false},"excerpt":{"rendered":"<p>\u00a0 Dimanche 2 mai 1948 Ma ch\u00e9rie, Entre une ou deux lettres par semaine et pas du tout, il y a une \u00e9norme diff\u00e9rence. Moi, je ne me contente pas de fleurs et de colis. Il me faut de la &hellip; <a href=\"https:\/\/monperejeanmamy.fr\/?page_id=2614\">Continuer la lecture <span class=\"meta-nav\">&rarr;<\/span><\/a><\/p>\n","protected":false},"author":2,"featured_media":11,"parent":0,"menu_order":0,"comment_status":"closed","ping_status":"closed","template":"","meta":[],"folder":[],"_links":{"self":[{"href":"https:\/\/monperejeanmamy.fr\/index.php?rest_route=\/wp\/v2\/pages\/2614"}],"collection":[{"href":"https:\/\/monperejeanmamy.fr\/index.php?rest_route=\/wp\/v2\/pages"}],"about":[{"href":"https:\/\/monperejeanmamy.fr\/index.php?rest_route=\/wp\/v2\/types\/page"}],"author":[{"embeddable":true,"href":"https:\/\/monperejeanmamy.fr\/index.php?rest_route=\/wp\/v2\/users\/2"}],"replies":[{"embeddable":true,"href":"https:\/\/monperejeanmamy.fr\/index.php?rest_route=%2Fwp%2Fv2%2Fcomments&post=2614"}],"version-history":[{"count":3,"href":"https:\/\/monperejeanmamy.fr\/index.php?rest_route=\/wp\/v2\/pages\/2614\/revisions"}],"predecessor-version":[{"id":2626,"href":"https:\/\/monperejeanmamy.fr\/index.php?rest_route=\/wp\/v2\/pages\/2614\/revisions\/2626"}],"wp:featuredmedia":[{"embeddable":true,"href":"https:\/\/monperejeanmamy.fr\/index.php?rest_route=\/wp\/v2\/media\/11"}],"wp:attachment":[{"href":"https:\/\/monperejeanmamy.fr\/index.php?rest_route=%2Fwp%2Fv2%2Fmedia&parent=2614"}],"wp:term":[{"taxonomy":"folder","embeddable":true,"href":"https:\/\/monperejeanmamy.fr\/index.php?rest_route=%2Fwp%2Fv2%2Ffolder&post=2614"}],"curies":[{"name":"wp","href":"https:\/\/api.w.org\/{rel}","templated":true}]}}