{"id":2628,"date":"2021-05-14T09:19:30","date_gmt":"2021-05-14T07:19:30","guid":{"rendered":"http:\/\/monperejeanmamy.fr\/?page_id=2628"},"modified":"2024-01-22T19:04:05","modified_gmt":"2024-01-22T18:04:05","slug":"jm-a-jr-fresnes-48-05-23","status":"publish","type":"page","link":"https:\/\/monperejeanmamy.fr\/?page_id=2628","title":{"rendered":"JM \u00e0 JR (Fresnes 48\/05\/23)"},"content":{"rendered":"<p><strong>\u00a0<\/strong><a href=\"http:\/\/monperejeanmamy.fr\/?page_id=2623\"><img loading=\"lazy\" class=\"wp-image-1352 alignleft\" src=\"http:\/\/monperejeanmamy.fr\/wp-content\/uploads\/2021\/03\/Lettre-precedente.jpg\" alt=\"\" width=\"143\" height=\"78\" \/><\/a><a href=\"http:\/\/monperejeanmamy.fr\/?page_id=2634\"><img loading=\"lazy\" class=\"alignright wp-image-1353\" src=\"http:\/\/monperejeanmamy.fr\/wp-content\/uploads\/2021\/03\/Lettre-suivante.jpg\" alt=\"\" width=\"139\" height=\"76\" \/><\/a><\/p>\n<p style=\"text-align: center;\"><strong>Dimanche 23 mai<\/strong><strong> 1948<br \/>\n<\/strong><\/p>\n<p style=\"text-align: center;\">Ma ch\u00e9rie,<\/p>\n<p style=\"text-align: justify;\">J\u2019ai eu deux bonnes lettres de toi cette semaine, et pleines de substance. Bravo\u00a0! Quelques mots seulement r\u00e9jouissent, font que l\u2019esprit se repose sur des r\u00e9alit\u00e9s pr\u00e9cises, nous unissent dans la m\u00eame marche. On a tant besoin de savoir que les pens\u00e9es co\u00efncident. Il faut se le redire. Ce n\u2019est point tant plaisir que n\u00e9cessit\u00e9.<\/p>\n<p style=\"text-align: justify;\">J\u2019ai relu <em>La Cuve<\/em>. C\u2019est, je crois, assez bon. Ce genre de trait\u00e9 ironique mi-m\u00e9taphysique, mi-pamphlet sur un th\u00e8me religieux me semble correspondre aux besoins de l\u2019heure. De m\u00eame <em>Empyr\u00e9e<\/em> ne me d\u00e9\u00e7oit pas. Je crois que l\u00e0 aussi, il y a un effort. Attendons <em>E de R ( ???)<\/em>. On verra si l\u2019auteur est \u00e9gal \u00e0 lui-m\u00eame.<\/p>\n<p style=\"text-align: justify;\">Grosse crise ce soir. Je me sens tout \u00e0 coup plein d\u2019une tristesse lourde due au remugle d\u2019un pass\u00e9 sentimental charg\u00e9 d\u2019orages. On est quelquefois atteint par un vieux printemps vulgaire qui sommeille dans quelque coin. Te dirai-je que dans ces heures troubles, j\u2019ai une profonde horreur des femmes et des n\u00e9cessit\u00e9s basses de l\u2019existence charnelle. On l\u00e8ve la t\u00eate vers un air pur pour y inspirer des bouff\u00e9es de qui\u00e9tude. Le combat est des plus violents. Le prisonnier se bat souvent avec son propre spectre. Tout cela pour avoir subi au loin les sarcasmes de quelques prostitu\u00e9es qui crachaient \u00e0 travers les grilles des chansons obsc\u00e8nes. La vulgarit\u00e9 m\u2019est de plus en plus odieuse. On se sent Sisyphe assez souvent. Toujours certain de remonter un rocher pesant sur une pente glissante.<\/p>\n<p style=\"text-align: justify;\">Et au fond, tout cela n\u2019a pas de r\u00e9alit\u00e9. Cauchemars.<\/p>\n<p style=\"text-align: justify;\">Je n\u2019ai pas de nouvelles de Flo. Sans doute les derniers pneumatiques lui auront indiqu\u00e9 toute la voie \u00e0 suivre. J\u2019esp\u00e8re que tout ira bien. Je suis certain que tout ira bien. Tout ce que tu me dis sur les dispositions pr\u00e9vues apr\u00e8s les vacances me confirme que nous avons agi sagement en attendant jusqu\u2019aujourd\u2019hui. Il faut encore faire un effort. Et nous verrons enfin plus clair.<\/p>\n<p style=\"text-align: justify;\">Pour que je n\u2019oublie pas. Dans prochain colis\u00a0: 1 bougie SVP et des cure-dents (en masse). Sur une grande revue de luxe j\u2019ai vu un fragment de l\u2019<em>Oreste<\/em> d\u2019Anouilh. Je trouve cela tr\u00e8s mauvais. Et pourtant <em>Antigone<\/em> paraissait bien. Mais le proc\u00e9d\u00e9 de pr\u00e9sentation des personnages ne peut \u00eatre employ\u00e9 deux fois. Et le texte appara\u00eet non point puissamment th\u00e9\u00e2tral mais facile et litt\u00e9raire.<\/p>\n<p style=\"text-align: justify;\">Par contre, j\u2019ai lu une pi\u00e8ce charmante de Claude Andr\u00e9 Puget\u00a0: <em>Un petit ange de rien du tout<\/em>. D\u00e9licieuse com\u00e9die pleine d\u2019esprit et de talent, bien \u00e9crite. Voil\u00e0 de l\u2019excellent th\u00e9\u00e2tre.<\/p>\n<p style=\"text-align: justify;\">On vient de m\u2019\u00e9teindre la lumi\u00e8re. Je n\u2019ai presque plus de bougie. Donc bonsoir. Bonsoir. Bonsoir\u2026 \u00e0 demain. On pense \u00e0 toi avec tendresse.<\/p>\n<h1 style=\"text-align: justify;\"><u>Lundi matin<\/u>.<\/h1>\n<p style=\"text-align: justify;\">On pense toujours \u00e0 toi avec encore plus de tendresse. Je ne crois pas t\u2019attribuer de qualit\u00e9s imaginaires. Tu d\u00e9montres d\u00e9j\u00e0 beaucoup. Que de d\u00e9vouement et d\u2019amiti\u00e9, et plus encore. C\u2019est que, vois-tu, je me suis tant m\u00e9fi\u00e9 des femmes. Et puis toujours (vu les exp\u00e9riences) que je n\u2019arrivais pas \u00e0 imaginer qu\u2019on puisse m\u2019aimer de fa\u00e7on d\u00e9sint\u00e9ress\u00e9e. C&rsquo;est-\u00e0-dire, en dehors de l\u2019argent ou du plaisir. Il faut que ce soit toi qui fasses mentir toutes les autres. On te sent vraiment accroch\u00e9e par quelque chose de plus haut que l\u2019int\u00e9r\u00eat physique. C\u2019est reposant.<\/p>\n<p style=\"text-align: justify;\">Voici que je re\u00e7ois illico ta lettre de vendredi. Bravo pour <em>E de R<\/em>. Je te parlerai bient\u00f4t d\u2019un nouveau travail. J\u2019esp\u00e8re cette fois que le parloir nous r\u00e9unira jeudi. Il y a des plaisanteries qu\u2019il ne faut pas prolonger.<\/p>\n<p style=\"text-align: justify;\">Le colis est parfait, et les fleurs bienvenues. Merci pour le th\u00e9. Et pour tout.<\/p>\n<h1 style=\"text-align: justify;\"><u>19h<\/u>.<\/h1>\n<p style=\"text-align: justify;\">Je viens de relire <em>Fid\u00e8le<\/em>. Cela me semble bien pu\u00e9ril. \u00c9crit platement. Atmosph\u00e8re assez jolie. Laisse impression de fra\u00eecheur. Mais c\u2019est mi\u00e8vre. Il y aurait un gros travail \u00e0 faire dessus pour que le bouquin puisse \u00eatre viable. Quoique, \u00e0 la r\u00e9flexion, il n\u2019y ait qu\u2019\u00e0 roder un peu les descriptions, \u00e9laguer les adjectifs et redresser la niaiserie.<\/p>\n<p style=\"text-align: justify;\">Ce qui est navrant, c\u2019est qu\u2019\u00e0 quelques ann\u00e9es de distance, on n\u2019appr\u00e9cie plus du tout ce qu\u2019on a \u00e9crit. On est toujours oblig\u00e9 de se d\u00e9passer, de sorte que notre propre prose devient pour nous t\u00e9moignage d\u2019erreur ou \u00e9tape m\u00e9diocre. Et pourtant, il semble aussi que, si nous avons con\u00e7u, \u00e0 ce moment, une certaine v\u00e9rit\u00e9, ce travail en soit utile pour ceux qui suivent le m\u00eame chemin. Les \u0153uvres des po\u00e8tes sont des jalons. Beaucoup s\u2019effritent tr\u00e8s vite parce qu\u2019\u00e9difi\u00e9es d\u2019un souffle personnel. Seul subsiste la beaut\u00e9 parfaite, l\u2019intelligence intuitive illimit\u00e9e. C\u2019est bien rare.<\/p>\n<p style=\"text-align: justify;\">Quelquefois aussi on met des ann\u00e9es pour faire un enfant, un monstre litt\u00e9raire. Et puis l\u2019enfant meurt, ou grandit. Mais la conception est quelquefois tr\u00e8s lente. La formation exige plusieurs ann\u00e9es et l\u2019on rode l\u2019animal avec une patience qui exige un effort quasi surhumain.<\/p>\n<p style=\"text-align: justify;\">Je ne peux plus travailler qu\u2019\u00e0 l\u2019extr\u00eame ralenti. Ces derniers jours surtout. Il faut surmonter une foule d\u2019arguments terribles, dont le premier est une sorte de d\u00e9sespoir humain d\u2019avoir toujours tout \u00e0 recommencer pour r\u00e9tablir son \u00e9quilibre le plus haut, et surtout de ne pas poss\u00e9der la puret\u00e9 et l\u2019\u00e9nergie qu\u2019il faut pour r\u00e9aliser son id\u00e9al entier. Que ne sommes nous au point de l\u2019absolu d\u00e9sint\u00e9ressement\u00a0! Du travail parfait, inspir\u00e9, soutenu par une pr\u00e9sence continuelle. On a de plus en plus des milliers de liens \u00e0 rompre, comme si tout \u00e0 coup, un homme, qui jusqu\u2019alors se croyait li\u00e9 \u00e0 la terre par les quelques plan\u00e8tes visibles et les quelques centaines d\u2019\u00e9toiles du ciel que nous voyons habituellement, d\u00e9couvrait que des millions et des milliards d\u2019astres l\u2019entourent qui exercent sur lui une pression de tous les instants. On se sent prisonnier d\u2019un syst\u00e8me g\u00e9ant. Pour le rompre, il faut porter sa conscience \u00e0 bout de bras, au-del\u00e0 du monde. Quand le Christ disait\u00a0: <em>prends courage, j\u2019ai vaincu le monde<\/em>, il voulait dire\u00a0: <em>j\u2019ai tu\u00e9 l\u2019humain en moi.<\/em> Je n\u2019ai plus conscience d\u2019autre chose que d\u2019un principe divin. Je ne me reconnais plus comme \u00e9tant un individu de chair. L\u2019Esprit m\u2019a p\u00e9n\u00e9tr\u00e9 compl\u00e8tement. Il s\u2019exprime parfaitement par toute m\u2019a conscience illumin\u00e9e.<\/p>\n<p style=\"text-align: justify;\">D\u00e8s lors, il perdait poids et chagrin, douleur et plaisir, d\u00e9mon et ambition. Ce qu\u2019il nous faut. Je parle s\u00e9rieusement.<\/p>\n<p style=\"text-align: justify;\">L\u2019exp\u00e9rience faite ici aura eu des c\u00f4t\u00e9s tr\u00e8s durs. La souffrance est une bonne chose quand elle nous r\u00e9veille de nos passions morbides. Je suis oblig\u00e9 en ce moment de me battre avec un serpent de taille. Peut-\u00eatre celui du Paradis Terrestre. Adam n\u2019\u00e9tait pas du tout satisfait d\u2019avoir perdu une c\u00f4te pendant un sommeil idiot. Il me faut toute ma force la plus vive pour \u00e9chapper au gouffre d\u2019un ennui qui, au fond dure depuis l\u2019enfance, et qui s\u2019est r\u00e9veill\u00e9, pour quelques heures seulement, au souffle du printemps. D\u00e8s que je pense au monde ext\u00e9rieur ma pens\u00e9e d\u00e9gringole dans l\u2019ab\u00eeme, comme si l\u2019on tombait du haut d\u2019un glacier. Heureusement, pour ceux qui prient, la neige est molle.<\/p>\n<p style=\"text-align: justify;\">Je t\u2019embrasse petite ch\u00e9rie. Tu \u00e9cris tr\u00e8s bien tout ce qu\u2019il faut. Et l\u2019on devine entre les lignes tout ce que tu penses de bon.<\/p>\n<p style=\"text-align: justify;\">Veux-tu bien me mettre encore dans le prochain colis une vingtaine de feuilles de papier blanc mais parmi celles-ci glisses-en quelques unes de papier pelure tr\u00e8s l\u00e9ger, quoique possible \u00e0 utiliser pour la plume. On t\u2019embrasse mille fois.<\/p>\n<p style=\"text-align: justify;\">J.<\/p>\n<p style=\"text-align: justify;\">Et le Fr\u00e9d\u00e9ric bien s\u00fbr. Il a toute mon affection.<\/p>\n","protected":false},"excerpt":{"rendered":"<p>\u00a0 Dimanche 23 mai 1948 Ma ch\u00e9rie, J\u2019ai eu deux bonnes lettres de toi cette semaine, et pleines de substance. Bravo\u00a0! Quelques mots seulement r\u00e9jouissent, font que l\u2019esprit se repose sur des r\u00e9alit\u00e9s pr\u00e9cises, nous unissent dans la m\u00eame marche. &hellip; <a href=\"https:\/\/monperejeanmamy.fr\/?page_id=2628\">Continuer la lecture <span class=\"meta-nav\">&rarr;<\/span><\/a><\/p>\n","protected":false},"author":2,"featured_media":11,"parent":0,"menu_order":0,"comment_status":"closed","ping_status":"closed","template":"","meta":[],"folder":[],"_links":{"self":[{"href":"https:\/\/monperejeanmamy.fr\/index.php?rest_route=\/wp\/v2\/pages\/2628"}],"collection":[{"href":"https:\/\/monperejeanmamy.fr\/index.php?rest_route=\/wp\/v2\/pages"}],"about":[{"href":"https:\/\/monperejeanmamy.fr\/index.php?rest_route=\/wp\/v2\/types\/page"}],"author":[{"embeddable":true,"href":"https:\/\/monperejeanmamy.fr\/index.php?rest_route=\/wp\/v2\/users\/2"}],"replies":[{"embeddable":true,"href":"https:\/\/monperejeanmamy.fr\/index.php?rest_route=%2Fwp%2Fv2%2Fcomments&post=2628"}],"version-history":[{"count":3,"href":"https:\/\/monperejeanmamy.fr\/index.php?rest_route=\/wp\/v2\/pages\/2628\/revisions"}],"predecessor-version":[{"id":2637,"href":"https:\/\/monperejeanmamy.fr\/index.php?rest_route=\/wp\/v2\/pages\/2628\/revisions\/2637"}],"wp:featuredmedia":[{"embeddable":true,"href":"https:\/\/monperejeanmamy.fr\/index.php?rest_route=\/wp\/v2\/media\/11"}],"wp:attachment":[{"href":"https:\/\/monperejeanmamy.fr\/index.php?rest_route=%2Fwp%2Fv2%2Fmedia&parent=2628"}],"wp:term":[{"taxonomy":"folder","embeddable":true,"href":"https:\/\/monperejeanmamy.fr\/index.php?rest_route=%2Fwp%2Fv2%2Ffolder&post=2628"}],"curies":[{"name":"wp","href":"https:\/\/api.w.org\/{rel}","templated":true}]}}