{"id":2638,"date":"2021-05-14T10:20:58","date_gmt":"2021-05-14T08:20:58","guid":{"rendered":"http:\/\/monperejeanmamy.fr\/?page_id=2638"},"modified":"2024-01-23T10:46:53","modified_gmt":"2024-01-23T09:46:53","slug":"jm-a-jr-fresnes-48-06-05","status":"publish","type":"page","link":"https:\/\/monperejeanmamy.fr\/?page_id=2638","title":{"rendered":"JM \u00e0 JR (Fresnes 48\/06\/05)"},"content":{"rendered":"<p><strong>\u00a0<\/strong><a href=\"http:\/\/monperejeanmamy.fr\/?page_id=2634\"><img loading=\"lazy\" class=\"wp-image-1352 alignleft\" src=\"http:\/\/monperejeanmamy.fr\/wp-content\/uploads\/2021\/03\/Lettre-precedente.jpg\" alt=\"\" width=\"143\" height=\"78\" \/><\/a><a href=\"http:\/\/monperejeanmamy.fr\/?page_id=2643\"><img loading=\"lazy\" class=\"alignright wp-image-1353\" src=\"http:\/\/monperejeanmamy.fr\/wp-content\/uploads\/2021\/03\/Lettre-suivante.jpg\" alt=\"\" width=\"139\" height=\"76\" \/><\/a><\/p>\n<p style=\"text-align: center;\"><strong>Samedi 5 juin<\/strong><strong> 1948<br \/>\n<\/strong><\/p>\n<p style=\"text-align: center;\">Ma petite fille ch\u00e9rie,<\/p>\n<p style=\"text-align: justify;\">Mon co\u00e9quipier me montre ce soir une lettre de son avocat (qui se m\u00eale de Dieu sait quoi) o\u00f9 il rapporte un propos du pr\u00e9sident D. qui lui aurait confi\u00e9 que l\u2019affaire serait maintenant termin\u00e9e et qu\u2019elle passerait d\u00e9but juillet. Je crois que tout cela est inexact (veux-tu bien le v\u00e9rifier).<\/p>\n<ol>\n<li style=\"text-align: justify;\">Floriot m\u2019aurait pr\u00e9venu<\/li>\n<li style=\"text-align: justify;\">le dossier me semble \u00eatre encore \u00e0 l\u2019instruction.<\/li>\n<li style=\"text-align: justify;\">le commissaire du gouvernement, me dit-on, n\u2019est pas libre en juillet.<\/li>\n<\/ol>\n<p style=\"text-align: justify;\">Je crois que D. a voulu se d\u00e9barrasser d\u2019un avocat importun. De plus toutes les dates sont prises au d\u00e9but juillet et on n\u2019aurait pas manqu\u00e9 de me faire savoir quelque chose. Veux-tu t\u00e9l\u00e9phoner \u00e0 ton amie pour savoir si elle est au courant. S\u2019il y a quelque chose agir en cons\u00e9quence, tu sais comment.<\/p>\n<p style=\"text-align: justify;\">A part cela, tout va bien. On travaille. Donc tout est parfait.<\/p>\n<p style=\"text-align: justify;\">Plus je r\u00e9fl\u00e9chis, plus je pense que l\u2019histoire ci-dessus est stupide. Je vais donc dormir des plus tranquilles. Du reste, s\u2019il y avait eu quoi que ce soit tu m\u2019aurais envoy\u00e9 un pneu. N\u2019ayant rien re\u00e7u, je conclus qu\u2019il n\u2019y a rien. Et puis, les interrogatoires ne sont pas termin\u00e9s. Il me semble que tout cela est concluant. Bonne nuit donc, ma petite fille. Je te souhaite une des meilleures soir\u00e9es de printemps. Il fait doux. Et si ce n\u2019\u00e9tait de stupides sonneries de trompettes (j\u2019ai horreur de certaines musiques militaires si b\u00eates, si animales), le calme serait parfait. Tu es sans doute en train de bercer le Fr\u00e9d\u00e9ric avec des histoires. Mais cette semaine tu ne m\u2019as pas racont\u00e9 grand-chose.<\/p>\n<p style=\"text-align: justify;\">Pourquoi tire-t-on le feu d\u2019artifice le 5 juin ? C\u2019est vrai, on n\u2019y pensait plus. Il parait que certains sont victorieux. Qui s\u2019en douterait encore ? Les journaux parlent ouvertement de reconstruction de l\u2019Allemagne, voire m\u00eame d\u2019alliance franco-allemande contre les Soviets (en toutes lettres dans l\u2019<em>Intran <a href=\"#_ftn1\" name=\"_ftnref1\"><strong>[1]<\/strong><\/a><\/em>). C\u2019\u00e9tait pas la peine\u2026 Moi, je ris.<\/p>\n<p style=\"text-align: justify;\">D\u2019autre part on vient chercher dans les prisons parmi les condamn\u00e9s des gars pour l\u2019Indochine. Ceux qu\u2019on ne juge pas dignes de faire des citoyens sont bons pour faire des soldats. Bizarre. Et on les maintient dans leurs grades ! Voici qu\u2019ils ne sont plus des tra\u00eetres. Comme tout tourne vite. Encore quelque temps et l\u2019on nous f\u00e9licitera. Les m\u00eames qui nous condamnaient. On me cite le cas d\u2019un pr\u00e9sident de cour qui, rencontrant chez une amie une de ses victimes, depuis graci\u00e9e, s\u2019empressa de lui serrer chaleureusement la main. Vous comprenez\u2026 Nous \u00e9tions forc\u00e9s !&#8230; On parle de r\u00e9habiliter certains fusill\u00e9s.<\/p>\n<p style=\"text-align: justify;\">Enfin\u00a0! Tout \u00e7a n\u2019a gu\u00e8re d\u2019importance. Puisque tout sera fini bient\u00f4t. Encore un effort.<\/p>\n<p style=\"text-align: justify;\">Je t\u2019embrasse. Bonne nuit.<\/p>\n<h1 style=\"text-align: justify;\"><u>Lundi soir<\/u>.<\/h1>\n<p style=\"text-align: justify;\">J\u2019ai re\u00e7u ta bonne lettre tout \u00e0 l\u2019heure. C\u2019est aussi ce que je pense. Mais tu me confirmes mes impressions. J\u2019ai envoy\u00e9 un pneu \u00e0 Flo. pour le tenir au courant. Attendons.<\/p>\n<p style=\"text-align: justify;\">Figure-toi que, pris par un bouquin passionnant de J. Valtin <a href=\"#_ftn2\" name=\"_ftnref2\">[2]<\/a>, j\u2019avais quasiment oubli\u00e9 ma lettre. Et j\u2019entends les bruits de clefs et les gardiens qui ferment la lumi\u00e8re (veux-tu bien m\u2019envoyer encore une bougie. Nous n\u2019avons pas toujours le temps de tout terminer).<\/p>\n<p style=\"text-align: justify;\">Le colis est parfait. Tout va bien.<\/p>\n<p style=\"text-align: justify;\">Il y a dans le bouquin que je lis une fille charmante qui suit aveugl\u00e9ment un militant r\u00e9volutionnaire. On pense \u00e0 des co\u00efncidences. Il y a des acharn\u00e9s de la contre-r\u00e9volution qui voudraient aussi entra\u00eener derri\u00e8re eux leur compagne amoureuse. Heureusement quelquefois qu\u2019avec beaucoup de bon sens les petites filles savent opposer aux enrag\u00e9s de simples histoires de m\u00e8res de famille. Moi, je ne m\u2019occupe pas de politique. Bravo. C\u2019est d\u00e9j\u00e0 bien suffisant que le m\u00e2le soit tomb\u00e9 dans le panneau.<\/p>\n<p style=\"text-align: justify;\">Je suis en train de relire de plus en plus, Eschyle. Arriverai-je \u00e0 d\u00e9marrer mon deuxi\u00e8me acte. J\u2019ai r\u00e9\u00e9crit enti\u00e8rement <em>Empyr\u00e9e<\/em>. Peut-\u00eatre en arriverai-je \u00e0 composer un trait\u00e9 d\u2019esth\u00e9tique\u00a0! Nous ne parlerons plus que peinture et po\u00e9sie.<\/p>\n<p style=\"text-align: justify;\">Tu ne m\u2019\u00e9cris plus du tout. Et les photos\u00a0? Je vis depuis douze mois avec trois images. J\u2019ai besoin de regarder des boucles et des yeux. Le mur de la cellule est tr\u00e8s joli, mais il me faut autre chose, de temps en temps.<\/p>\n<p style=\"text-align: justify;\">Au fond, il se peut qu\u2019un de ces jours j\u2019ai envie de revivre un peu dehors. Puisque les \u00e9v\u00e8nements tournent si vite que nous allons appara\u00eetre comme des esprits pr\u00e9voyants, nous aurons encore quelques mois \u00e0 vivre au milieu de cette foule ab\u00eatie. Tout n\u2019est pas perdu, loin de l\u00e0. Voil\u00e0 trois ans \u00bd que je dis que ce sont les autres qui se sont tromp\u00e9s. On y arrive.<\/p>\n<p style=\"text-align: justify;\">Tu vois les accords de Londres. Demain l\u2019Europe sera faite autour de qui\u00a0? Encore un an de travail au moins et toutes les positions politiques sont reconquises.<\/p>\n<p style=\"text-align: justify;\">Tant crie-t-on No\u00ebl qu\u2019il vient\u00a0! Il viendra pour s\u00fbr. Je le vois d\u2019ici.<a href=\"#_ftn3\" name=\"_ftnref3\">[3]<\/a><\/p>\n<p style=\"text-align: justify;\">Je t\u2019ai \u00e9crit aujourd\u2019hui d\u2019une \u00e9criture si fine que ma lettre vaut bien deux pages. Et puis je suis dans un de ces jours o\u00f9 je n\u2019ai rien \u00e0 \u00e9crire, sauf des choses qu\u2019on ne peut pas raconter par lettre. Elles te rempliraient d\u2019aise, ces pens\u00e9es pures et affectueuses. Elles t\u2019emp\u00eacheraient de dormir.<\/p>\n<p style=\"text-align: justify;\">Je te serre fort contre moi. Parce que \u00e7a te fait plaisir naturellement. Et \u00e0 moi aussi. Mes gros baisers au Fr\u00e9d\u00e9ric. Pour toi je t\u2019en accorde les mille demand\u00e9s plus les impr\u00e9vus. Bonsoir ma ch\u00e9rie. Nous dormirons bien tous les deux.<\/p>\n<p style=\"text-align: justify;\">J.<\/p>\n<p style=\"text-align: justify;\">PS. Veux-tu bien t\u00e9l\u00e9phoner d\u2019urgence \u00e0 mon ami G\u00e9ranton, 8 avenue Th\u00e9ophile Gautier, AUT 69 78. Il est avocat conseil. Peut-\u00eatre peut-il \u00eatre utile. C\u2019est le fr\u00e8re de l\u2019avocat \u00e0 la cour. Il \u00e9tait en cellule avec moi et vient d\u2019\u00eatre lib\u00e9r\u00e9 de Mauzac <a href=\"#_ftn4\" name=\"_ftnref4\">[4]<\/a>. Dis-lui que j\u2019ai bien re\u00e7u sa lettre. Que je lui envoie toutes mes amiti\u00e9s. Explique-lui en d\u00e9tail la situation. Peut-\u00eatre m\u00eame te donnera-t-il rendez-vous au Palais. Il est tr\u00e8s gentil et d\u00e9vou\u00e9. Vois si tu peux l\u2019utiliser pour une quelconque d\u00e9marche. Tu sais bien tout ce qu\u2019il faut. Il est l\u2019ami de Leroy (mon nouvel avocat). Nous \u00e9tions ensemble en cellule avec Phil (tu vois qu\u2019on en sort). Il aura peut-\u00eatre des tuyaux \u00e0 te donner.<\/p>\n<p style=\"text-align: justify;\">Re-baisers. Je t\u2019aime beaucoup. Pour des tas de raisons. Tr\u00e8s confiance. Ferme les yeux. Tout va tr\u00e8s bien.<\/p>\n<p style=\"text-align: justify;\">J.<\/p>\n<p style=\"text-align: justify;\"><a href=\"#_ftnref1\" name=\"_ftn1\">[1]<\/a> <em>L\u2019Intran<\/em>\u00a0: abr\u00e9g\u00e9 du titre du quotidien <em>Paris-Presse L\u2019Intransigeant<br \/>\n<\/em><a href=\"#_ftnref2\" name=\"_ftn2\">[2]<\/a> Probablement <em>Sans patrie, ni fronti\u00e8res<\/em> de Jan Valtin, pseudonyme de Richard Julius Hermann Krebs, communiste allemand et agent sovi\u00e9tique durant l&rsquo;entre-deux-guerres. Arr\u00eat\u00e9 par la Gestapo en novembre 1933, il est tortur\u00e9, ne parle pas, est condamn\u00e9 \u00e0 13 ans de prison et est enferm\u00e9 au camp de Fuhlsb\u00fcttel. Il re\u00e7oit l&rsquo;ordre du Komintern de se mettre au service de la Gestapo qu&rsquo;il parvient \u00e0 convaincre de sa conversion au nazisme. Il est envoy\u00e9 en 1937 en mission \u00e0 Copenhague qui est un foyer communiste important. Il demande alors \u00e0 ses camarades du parti d&rsquo;organiser une mission pour lib\u00e9rer sa femme -\u00e9galement membre du Parti- et son jeune fils retenus en otage en Allemagne. Face \u00e0 ce refus, il se rebelle et est mis en accusation par l&rsquo;organisation du Parti. Apr\u00e8s jugement, il est d\u00e9cid\u00e9 qu&rsquo;il sera envoy\u00e9 \u00e0 Moscou. Anticipant le sort qui l&rsquo;attend, il parvient \u00e0 s&rsquo;\u00e9vader. Pourchass\u00e9 autant par le NKVD que la Gestapo, il parvient \u00e0 rejoindre les \u00c9tats-Unis. Les Russes ayant fait savoir que Valtin \u00e9tait leur agent au sein de la Gestapo, sa femme meurt dans une prison nazie fin 1938 et son fils est enr\u00f4l\u00e9 dans les jeunesses hitl\u00e9riennes. Il parvient \u00e0 rejoindre les \u00c9tats-Unis et s&rsquo;engage dans l&rsquo;Arm\u00e9e am\u00e9ricaine pour combattre dans la guerre du Pacifique.<br \/>\n<em>Out of the Night<\/em>, son autobiographie de 1941, publi\u00e9e en France en 1947 sous le titre <em>Sans patrie ni fronti\u00e8res<\/em>, connut un grand \u00e9cho. Elle a fait l&rsquo;objet de nombreuses v\u00e9rifications qui \u00e9tablissent qu&rsquo;une partie du personnage de Jan Valtin ne correspond pas \u00e0 la vie effective de Richard Krebs.<br \/>\n<a href=\"#_ftnref3\" name=\"_ftn3\">[3]<\/a> Vision tragique puisque ce sera ce 24 d\u00e9cembre 1948 que Jean Mamy sera condamn\u00e9 \u00e0 mort\u00a0!!!<br \/>\n<a href=\"#_ftnref4\" name=\"_ftn4\">[4]<\/a> Le centre de d\u00e9tention de Mauzac est une prison fran\u00e7aise situ\u00e9e dans le d\u00e9partement de la Dordogne. Le 7 juin 1944, la prison passe sous le contr\u00f4le de L\u00e9on Cerisier, chef de maquis de l\u2019Arm\u00e9e Secr\u00e8te. \u00c0 la Lib\u00e9ration, Mauzac devient une prison de l\u2019\u00e9puration. Le mois de mai 1946 marque un pic avec 1 740 d\u00e9tenus, hommes et femmes r\u00e9partis dans les camps nord et sud. Le 2 mai 1945, la prison militaire de Mauzac cesse d\u2019exister en tant que telle : terrains et b\u00e2timents passent sous contr\u00f4le du minist\u00e8re de la Justice.<\/p>\n","protected":false},"excerpt":{"rendered":"<p>\u00a0 Samedi 5 juin 1948 Ma petite fille ch\u00e9rie, Mon co\u00e9quipier me montre ce soir une lettre de son avocat (qui se m\u00eale de Dieu sait quoi) o\u00f9 il rapporte un propos du pr\u00e9sident D. qui lui aurait confi\u00e9 que &hellip; <a href=\"https:\/\/monperejeanmamy.fr\/?page_id=2638\">Continuer la lecture <span class=\"meta-nav\">&rarr;<\/span><\/a><\/p>\n","protected":false},"author":2,"featured_media":11,"parent":0,"menu_order":0,"comment_status":"closed","ping_status":"closed","template":"","meta":[],"folder":[],"_links":{"self":[{"href":"https:\/\/monperejeanmamy.fr\/index.php?rest_route=\/wp\/v2\/pages\/2638"}],"collection":[{"href":"https:\/\/monperejeanmamy.fr\/index.php?rest_route=\/wp\/v2\/pages"}],"about":[{"href":"https:\/\/monperejeanmamy.fr\/index.php?rest_route=\/wp\/v2\/types\/page"}],"author":[{"embeddable":true,"href":"https:\/\/monperejeanmamy.fr\/index.php?rest_route=\/wp\/v2\/users\/2"}],"replies":[{"embeddable":true,"href":"https:\/\/monperejeanmamy.fr\/index.php?rest_route=%2Fwp%2Fv2%2Fcomments&post=2638"}],"version-history":[{"count":4,"href":"https:\/\/monperejeanmamy.fr\/index.php?rest_route=\/wp\/v2\/pages\/2638\/revisions"}],"predecessor-version":[{"id":3277,"href":"https:\/\/monperejeanmamy.fr\/index.php?rest_route=\/wp\/v2\/pages\/2638\/revisions\/3277"}],"wp:featuredmedia":[{"embeddable":true,"href":"https:\/\/monperejeanmamy.fr\/index.php?rest_route=\/wp\/v2\/media\/11"}],"wp:attachment":[{"href":"https:\/\/monperejeanmamy.fr\/index.php?rest_route=%2Fwp%2Fv2%2Fmedia&parent=2638"}],"wp:term":[{"taxonomy":"folder","embeddable":true,"href":"https:\/\/monperejeanmamy.fr\/index.php?rest_route=%2Fwp%2Fv2%2Ffolder&post=2638"}],"curies":[{"name":"wp","href":"https:\/\/api.w.org\/{rel}","templated":true}]}}