{"id":2643,"date":"2021-05-15T10:56:34","date_gmt":"2021-05-15T08:56:34","guid":{"rendered":"http:\/\/monperejeanmamy.fr\/?page_id=2643"},"modified":"2021-05-15T14:17:06","modified_gmt":"2021-05-15T12:17:06","slug":"jm-a-jr-fresnes-48-06-13","status":"publish","type":"page","link":"https:\/\/monperejeanmamy.fr\/?page_id=2643","title":{"rendered":"JM \u00e0 JR (Fresnes 48\/06\/13)"},"content":{"rendered":"<p><strong>\u00a0 \u00a0 \u00a0\u00a0 <\/strong><a href=\"http:\/\/monperejeanmamy.fr\/?page_id=2638\"><img loading=\"lazy\" class=\"wp-image-1352 alignleft\" src=\"http:\/\/monperejeanmamy.fr\/wp-content\/uploads\/2021\/03\/Lettre-precedente.jpg\" alt=\"\" width=\"143\" height=\"78\" \/><\/a><a href=\"http:\/\/monperejeanmamy.fr\/?page_id=2647\"><img loading=\"lazy\" class=\"alignright wp-image-1353\" src=\"http:\/\/monperejeanmamy.fr\/wp-content\/uploads\/2021\/03\/Lettre-suivante.jpg\" alt=\"\" width=\"139\" height=\"76\" \/><\/a><\/p>\n<p style=\"text-align: center;\"><strong>Dimanche 13 juin<\/strong><strong> 1948<br \/>\n<\/strong><\/p>\n<p style=\"text-align: center;\">Ma ch\u00e9rie,<\/p>\n<p style=\"text-align: justify;\">Bien s\u00fbr que non je ne t\u2019en veux pas de ne pas m\u2019\u00e9crire trop. Je sais que tu as beaucoup de travail et rien que pour moi tu dois perdre au moins une grande journ\u00e9e par semaine. Tu es trop gentille de me dire que \u00e7a te fait plaisir. Je sais combien la vie est exigeante, quels efforts il faut faire pour r\u00e9pondre \u00e0 tous les besoins, et je pense, voyant toute ton activit\u00e9 que ma petite Jeannette a bien du m\u00e9rite. Plus encore, qu\u2019elle est une compagne si d\u00e9vou\u00e9e, une amie si affectueuse, une femme si fid\u00e8le, si spontan\u00e9e dans son comportement utile que je ne saurais que lui t\u00e9moigner davantage d\u2019affection tendre, de reconnaissance profonde. Perle rare, on ne te fera pas trop de compliments, mais on sait penser \u00e0 toi si fort qu\u2019il faut bien que tu sois toute p\u00e9n\u00e9tr\u00e9e de paix, toute tranquille d\u2019amour.<\/p>\n<p style=\"text-align: justify;\">On aime les gens pour ce qu\u2019ils vous donnent et pour ce qu\u2019on leur donne. Il faut croire que l\u2019un et l\u2019autre nous n\u2019entretenons pas trop mal notre jardin. En pensant \u00e0 toi je suis heureux comme tout. C\u2019est bien le signe d\u2019une exp\u00e9rience pure. Il n\u2019ya pas de nuage dans tes yeux. Il n\u2019y a pas de limites dans ma joie.<\/p>\n<p style=\"text-align: justify;\">J\u2019ai fini un gros bouquin sur les aventures d\u2019un militant international dans toutes les parties du monde. C\u2019est passionnant. Absolument effarant. Comme on comprend de mieux en mieux qu\u2019on avait raison. Peut-\u00eatre aurait-on pu \u00eatre un peu plus prudent dans nos actes. Mais les motifs\u00a0! Tout justifie notre r\u00e9action comme les crimes commis contre l\u2019occident Chr\u00e9tien. Je me sens de plus en plus h\u00e9ritier d\u2019une tradition valeureuse. Il a fallu des si\u00e8cles pour \u00e9difier une soci\u00e9t\u00e9 acceptable que les \u00e9ternels ennemis de toute transcendance s\u2019acharnent \u00e0 jeter bas. D\u2019o\u00f9 notre combat. Il faut aller jusqu\u2019au bout.<\/p>\n<p style=\"text-align: justify;\">J\u2019ai re\u00e7u tous apaisements de Flo. et d\u2019ailleurs. Nous vivons donc tranquillement jusqu\u2019\u00e0 l\u2019automne. On t\u2019avait \u00e0 la fois bien et mal renseign\u00e9e sur les cours et les tribunaux militaires. La Chambre n\u2019a pas accept\u00e9. Mais d\u2019ici l\u00e0 il peut y avoir beaucoup d\u2019\u00e9v\u00e8nements. L\u2019\u00e9t\u00e9 ne se passera pas sans incidents. En tous cas, en octobre, les \u00e9lections seront d\u00e9cisives. Sinon, c\u2019est \u00e0 d\u00e9sesp\u00e9rer de ce pays. Mais j\u2019ai confiance en cette Providence qui jusqu\u2019ici nous a prot\u00e9g\u00e9s parce que nous avons \u00e9t\u00e9 fid\u00e8les.<\/p>\n<p style=\"text-align: justify;\">J\u2019attends toujours les photos. Je voudrais bien voir ma petite fille ch\u00e9rie sous d\u2019autres angles que ceux de l\u2019an dernier. Penses-y un jour. Et le Fr\u00e9d\u00e9ric\u00a0?<\/p>\n<p style=\"text-align: justify;\">Tout ce que tu me dis sur lui m\u2019int\u00e9resse et me ravit. Cette fa\u00e7on de r\u00e9sister \u00e0 l\u2019extr\u00eame sensibilit\u00e9 habituelle des enfants, ce refus de la pleurnicherie, cette allure martiale. On me dit qu\u2019il a bon c\u0153ur et qu\u2019il partage tout. Bravo\u00a0! On me dit aussi qu\u2019il m\u00e8ne sa maman par le bout du nez. Mais ce nez est si joli. Je l\u2019embrasse le nez. Et le Fr\u00e9d\u00e9ric aussi.<\/p>\n<p style=\"text-align: justify;\">\u00c0 demain ma petite fille. Je vais penser \u00e0 toi comme \u00e0 un ange toujours pr\u00e9sent.<\/p>\n<h1 style=\"text-align: justify;\"><u>Lundi<\/u>.<\/h1>\n<p style=\"text-align: justify;\">J\u2019ai tout bien re\u00e7u\u00a0: colis et lettre. Et la lettre me fait autant plaisir que le colis. Car la nourriture mentale est indispensable. Nous avons besoin de savoir qu\u2019on bouge autour de nous, en pensant \u00e0 nous, en construisant avec nous. Es-ce que la patience creuse, augmente, fortifie l\u2019amour\u00a0? Bien s\u00fbr\u00a0! Des \u00e9preuves comme celles l\u00e0 sont b\u00e9n\u00e9fiques. C\u2019est l\u00e0 o\u00f9 on distingue entre ce qui est solide et ce qui n\u2019est que fiable, entre le vrai et l\u2019\u00e9ph\u00e9m\u00e8re. Quand un acier n\u2019est pas tremp\u00e9, il est fragile. Crois-tu que nous aurons \u00e9t\u00e9 assez \u00e9prouv\u00e9s\u00a0?<\/p>\n<p style=\"text-align: justify;\">Je te sens toute mienne. Et si d\u00e9sireuse de vivre en communaut\u00e9 d\u2019affection.<\/p>\n<p style=\"text-align: justify;\">Tu as bien fait d\u2019aller te distraire au th\u00e9\u00e2tre. Tout ce que tu fais est tr\u00e8s bien. Je n\u2019ai jamais vu de mal en toi (sauf quand tu te mets en col\u00e8re dans la cage. Mais c\u2019est si joli).<\/p>\n<p style=\"text-align: justify;\">Voici que la pluie recommence. Il a fait hier un orage terrible, au point que ce soir tout le pays est priv\u00e9 d\u2019eau, les canalisations ayant saut\u00e9. Ce qui est curieux, c\u2019est l\u2019habilet\u00e9 des moineaux \u00e0 s\u2019abriter. D\u00e8s les premi\u00e8res gouttes ils ont gagn\u00e9 les grands arbres ou le dessous du toit d\u2019en face et, en rang\u00e9es, ont attendu que l\u2019averse croule pour ressortir aussit\u00f4t. Il faut croire que la pluie les fait chanter. Tous les matins, sur ma fen\u00eatre, ils font concert jusqu\u2019\u00e0 ce que j\u2019\u00e9miette mon vieux pain. Aussit\u00f4t c\u2019est banquet silencieux, vol\u00e8tements, appels des copains. Ils sont gras\u00a0! Comme un prisonnier que je connais.<\/p>\n<p style=\"text-align: justify;\">D\u00e9cid\u00e9ment la position s\u00e9dentaire ne me vaut rien. J\u2019ai beau m\u2019obstiner \u00e0 ne pas manger de f\u00e9culents, je ne cesse d\u2019engraisser. Il faudra une longue gymnastique pour \u00e9liminer toute cette ob\u00e9sit\u00e9 f\u00e2cheuse. On dit que l\u2019ob\u00e9sit\u00e9 est paresse. Ce n\u2019est pas mon cas. Mais j\u2019avoue que je ne vais jamais \u00e0 la promenade. J\u2019essayerai de mettre le nez dehors par ce beau temps d\u2019\u00e9t\u00e9, et de me rouler au soleil sur une couverture. O\u00f9 est mon Gave de Pau en 1940\u00a0? Six heures de bain de lumi\u00e8re par jour\u00a0! Jamais je n\u2019ai v\u00e9cu aussi tremp\u00e9 de rayons chauds.<\/p>\n<p style=\"text-align: justify;\">On me confirme ici qu\u2019\u00e0 moins de changement de gouvernement (ce qui est possible) les nouveaux jur\u00e9s ne viendront pas en place avant janvier. Il me semble que d\u2019ici l\u00e0 les cours auront termin\u00e9 leur travail. Mais patientons, tout peut \u00e9voluer rapidement. Je t\u2019en parlerai au prochain parloir du jeudi 24 juin. Sais-tu que c\u2019est le jour de ma f\u00eate\u00a0? Tu vois comme tu es privil\u00e9gi\u00e9e\u00a0! Et moi donc\u00a0!<\/p>\n<p style=\"text-align: justify;\">Je me sens ce soir tout charg\u00e9 de b\u00e9n\u00e9dictions. Des bonnes id\u00e9es courent l\u2019air. On t\u00e2chera de les griffonner sur papier pour voir si elle sont papillons \u00e0 conserver. Tu sais que j\u2019ai du travail dans la t\u00eate au moins pour 20 ans. Il parait que ceux qui sortent \u00e9prouvent beaucoup de difficult\u00e9s \u00e0 ne pas se disperser. La lente maturation spirituelle qu\u2019ils ont acquise en prison est terriblement mise \u00e0 l\u2019\u00e9preuve par les tentations du dehors. J\u2019esp\u00e8re ne pas subir ce d\u00e9sordre. Il me faudra une petite chambre, une table, un peu de papier, de l\u2019encre\u2026 et une porte ferm\u00e9e \u00e0 clef du dehors. Tu viendras me d\u00e9livrer au soir. Et encore\u00a0! Qui sait si je ne travaillerai pas jusqu\u2019\u00e0 la minuit, quitte \u00e0 te voir t\u2019endormir sur un bouquin.<\/p>\n<p style=\"text-align: justify;\">On t\u2019embrasse, ch\u00e9rie. J\u2019ai pens\u00e9 tout \u00e0 l\u2019heure \u00e0 la joie \u00e9prouv\u00e9e quand on ouvrait la porte d\u2019un certain rez-de-chauss\u00e9e et qu\u2019on trouvait derri\u00e8re une fille toute \u00e9mue qui fron\u00e7ait le nez\u00a0; \u00ab\u00a0<em>Bonjour\u00a0<\/em>\u00bb. Bonsoir\u00a0? Gros, gros baisers tr\u00e8s tendres.<\/p>\n<p style=\"text-align: justify;\">J.<\/p>\n","protected":false},"excerpt":{"rendered":"<p>\u00a0 \u00a0 \u00a0\u00a0 Dimanche 13 juin 1948 Ma ch\u00e9rie, Bien s\u00fbr que non je ne t\u2019en veux pas de ne pas m\u2019\u00e9crire trop. Je sais que tu as beaucoup de travail et rien que pour moi tu dois perdre au &hellip; <a href=\"https:\/\/monperejeanmamy.fr\/?page_id=2643\">Continuer la lecture <span class=\"meta-nav\">&rarr;<\/span><\/a><\/p>\n","protected":false},"author":2,"featured_media":11,"parent":0,"menu_order":0,"comment_status":"closed","ping_status":"closed","template":"","meta":[],"folder":[],"_links":{"self":[{"href":"https:\/\/monperejeanmamy.fr\/index.php?rest_route=\/wp\/v2\/pages\/2643"}],"collection":[{"href":"https:\/\/monperejeanmamy.fr\/index.php?rest_route=\/wp\/v2\/pages"}],"about":[{"href":"https:\/\/monperejeanmamy.fr\/index.php?rest_route=\/wp\/v2\/types\/page"}],"author":[{"embeddable":true,"href":"https:\/\/monperejeanmamy.fr\/index.php?rest_route=\/wp\/v2\/users\/2"}],"replies":[{"embeddable":true,"href":"https:\/\/monperejeanmamy.fr\/index.php?rest_route=%2Fwp%2Fv2%2Fcomments&post=2643"}],"version-history":[{"count":4,"href":"https:\/\/monperejeanmamy.fr\/index.php?rest_route=\/wp\/v2\/pages\/2643\/revisions"}],"predecessor-version":[{"id":2652,"href":"https:\/\/monperejeanmamy.fr\/index.php?rest_route=\/wp\/v2\/pages\/2643\/revisions\/2652"}],"wp:featuredmedia":[{"embeddable":true,"href":"https:\/\/monperejeanmamy.fr\/index.php?rest_route=\/wp\/v2\/media\/11"}],"wp:attachment":[{"href":"https:\/\/monperejeanmamy.fr\/index.php?rest_route=%2Fwp%2Fv2%2Fmedia&parent=2643"}],"wp:term":[{"taxonomy":"folder","embeddable":true,"href":"https:\/\/monperejeanmamy.fr\/index.php?rest_route=%2Fwp%2Fv2%2Ffolder&post=2643"}],"curies":[{"name":"wp","href":"https:\/\/api.w.org\/{rel}","templated":true}]}}