{"id":2647,"date":"2021-05-15T11:09:56","date_gmt":"2021-05-15T09:09:56","guid":{"rendered":"http:\/\/monperejeanmamy.fr\/?page_id=2647"},"modified":"2021-05-15T14:29:44","modified_gmt":"2021-05-15T12:29:44","slug":"jm-a-jr-fresnes-48-06-20","status":"publish","type":"page","link":"https:\/\/monperejeanmamy.fr\/?page_id=2647","title":{"rendered":"JM \u00e0 JR (Fresnes 48\/06\/20)"},"content":{"rendered":"<p><strong>\u00a0<\/strong><a href=\"http:\/\/monperejeanmamy.fr\/?page_id=2643\"><img loading=\"lazy\" class=\"wp-image-1352 alignleft\" src=\"http:\/\/monperejeanmamy.fr\/wp-content\/uploads\/2021\/03\/Lettre-precedente.jpg\" alt=\"\" width=\"143\" height=\"78\" \/><\/a><a href=\"http:\/\/monperejeanmamy.fr\/?page_id=2653\"><img loading=\"lazy\" class=\"alignright wp-image-1353\" src=\"http:\/\/monperejeanmamy.fr\/wp-content\/uploads\/2021\/03\/Lettre-suivante.jpg\" alt=\"\" width=\"139\" height=\"76\" \/><\/a><\/p>\n<p style=\"text-align: center;\"><strong>Dimanche 20 juin<\/strong><strong> 1948<br \/>\n<\/strong><\/p>\n<p style=\"text-align: center;\">Ma petite fille ch\u00e9rie,<\/p>\n<p style=\"text-align: justify;\">J\u2019ai pens\u00e9 \u00e0 toi longtemps dans la campagne d\u2019aujourd\u2019hui, me disant que l\u2019an prochain \u00e0 pareille \u00e9poque sans aucun doute nous serons ensemble \u00e0 cueillir les fleurs des champs. Remu\u00e9 beaucoup de projets, entre autres celui-ci\u00a0: si l\u2019on habitait la campagne\u00a0? Veaux, cochons, lapins, poules, <em>gentleman farmer<\/em>. Travaux litt\u00e9raires en hiver. Vie au grand air. Muscles. Nourriture abondante. Calme. Paix des champs. Tranquillit\u00e9. Plus de soucis mat\u00e9riels. Possibilit\u00e9s de travail intellectuel abondant parce que lib\u00e9r\u00e9 de l\u2019esclavage des \u00e9diteurs et du public. Qu\u2019en dirais-tu\u00a0? Tu serais fermi\u00e8re-chef. Quelque part en France\u00a0? Ou en Afrique\u00a0? Ou en Am\u00e9rique du Sud\u00a0? Je pense \u00e0 beaucoup de choses car j\u2019ai d\u00e9j\u00e0 des tas de pr\u00e9occupations, comme de propositions. On m\u2019attend un peu partout, me dit-on. Et pour des situations prosp\u00e8res. Mais je voudrais construire l\u2019avenir plus s\u00fbrement. Il me semble que la terre\u2026 est plus pr\u00e8s du ciel que la ville. Sodome et Gomorrhe.<\/p>\n<p style=\"text-align: justify;\">R\u00e9ponds-moi l\u00e0-dessus. Dis-moi aussi si tu consentiras \u00e0 \u00e9tudier la S. Chr\u00e9t. avec moi\u00a0? Sans moi\u00a0? Pour le Fr\u00e9d\u00e9ric\u00a0? Pour tout le monde\u00a0? Est-ce que tu veux devenir une Marie-Madeleine\u00a0? Cr\u00e9ature d\u2019\u00c9vangile\u00a0? Avec travaux m\u00e9nagers\u00a0? Mais surtout spirituels\u00a0? Tout doucement bien s\u00fbr, sans rien forcer, pas \u00e0 pas, sans perdre son sourire, sans vouloir devenir moines, sans quitter les pieds de la route.<\/p>\n<p style=\"text-align: justify;\">Je t\u2019aime infiniment.<\/p>\n<p style=\"text-align: justify;\">Est-ce que j\u2019aime l\u2019id\u00e9e que je me fais de toi. Ou corresponds-tu \u00e0 l\u2019id\u00e9e que je me fais d\u2019une femme parfaitement adapt\u00e9e \u00e0 mon exp\u00e9rience actuelle\u00a0? Je crois que nous nous donnons beaucoup d\u2019affection r\u00e9elle mutuellement. C\u2019est donc n\u00e9cessit\u00e9. Nous nous sommes rencontr\u00e9s au carrefour voulu, et peu \u00e0 peu nous avons compris nos affinit\u00e9s. On te sent si solide. On peut construire en toute tranquillit\u00e9 sur ta petite \u00e2me saine. Je crois trouver le roc quand je pense \u00e0 ton amour.<\/p>\n<p style=\"text-align: justify;\">Tu as un d\u00e9vouement d\u2019acier, une tendresse \u00e0 toute \u00e9preuve. Je t\u2019embrasse mille fois. Le bonheur c\u2019est de se reposer sur l\u2019autre en lui confiant tout de soi. C\u2019est que l\u2019autre vous permette de lui offrir mille richesses intimes. Moi, j\u2019ai des tombereaux d\u2019amour \u00e0 donner, des villes enti\u00e8res. Il me faut construire des palais sur un simple regard profond. Et puis il faut rayonner de tant de bont\u00e9 commune. \u00catre un fleuve de patience. Tu ne peux pas savoir ce qu\u2019il peut sortir de la poitrine d\u2019un homme heureux.<\/p>\n<p style=\"text-align: justify;\">Bonsoir ma petite fille. Tu es tout mon soleil. \u00c7a ne m\u2019\u00e9blouit pas du tout de te regarder \u00e0 fond. La voil\u00e0 bien la lumi\u00e8re qui ne br\u00fble pas. \u00c0 demain. Tendrement.<\/p>\n<h1 style=\"text-align: justify;\"><u>Lundi<\/u>.<\/h1>\n<p style=\"text-align: justify;\">Tout bien re\u00e7u. Colis parfait. Mon co\u00e9quipier me dit que d\u2019apr\u00e8s les renseignements qu\u2019il a provenant du pr\u00e9sident D. notre affaire serait inscrite pour le 18 octobre\u00a0??? Veux-tu te renseigner pour savoir ce qu\u2019il en est. Cela nous donne quatre mois. D\u2019ici l\u00e0, il peut y avoir des \u00e9v\u00e9nements int\u00e9ressants. Est-ce que les \u00e9lections ont lieu avant ou apr\u00e8s\u00a0? Dis-moi tout cela.<\/p>\n<p style=\"text-align: justify;\">Je vais passer l\u2019\u00e9t\u00e9 \u00e0 travailler tranquillement. Et puis, il y a toujours l\u2019impond\u00e9rable. Les dates, m\u00eame prises longtemps \u00e0 l\u2019avance sont quelquefois recul\u00e9es\u2026 Nous avons cela.<\/p>\n<p style=\"text-align: justify;\">On m\u2019a parl\u00e9 d\u2019un bouquin, paru vers 1929 qui m\u2019int\u00e9resserait. Il porte le titre stupide de <em>La Clef des Songes <a href=\"#_ftn1\" name=\"_ftnref1\"><strong>[1]<\/strong><\/a><\/em> mais ne contient pas de th\u00e8se sur les r\u00eaves. Il est \u00e9crit par un\u00a0 polytechnicien dont j\u2019ignore le nom et d\u00e9montre les origines du capitalisme moderne comme devant \u00eatre imput\u00e9es aux Templiers puis \u00e0 des sectes secr\u00e8tes plus ou moins juives pour se terminer par une critique pertinente des m\u00e9thodes financi\u00e8res d\u2019aujourd\u2019hui. Si quelquefois tu pouvais consulter \u00e0 la Biblioth\u00e8que Nationale la fiche (ou bien en parler \u00e0 mon ami libraire de la Place Paul Painlev\u00e9) tu pourrais peut-\u00eatre retrouver l\u2019ouvrage. Il doit \u00eatre de tr\u00e8s peu de valeur marchande. D\u2019autre part, si on ne le trouve pas en librairie, t\u00e2che de savoir l\u2019auteur. Je me renseigne de mon c\u00f4t\u00e9 (voir du c\u00f4t\u00e9 Dorbon <a href=\"#_ftn2\" name=\"_ftnref2\">[2]<\/a>).<\/p>\n<p style=\"text-align: justify;\">Je finis pour mon avocat un travail d\u2019une trentaine de pages qu\u2019il faudra taper assez vite. Tu l\u2019auras d\u00e8s les premiers jours de juillet.<\/p>\n<p style=\"text-align: justify;\">Tes fleurs sont ravissantes. Viens vite jeudi qu\u2019on te parle de tout. Tu me raconteras tout ce que t\u2019a dit Flo.<\/p>\n<p style=\"text-align: justify;\">J\u2019esp\u00e8re que ta journ\u00e9e d\u2019hier a \u00e9t\u00e9 belle. Les miennes sont parfaites. De plus en plus je vis dans la paix retrouv\u00e9e. Je crois d\u00e9cid\u00e9ment que je vais abandonner la politique, tout au moins la basse politique. La haute n\u2019est que jeu litt\u00e9raire ou discussion initiatique. Nous resterons \u00e0 une altitude telle que les contingences ne nous atteindrons plus.<\/p>\n<p style=\"text-align: justify;\">On m\u2019a dit que le prix de la vie devenait exorbitant. Vrai\u00a0? Quelle crise se pr\u00e9pare\u00a0! Je crois que d\u2019ici peu tout sera r\u00e9solu.<\/p>\n<p style=\"text-align: justify;\">Voici que plus qu\u2019hier et bien moins que demain ma tendresse va vers toi. Pourquoi dis-tu que j\u2019\u00e9tais bourru quand je t\u2019attendais derri\u00e8re la porte\u00a0? D\u2019abord les fruits les meilleurs sont ceux dont l\u2019\u00e9corce est la plus rude, les ananas, les figues de Barbarie, les noix et les amoureux prudents. Je mets tr\u00e8s longtemps \u00e0 m\u2019attacher, parce que j\u2019ai \u00e9t\u00e9 \u00e9chaud\u00e9. Et je me m\u00e9fie beaucoup. Sauf quand les yeux sont francs. Nous verrons jeudi. Je t\u2019embrasse infiniment.<\/p>\n<p style=\"text-align: justify;\">J.<\/p>\n<p style=\"text-align: justify;\"><a href=\"#_ftnref1\" name=\"_ftn1\">[1]<\/a> L\u2019auteur est probablement Jean Cassou, \u00e9crivain, r\u00e9sistant, critique d&rsquo;art, traducteur, et po\u00e8te fran\u00e7ais, \u00e9galement directeur-fondateur du Mus\u00e9e national d&rsquo;art moderne de Paris et le premier pr\u00e9sident de l&rsquo;Institut d&rsquo;\u00e9tudes occitanes. Il n\u2019est pas polytechnicien (son p\u00e8re \u00e9tait ing\u00e9nieur des Arts et Manufactures). <em>La Clef des Songes<\/em> de Jean Cassou a \u00e9t\u00e9 publi\u00e9e en 1928.<br \/>\n<a href=\"#_ftnref2\" name=\"_ftn2\">[2]<\/a> Dorbon Fran\u00e7ois Louis dit Dorbon A\u00een\u00e9, libraire et \u00e9diteur. A cr\u00e9e la librairie \u00ab\u00a0Dorbon a\u00een\u00e9\u00a0\u00bb en 1900. En a d\u00e9crit la cr\u00e9ation dans un document non publi\u00e9 \u00ab\u00a0<em>La librairie Dorbon a\u00een\u00e9<\/em>\u00a0\u00bb.<\/p>\n","protected":false},"excerpt":{"rendered":"<p>\u00a0 Dimanche 20 juin 1948 Ma petite fille ch\u00e9rie, J\u2019ai pens\u00e9 \u00e0 toi longtemps dans la campagne d\u2019aujourd\u2019hui, me disant que l\u2019an prochain \u00e0 pareille \u00e9poque sans aucun doute nous serons ensemble \u00e0 cueillir les fleurs des champs. Remu\u00e9 beaucoup &hellip; <a href=\"https:\/\/monperejeanmamy.fr\/?page_id=2647\">Continuer la lecture <span class=\"meta-nav\">&rarr;<\/span><\/a><\/p>\n","protected":false},"author":2,"featured_media":11,"parent":0,"menu_order":0,"comment_status":"closed","ping_status":"closed","template":"","meta":[],"folder":[],"_links":{"self":[{"href":"https:\/\/monperejeanmamy.fr\/index.php?rest_route=\/wp\/v2\/pages\/2647"}],"collection":[{"href":"https:\/\/monperejeanmamy.fr\/index.php?rest_route=\/wp\/v2\/pages"}],"about":[{"href":"https:\/\/monperejeanmamy.fr\/index.php?rest_route=\/wp\/v2\/types\/page"}],"author":[{"embeddable":true,"href":"https:\/\/monperejeanmamy.fr\/index.php?rest_route=\/wp\/v2\/users\/2"}],"replies":[{"embeddable":true,"href":"https:\/\/monperejeanmamy.fr\/index.php?rest_route=%2Fwp%2Fv2%2Fcomments&post=2647"}],"version-history":[{"count":3,"href":"https:\/\/monperejeanmamy.fr\/index.php?rest_route=\/wp\/v2\/pages\/2647\/revisions"}],"predecessor-version":[{"id":2656,"href":"https:\/\/monperejeanmamy.fr\/index.php?rest_route=\/wp\/v2\/pages\/2647\/revisions\/2656"}],"wp:featuredmedia":[{"embeddable":true,"href":"https:\/\/monperejeanmamy.fr\/index.php?rest_route=\/wp\/v2\/media\/11"}],"wp:attachment":[{"href":"https:\/\/monperejeanmamy.fr\/index.php?rest_route=%2Fwp%2Fv2%2Fmedia&parent=2647"}],"wp:term":[{"taxonomy":"folder","embeddable":true,"href":"https:\/\/monperejeanmamy.fr\/index.php?rest_route=%2Fwp%2Fv2%2Ffolder&post=2647"}],"curies":[{"name":"wp","href":"https:\/\/api.w.org\/{rel}","templated":true}]}}