{"id":2657,"date":"2021-05-15T14:31:24","date_gmt":"2021-05-15T12:31:24","guid":{"rendered":"http:\/\/monperejeanmamy.fr\/?page_id=2657"},"modified":"2024-01-23T10:58:56","modified_gmt":"2024-01-23T09:58:56","slug":"jm-a-jr-fresnes-48-07-04","status":"publish","type":"page","link":"https:\/\/monperejeanmamy.fr\/?page_id=2657","title":{"rendered":"JM \u00e0 JR (Fresnes 48\/07\/04)"},"content":{"rendered":"<p><strong>\u00a0<\/strong><a href=\"http:\/\/monperejeanmamy.fr\/?page_id=2653\"><img loading=\"lazy\" class=\"wp-image-1352 alignleft\" src=\"http:\/\/monperejeanmamy.fr\/wp-content\/uploads\/2021\/03\/Lettre-precedente.jpg\" alt=\"\" width=\"143\" height=\"78\" \/><\/a><a href=\"http:\/\/monperejeanmamy.fr\/?page_id=2669\"><img loading=\"lazy\" class=\"alignright wp-image-1353\" src=\"http:\/\/monperejeanmamy.fr\/wp-content\/uploads\/2021\/03\/Lettre-suivante.jpg\" alt=\"\" width=\"139\" height=\"76\" \/><\/a><\/p>\n<p style=\"text-align: center;\"><strong>Dimanche 4 juillet 1948<br \/>\n<\/strong><\/p>\n<p style=\"text-align: center;\">Fillette ch\u00e9rie,<\/p>\n<p style=\"text-align: justify;\"><img loading=\"lazy\" class=\"alignright size-medium wp-image-2666\" src=\"http:\/\/monperejeanmamy.fr\/wp-content\/uploads\/2021\/05\/JR-19480627-300x229.jpg\" alt=\"\" width=\"300\" height=\"229\" srcset=\"https:\/\/monperejeanmamy.fr\/wp-content\/uploads\/2021\/05\/JR-19480627-300x229.jpg 300w, https:\/\/monperejeanmamy.fr\/wp-content\/uploads\/2021\/05\/JR-19480627-393x300.jpg 393w, https:\/\/monperejeanmamy.fr\/wp-content\/uploads\/2021\/05\/JR-19480627.jpg 498w\" sizes=\"(max-width: 300px) 100vw, 300px\" \/>Ton petit chapeau est ravissant. Compliments \u00e0 ta s\u0153ur. Et tr\u00e8s bien port\u00e9. Compliments \u00e0 la dame. Sur les 6 photos, une seule que j\u2019aime. Celle o\u00f9 tu es assise devant le Palais de glace, \u00e0 regarder l\u2019heure avec une moue que je connais bien. La photo est sur ma table. Je ne la quitte pas de l\u2019\u0153il. Veux-tu bien m\u2019en envoyer des anciennes que je n\u2019ai plus tant elles \u00e9taient piqu\u00e9es des mouches.<\/p>\n<ol>\n<li style=\"text-align: justify;\">la petit format deux exemplaires (face et profil, ou plut\u00f4t sourire et l\u00e8vres pinc\u00e9es) de chez le photographe officiel<\/li>\n<li style=\"text-align: justify;\">celles o\u00f9 tu travailles dans un jardin, avec des fleurs plein les bras. Etc\u2026 je n\u2019ai plus celle du pont de Jarnage la terrasse, et celle o\u00f9 tu te roules dans un pr\u00e9 \u00e0 Jarnages. Le reste a \u00e9t\u00e9 mang\u00e9 par le temps (d\u00e9j\u00e0 deux ou trois ans, qu\u2019on fait des trous de punaise dans ces bouts de papier). Donc, avis, ai besoin de mon album.<img loading=\"lazy\" class=\"alignright size-medium wp-image-2667\" src=\"http:\/\/monperejeanmamy.fr\/wp-content\/uploads\/2021\/05\/1947-08-h-FGR-Jarnages-300x159.jpg\" alt=\"\" width=\"300\" height=\"159\" srcset=\"https:\/\/monperejeanmamy.fr\/wp-content\/uploads\/2021\/05\/1947-08-h-FGR-Jarnages-300x159.jpg 300w, https:\/\/monperejeanmamy.fr\/wp-content\/uploads\/2021\/05\/1947-08-h-FGR-Jarnages-768x407.jpg 768w, https:\/\/monperejeanmamy.fr\/wp-content\/uploads\/2021\/05\/1947-08-h-FGR-Jarnages-500x265.jpg 500w, https:\/\/monperejeanmamy.fr\/wp-content\/uploads\/2021\/05\/1947-08-h-FGR-Jarnages.jpg 771w\" sizes=\"(max-width: 300px) 100vw, 300px\" \/><\/li>\n<\/ol>\n<p style=\"text-align: justify;\">Je n\u2019aime pas du tout les photos magn\u00e9siums <a href=\"#_ftn1\" name=\"_ftnref1\">[1]<\/a>. Le d\u00e9cor est excellent, mais le gosse, si beau, si dr\u00f4le, est affreux. Trouve un autre moyen que de l\u2019\u00e9blouir et de le faire grimacer comme des petits nains de Blanche Neige. Allons mesdames\u00a0! <img loading=\"lazy\" class=\"alignleft size-medium wp-image-2665\" src=\"http:\/\/monperejeanmamy.fr\/wp-content\/uploads\/2021\/05\/1948-04-a-FGR-233x300.jpg\" alt=\"\" width=\"233\" height=\"300\" srcset=\"https:\/\/monperejeanmamy.fr\/wp-content\/uploads\/2021\/05\/1948-04-a-FGR-233x300.jpg 233w, https:\/\/monperejeanmamy.fr\/wp-content\/uploads\/2021\/05\/1948-04-a-FGR.jpg 524w\" sizes=\"(max-width: 233px) 100vw, 233px\" \/>Une belle pose \u00e0 la lumi\u00e8re \u00e9lectrique. 10-15 secondes. Ou moins\u00a0? Avis\u00a0: \u00e0 l\u2019ext\u00e9rieur, ne pas le faire sourire \u00e0 la dadame. Il a l\u2019air emprunt\u00e9. Les meilleures sont les plus naturelles. Il faut le prendre sur le vif. Tel qu\u2019il est, sans mani\u00e8res. Et ce sera tr\u00e8s bien.<\/p>\n<p style=\"text-align: justify;\">J\u2019ai comme toujours un torrent d\u2019affection \u00e0 d\u00e9verser. Tends ton oreille. Et ton cou. Et ta joue. Et ton front. Et tes yeux\u00a0? Voil\u00e0. C\u2019est tout. Non, ce n\u2019est pas tout.<\/p>\n<p style=\"text-align: justify;\">Beaucoup r\u00e9fl\u00e9chi \u00e0 l\u2019avenir. Un point tr\u00e8s important. Deux. Ai conception en imaginant la vie avec toi d\u2019une \u00ab\u00a0petite femme tranquille\u00a0\u00bb (!!). Me trompe-je\u00a0? Non. C\u2019est magnifique. Une petite femme tranquille\u00a0! Pas de heurts\u00a0! Des douceurs\u00a0! Pantoufles et tapis feutr\u00e9s sur parquets cir\u00e9s. Dis \u00ab\u00a0<em>Oui, mon ch\u00e9ri<\/em>\u00a0\u00bb, \u00ab\u00a0<em>Bien, mon ch\u00e9ri\u00a0<\/em>\u00bb. On parle \u00e0 mi-voix. On se regarde l\u2019\u0153il mouill\u00e9. Comme on est bien \u00e0 la campagne. Les arbres \u00e0 travers la fen\u00eatre. Le chien qui dort. Les roses qui s\u2019effeuillent. Les enfants qui jouent. Aux images. La bonne qui fait la lessive. On rentre du travail (usine, atelier, studio, imprimerie, journal, etc\u2026) et on marche sur la pointe des pieds. On effleure des cheveux. Il y a des bouquets partout. Dans de la porcelaine chinoise. Des meubles vernis partout. Sur des murs cr\u00e9pis. Tableaux tranquilles.<\/p>\n<p style=\"text-align: justify;\">Deuxi\u00e8me point important : l\u2019orgue !!! J\u2019ai envie d\u2019une orgue (ou un, ne ne sais plus), orgue d\u2019appartement, ou maison de campagne. \u00c9lectrique et \u00e0 pieds. Deux claviers. C&rsquo;est-\u00e0-dire pas le grand orgue, mais moyen. Sans tuyaux. Un gros harmonium de concert, avec des tas de touches compliqu\u00e9es : voix c\u00e9leste, voix humaine, tr\u00e9molo, etc\u2026 Pour tous classiques et tous modernes. Bach, C\u00e9sar Franck et du jazz. Depuis tout \u00e0 l\u2019heure j\u2019ai d\u00e9laiss\u00e9 le piano (surclass\u00e9. Il en faut un, crapaud, Pleyel ou \u00c9rard ou Gaveau) mais l\u2019orgue. Je r\u00eave de l\u2019orgue. J\u2019ai d\u00e9couvert les possibilit\u00e9s de l\u2019harmonium-orgue. \u00c7a va \u00eatre un plaisir. Je te jouerai tous les soirs pendant des heures. Et puis on aura aussi un pianola <a href=\"#_ftn2\" name=\"_ftnref2\">[2]<\/a> avec des rouleaux. Tr\u00e8s passionnant. On ne joue pas. On conduit. Je sens qu\u2019on va se construire une de ces bo\u00eetes \u00e0 musique.<\/p>\n<p style=\"text-align: justify;\">Tout \u00e7a non point en \u00c9gypte, mamzelle, mais nous avons un autre coin en vue. Du c\u00f4t\u00e9 d\u2019un Maroc qui n\u2019est pas d\u00e9plaisant. Dans une de ces \u00eeles fortun\u00e9es o\u00f9 les bananes tombent toutes m\u00fbres sur les pas du promeneur. Je t\u2019embrasse trois fois tant tu es jolie sous ton chapeau \u00e0 fleurs. Et si tranquille.<\/p>\n<p style=\"text-align: justify;\">La r\u00e9union de vendredi a \u00e9t\u00e9 excellente mais incompl\u00e8te. J\u2019y reviens le 19. Entre temps on \u00e9crit en province et on s\u2019attend \u00e0 de nouvelles confrontations. Encore pour deux mois au moins. Avec les vacances, je ne sais o\u00f9 cela nous m\u00e8ne. Donc, viens samedi. J\u2019ai beaucoup de choses \u00e0 te dire. Car il va falloir travailler dur cet \u00e9t\u00e9. Nous entrons dans une p\u00e9riode extr\u00eamement int\u00e9ressante et je suis d\u00e9cid\u00e9 \u00e0 sortir tr\u00e8s vite. On ne va pas moisir toute sa vie en prison. Il faut agir, obtenir un classement, un arrangement, nous trouverons bien.<\/p>\n<h1 style=\"text-align: justify;\"><u>Lundi soir<\/u>.<\/h1>\n<p style=\"text-align: justify;\">Tes \u0153illets sont ravissants. Ce rouge presque rose \u00e0 c\u00f4t\u00e9 du jaune citron\u00a0! On dirait des d\u00e9cors de Valentine Hugo <a href=\"#_ftn3\" name=\"_ftnref3\">[3]<\/a>. Si frais\u00a0! Et tous vigoureux. J\u2019ai vu que tu les aimaient beaucoup pour m\u2019en offrir tant et de si beaux. Et c\u2019est un geste de plus. Tu sais que tu es vraiment \u00e9patante avec moi. Il n\u2019est pas de jour que je ne me f\u00e9licite de t\u2019avoir rencontr\u00e9e. Je suis \u00e9mu au plus haut point. Et tout fier. Et tout humble. Et d\u00e9sireux de te remercier. Mais comment faire davantage\u00a0? Il faut attendre. Sortir, et t\u2019offrir des montagnes de cadeaux, des tombereaux de baisers.<\/p>\n<p style=\"text-align: justify;\">Colis parfait. Merci pour cellophane. Penser \u00e0 des cure-dents. R\u00e9guli\u00e8rement. Tous les quinze jours. Aimes-tu <em>Empyr\u00e9e<\/em>\u00a0? Tu ne me dis rien. As-tu lu un essai qui s\u2019intitule <em>Bouteille \u00e0 la mer<\/em>\u00a0? Dis-moi ce que tu en penses. Je relis Shakespeare. Aucun rapport. Mais tout de m\u00eame. Et Eschyle. De pus en plus plong\u00e9 dans les Grecs.<\/p>\n<p style=\"text-align: justify;\">As-tu vu combien le congr\u00e8s socialiste a \u00e9t\u00e9 lamentable ? Qu\u2019en pense le bon Brassard ? Est-il d\u00e9\u00e7u ? Pas fameux, au bout de quatre ans d\u2019exercice du pouvoir d\u2019en arriver l\u00e0. De plus en plus bas. \u00c0 bien regarder le monde on s\u2019aper\u00e7oit que plus le progr\u00e8s technique se d\u00e9veloppe plus les gens deviennent b\u00eates. Ils se m\u00e9canisent. Si les hasards de l\u2019existence les conduisaient au point o\u00f9 il faille vraiment r\u00e9fl\u00e9chir sur la destin\u00e9e ultime de l\u2019homme, comme ils deviendraient simples. Je n(a jamais connu de visages plus rayonnants que ceux de nos condamn\u00e9s \u00e0 mort.<\/p>\n<p style=\"text-align: justify;\">\u00c0 bient\u00f4t te lire, ma ch\u00e9rie. Fais-toi ce plaisir de m\u2019\u00e9crire. Tu connais la joie que j\u2019ai \u00e0 recevoir tes lettres. Et raconte-moi tout ce qui traverse ta t\u00eate ouverte \u00e0 tout le bien du monde. Un flot d\u2019images merveilleuses doit se d\u00e9rouler dans cette cervelle d\u2019ange, aux cheveux boucl\u00e9s, sur quoi je d\u00e9pose les hebdomadaires, les quotidiens les horaires baisers symboliques, et toute l\u2019affection multipli\u00e9e que nous arriverons bien \u00e0 r\u00e9aliser pleinement dans la libert\u00e9 promise.<\/p>\n<p style=\"text-align: justify;\">Mes grandes tendresses. Embrasse Fr\u00e9d\u00e9ric. \u00c9cris. G. g. b.<\/p>\n<p style=\"text-align: justify;\">J.<\/p>\n<p style=\"text-align: justify;\"><a href=\"#_ftnref1\" name=\"_ftn1\">[1]<\/a> Pour les jeunes qui n\u2019ont pas connu\u00a0: avant l\u2019invention du flash, pour photographier une sc\u00e8ne dans une pi\u00e8ce sombre on versait de la poudre de magn\u00e9sium dans une coupelle, on mettait l\u2019appareil sur un pied en pause (ce qui ouvrait l\u2019iris) et on allumait le magn\u00e9sium avec un allumette, ce qui d\u00e9clenchait un bref \u00e9clair, suffisant pour que la pellicule soit \u00ab\u00a0imprim\u00e9e\u00a0\u00bb.<br \/>\n<a href=\"#_ftnref2\" name=\"_ftn2\">[2]<\/a> Le pianola est un piano automatique ou semi-automatique qui, gr\u00e2ce \u00e0 un syst\u00e8me pneumatique, reproduit de la musique \u00e0 partir de rouleaux en papier ou en carton perfor\u00e9. Sa d\u00e9nomination correcte est \u201cpiano m\u00e9canique\u201d, mais \u201cpianola\u201d \u2013 \u00e0 l\u2019origine une marque d\u00e9pos\u00e9e par <em>The Aeolian Company<\/em> de New York \u2013 a rapidement \u00e9t\u00e9 adopt\u00e9 comme terme g\u00e9n\u00e9rique, toutes marques et tous mod\u00e8les confondus. Le pianola et le phonographe constituaient \u2013 pour ceux qui pouvaient se le permettre \u2013 les deux principales sources de musique dans les foyers du d\u00e9but du XX<sup>\u00e8me<\/sup> si\u00e8cle.<br \/>\n<a href=\"#_ftnref3\" name=\"_ftn3\">[3]<\/a> Valentine Hugo, n\u00e9e Valentine Marie Augustine Gross, est une artiste-peintre et illustratrice fran\u00e7aise. Jean Mamy l\u2019a rencontr\u00e9e du temps o\u00f9 il fr\u00e9quentait les surr\u00e9alistes et les \u00ab\u00a0dada\u00efstes\u00a0\u00bb.<\/p>\n<p>&nbsp;<\/p>\n","protected":false},"excerpt":{"rendered":"<p>\u00a0 Dimanche 4 juillet 1948 Fillette ch\u00e9rie, Ton petit chapeau est ravissant. Compliments \u00e0 ta s\u0153ur. Et tr\u00e8s bien port\u00e9. Compliments \u00e0 la dame. Sur les 6 photos, une seule que j\u2019aime. Celle o\u00f9 tu es assise devant le Palais &hellip; <a href=\"https:\/\/monperejeanmamy.fr\/?page_id=2657\">Continuer la lecture <span class=\"meta-nav\">&rarr;<\/span><\/a><\/p>\n","protected":false},"author":2,"featured_media":11,"parent":0,"menu_order":0,"comment_status":"closed","ping_status":"closed","template":"","meta":[],"folder":[],"_links":{"self":[{"href":"https:\/\/monperejeanmamy.fr\/index.php?rest_route=\/wp\/v2\/pages\/2657"}],"collection":[{"href":"https:\/\/monperejeanmamy.fr\/index.php?rest_route=\/wp\/v2\/pages"}],"about":[{"href":"https:\/\/monperejeanmamy.fr\/index.php?rest_route=\/wp\/v2\/types\/page"}],"author":[{"embeddable":true,"href":"https:\/\/monperejeanmamy.fr\/index.php?rest_route=\/wp\/v2\/users\/2"}],"replies":[{"embeddable":true,"href":"https:\/\/monperejeanmamy.fr\/index.php?rest_route=%2Fwp%2Fv2%2Fcomments&post=2657"}],"version-history":[{"count":7,"href":"https:\/\/monperejeanmamy.fr\/index.php?rest_route=\/wp\/v2\/pages\/2657\/revisions"}],"predecessor-version":[{"id":3278,"href":"https:\/\/monperejeanmamy.fr\/index.php?rest_route=\/wp\/v2\/pages\/2657\/revisions\/3278"}],"wp:featuredmedia":[{"embeddable":true,"href":"https:\/\/monperejeanmamy.fr\/index.php?rest_route=\/wp\/v2\/media\/11"}],"wp:attachment":[{"href":"https:\/\/monperejeanmamy.fr\/index.php?rest_route=%2Fwp%2Fv2%2Fmedia&parent=2657"}],"wp:term":[{"taxonomy":"folder","embeddable":true,"href":"https:\/\/monperejeanmamy.fr\/index.php?rest_route=%2Fwp%2Fv2%2Ffolder&post=2657"}],"curies":[{"name":"wp","href":"https:\/\/api.w.org\/{rel}","templated":true}]}}