{"id":2669,"date":"2021-05-15T14:57:14","date_gmt":"2021-05-15T12:57:14","guid":{"rendered":"http:\/\/monperejeanmamy.fr\/?page_id=2669"},"modified":"2024-01-23T11:02:53","modified_gmt":"2024-01-23T10:02:53","slug":"jm-a-jr-fresnes-48-07-11","status":"publish","type":"page","link":"https:\/\/monperejeanmamy.fr\/?page_id=2669","title":{"rendered":"JM \u00e0 JR (Fresnes 48\/07\/11)"},"content":{"rendered":"<p><strong>\u00a0<\/strong><a href=\"http:\/\/monperejeanmamy.fr\/?page_id=2657\"><img loading=\"lazy\" class=\"wp-image-1352 alignleft\" src=\"http:\/\/monperejeanmamy.fr\/wp-content\/uploads\/2021\/03\/Lettre-precedente.jpg\" alt=\"\" width=\"143\" height=\"78\" \/><\/a><a href=\"http:\/\/monperejeanmamy.fr\/?page_id=2672\"><img loading=\"lazy\" class=\"alignright wp-image-1353\" src=\"http:\/\/monperejeanmamy.fr\/wp-content\/uploads\/2021\/03\/Lettre-suivante.jpg\" alt=\"\" width=\"139\" height=\"76\" \/><\/a><\/p>\n<p style=\"text-align: center;\"><strong>Dimanche 11 juillet 1948<br \/>\n<\/strong><\/p>\n<p style=\"text-align: center;\">Ma ch\u00e9rie,<\/p>\n<p style=\"text-align: justify;\">Voici qu\u2019on \u00e9crit le dimanche cette semaine, <em>because<\/em> 14 juillet. J\u2019ai donc le plaisir de t\u2019\u00e9crire un jour plus t\u00f4t des tendresses \u00e0 revendre, des flots d\u2019affection, toutes mes amabilit\u00e9s de f\u00eate d\u2019\u00e9t\u00e9.<\/p>\n<p style=\"text-align: justify;\">Je crois pour moi que le 13 au matin nous serons mal r\u00e9veill\u00e9s. Un de mes amis les plus chers, le commissaire R., a vu son dossier de gr\u00e2ce passer il y a deux jours devant qui de droit pour une d\u00e9cision ultime, et nous esp\u00e9rons, mais sans trop d\u2019illusions. Seront-ils deux ? Seront-ils trois ? Ou quatre ? ce matin-l\u00e0 ? On ne leur souhaite plus qu\u2019un beau soleil, et du calme\u2026 La vie est infinie. Ils se r\u00e9veilleront un jour de tant de cruaut\u00e9.<\/p>\n<p style=\"text-align: justify;\">Pour nous qui avons d\u00e9j\u00e0 trouv\u00e9 tout l\u2019amour de la terre et du ciel et devant qui s\u2019ouvrent les portes d la tendresse, nous pensons \u00e0 eux, n\u2019est-ce pas\u00a0? Et nous apaisons leurs cris.<\/p>\n<p style=\"text-align: justify;\">Je pensais te voir hier, et j\u2019ai trouv\u00e9 ma charmante maman en belle humeur et bonne sant\u00e9. Tr\u00e8s remont\u00e9e. Beaucoup moins perdue dans ses textes habituels. Je lui ai donn\u00e9 quelques petites indications pour le prochain colis. Peu de choses. Vois la. Pour nous, nous nous verrons soit samedi prochain, soit le 24. Arrange cela pour le mieux. Tu sais bien que je suis avec toi tous les jours.<\/p>\n<p style=\"text-align: justify;\">J\u2019ai re\u00e7u un mot de mon ami G\u00e9ranton \u00e0 qui tu as t\u00e9l\u00e9phon\u00e9. Il me dit des choses tr\u00e8s gentilles sur toi, que je savais, mais je ne te dis pas tout ce que je sais.<\/p>\n<p style=\"text-align: justify;\">Comment sera notre maison\u00a0? Grande\u00a0? Blanche\u00a0? Avec des parquets cir\u00e9s. Devant la mer. Sur le jardin plein de roses. Avec la radio. Et l\u2019orgue. Et la n\u00e9gresse servante. Et la grande salle \u00e0 manger. Aux cristaux de Boh\u00e8me. Le petit cabinet de travail. Le boudoir de madame. La biblioth\u00e8que. Les huit chambres d\u2019enfant. La piscine.<\/p>\n<p style=\"text-align: justify;\">Et nous passerons des heures en silence. Sans rien dire. C\u2019est l\u00e0 o\u00f9 on se comprend le mieux. \u00c0 reposer sa t\u00eate sur un fond de nuit tr\u00e8s bleue, avec des \u00e9blouissements de Croix du sud. Au chant des matelots.<\/p>\n<p style=\"text-align: justify;\">On m\u2019a parl\u00e9 aussi beaucoup d\u2019Oc\u00e9anie ces temps derniers. Mais les cases de Papeete me sembles moins habitables. Quoique\u2026 Il faut aimer beaucoup le poisson, les noix de coco, le vin de palme et la p\u00eache au corail, et les guitares hawa\u00efennes.<\/p>\n<p style=\"text-align: justify;\">Tout sauf l\u2019Europe\u2026 \u00e0 laquelle nous avons tant cru et sur qui tout s\u2019acharne, comme si l\u2019on craignait que le vie n\u2019en ressurgisse si puissante qu\u2019elle bouleverse le monde d\u2019un feu total. Celle qui fut la m\u00e8re de nos r\u00eaves, ce continent sem\u00e9 de chefs d\u2019\u0153uvres d\u00e9truits, mutil\u00e9s, ce temple aux cicatrices affreuses va \u00e0 nouveau g\u00e9mir sous les coups. Deux blocs aussi brutaux l\u2019un que l\u2019autre vont s\u2019affronter par-dessus les peuples las de tant de combats. Pour moi je ne vis plus que dans l\u2019absolu. Rien ne m\u2019int\u00e9resse plus que la Beaut\u00e9, la Bont\u00e9 totale. Il semble que l\u2019on soit d\u00e9j\u00e0 devant l\u2019immense plage sereine. Les flots jouent tranquilles. La paix est revenue au c\u0153ur combl\u00e9, et l\u2019on peut poser la t\u00eate sur une \u00e9paule amie, regarder des yeux francs, serrer des mains o\u00f9 ne se cache nulle trahison, rire d\u2019un \u00e9clat de joie pure, vivre dans l\u2019extr\u00eame simplicit\u00e9 de ceux qui n\u2019ont jamais connu le mal. Tel est la r\u00e9compense de l\u2019extr\u00eame na\u00efvet\u00e9, ou de l\u2019extr\u00eame douleur. Il en est qui parviennent au sommet de douceur sans passer par la fournaise. Tu es de celles l\u00e0.<\/p>\n<p style=\"text-align: justify;\">Ce soir j\u2019ai parcouru h\u00e2tivement un bouquin vaseux d\u2019\u00e9conomie politique, feuillet\u00e9 un trait\u00e9 sur la famille chr\u00e9tienne, illisible et barbifiant, et lu avec assez d\u2019int\u00e9r\u00eat <em>Croisade sans croix<\/em> de Koestler <a href=\"#_ftn1\" name=\"_ftnref1\">[1]<\/a>. Petit romain freudien sur la crise de conscience d\u2019un trotskyste tch\u00e8que \u00e9vad\u00e9 d\u2019Allemagne en transit par le Portugal (ou la Turquie, on ne sait gu\u00e8re\u00a0; je crois plut\u00f4t que c\u2019est le Portugal). Cette litt\u00e9rature vieillit \u00e0 mesure que l\u2019auteur l\u2019\u00e9crit. \u00c0 peine s\u00e8che l\u2019encre a d\u00e9j\u00e0 des cheveux blancs. Ce n\u2019est qu\u2019une plainte sans int\u00e9r\u00eat. On se torture, se raconte, se psychanalyse, se d\u00e9vide, se d\u00e9sosse. Tout est compliqu\u00e9, les filles sont troubles. Les gars inquiets. Le monde abruti. L\u2019angoisse tenaille le h\u00e9ros, le soule sur des lits d\u2019h\u00f4pital ou d\u2019h\u00f4tel borgne. Il semble qu\u2019on prolonge \u00e0 plaisir un cauchemar bien construit. Ce genre de violon aigre plait aux snobs. Il leur faut toujours des alcools frelat\u00e9s, des stimulants d\u2019ivresse. Mr Koestler se complait dans le pus et le coton hydrophile.<\/p>\n<p style=\"text-align: justify;\">\u00c0 propos. Envoie du buvard. Et de la saccharine. Et quelques bougies. Et du papier blanc.<\/p>\n<p style=\"text-align: justify;\">Je sors lundi 19 pour aller faire un tour \u00e0 B.A. Confrontation utile. Puis nous attendrons le r\u00e9sultat des commissions rogatoires nouvelles engag\u00e9es par le juge dans une quelconque centrale. Et, s\u2019il y a lieu, nous exigerons confrontation. L\u2019affaire en vaut la peine.<\/p>\n<p style=\"text-align: justify;\">D\u2019ici l\u00e0, la roue tourne, tourne\u2026 Tr\u00e8s bonnes nouvelles de partout. Il faut absolument aller voir l\u2019aviation. On doit te renseigner curieusement. Et l\u2019on aura peut-\u00eatre besoin de lui bient\u00f4t. Je t\u2019en parlerai au prochain parloir.<\/p>\n<p style=\"text-align: justify;\">C\u2019est bient\u00f4t l\u2019anniversaire du grand, du superbe, du magnifique Fr\u00e9d\u00e9ric. Embrasse-le trois fois. Quatre ans ! Il va falloir rattraper le temps perdu. On fera des quadrupl\u00e9es.<\/p>\n<h1 style=\"text-align: justify;\">Dix heures \u00bd.<\/h1>\n<p style=\"text-align: justify;\">Ma bougie est quasiment fondue et clignote comme une vieille dame. Et mes yeux papillotent. Je vais me fourrer dans le sac et r\u00eaver que j\u2019ai ta joue sur mon front.<\/p>\n<p style=\"text-align: justify;\">Tu apprendras demain f\u00e2cheuse nouvelle. On ne peut plus envoyer p\u00e2te dentifrice et savon du dehors. Or, ceux vendus par la cantine sont des tr\u00e8s mauvaise qualit\u00e9. Nous allons demander \u00e0 l\u2019administration de faire un effort.<\/p>\n<p style=\"text-align: justify;\">Pour les quelques mois (les quelques semaines peut-\u00eatre) qui nous reste \u00e0 passer dans cet h\u00f4tel de luxe moyen.<\/p>\n<p style=\"text-align: justify;\">Tes \u0153illets s\u2019ouvrent un par un. Mes yeux se ferment itou. Bonsoir, on t\u2019embrasse. C\u2019est peu dire. On se souvient. Beaucoup. On esp\u00e8re. On projette. On r\u00e9alisera. Je te r\u00e9serve beaucoup de surprises heureuses. Et j\u2019ai encore tes yeux mouill\u00e9s derri\u00e8re le grillage. Mouill\u00e9s de feu.<\/p>\n<p style=\"text-align: justify;\">Baisers. Baisers. Grosses tendresses.<\/p>\n<p style=\"text-align: justify;\">J.<\/p>\n<p style=\"text-align: justify;\"><a href=\"#_ftnref1\" name=\"_ftn1\">[1]<\/a> Arthur Koestler, n\u00e9 Art\u00far K\u00f6sztler \u00e0 Budapest, est un romancier, journaliste et essayiste hongrois, naturalis\u00e9 britannique<\/p>\n<p>&nbsp;<\/p>\n<p>&nbsp;<\/p>\n","protected":false},"excerpt":{"rendered":"<p>\u00a0 Dimanche 11 juillet 1948 Ma ch\u00e9rie, Voici qu\u2019on \u00e9crit le dimanche cette semaine, because 14 juillet. J\u2019ai donc le plaisir de t\u2019\u00e9crire un jour plus t\u00f4t des tendresses \u00e0 revendre, des flots d\u2019affection, toutes mes amabilit\u00e9s de f\u00eate d\u2019\u00e9t\u00e9. &hellip; <a href=\"https:\/\/monperejeanmamy.fr\/?page_id=2669\">Continuer la lecture <span class=\"meta-nav\">&rarr;<\/span><\/a><\/p>\n","protected":false},"author":2,"featured_media":11,"parent":0,"menu_order":0,"comment_status":"closed","ping_status":"closed","template":"","meta":[],"folder":[],"_links":{"self":[{"href":"https:\/\/monperejeanmamy.fr\/index.php?rest_route=\/wp\/v2\/pages\/2669"}],"collection":[{"href":"https:\/\/monperejeanmamy.fr\/index.php?rest_route=\/wp\/v2\/pages"}],"about":[{"href":"https:\/\/monperejeanmamy.fr\/index.php?rest_route=\/wp\/v2\/types\/page"}],"author":[{"embeddable":true,"href":"https:\/\/monperejeanmamy.fr\/index.php?rest_route=\/wp\/v2\/users\/2"}],"replies":[{"embeddable":true,"href":"https:\/\/monperejeanmamy.fr\/index.php?rest_route=%2Fwp%2Fv2%2Fcomments&post=2669"}],"version-history":[{"count":4,"href":"https:\/\/monperejeanmamy.fr\/index.php?rest_route=\/wp\/v2\/pages\/2669\/revisions"}],"predecessor-version":[{"id":3279,"href":"https:\/\/monperejeanmamy.fr\/index.php?rest_route=\/wp\/v2\/pages\/2669\/revisions\/3279"}],"wp:featuredmedia":[{"embeddable":true,"href":"https:\/\/monperejeanmamy.fr\/index.php?rest_route=\/wp\/v2\/media\/11"}],"wp:attachment":[{"href":"https:\/\/monperejeanmamy.fr\/index.php?rest_route=%2Fwp%2Fv2%2Fmedia&parent=2669"}],"wp:term":[{"taxonomy":"folder","embeddable":true,"href":"https:\/\/monperejeanmamy.fr\/index.php?rest_route=%2Fwp%2Fv2%2Ffolder&post=2669"}],"curies":[{"name":"wp","href":"https:\/\/api.w.org\/{rel}","templated":true}]}}