{"id":2672,"date":"2021-05-15T14:59:56","date_gmt":"2021-05-15T12:59:56","guid":{"rendered":"http:\/\/monperejeanmamy.fr\/?page_id=2672"},"modified":"2021-05-16T09:25:33","modified_gmt":"2021-05-16T07:25:33","slug":"jm-a-jr-fresnes-48-07-17","status":"publish","type":"page","link":"https:\/\/monperejeanmamy.fr\/?page_id=2672","title":{"rendered":"JM \u00e0 JR (Fresnes 48\/07\/17)"},"content":{"rendered":"<p><strong>\u00a0<\/strong><a href=\"http:\/\/monperejeanmamy.fr\/?page_id=2669\"><img loading=\"lazy\" class=\"wp-image-1352 alignleft\" src=\"http:\/\/monperejeanmamy.fr\/wp-content\/uploads\/2021\/03\/Lettre-precedente.jpg\" alt=\"\" width=\"143\" height=\"78\" \/><\/a><a href=\"http:\/\/monperejeanmamy.fr\/?page_id=2677\"><img loading=\"lazy\" class=\"alignright wp-image-1353\" src=\"http:\/\/monperejeanmamy.fr\/wp-content\/uploads\/2021\/03\/Lettre-suivante.jpg\" alt=\"\" width=\"139\" height=\"76\" \/><\/a><\/p>\n<p style=\"text-align: center;\"><strong>Samedi 17 juillet 1948<br \/>\n<\/strong><\/p>\n<p style=\"text-align: center;\">Ma ch\u00e9rie,<\/p>\n<p style=\"text-align: justify;\">Apr\u00e8s une journ\u00e9e \u00e9touffante, serr\u00e9 dans une cellulaire <a href=\"#_ftn1\" name=\"_ftnref1\">[1]<\/a> chaude, encha\u00een\u00e9, cadenass\u00e9, trimball\u00e9 de cachot \u00e0 graffiti jusqu\u2019\u00e0 un bureau couvert de paperasses, et redescendu, cabriolet <a href=\"#_ftn2\" name=\"_ftnref2\">[2]<\/a> au poignet, jusqu\u2019au r\u00e9duit crasseux et grillag\u00e9, puis remis en bo\u00eete roulante pour retraverser Paris et sa banlieue entraper\u00e7us \u00e0 travers une fente de plaque de t\u00f4le, me voici dans cette excellente cellule fresnoise o\u00f9 j\u2019ai la joie d\u2019avoir sous mes yeux la photo souriante de la fille que j\u2019aime dans son cadre tout neuf qu\u2019un\u00a0 copain gracieux m\u2019a fabriqu\u00e9.<\/p>\n<p><img loading=\"lazy\" class=\"aligncenter size-full wp-image-2680\" src=\"http:\/\/monperejeanmamy.fr\/wp-content\/uploads\/2021\/05\/Prison-Fresnes-02.jpg\" alt=\"\" width=\"690\" height=\"312\" srcset=\"https:\/\/monperejeanmamy.fr\/wp-content\/uploads\/2021\/05\/Prison-Fresnes-02.jpg 690w, https:\/\/monperejeanmamy.fr\/wp-content\/uploads\/2021\/05\/Prison-Fresnes-02-300x136.jpg 300w, https:\/\/monperejeanmamy.fr\/wp-content\/uploads\/2021\/05\/Prison-Fresnes-02-500x226.jpg 500w\" sizes=\"(max-width: 690px) 100vw, 690px\" \/><\/p>\n<p style=\"text-align: justify;\">J\u2019ai trouv\u00e9 l\u2019excellent colis en rentrant. Tout parfait. Et j\u2019ai doublement pens\u00e9 \u00e0 toi. Et demain, sans nul doute, j\u2019aurai une lettre. Et cette nuit, sans nul doute, j\u2019aurai la main dans tes cheveux, d\u2019o\u00f9 je sortirai les peignes et les rubans, histoire de voir comment le c\u0153ur bat.<\/p>\n<p style=\"text-align: justify;\">Pour l\u2019instant je suis aussi fatigu\u00e9 qu\u2019apr\u00e8s un parcours Paris-Marseille dans le couloir. C\u2019est pourquoi ce soir tu vas m\u2019excuser si je ne bavarde pas trop\u00a0? J\u2019ai eu l\u2019imprudence de ne pas commencer ma lettre hier, tout absorb\u00e9 dans des pr\u00e9paratifs et des notes, et me voici tout courbatu, incapable d\u2019\u00e9crire tout ce que je pense. Mais je le pense. Et tu sais bien que je le pense.<\/p>\n<p style=\"text-align: justify;\">Quand on me demande qui est la personne qui tr\u00f4ne sur ma table. Je r\u00e9ponds\u00a0: ma femme. Ai-je raison\u00a0? J\u2019ai raison.<\/p>\n<p style=\"text-align: justify;\">Alors je dors sur ton \u00e9paule beaucoup plus tranquille encore. J\u2019ai l\u2019impression d\u2019un tr\u00e8s grand bonheur qui entre par la fen\u00eatre. Il me semble que tous les ennuis cessent d\u2019un coup. J\u2019ai compris qu\u2019on devait laisser tout le mauvais de son c\u0153ur l\u00e0, sur le talus de la route, et s\u2019en aller, d\u00e9livr\u00e9 en chantant comme un chemineau si riche de tout. Le mauvais de son c\u0153ur ce sont les luttes politiques, les ennemis qu\u2019on s\u2019acharne \u00e0 repousser, les haines basses, les soucis, les d\u00e9sirs idiots, la vie laide. Si tu savais comme d\u2019une cellulaire les gens ont l\u2019air soucieux, accabl\u00e9s. On les sens mordus par une angoisse sourde. L\u2019avenir n\u2019est pas beau pour ceux qui ont r\u00eav\u00e9 d\u2019un pays calme. Voil\u00e0 que l\u2019orage recommence sur l\u2019Europe. Il va falloir se d\u00e9fendre encore, lutter, revenir sur ses pas, renverser les positions de la veille. On comprend que le cr\u00e2ne des pauvres occidentaux en \u00e9clate. \u00c0 force de craindre des invasions de toutes parts, ils en arrivent au d\u00e9sespoir et \u00e0 la r\u00e9signation, la pire des maladies.<\/p>\n<p style=\"text-align: justify;\">Mais nous, nous n\u2019y pensons pas du tout. Et je me r\u00e9serve \u00e0 la sortie un de ces s\u00e9jours \u00e0 la campagne. Au moins un mois de grand air. Du muscle, de la bonne nourriture, et la tranquillit\u00e9 totale.<\/p>\n<p style=\"text-align: justify;\">Ma ch\u00e9rie je t\u2019embrasse. Tout va tr\u00e8s bien. La rencontre d\u2019aujourd\u2019hui a \u00e9t\u00e9 excellente. M<sup>e<\/sup> Hayasche, le collaborateur de Flo. me dit que nous ne pourrons plus passer avant novembre pour le moins. D\u2019ici l\u00e0, je pense qu\u2019il y aura du nouveau.<\/p>\n<p style=\"text-align: justify;\">\u00c0 samedi\u00a0! Je t\u2019embrasse comme il n\u2019est pas possible. Et le Fr\u00e9d\u00e9ric itou. Bonne nuit. Bonne semaine tranquille. Viens de bonne heure, les parloirs sont plus longs vers 1h\u00bd.<\/p>\n<p style=\"text-align: justify;\">Mes gros baisers. Mille fois.<\/p>\n<p style=\"text-align: justify;\">J.<\/p>\n<p style=\"text-align: justify;\"><a href=\"#_ftnref1\" name=\"_ftn1\">[1]<\/a> Une cellulaire\u00a0: (rien \u00e0 voir avec un t\u00e9l\u00e9phone portable\u00a0!!!). Le fourgon cellulaire (panier \u00e0 salade en argot) est un fourgon utilis\u00e9 comme v\u00e9hicule de police ou de l&rsquo;administration p\u00e9nitentiaire, et destin\u00e9 au transport des prisonniers. Son nom argotique lui a \u00e9t\u00e9 donn\u00e9 par analogie avec le \u00ab panier \u00e0 salade \u00bb, r\u00e9cipient grillag\u00e9 destin\u00e9 \u00e0 essorer la salade apr\u00e8s lavage. Primitivement, le v\u00e9hicule de police hippomobile, \u00e0 claire-voie, qui transportait les prisonniers, les secouait copieusement sur les rues alors pav\u00e9es des agglom\u00e9rations.<br \/>\n<a href=\"#_ftnref2\" name=\"_ftn2\">[2]<\/a> Cabriolet\u00a0: entraves au poignet des prisonniers, cha\u00eene pass\u00e9e au poignet des d\u00e9tenus, corde munie de deux poign\u00e9es qui sert \u00e0 tenir les malfaiteurs, cha\u00eene de quinze centim\u00e8tres termin\u00e9e \u00e0 chaque extr\u00e9mit\u00e9 par un bout de bois\u2026<\/p>\n","protected":false},"excerpt":{"rendered":"<p>\u00a0 Samedi 17 juillet 1948 Ma ch\u00e9rie, Apr\u00e8s une journ\u00e9e \u00e9touffante, serr\u00e9 dans une cellulaire [1] chaude, encha\u00een\u00e9, cadenass\u00e9, trimball\u00e9 de cachot \u00e0 graffiti jusqu\u2019\u00e0 un bureau couvert de paperasses, et redescendu, cabriolet [2] au poignet, jusqu\u2019au r\u00e9duit crasseux et &hellip; <a href=\"https:\/\/monperejeanmamy.fr\/?page_id=2672\">Continuer la lecture <span class=\"meta-nav\">&rarr;<\/span><\/a><\/p>\n","protected":false},"author":2,"featured_media":11,"parent":0,"menu_order":0,"comment_status":"closed","ping_status":"closed","template":"","meta":[],"folder":[],"_links":{"self":[{"href":"https:\/\/monperejeanmamy.fr\/index.php?rest_route=\/wp\/v2\/pages\/2672"}],"collection":[{"href":"https:\/\/monperejeanmamy.fr\/index.php?rest_route=\/wp\/v2\/pages"}],"about":[{"href":"https:\/\/monperejeanmamy.fr\/index.php?rest_route=\/wp\/v2\/types\/page"}],"author":[{"embeddable":true,"href":"https:\/\/monperejeanmamy.fr\/index.php?rest_route=\/wp\/v2\/users\/2"}],"replies":[{"embeddable":true,"href":"https:\/\/monperejeanmamy.fr\/index.php?rest_route=%2Fwp%2Fv2%2Fcomments&post=2672"}],"version-history":[{"count":3,"href":"https:\/\/monperejeanmamy.fr\/index.php?rest_route=\/wp\/v2\/pages\/2672\/revisions"}],"predecessor-version":[{"id":2681,"href":"https:\/\/monperejeanmamy.fr\/index.php?rest_route=\/wp\/v2\/pages\/2672\/revisions\/2681"}],"wp:featuredmedia":[{"embeddable":true,"href":"https:\/\/monperejeanmamy.fr\/index.php?rest_route=\/wp\/v2\/media\/11"}],"wp:attachment":[{"href":"https:\/\/monperejeanmamy.fr\/index.php?rest_route=%2Fwp%2Fv2%2Fmedia&parent=2672"}],"wp:term":[{"taxonomy":"folder","embeddable":true,"href":"https:\/\/monperejeanmamy.fr\/index.php?rest_route=%2Fwp%2Fv2%2Ffolder&post=2672"}],"curies":[{"name":"wp","href":"https:\/\/api.w.org\/{rel}","templated":true}]}}