{"id":2677,"date":"2021-05-16T09:15:14","date_gmt":"2021-05-16T07:15:14","guid":{"rendered":"http:\/\/monperejeanmamy.fr\/?page_id=2677"},"modified":"2021-05-16T09:44:02","modified_gmt":"2021-05-16T07:44:02","slug":"jm-a-jr-fresnes-48-07-25","status":"publish","type":"page","link":"https:\/\/monperejeanmamy.fr\/?page_id=2677","title":{"rendered":"JM \u00e0 JR (Fresnes 48\/07\/25)"},"content":{"rendered":"<p><strong>\u00a0<\/strong><a href=\"http:\/\/monperejeanmamy.fr\/?page_id=2672\"><img loading=\"lazy\" class=\"wp-image-1352 alignleft\" src=\"http:\/\/monperejeanmamy.fr\/wp-content\/uploads\/2021\/03\/Lettre-precedente.jpg\" alt=\"\" width=\"143\" height=\"78\" \/><\/a><a href=\"http:\/\/monperejeanmamy.fr\/?page_id=2682\"><img loading=\"lazy\" class=\"alignright wp-image-1353\" src=\"http:\/\/monperejeanmamy.fr\/wp-content\/uploads\/2021\/03\/Lettre-suivante.jpg\" alt=\"\" width=\"139\" height=\"76\" \/><\/a><\/p>\n<p style=\"text-align: center;\"><strong>Dimanche 25 juillet 1948<br \/>\n<\/strong><\/p>\n<p style=\"text-align: center;\">Ma ch\u00e9rie,<\/p>\n<p style=\"text-align: justify;\">Tu n\u2019\u00e9tais pas dans un de tes meilleurs jours hier. Aucune importance. J\u2019ai de la patience pour deux, trois, quatre\u2026 et tu \u00e9tais fort gentille quand m\u00eame. Et nous avons abouti \u00e0 te d\u00e9rider. Sur le tard, il est vrai. Mais l\u2019essentiel \u00e9tait d\u2019y arriver.<\/p>\n<p style=\"text-align: justify;\">Tu me parais tr\u00e8s pleine de ton travail. On doit exag\u00e9rer de ce c\u00f4t\u00e9-l\u00e0. Tu n\u2019es pas forc\u00e9e de fonctionner comme un moteur surcompress\u00e9, \u00e0 la disposition d\u2019un patron exigeant (voil\u00e0 que j\u2019encourage la r\u00e9volte prol\u00e9tarienne contre les trusts\u00a0!)<\/p>\n<p style=\"text-align: justify;\">Tu \u00e9tais tr\u00e8s gentille et toute souriante, et au fond, quand tu veux bien comprendre (mais il faut longtemps) que ta place n\u2019est nullement menac\u00e9e, que tu ne la partages avec personne (alors qu\u2019il y a quelques ann\u00e9es tu avais toi-m\u00eame accept\u00e9 une situation de coulisse) ; qu\u2019il y a grand progr\u00e8s sur notre intimit\u00e9 d\u2019avant 44 ; que la \u00ab Lib\u00e9ration \u00bb nous a, en somme, apport\u00e9 beaucoup ; que les choses sont devenues nettes ; qu\u2019il n\u2019y a point sujet de se tourmenter \u00e0 propos de personnalit\u00e9s disparues de la sc\u00e8ne sentimentale ; qu\u2019il n\u2019y a donc point \u00e0 revendiquer ce qui est d\u00e9j\u00e0 acquis ; qu\u2019il convient de s\u2019asseoir sur la place ainsi d\u00e9blay\u00e9e et d\u2019y construire le plan du futur ; que nous avons tout lieu de nous en r\u00e9jouir ; que nulle ombre ne saurait nous inqui\u00e9ter ; qu\u2019en cons\u00e9quence les discussions sont superflues ; que dor\u00e9navant elles seront interdites ; que le pass\u00e9 \u00e9tant ce qu\u2019il est, c&rsquo;est-\u00e0-dire, une fiction d\u00e9pass\u00e9e, il ne reste plus qu\u2019\u00e0 consid\u00e9rer la r\u00e9alit\u00e9 d\u2019aujourd\u2019hui ; que celle-ci \u00e9tant parfaitement adapt\u00e9e \u00e0 nos d\u00e9sirs communs, il convient d\u2019en pr\u00e9ciser la forme aimable ; que les parloirs sont faits pour nous sourire mutuellement \u00e0 travers la grille, et \u00e0 nous regarder b\u00e9atement d\u2019un \u0153il contrit ; que je t\u2019ai trouv\u00e9e parfaitement assortie \u00e0 mes esp\u00e9rances ; que tout ce que je te demande est important ; que tout ce que tu me demandes est consenti d\u2019avance ; que je r\u00e9fl\u00e9chirai au moyen de te donner des assurances encore plus formelles, que tout va tr\u00e8s bien \u2013 quand tu veux bien comprendre cela \u2013 et tu le veux bien \u2013 le soleil r\u00e9apparait sur terre \u2013 t\u00e9moin aujourd\u2019hui.<\/p>\n<p style=\"text-align: justify;\">Je suis persuad\u00e9 que tu as pass\u00e9 une journ\u00e9e d\u00e9licieuse.<\/p>\n<p style=\"text-align: justify;\">Pour moi, j\u2019ai encore avanc\u00e9 un peu les travaux en cours. Et je me suis occup\u00e9 de m\u00e9taphysique. C\u2019est tr\u00e8s reposant, parce que tr\u00e8s actif. On perd le contact avec le monde. Ouf\u00a0! Plus de soucis\u00a0! Plus d\u2019ennemis\u00a0! Plus de lourdeurs\u00a0! Plus de p\u00e9ch\u00e9s\u00a0! La puret\u00e9 pure\u00a0! Voudrais-tu \u00eatre une Marie-Madeleine\u00a0? Bien lav\u00e9e de tout\u00a0? Consentante au sublime\u00a0? On ne te demande qu\u2019une chose\u00a0: c\u2019est d\u2019avoir la gentillesse d\u2019un tout petit enfant.<\/p>\n<p style=\"text-align: justify;\">Quelle sauvage tu fais\u00a0! Pr\u00e9tendre ne pas m\u2019accompagner au concert\u00a0! Ni \u00e0 l\u2019Op\u00e9ra\u00a0! Ni partout\u00a0! Je regrette mais les fonctions de ma\u00eetresse de maison seront parfaitement absorbantes. Et il se peut que nous ayons pour le moins trois d\u00eeners par semaine, plus d\u2019autres r\u00e9ceptions. Tout cela tr\u00e8s simple, intime, mais tr\u00e8s raffin\u00e9.<\/p>\n<p style=\"text-align: justify;\">Bonsoir petite fille. J\u2019ouvre mon manuscrit de l\u2019<em>Oreste<\/em>. On va faire parler les Eum\u00e9nides <a href=\"#_ftn1\" name=\"_ftnref1\">[1]<\/a>. Et puis avant de dormir nous relirons Shakespeare. Je pense \u00e0 toi avec beaucoup de calme pour que tu sois moins nerveuse, moins timide, moins effray\u00e9es, beaucoup plus s\u00fbre de tout. Il faut vivre dans la pl\u00e9nitude. Gros baisers.<\/p>\n<h1 style=\"text-align: justify;\"><u>Lundi 15h<\/u>.<\/h1>\n<p style=\"text-align: justify;\">Bien re\u00e7u bon colis. Attention<\/p>\n<ol>\n<li style=\"text-align: justify;\">pas de bougie la semaine prochaine.<\/li>\n<li style=\"text-align: justify;\">\u00e9tant donn\u00e9 circonstances, calcule avec ma m\u00e8re que mon colis doit \u00eatre valable pour 13 repas par semaine (le 14<sup>\u00e8me<\/sup> \u00e9tant fourni par l\u2019h\u00f4tel). Cela vous donnera la valeur approximative de la quantit\u00e9 \u00e0 calculer par tranche de viande ou 2 \u0153ufs. J\u2019en parlerai \u00e0 ma m\u00e8re samedi prochain. Ne l\u2019\u00e9bouriffe pas avec des chiffres trop gros pour elle. La nourriture de la maison n\u2019est plus supportable. Il serait temps qu\u2019on nous remette au vert.<\/li>\n<li style=\"text-align: justify;\">pas de bo\u00eete de conserves. On les ouvre imm\u00e9diatement ce qui force \u00e0 les consommer illico. Pense plut\u00f4t \u00e0 des poissons sal\u00e9s (morue, haddock etc\u2026) qui sont toujours bienvenus. J\u2019ai remarqu\u00e9 que c\u2019est avec ces morceaux de bestiole qu\u2019on tient le mieux. Itou des p\u00e2tes (ind\u00e9finiment), itou du riz, itou du flocon d\u2019avoine. Inutile de mettre tomates fra\u00eeches, on en vend \u00e0 la cantine. Itou des pruneaux. Itou de tout ce qui est sec et de conserve non en bo\u00eete. Itou de la poudre d\u2019\u0153uf. Itou des bananes s\u00e9ch\u00e9es. Itou du tapioca.<\/li>\n<\/ol>\n<p style=\"text-align: justify;\">J\u2019ai un peu honte de te parler de tout \u00e7a. L\u2019effort est si grand de ta part et de celle de ma m\u00e8re pour me soutenir depuis 4 ans. Et c\u2019est toi qui supporte le plus. Mais \u00e0 qui confirai-je mes petits soucis. Encore quelque temps et nous allons toucher le rivage de s\u00e9curit\u00e9 pour repartir d\u2019un pied neuf. Il semble tr\u00e8s s\u00e9rieusement que nous soyons bient\u00f4t au bout de l\u2019\u00e9preuve. Encore un peu de patience et de travail.<\/p>\n<p style=\"text-align: justify;\">Le soleil est brillant sur le bord de ma fen\u00eatre. Je vais la draper d\u2019une couverture et me plonger dans Eschyle, c&rsquo;est-\u00e0-dire m\u2019inspirer du vieux petit th\u00e8me commun pour pousser mes propres accords. On t\u2019embrasse. \u00c0 ce soir.<\/p>\n<h1 style=\"text-align: justify;\"><span style=\"text-decoration: underline;\">20h.<\/span><\/h1>\n<p style=\"text-align: justify;\">Ce soir on t\u2019embrasse. \u00c0 tout \u00e0 l\u2019heure. Car nous t\u2019avons toujours avec nous. Nous ne nous s\u00e9parons point de notre dulcin\u00e9e, et nous r\u00eavons pour elle de conqu\u00e9rir tous les [<em>2 mots ind\u00e9chiffrables<\/em>] du monde.<\/p>\n<p style=\"text-align: justify;\">La journ\u00e9e a \u00e9t\u00e9 chaude. Je suis un peu fourbu. Pas d\u2019eau. Les conduites ont claqu\u00e9 depuis hier. On coltine des cuvettes. Je crois que je vais me coucher.<\/p>\n<p style=\"text-align: justify;\">Bonsoir ch\u00e9rie. Je ne continuerai l\u2019<em>Oreste<\/em> que demain. Ce soir on va lire Shakespeare (<em>La temp\u00eate<\/em>). Regarde chez Gibert si tu trouves un exemplaire tr\u00e8s banal et peu cher des <em>Illusions perdues<\/em> de Balzac. Ne cherche plus <em>La Clef des songes<\/em> demand\u00e9e. Elle est retrouv\u00e9e.<\/p>\n<p style=\"text-align: justify;\">Embrasse Fr\u00e9d\u00e9ric. Et regarde-toi dans la glace. Tu vois la petite personne toute mignonne qui roule des yeux doux. C\u2019est celle que j\u2019aime.<\/p>\n<p style=\"text-align: justify;\">Gros Baisers.<\/p>\n<p style=\"text-align: justify;\">J.<\/p>\n<p style=\"text-align: justify;\"><a href=\"#_ftnref1\" name=\"_ftn1\">[1]<\/a> <em>Le proc\u00e8s d\u2019Oreste<\/em>, mis en sc\u00e8ne par Eschyle dans le dernier volet de sa trilogie tragique, <em>Les Eum\u00e9nides<\/em>, tient une place \u00e0 part dans l\u2019imaginaire ath\u00e9nien, car il est cens\u00e9 \u00eatre le tout premier proc\u00e8s d\u00e9cid\u00e9 par une assembl\u00e9e plurielle, convoqu\u00e9e <em>ad hoc<\/em>.<\/p>\n","protected":false},"excerpt":{"rendered":"<p>\u00a0 Dimanche 25 juillet 1948 Ma ch\u00e9rie, Tu n\u2019\u00e9tais pas dans un de tes meilleurs jours hier. Aucune importance. J\u2019ai de la patience pour deux, trois, quatre\u2026 et tu \u00e9tais fort gentille quand m\u00eame. Et nous avons abouti \u00e0 te &hellip; <a href=\"https:\/\/monperejeanmamy.fr\/?page_id=2677\">Continuer la lecture <span class=\"meta-nav\">&rarr;<\/span><\/a><\/p>\n","protected":false},"author":2,"featured_media":11,"parent":0,"menu_order":0,"comment_status":"closed","ping_status":"closed","template":"","meta":[],"folder":[],"_links":{"self":[{"href":"https:\/\/monperejeanmamy.fr\/index.php?rest_route=\/wp\/v2\/pages\/2677"}],"collection":[{"href":"https:\/\/monperejeanmamy.fr\/index.php?rest_route=\/wp\/v2\/pages"}],"about":[{"href":"https:\/\/monperejeanmamy.fr\/index.php?rest_route=\/wp\/v2\/types\/page"}],"author":[{"embeddable":true,"href":"https:\/\/monperejeanmamy.fr\/index.php?rest_route=\/wp\/v2\/users\/2"}],"replies":[{"embeddable":true,"href":"https:\/\/monperejeanmamy.fr\/index.php?rest_route=%2Fwp%2Fv2%2Fcomments&post=2677"}],"version-history":[{"count":3,"href":"https:\/\/monperejeanmamy.fr\/index.php?rest_route=\/wp\/v2\/pages\/2677\/revisions"}],"predecessor-version":[{"id":2685,"href":"https:\/\/monperejeanmamy.fr\/index.php?rest_route=\/wp\/v2\/pages\/2677\/revisions\/2685"}],"wp:featuredmedia":[{"embeddable":true,"href":"https:\/\/monperejeanmamy.fr\/index.php?rest_route=\/wp\/v2\/media\/11"}],"wp:attachment":[{"href":"https:\/\/monperejeanmamy.fr\/index.php?rest_route=%2Fwp%2Fv2%2Fmedia&parent=2677"}],"wp:term":[{"taxonomy":"folder","embeddable":true,"href":"https:\/\/monperejeanmamy.fr\/index.php?rest_route=%2Fwp%2Fv2%2Ffolder&post=2677"}],"curies":[{"name":"wp","href":"https:\/\/api.w.org\/{rel}","templated":true}]}}