{"id":2689,"date":"2021-05-16T09:47:08","date_gmt":"2021-05-16T07:47:08","guid":{"rendered":"http:\/\/monperejeanmamy.fr\/?page_id=2689"},"modified":"2024-01-23T11:11:40","modified_gmt":"2024-01-23T10:11:40","slug":"jm-a-jr-fresnes-48-08-02","status":"publish","type":"page","link":"https:\/\/monperejeanmamy.fr\/?page_id=2689","title":{"rendered":"JM \u00e0 JR (Fresnes 48\/08\/02)"},"content":{"rendered":"<p><strong>\u00a0<\/strong><a href=\"http:\/\/monperejeanmamy.fr\/?page_id=2682\"><img loading=\"lazy\" class=\"wp-image-1352 alignleft\" src=\"http:\/\/monperejeanmamy.fr\/wp-content\/uploads\/2021\/03\/Lettre-precedente.jpg\" alt=\"\" width=\"143\" height=\"78\" \/><\/a><a href=\"http:\/\/monperejeanmamy.fr\/?page_id=2694\"><img loading=\"lazy\" class=\"alignright wp-image-1353\" src=\"http:\/\/monperejeanmamy.fr\/wp-content\/uploads\/2021\/03\/Lettre-suivante.jpg\" alt=\"\" width=\"139\" height=\"76\" \/><\/a><\/p>\n<p style=\"text-align: center;\"><strong>Lundi 2 ao\u00fbt 1948<br \/>\n<\/strong><\/p>\n<p style=\"text-align: center;\">Ma ch\u00e9rie,<\/p>\n<p style=\"text-align: justify;\">Bien re\u00e7u ta bonne lettre et le parfait colis. Voil\u00e0 des colis mod\u00e8les re\u00e7us jusqu\u2019ici. Tout y est cal\u00e9 au mieux. Je te f\u00e9licite ainsi que ma m\u00e8re. Pas de poids inutile. Tout ce qu\u2019il faut. Absolument parfait.<\/p>\n<p style=\"text-align: justify;\">Merci d\u2019avance pour les bouquins. J\u2019\u00e9crirai \u00e0 Phil jeudi et compte bien te voir samedi. Sans faute. Dis le \u00e0 ma m\u00e8re avec autorit\u00e9.<\/p>\n<p style=\"text-align: justify;\">Pour Leconte de Lisle c\u2019est parfait. Mais que tout est cher. Je suis stup\u00e9fait. On nous vend ici en cantine 76 F le kg de tomates et 25 F l\u2019\u0153uf dur. C\u2019est ahurissant. Inutile de te dire qu\u2019on ne peut plus rien acheter, que des allumettes et de temps en temps un pot de moutarde. Les 1000 F par mois qu\u2019on m\u2019envoyait il y a trois ans devraient pour le moins \u00eatre multipli\u00e9s par trois. Je m\u2019en passe du reste ais\u00e9ment ayant acquis des habitudes de sobri\u00e9t\u00e9 absolue. On arrive \u00e0 vivre de fort peu de chose, et on se sent moins lourd. Bien que pour mon cas, une tasse d\u2019eau, un morceau de pain, me fassent encore engraisser. C\u2019est d\u00e9solant.<\/p>\n<p style=\"text-align: justify;\">Bien entendu, ne te pr\u00e9occupe plus des <em>Illusions Perdues<\/em>. J\u2019aurai toutes les occasions de les lire dans une biblioth\u00e8que. Je crois que si je veux reconstituer la mienne, il me faudra des millions (il est vrai que c\u2019est si peu de choses en ce moment).<\/p>\n<p style=\"text-align: justify;\">Excuse ma m\u00e8re de sa na\u00efve intemp\u00e9rance quand elle parle \u00e0 tort et \u00e0 travers de personnes qui te d\u00e9plaisent. Mais tu n\u2019as rien entendu. N\u2019est-ce pas que mon pasteur est la bont\u00e9 m\u00eame\u00a0! Le d\u00e9vouement chr\u00e9tien en personne. Il me r\u00e9concilie avec une certaine humanit\u00e9 (une toute petite partie, celle des \u00e9lus, si rares).<\/p>\n<p style=\"text-align: justify;\">Pour tes vacances, bien s\u00fbr il faut aller l\u00e0 o\u00f9 on te propose. Manger de l\u2019air. M\u00e2cher de l\u2019herbe. Vous rouler dans le soleil. Et faire des photos\u00a0! A propos\u2026 et ma collection\u00a0?<\/p>\n<p style=\"text-align: justify;\">Pense aussi \u00e0 la \u00ab\u00a0bouteille\u00a0\u00bb dont je t\u2019ai parl\u00e9. Si tu peux me la procurer pour la fin du mois\u2026 Je n\u2019ose pas dire pour la fin de la semaine.<\/p>\n<p style=\"text-align: justify;\">J\u2019ai termin\u00e9 la premi\u00e8re mouture de l\u2019<em>Orestie<\/em>. Il ne me reste plus qu\u2019\u00e0 r\u00e9viser. J\u2019aimerai comme demand\u00e9 avoir un exemple des <em>B. d\u2019or<\/em>, avec tous les rajouts. Est-ce que cela t\u2019est possible\u00a0? Sinon ce sera pour septembre.<\/p>\n<p style=\"text-align: justify;\">Sais-tu que les affaires marchent tr\u00e8s bien. Laisse ton adresse \u00e0 la personne qui doit te t\u00e9l\u00e9phoner pour l\u2019histoire que tu sais. Ne manque pas samedi de me demander son t\u00e9l\u00e9phone. S\u2019il y a lieu vous prendrez rendez-vous samedi soir ou dimanche matin. Car cela peut \u00eatre urgent.<\/p>\n<p style=\"text-align: justify;\">Je pense qu&rsquo;ao\u00fbt ou septembre apporteront de gros changements dans la situation internationale qui influeront sur notre condition. Nous en parlerons samedi. Il se peut que les choses soient dans un tout autre \u00e9tat en octobre. Il nous faudra aviser pour la man\u0153uvre car les heures vont compter double. J\u2019esp\u00e8re bien ne pas manquer ma promesse de No\u00ebl. Il n\u2019y a plus de raison.<\/p>\n<p style=\"text-align: justify;\">Les fleurs sont ravissantes. Comment s\u2019appellent-elles\u00a0? On aime savoir le nom des personnes qu\u2019on introduit dans sa chambre \u00e0 coucher. Il est vrai que les pauvres peuvent se plaindre d\u2019\u00eatre rel\u00e9gu\u00e9es souvent \u00e0 la cuisine qui sert aussi de bureau, et de salle de culture physique, sans oublier de sanctuaire.<\/p>\n<h1 style=\"text-align: justify;\"><u>22h<\/u>.<\/h1>\n<p style=\"text-align: justify;\">Bougie. Atmosph\u00e8re romantique. On pense \u00e0 toi comme la plus menue des \u00e9toiles qui tient toute la place de la lorgnette. Tu es tr\u00e8s jolie dans ton petit cadre.<\/p>\n<p style=\"text-align: justify;\">Les fleurs sont de plus en plus belles. Mais comment s\u2019appellent-elles\u00a0?<\/p>\n<p style=\"text-align: justify;\">Je t\u2019embrasse. Bien plus. Je passe la main dans tes cheveux. Bien plus. Je te raconte l\u2019histoire merveilleuse qui ne finit jamais, et pour cause. A samedi. Mes gros baisers, ch\u00e9rie.<\/p>\n<p style=\"text-align: justify;\">J.<\/p>\n","protected":false},"excerpt":{"rendered":"<p>\u00a0 Lundi 2 ao\u00fbt 1948 Ma ch\u00e9rie, Bien re\u00e7u ta bonne lettre et le parfait colis. Voil\u00e0 des colis mod\u00e8les re\u00e7us jusqu\u2019ici. Tout y est cal\u00e9 au mieux. Je te f\u00e9licite ainsi que ma m\u00e8re. Pas de poids inutile. Tout &hellip; <a href=\"https:\/\/monperejeanmamy.fr\/?page_id=2689\">Continuer la lecture <span class=\"meta-nav\">&rarr;<\/span><\/a><\/p>\n","protected":false},"author":2,"featured_media":11,"parent":0,"menu_order":0,"comment_status":"closed","ping_status":"closed","template":"","meta":[],"folder":[],"_links":{"self":[{"href":"https:\/\/monperejeanmamy.fr\/index.php?rest_route=\/wp\/v2\/pages\/2689"}],"collection":[{"href":"https:\/\/monperejeanmamy.fr\/index.php?rest_route=\/wp\/v2\/pages"}],"about":[{"href":"https:\/\/monperejeanmamy.fr\/index.php?rest_route=\/wp\/v2\/types\/page"}],"author":[{"embeddable":true,"href":"https:\/\/monperejeanmamy.fr\/index.php?rest_route=\/wp\/v2\/users\/2"}],"replies":[{"embeddable":true,"href":"https:\/\/monperejeanmamy.fr\/index.php?rest_route=%2Fwp%2Fv2%2Fcomments&post=2689"}],"version-history":[{"count":4,"href":"https:\/\/monperejeanmamy.fr\/index.php?rest_route=\/wp\/v2\/pages\/2689\/revisions"}],"predecessor-version":[{"id":3280,"href":"https:\/\/monperejeanmamy.fr\/index.php?rest_route=\/wp\/v2\/pages\/2689\/revisions\/3280"}],"wp:featuredmedia":[{"embeddable":true,"href":"https:\/\/monperejeanmamy.fr\/index.php?rest_route=\/wp\/v2\/media\/11"}],"wp:attachment":[{"href":"https:\/\/monperejeanmamy.fr\/index.php?rest_route=%2Fwp%2Fv2%2Fmedia&parent=2689"}],"wp:term":[{"taxonomy":"folder","embeddable":true,"href":"https:\/\/monperejeanmamy.fr\/index.php?rest_route=%2Fwp%2Fv2%2Ffolder&post=2689"}],"curies":[{"name":"wp","href":"https:\/\/api.w.org\/{rel}","templated":true}]}}