{"id":2694,"date":"2021-05-16T09:55:56","date_gmt":"2021-05-16T07:55:56","guid":{"rendered":"http:\/\/monperejeanmamy.fr\/?page_id=2694"},"modified":"2021-05-16T10:14:19","modified_gmt":"2021-05-16T08:14:19","slug":"jma-jr-fresnes-48-08","status":"publish","type":"page","link":"https:\/\/monperejeanmamy.fr\/?page_id=2694","title":{"rendered":"JM \u00e0 JR (Fresnes 48\/08\/08)"},"content":{"rendered":"<p><strong>\u00a0<\/strong><a href=\"http:\/\/monperejeanmamy.fr\/?page_id=2689\"><img loading=\"lazy\" class=\"wp-image-1352 alignleft\" src=\"http:\/\/monperejeanmamy.fr\/wp-content\/uploads\/2021\/03\/Lettre-precedente.jpg\" alt=\"\" width=\"143\" height=\"78\" \/><\/a><a href=\"http:\/\/monperejeanmamy.fr\/?page_id=2700\"><img loading=\"lazy\" class=\"alignright wp-image-1353\" src=\"http:\/\/monperejeanmamy.fr\/wp-content\/uploads\/2021\/03\/Lettre-suivante.jpg\" alt=\"\" width=\"139\" height=\"76\" \/><\/a><\/p>\n<p style=\"text-align: center;\"><strong>Dimanche 8 ao\u00fbt 1948<br \/>\n<\/strong><\/p>\n<p style=\"text-align: center;\">Ma ch\u00e9rie,<\/p>\n<p style=\"text-align: justify;\">Et bien le dernier parloir, bien que court, \u00e9tait parfait. J\u2019ai eu l\u2019impression que nous nous comprenons parfaitement dans le calme qui convient. C&rsquo;est-\u00e0-dire que plus rien ne s\u2019\u00e9l\u00e8ve qui puisse \u00eatre un doute quelconque qui aurait pu encore diff\u00e9rer une harmonie aussi totale. Je t\u2019aime beaucoup comme cela, toute tranquille, heureuse, n\u00e9gligeant toutes les opinions humaines et t\u2019attachant au r\u00e9el, et n\u2019ayant pas la moindre inqui\u00e9tude sur notre accord. Nous nous entendons tr\u00e8s bien. Le pr\u00e9sent comme l\u2019avenir sont garantis.<\/p>\n<p style=\"text-align: justify;\">Pour l\u2019instant de quoi s\u2019agit-il\u00a0? Pour toi de reprendre quelques kgs et de d\u00e9tendre tes nerfs trop secou\u00e9s par la vie de Paris. C&rsquo;est-\u00e0-dire qu\u2019il faudra envisager ton travail avec plus de calme, dominer davantage les forces \u00e9go\u00efstes qui pr\u00e9tendent agir sur toi comme sur un moteur \u00e0 leur convenance, \u00e9chapper \u00e0 ce magn\u00e9tisme des individus qui sont fort aise de trouver personne aussi d\u00e9vou\u00e9e \u00e0 leur disposition. Nous allons te lib\u00e9rer de trop de contraintes. Faire cure de repos, sommeil et nourriture saine. Et joue avec le fils. Voil\u00e0 de la belle vigueur \u00e0 d\u00e9penser. N\u2019oublie pas l\u2019appareil de photos.<\/p>\n<p style=\"text-align: justify;\">Est-ce que l\u2019on a retrouv\u00e9 la bouteille \u00e9gar\u00e9e dont tu m\u2019as parl\u00e9\u00a0? Donne-moi tes impressions sur l\u2019objet.<\/p>\n<p style=\"text-align: justify;\">Demain nous verrons un peu plus clair dans la politique g\u00e9n\u00e9rale. Et cette semaine est \u00e9galement grosse de cons\u00e9quences. Il semble bien que tout va se d\u00e9cider rapidement. Souhaitons-le. Pour moi, comme tu l\u2019as constat\u00e9, le moral ne change pas. Depuis le premier jour (il y a bient\u00f4t quatre ans) j\u2019ai d\u00e9clar\u00e9 que je croyais avoir eu raison d\u2019adopter cette attitude, nonobstant toutes les violences en cours. Aujourd\u2019hui, l\u2019\u00e9preuve \u00e9tant d\u00e9j\u00e0 largement travers\u00e9e, je persiste \u00e0 dire que nos id\u00e9es \u00e9taient les meilleures et que tout prouve qu\u2019il faut r\u00e9soudre les probl\u00e8mes politiques par l\u2019autorit\u00e9. On verra peut-\u00eatre encore quelques jours tr\u00e8s durs et puis tout se v\u00e9rifiera. Et nous finirons bien par aborder un rivage paisible.<\/p>\n<p style=\"text-align: justify;\">Tu te plains que je n\u2019\u00e9crive plus autant. Il me souvient que j\u2019ai d\u00e9j\u00e0 trait\u00e9 beaucoup de sujets. Celui de notre maison future. Celui de notre passion future pour les concerts et les expositions de peinture&lt;\u00a0; Celui de notre travaux de demain. J\u2019ai d\u00e9j\u00e0 tout imagin\u00e9, sauf l\u2019immense bonheur que nous aurons \u00e0 regarder paisiblement le chemin \u00e9troit dans lequel il faut s\u2019engager d\u2019un pied tr\u00e8s s\u00fbr pour monter \u00e0 la hauteur respirable. A mesure que se d\u00e9roule l\u2019existence chaotique de l\u2019homme mortel, on se perd \u00e0 d\u00e9sirer de plus en plus la stabilit\u00e9, la s\u00e9r\u00e9nit\u00e9, l\u2019immortalit\u00e9 m\u00e9taphysique, le sens de l\u2019infini, la joie d\u2019\u00eatre d\u00e9livr\u00e9 du quotidien, tout le don pr\u00e9cieux d\u2019une existence qui se manifeste par bouff\u00e9es sur ce plan, mais nous appr\u00e9cions d\u00e9j\u00e0 l\u2019avant go\u00fbt. La prison, en ce sens, a \u00e9t\u00e9 pour moi une le\u00e7on n\u00e9cessaire. Je n\u2019aurais pas appris ce que je sais, si je n\u2019avais \u00e9t\u00e9 mis dans l\u2019obligation de r\u00e9former la nature charnelle. Il a fallu monter beaucoup plus haut que toutes les petites passions humaines, et l\u2019expression est profond\u00e9ment enrichissante, si on sait en tirer l\u2019enseignement.<\/p>\n<p style=\"text-align: justify;\">Et puis j\u2019ai appris ici \u00e0 travailler sans rel\u00e2che \u00e0 une table, comme aussi \u00e0 imaginer mon travail pour ce qu\u2019il devait \u00eatre\u00a0: l\u2019expression d\u2019un plus haut soi-m\u00eame\/. Il fallait bien r\u00e9agir contre la condition mat\u00e9rielle affreuse dans quoi la haine publique voulait nous engloutir. Je puis dire qu\u2019au bout de quatre ans je suis de plus en plus intact car, \u00e0 l\u2019encontre de ceux qui hurlent au dehors, j\u2019arrive, non point \u00e0 oublier, mais \u00e0 comprendre comment on peut surmonter et nier la r\u00e9alit\u00e9 des conditions m\u00e9chantes. Pour nous qui avons compris la pr\u00e9sence constante d\u2019un Esprit absolument divin, nous pourrons dire que nous avons \u00e9t\u00e9 bien avis\u00e9s. Et dans cette exp\u00e9rience, l\u2019affection et le d\u00e9vouement dont tu m\u2019as entour\u00e9 et toute la r\u00e9v\u00e9lation de ton amour sont aussi la marque de cette bienveillance. Car tu fait partie de la joie qui se r\u00e9v\u00e8le \u00e0 mesure qu\u2019on d\u00e9couvre un univers de paix.<\/p>\n<p style=\"text-align: justify;\">Les fleurs que tu n\u2019aimes pas, et que j\u2019aime, sont l\u00e0 qui s\u00e8chent sans se faner. Ne seraient-ce pas des immortelles\u00a0?<\/p>\n<p style=\"text-align: justify;\">Bonsoir ma ch\u00e9rie. Je suis avec toi. D\u2019autant plus que je crois, \u00e0 ce dernier parloir, que nous avons tous deux mont\u00e9 une marche, la main dans la main.<\/p>\n<h1 style=\"text-align: justify;\"><u>Lundi 19h<\/u>.<\/h1>\n<p style=\"text-align: justify;\">Bien re\u00e7u colis et la lettre et mandat, pour lequel j\u2019ajouterai malgr\u00e9 la d\u00e9fense un gros merci suppl\u00e9mentaire. Tu es mieux que gentille, plus que d\u00e9vou\u00e9e. On ne te fera pas de compliments pour ne pas choquer ta modestie mais on pensera de toi des choses exquises et surtout \u00e0 te r\u00e9compenser, pour l\u2019instant, en affection profonde.<\/p>\n<p style=\"text-align: justify;\">Vu \u00e9galement que la bouteille \u00e9tait retrouv\u00e9e. Bien. Et que tu avais pris contact avec la dame. Bien.<\/p>\n<p style=\"text-align: justify;\">Beaucoup appr\u00e9ci\u00e9 ton chapeau. L\u2019avais d\u00e9j\u00e0 vu sur les photos et particuli\u00e8rement remarqu\u00e9.<\/p>\n<p style=\"text-align: justify;\">Beaucoup travaill\u00e9 aujourd\u2019hui. Assez content. Peu \u00e0 peu l\u2019\u0153uvre prend forme. Pour la premi\u00e8re fois je commence \u00e0 m\u2019int\u00e9resser vraiment aux Grecs. Peut-\u00eatre \u00e9crirai-je un <em>Ulysse<\/em>. Mais avant j\u2019ai dans la t\u00eate deux pi\u00e8ces de th\u00e9\u00e2tre modernes (dont l\u2019une se passe apr\u00e8s la mort entre gens qui n\u2019ont pas du tout l\u2019air mort mais qui ont travers\u00e9 l\u2019\u00e9preuve comme on passe sur la rive d\u2019en face) et aussi la r\u00e9fection de tous les petits contes pour enfants dont j\u2019avais eu l\u2019id\u00e9e et qui me paraissent devoir \u00eatre compl\u00e8tement r\u00e9\u00e9crits. Il \u00e9tait une p\u00e9riode o\u00f9 je b\u00eatifiais, croyant de bonne foi que pour \u00eatre pur il fallait \u00e9crire de la litt\u00e9rature de patronage. Les r\u00e9sultats sont d\u00e9sastreux. Je crois qu\u2019il faut parler aux enfants comme \u00e0 de tr\u00e8s grandes personnes et que ce sont les tr\u00e8s vieilles gens \u00e0 qui il faut parler comme \u00e0 des enfants au berceau. Les enfants, du reste, d\u00e9testent les kili-kili et aspirent le plus t\u00f4t possible \u00e0 un langage m\u00e2le. Ma famille \u00e9tait particuli\u00e8rement idiote avec ses manies stupides de dodeliner du museau devant les poupons et de les agacer avec des onomatop\u00e9es. Nous sortirons de la p\u00e9riode du chouchou \u00e0 la m\u00e9m\u00e8re pour \u00e9crire des merveilles de na\u00efvet\u00e9 en style pr\u00e9cis, avec des subtilit\u00e9s de polytechnicien.<\/p>\n<p style=\"text-align: justify;\">Je t\u2019embrasse, ma petite fille ch\u00e9rie, comme il n\u2019est pas possible d\u2019esp\u00e9rer plus de tendresse et j\u2019ai foi dans l\u2019avenir prochain. Les portes s\u2019ouvrent devant nous. Pas glorieusement mais avec une lenteur prudente. D\u00e9j\u00e0 beaucoup de mes camarades sont dehors. Les plus charg\u00e9s ont vu leur peine r\u00e9duite. Nous allons au devant de solutions qui permettront de r\u00e9duire rapidement l\u2019abc\u00e8s. On nous donne de tous c\u00f4t\u00e9s le meilleur espoir. Mais nous avons davantage\u00a0:la certitude m\u00e9taphysique qui est toute la certitude. Si Dieu est avec nous, qui sera contre nous\u00a0?<\/p>\n<p style=\"text-align: justify;\">Le temps est encore orageux. Je souhaite que tu trouves en Sa\u00f4ne et Loire plus de fra\u00eecheur qu\u2019ici. Et puis la volupt\u00e9 d\u2019un espace vaste sans barreaux. Impression curieuse de se trouver \u00e0 l\u2019air libre. Il est vrai que tu ne connais pas la cage. Au bout de quatre ans on a tellement les barreaux dans l\u2019\u0153il qu\u2019on n\u2019imagine pas un paysage qui puisse s\u2019ouvrir devant soi sans contrainte. Et il me semble que si je sortais, je tendrais mon poignet \u00e0 mon voisin de m\u00e9tro pour qu\u2019il me passe le cabriolet. Mes gros baisers, fille ch\u00e9rie. Et \u00e0 te lire beaucoup et \u00e9crit tr\u00e8s fin, avec des fleurs piqu\u00e9es dans les lettres. Je t\u2019aime.<\/p>\n<p style=\"text-align: justify;\">J.<\/p>\n","protected":false},"excerpt":{"rendered":"<p>\u00a0 Dimanche 8 ao\u00fbt 1948 Ma ch\u00e9rie, Et bien le dernier parloir, bien que court, \u00e9tait parfait. J\u2019ai eu l\u2019impression que nous nous comprenons parfaitement dans le calme qui convient. C&rsquo;est-\u00e0-dire que plus rien ne s\u2019\u00e9l\u00e8ve qui puisse \u00eatre un &hellip; <a href=\"https:\/\/monperejeanmamy.fr\/?page_id=2694\">Continuer la lecture <span class=\"meta-nav\">&rarr;<\/span><\/a><\/p>\n","protected":false},"author":2,"featured_media":11,"parent":0,"menu_order":0,"comment_status":"closed","ping_status":"closed","template":"","meta":[],"folder":[],"_links":{"self":[{"href":"https:\/\/monperejeanmamy.fr\/index.php?rest_route=\/wp\/v2\/pages\/2694"}],"collection":[{"href":"https:\/\/monperejeanmamy.fr\/index.php?rest_route=\/wp\/v2\/pages"}],"about":[{"href":"https:\/\/monperejeanmamy.fr\/index.php?rest_route=\/wp\/v2\/types\/page"}],"author":[{"embeddable":true,"href":"https:\/\/monperejeanmamy.fr\/index.php?rest_route=\/wp\/v2\/users\/2"}],"replies":[{"embeddable":true,"href":"https:\/\/monperejeanmamy.fr\/index.php?rest_route=%2Fwp%2Fv2%2Fcomments&post=2694"}],"version-history":[{"count":7,"href":"https:\/\/monperejeanmamy.fr\/index.php?rest_route=\/wp\/v2\/pages\/2694\/revisions"}],"predecessor-version":[{"id":2706,"href":"https:\/\/monperejeanmamy.fr\/index.php?rest_route=\/wp\/v2\/pages\/2694\/revisions\/2706"}],"wp:featuredmedia":[{"embeddable":true,"href":"https:\/\/monperejeanmamy.fr\/index.php?rest_route=\/wp\/v2\/media\/11"}],"wp:attachment":[{"href":"https:\/\/monperejeanmamy.fr\/index.php?rest_route=%2Fwp%2Fv2%2Fmedia&parent=2694"}],"wp:term":[{"taxonomy":"folder","embeddable":true,"href":"https:\/\/monperejeanmamy.fr\/index.php?rest_route=%2Fwp%2Fv2%2Ffolder&post=2694"}],"curies":[{"name":"wp","href":"https:\/\/api.w.org\/{rel}","templated":true}]}}