{"id":27,"date":"2021-02-09T15:25:40","date_gmt":"2021-02-09T14:25:40","guid":{"rendered":"http:\/\/monperejeanmamy.fr\/?page_id=27"},"modified":"2021-03-07T18:33:42","modified_gmt":"2021-03-07T17:33:42","slug":"oeuvres","status":"publish","type":"page","link":"https:\/\/monperejeanmamy.fr\/?page_id=27","title":{"rendered":"Ses \u0153uvres"},"content":{"rendered":"<p style=\"text-align: justify;\">Cin\u00e9aste, journaliste, po\u00e8te, \u00e9crivain&#8230; Jean Mamy a laiss\u00e9 de nombreuses traces de son talent.<\/p>\n<p style=\"text-align: justify;\">\u00c9l\u00e8ve et collaborateur de Charles Dullin, cameraman assistant de Marcel Pagnol, metteur en sc\u00e8ne, producteur de nombreux films, homme de gauche pendant les ann\u00e9es 30, haut dignitaire franc-ma\u00e7on (il sera v\u00e9n\u00e9rable de la Loge Ernest Renan de 1931 \u00e0 1939), Jean Mamy basculera au moment de la d\u00e9faite de 40 en opposant vindicatif au communisme, d\u00e9noncera violemment la franc-ma\u00e7onnerie (il fut le r\u00e9alisateur du film anti-ma\u00e7onnique <em>Forces occultes<\/em> dont Jean Marqu\u00e8s-Rivi\u00e8re fut le sc\u00e9nariste) et manifestera un antis\u00e9mitisme de plume des plus odieux en tant que r\u00e9dacteur en chef des journaux \u00a0collaborationnistes <em>L\u2019Appel<\/em> et <em>Au Pilori<\/em>.<\/p>\n<p>Jusqu&rsquo;\u00e0 son arrestation et son incarc\u00e9ration, Jean Mamy a principalement \u0153uvr\u00e9 dans :<\/p>\n<h1><a href=\"http:\/\/monperejeanmamy.fr\/?page_id=86\"><img loading=\"lazy\" class=\"alignright size-medium wp-image-1117\" src=\"http:\/\/monperejeanmamy.fr\/wp-content\/uploads\/2021\/03\/01-Bouton-ses-films-300x150.jpg\" alt=\"\" width=\"300\" height=\"150\" \/>Le cin\u00e9ma<\/a><\/h1>\n<p>(acteur, monteur, r\u00e9alisateur, producteur&#8230; et m\u00eame syndicaliste)<\/p>\n<h2><a href=\"http:\/\/monperejeanmamy.fr\/?page_id=88\"><img loading=\"lazy\" class=\"alignright size-medium wp-image-1130\" src=\"http:\/\/monperejeanmamy.fr\/wp-content\/uploads\/2021\/03\/02-Bouton-journaliste-300x150.jpg\" alt=\"\" width=\"300\" height=\"150\" srcset=\"https:\/\/monperejeanmamy.fr\/wp-content\/uploads\/2021\/03\/02-Bouton-journaliste-300x150.jpg 300w, https:\/\/monperejeanmamy.fr\/wp-content\/uploads\/2021\/03\/02-Bouton-journaliste-1024x512.jpg 1024w, https:\/\/monperejeanmamy.fr\/wp-content\/uploads\/2021\/03\/02-Bouton-journaliste-768x384.jpg 768w, https:\/\/monperejeanmamy.fr\/wp-content\/uploads\/2021\/03\/02-Bouton-journaliste-500x250.jpg 500w, https:\/\/monperejeanmamy.fr\/wp-content\/uploads\/2021\/03\/02-Bouton-journaliste.jpg 1134w\" sizes=\"(max-width: 300px) 100vw, 300px\" \/>La presse antis\u00e9mite<\/a><\/h2>\n<p>(des \u00e9ditoriaux et des articles incendiaires)<\/p>\n<p style=\"text-align: justify;\">puis, de sa cellule de Fresnes, il a fait chauffer sa plume et a produit des quantit\u00e9 de pages in\u00e9dites :<\/p>\n<h2><a href=\"http:\/\/monperejeanmamy.fr\/?page_id=92\"><img loading=\"lazy\" class=\"alignright size-medium wp-image-1131\" src=\"http:\/\/monperejeanmamy.fr\/wp-content\/uploads\/2021\/03\/03-Bouton-Theatre-300x150.jpg\" alt=\"\" width=\"300\" height=\"150\" srcset=\"https:\/\/monperejeanmamy.fr\/wp-content\/uploads\/2021\/03\/03-Bouton-Theatre-300x150.jpg 300w, https:\/\/monperejeanmamy.fr\/wp-content\/uploads\/2021\/03\/03-Bouton-Theatre-1024x512.jpg 1024w, https:\/\/monperejeanmamy.fr\/wp-content\/uploads\/2021\/03\/03-Bouton-Theatre-768x384.jpg 768w, https:\/\/monperejeanmamy.fr\/wp-content\/uploads\/2021\/03\/03-Bouton-Theatre-500x250.jpg 500w, https:\/\/monperejeanmamy.fr\/wp-content\/uploads\/2021\/03\/03-Bouton-Theatre.jpg 1134w\" sizes=\"(max-width: 300px) 100vw, 300px\" \/><\/a>des <a href=\"http:\/\/monperejeanmamy.fr\/?page_id=92\">pi\u00e8ces de th\u00e9\u00e2tre<\/a><\/h2>\n<h2><a href=\"http:\/\/monperejeanmamy.fr\/?page_id=90\"><img loading=\"lazy\" class=\"alignright size-medium wp-image-1132\" src=\"http:\/\/monperejeanmamy.fr\/wp-content\/uploads\/2021\/03\/04-Bouton-poemes-et-contes-300x150.jpg\" alt=\"\" width=\"300\" height=\"150\" srcset=\"https:\/\/monperejeanmamy.fr\/wp-content\/uploads\/2021\/03\/04-Bouton-poemes-et-contes-300x150.jpg 300w, https:\/\/monperejeanmamy.fr\/wp-content\/uploads\/2021\/03\/04-Bouton-poemes-et-contes-1024x512.jpg 1024w, https:\/\/monperejeanmamy.fr\/wp-content\/uploads\/2021\/03\/04-Bouton-poemes-et-contes-768x384.jpg 768w, https:\/\/monperejeanmamy.fr\/wp-content\/uploads\/2021\/03\/04-Bouton-poemes-et-contes-500x250.jpg 500w, https:\/\/monperejeanmamy.fr\/wp-content\/uploads\/2021\/03\/04-Bouton-poemes-et-contes.jpg 1134w\" sizes=\"(max-width: 300px) 100vw, 300px\" \/><\/a>des<a href=\"http:\/\/monperejeanmamy.fr\/?page_id=90\"> po\u00e8mes<\/a> et des <a href=\"http:\/\/monperejeanmamy.fr\/?page_id=90\">contes<\/a><\/h2>\n<h2><a href=\"http:\/\/monperejeanmamy.fr\/?page_id=94\"><img loading=\"lazy\" class=\"alignright size-medium wp-image-1133\" src=\"http:\/\/monperejeanmamy.fr\/wp-content\/uploads\/2021\/03\/05-Bouton-essais-et-caricatures-300x150.jpg\" alt=\"\" width=\"300\" height=\"150\" srcset=\"https:\/\/monperejeanmamy.fr\/wp-content\/uploads\/2021\/03\/05-Bouton-essais-et-caricatures-300x150.jpg 300w, https:\/\/monperejeanmamy.fr\/wp-content\/uploads\/2021\/03\/05-Bouton-essais-et-caricatures-1024x512.jpg 1024w, https:\/\/monperejeanmamy.fr\/wp-content\/uploads\/2021\/03\/05-Bouton-essais-et-caricatures-768x384.jpg 768w, https:\/\/monperejeanmamy.fr\/wp-content\/uploads\/2021\/03\/05-Bouton-essais-et-caricatures-500x250.jpg 500w, https:\/\/monperejeanmamy.fr\/wp-content\/uploads\/2021\/03\/05-Bouton-essais-et-caricatures.jpg 1134w\" sizes=\"(max-width: 300px) 100vw, 300px\" \/><\/a>des <a href=\"http:\/\/monperejeanmamy.fr\/?page_id=94\">essais<\/a> et des <a href=\"http:\/\/monperejeanmamy.fr\/?page_id=94\">caricatures<\/a><\/h2>\n<h2><a href=\"http:\/\/monperejeanmamy.fr\/?page_id=96\"><img loading=\"lazy\" class=\"alignright size-medium wp-image-1134\" src=\"http:\/\/monperejeanmamy.fr\/wp-content\/uploads\/2021\/03\/06-Bouton-ecrits-politiques-300x150.jpg\" alt=\"\" width=\"300\" height=\"150\" srcset=\"https:\/\/monperejeanmamy.fr\/wp-content\/uploads\/2021\/03\/06-Bouton-ecrits-politiques-300x150.jpg 300w, https:\/\/monperejeanmamy.fr\/wp-content\/uploads\/2021\/03\/06-Bouton-ecrits-politiques-1024x512.jpg 1024w, https:\/\/monperejeanmamy.fr\/wp-content\/uploads\/2021\/03\/06-Bouton-ecrits-politiques-768x384.jpg 768w, https:\/\/monperejeanmamy.fr\/wp-content\/uploads\/2021\/03\/06-Bouton-ecrits-politiques-500x250.jpg 500w, https:\/\/monperejeanmamy.fr\/wp-content\/uploads\/2021\/03\/06-Bouton-ecrits-politiques.jpg 1134w\" sizes=\"(max-width: 300px) 100vw, 300px\" \/><\/a>un <a href=\"http:\/\/monperejeanmamy.fr\/?page_id=96\">roman autobiographique<\/a>,<br \/>\npr\u00e9lude de son <a href=\"http:\/\/monperejeanmamy.fr\/?page_id=96\">testament politique.<\/a><\/h2>\n<h2>une <a href=\"http:\/\/monperejeanmamy.fr\/?page_id=894\">correspondance<\/a><\/h2>\n<p>dont l&rsquo;intimit\u00e9 se m\u00eale aux commentaires culturels, litt\u00e9raires, historiques et n&rsquo;exclut pas la vision politique.historique comme en t\u00e9moigne l&rsquo;extrait ci-dessous du premier courrier qu&rsquo;il adressa \u00e0 ma m\u00e8re au lendemain de sa condamnation \u00e0 mort :<\/p>\n<blockquote><p>\u00ab Il est vrai que tout ce que nous avons pr\u00e9dit se r\u00e9alise peu \u00e0 peu ou s&rsquo;entrevoit.<\/p>\n<p>L&rsquo;Europe, domin\u00e9e par le peuple le plus fort, le plus m\u00e9thodique, le plus froid : l&rsquo;Allemand avec qui le Fran\u00e7ais doit cohabiter et plus encore s&rsquo;allier intimement<br \/>\ns&rsquo;il ne veut pas \u00eatre d\u00e9truit d&rsquo;un revers de coude.<\/p>\n<p>C&rsquo;est ainsi.<\/p>\n<p>Nous serons, ou nous aurons \u00e9t\u00e9, les champions d&rsquo;une cause d&rsquo;avenir.<\/p>\n<p>Je crois de plus en plus \u00e0 cette fusion europ\u00e9enne, d&rsquo;autant plus que l&rsquo;Angleterre ne joue plus son r\u00f4le qui \u00e9tait de diviser et de f\u00e9d\u00e9rer.<\/p>\n<p>Si l&rsquo;on veut \u00e9viter l&rsquo;Asie \u00e0 Brest, il faut faire l&rsquo;Europe sur les Carpates et plus loin encore si possible.\u00a0\u00bb<\/p>\n<p style=\"text-align: right;\">Jean Mamy<br \/>\nFresnes, 2 janvier 1949<\/p>\n<\/blockquote>\n<p>&nbsp;<\/p>\n<p>&nbsp;<\/p>\n","protected":false},"excerpt":{"rendered":"<p>Cin\u00e9aste, journaliste, po\u00e8te, \u00e9crivain&#8230; Jean Mamy a laiss\u00e9 de nombreuses traces de son talent. \u00c9l\u00e8ve et collaborateur de Charles Dullin, cameraman assistant de Marcel Pagnol, metteur en sc\u00e8ne, producteur de nombreux films, homme de gauche pendant les ann\u00e9es 30, haut &hellip; <a href=\"https:\/\/monperejeanmamy.fr\/?page_id=27\">Continuer la lecture <span class=\"meta-nav\">&rarr;<\/span><\/a><\/p>\n","protected":false},"author":1,"featured_media":9,"parent":0,"menu_order":0,"comment_status":"closed","ping_status":"closed","template":"","meta":[],"folder":[],"_links":{"self":[{"href":"https:\/\/monperejeanmamy.fr\/index.php?rest_route=\/wp\/v2\/pages\/27"}],"collection":[{"href":"https:\/\/monperejeanmamy.fr\/index.php?rest_route=\/wp\/v2\/pages"}],"about":[{"href":"https:\/\/monperejeanmamy.fr\/index.php?rest_route=\/wp\/v2\/types\/page"}],"author":[{"embeddable":true,"href":"https:\/\/monperejeanmamy.fr\/index.php?rest_route=\/wp\/v2\/users\/1"}],"replies":[{"embeddable":true,"href":"https:\/\/monperejeanmamy.fr\/index.php?rest_route=%2Fwp%2Fv2%2Fcomments&post=27"}],"version-history":[{"count":19,"href":"https:\/\/monperejeanmamy.fr\/index.php?rest_route=\/wp\/v2\/pages\/27\/revisions"}],"predecessor-version":[{"id":1147,"href":"https:\/\/monperejeanmamy.fr\/index.php?rest_route=\/wp\/v2\/pages\/27\/revisions\/1147"}],"wp:featuredmedia":[{"embeddable":true,"href":"https:\/\/monperejeanmamy.fr\/index.php?rest_route=\/wp\/v2\/media\/9"}],"wp:attachment":[{"href":"https:\/\/monperejeanmamy.fr\/index.php?rest_route=%2Fwp%2Fv2%2Fmedia&parent=27"}],"wp:term":[{"taxonomy":"folder","embeddable":true,"href":"https:\/\/monperejeanmamy.fr\/index.php?rest_route=%2Fwp%2Fv2%2Ffolder&post=27"}],"curies":[{"name":"wp","href":"https:\/\/api.w.org\/{rel}","templated":true}]}}