{"id":2700,"date":"2021-05-16T10:04:21","date_gmt":"2021-05-16T08:04:21","guid":{"rendered":"http:\/\/monperejeanmamy.fr\/?page_id=2700"},"modified":"2021-05-16T10:48:23","modified_gmt":"2021-05-16T08:48:23","slug":"jm-a-jr-fresnes-48-08-15","status":"publish","type":"page","link":"https:\/\/monperejeanmamy.fr\/?page_id=2700","title":{"rendered":"JM \u00e0 JR (Fresnes 48\/08\/15)"},"content":{"rendered":"<p><strong>\u00a0<\/strong><a href=\"http:\/\/monperejeanmamy.fr\/?page_id=2694\"><img loading=\"lazy\" class=\"wp-image-1352 alignleft\" src=\"http:\/\/monperejeanmamy.fr\/wp-content\/uploads\/2021\/03\/Lettre-precedente.jpg\" alt=\"\" width=\"143\" height=\"78\" \/><\/a><a href=\"http:\/\/monperejeanmamy.fr\/?page_id=2715\"><img loading=\"lazy\" class=\"alignright wp-image-1353\" src=\"http:\/\/monperejeanmamy.fr\/wp-content\/uploads\/2021\/03\/Lettre-suivante.jpg\" alt=\"\" width=\"139\" height=\"76\" \/><\/a><\/p>\n<p style=\"text-align: center;\"><strong>Dimanche 15 ao\u00fbt 1948<br \/>\n<\/strong><\/p>\n<p style=\"text-align: center;\">Ma petite fille ch\u00e9rie,<\/p>\n<p style=\"text-align: justify;\">Je t\u2019ai sentie sur mes genoux bien des fois cette semaine, preuve que tu es plus libre de toi, moins occup\u00e9e d\u2019un travail hallucinant et capable de r\u00eaverie. Et j\u2019\u00e9tais tr\u00e8s heureux, comme je suis toujours heureux quand je pense \u00e0 toi tout simplement avec cette joie de me dire que je repose ma t\u00eate sur un amour solide, que j\u2019ai v\u00e9rifi\u00e9 l\u00e0 une de ces affections b\u00e2ties sur le roc et que moi aussi je peux donner ici quelque chose de pur\u2026 quelque chose du c\u0153ur enfantin et subtil\u2026 a dit Verlaine\u00a0: Bont\u00e9\u00a0! Respect\u00a0! Voil\u00e0 qui nous \u00e9voque des mondanit\u00e9s et ram\u00e8ne l\u2019esprit dans la voie droite. Car je n\u2019aime vraiment que ce que j\u2019estime. Et il faut cultiver en soi un sens de l\u2019estimable\u2026 qui en devient inestimable. Cette richesse pr\u00e9cieuse de la loyaut\u00e9. Cette illumination de la franchise. Cette joie du regard clair qui ne dissimule nul mensonge. Cette patience \u00e0 comprendre les hauteurs de l\u2019homme. Notre parloir dernier a \u00e9t\u00e9 le meilleur. Je le porte ench\u00e2ss\u00e9 comme un bijou. Et ce sont les phrases les plus banales dites sur le ton le plus calme qui refl\u00e8tent le plus de s\u00e9r\u00e9nit\u00e9, car nous en sommes au point o\u00f9 tout coule calmement, o\u00f9 les caract\u00e8res s\u2019\u00e9tant rod\u00e9s, il n\u2019y a plus lieu m\u00eame de s\u2019affirmer mutuellement des choses d\u00e9j\u00e0 consenties. La confiance profonde s\u2019exprime sans phrases. Elle surgit de tout le calme absolu de flot de tendresse pr\u00e9cieuse \u00e0 peine soulign\u00e9e d\u2019un sourire.<\/p>\n<p style=\"text-align: justify;\">Voici que je t\u2019aime avec des mots neufs, tout brillants comme aluminium \u00e0 huit reflets, comme pi\u00e8ce d\u2019art savamment polie, comme m\u00e9canisme parfait pour tourner vite et d\u00e9biter sa passion au rythme voulu. Et avec des mots anciens patin\u00e9s par l\u2019usage, v\u00e9rifi\u00e9s par la tradition, de ces vieux mots qui sont devenus si puissants \u00e0 force d\u2019\u00eatre martel\u00e9s par les bouches, d\u2019avoir conquis des milliards d\u2019hommes aux r\u00e9flexes fragiles, qu\u2019ils sont encore la meilleure force du monde. Je pense \u00e0 toi avec des mots, des images, des souvenirs, des projets et des palpitations bienfaisantes. Et tout devient chanson dans notre amour, car la musique s\u2019en m\u00eale, celle des mots, celle des anges, celle des \u00e9toiles, celle du romantisme inn\u00e9 dans tout c\u0153ur humain, celle de la romance lente qui se d\u00e9vide dans l\u2019attente. Tu es P\u00e9n\u00e9lope\u00a0; Je suis Ulysse. Et je ne me laisse pas s\u00e9duire par les sorci\u00e8res, par les ab\u00eemes, et j\u2019\u00e9vite les r\u00e9cifs. Car Ulysse rejoint P\u00e9n\u00e9lope au bout du compte. Nous avons fait un beau voyage.<\/p>\n<p style=\"text-align: justify;\">Me voil\u00e0 encore lanc\u00e9 chez les Grecs. J\u2019ai trouv\u00e9 dans un r\u00e9cit de Lacretelle <a href=\"#_ftn1\" name=\"_ftnref1\">[1]<\/a> sur la Gr\u00e8ce quelques d\u00e9tails extraordinaires. Cette rigueur dans la puret\u00e9, ce jaillissement s\u00e9v\u00e8re des lignes, cette adoration des symboles, ce go\u00fbt de l\u2019effort stylis\u00e9. Peuple de contraintes nobles. Aucune d\u00e9faillance lors de l\u2019\u00e9poque o\u00f9 la beaut\u00e9 primait sur tout le vulgaire. Il semble que la r\u00e9v\u00e9lation passe sur l\u2019humanit\u00e9 par p\u00e9riodes comme se succ\u00e8dent les saisons avec des ciels bleus ou des nuits tristes. Nous sommes probablement dans les \u00e9quinoxes divins \u00e0 en juger par les temp\u00eates sous les cr\u00e2nes.<\/p>\n<p style=\"text-align: justify;\">Je ne veux pas t\u2019ennuyer avec la politique \u00e0 quoi, heureusement, tu ne comprends rien, mais saches cependant que la situation internationale appara\u00eet grave. Nous verrons \u00e0 ton retour o\u00f9 tout cela en sera. Il semble bien que le d\u00e9nouement approche. Pour nous, la Chambre, et le Conseil de la R\u00e9publique ont jug\u00e9 bon de maintenir l\u2019actuel syst\u00e8me de justice. Nous en avons vu d\u2019autres. Rien ne saurait plus nous \u00e9mouvoir. Pourquoi serions-nous \u00e9branl\u00e9s dans notre conviction que le monde r\u00e9el ne saurait \u00eatre atteint par les ombres humaines. Les d\u00e9mons peuvent bien danser leur ronde folle, leur sabbat d\u00e9cha\u00een\u00e9 dans l\u2019ab\u00eeme des d\u00e9mences, nous n\u2019en resterons pas moins certains que leur pr\u00e9tention ne peut troubler la vision claire d\u2019une transcendance spirituelle si puissante qu\u2019elle \u00e9limine toute impuret\u00e9. C\u2019est Wells, le romancier, qui \u00e9crivit un jour un conte charmant o\u00f9 un village avait vot\u00e9 que la terre \u00e9tait plate. Ici on vote bien autre chose de bien plus ridicule. Moi, tout m\u2019est \u00e9gal. Je ne suis pas dans le coup.<\/p>\n<p style=\"text-align: justify;\">Me voil\u00e0 soulag\u00e9 d\u2019une page grosse de tendresse. C\u2019est un bon grain qui doit produire riche moisson dans un c\u0153ur tendre. Mange cette manne qui vient du meilleur de moi. A pleine bouche, dans mes paumes toutes tendues et couvertes de mille et mille baisers. Non point de ceux animaux qui ne durent pas, mais de ceux de p\u00e2te dure dont on dit que l\u2019\u00e9ternit\u00e9 est leur jardin. Bonne nuit, ch\u00e9rie, \u00e0 demain. Reprendre ta t\u00eate \u00e0 deux mains et tout te dire, et tout te redire.<\/p>\n<h1 style=\"text-align: justify;\"><u>Lundi soir<\/u>.<\/h1>\n<p style=\"text-align: justify;\">Bien re\u00e7u ta lettre toute pr\u00e9occup\u00e9e de soupe, de balai, de chant du coq et de f\u00eates champ\u00eatres. J\u2019ai pass\u00e9 ma journ\u00e9e \u00e0 compulser un bouquin sur l\u2019Oc\u00e9anie dont un camarade me vante les commodit\u00e9s\u00a0: arbre \u00e0 pain, bananes, cochon grill\u00e9, corail, coprah, perles, guitares, danses, nickel et la vie loin de la civilisation. Tous les avantages. Climat extraordinaire, joie des yeux, repos complet. Si on veut travailler, \u00e7a va. Sinon on vit quand m\u00eame. Costume pour les femmes\u00a0: un par\u00e9o. Pour les hommes\u00a0: un slip. Avec un bateau on va o\u00f9 on veut\u00a0: Pacifique, mer de Chine, les \u00eeles de la Sonde, etc. Cinq hommes \u00e0 bord. Beaucoup de temp\u00eates dans le coin. Si on pousse jusqu\u2019\u00e0 Bali, on ramasse de l\u2019antiquaille et un peu plus haut l\u2019Indochine avec ses merveilles bois et pierre. Je sens que le jour o\u00f9 je serai happ\u00e9 par l\u2019Extr\u00eame Orient on ne me verra plus en Europe. D\u00e9j\u00e0, il suffirait de deux griffons de bois dor\u00e9 pour me faire r\u00eaver. M\u00e9tier\u00a0: le commerce. On ach\u00e8te, on vend. Tout va bien.<\/p>\n<p style=\"text-align: justify;\">D\u2019ici l\u00e0, on trouvera le moyen de sortir du trou. Encore un peu de patience. Et puis on se refera un peu de blason.<\/p>\n<p style=\"text-align: justify;\">Le colis va tr\u00e8s bien. Sois tranquille. Je travaille toujours sans d\u00e9brider.<\/p>\n<p style=\"text-align: justify;\">J\u2019ai \u00e9crit \u00e0 mon juge et \u00e0 Flo. pour un nouveau t\u00e9moignage. On va voir. Peut-\u00eatre tout le monde est-il en vacances\u00a0? Auquel cas on ne me r\u00e9pondra pas avant quelque temps.<\/p>\n<p style=\"text-align: justify;\">Parlons d\u2019autre chose. Mon affaire m\u2019a toujours tr\u00e8s peu pr\u00e9occup\u00e9.<\/p>\n<p style=\"text-align: justify;\">Voil\u00e0 que les \u00e9v\u00e8nements s\u2019approchent. D\u2019ici peu on verra beaucoup plus clair. Je ne crois pas que la situation actuelle puisse durer au-del\u00e0 de quelques semaines, \u00e0 moins que les Am\u00e9ricains soient vraiment devenus fous, ce qui est possible avec les d\u00e9mocraties, ce r\u00e9gime \u00e9tant en soi la derni\u00e8re des folies.<\/p>\n<p style=\"text-align: justify;\">Profitons vite du peu de temps qui nous reste \u00e0 passer tranquille pour faire encore l\u2019effort de mettre au point quelque nouveau sujet. J\u2019ai un truc dans la t\u00eate qui ne me parait pas mal du tout. On va essayer de construite son petit jouet.<\/p>\n<p style=\"text-align: justify;\">\u00c9cris moi souvent et raconte moi tout ce que tu vois.<\/p>\n<p style=\"text-align: justify;\">Moi, je ne vois rien par mes yeux, mais le spectacle mental est prodigieux, bourr\u00e9 d\u2019anges, parfum\u00e9 de musique, secou\u00e9 de po\u00e9sie, charg\u00e9 de tonnerres et d\u2019\u00e9clairs fantastiques, puis soudain du calme \u00e9tonnant des grands lacs de montagne, ceux qu\u2019on ne trouve que sous les cimes vierges, balay\u00e9 par tous les vents de l\u2019inspiration mugissante, nourri de chants d\u2019oiseaux et cass\u00e9 de silences absolus. Tout un cyclone, toute une envol\u00e9e symphonique, tout un palais m\u00fbri dans la t\u00eate de l\u2019architecte, tout un paysage ordonn\u00e9, parfaitement \u00e9tag\u00e9 sur les collines saintes. Te rappelles-tu <em>Les Horizons Perdus<\/em> <a href=\"#_ftn2\" name=\"_ftnref2\">[2]<\/a>, ce film qui se passait dans un couvent d\u2019Himalaya. Voil\u00e0 que j\u2019ai d\u00e9couvert de hautes vall\u00e9es de ti\u00e9deur parmi la bourrasque humaine. On t\u2019embrasse vite pour ne pas t\u2019effaroucher trop avec des perturbations cosmiques. Si le papier ne s\u2019arr\u00eatait, je te raconterai toutes mes nuits dans le ciel. Toutes mes tendresses.<\/p>\n<p style=\"text-align: justify;\">J.<\/p>\n<p style=\"text-align: justify;\"><a href=\"#_ftnref1\" name=\"_ftn1\">[1]<\/a> Jacques de Lacretelle (1888-1985), \u00e9crivain fran\u00e7ais qui a \u00e9crit notamment <em>Le Demi-dieu ou le Voyage en Gr\u00e8ce<\/em> (Grasset, 1930)<br \/>\n<a href=\"#_ftnref2\" name=\"_ftn2\">[2]<\/a> <em>Les Horizons perdus<\/em> (Lost Horizon) est un film am\u00e9ricain r\u00e9alis\u00e9 par Frank Capra, sorti en 1937, tir\u00e9 du roman \u00e9ponyme de James Hilton.<br \/>\nSynopsis\u00a0: 1935 en Chine. Sous la menace d&rsquo;une r\u00e9volution, le diplomate anglais Robert Conway organise l&rsquo;\u00e9vacuation de ses concitoyens. Alors qu&rsquo;il devrait voler vers Shanghai, l&rsquo;avion, d\u00e9tourn\u00e9, s&rsquo;\u00e9crase dans les montagnes tib\u00e9taines. Conway et quatre autres survivants sont recueillis dans la vall\u00e9e de Shangri-La. Ils d\u00e9couvrent une v\u00e9ritable utopie o\u00f9 r\u00e8gnent harmonie et bonheur mais seront lents \u00e0 le reconna\u00eetre et de diverses fa\u00e7ons\u2026<\/p>\n","protected":false},"excerpt":{"rendered":"<p>\u00a0 Dimanche 15 ao\u00fbt 1948 Ma petite fille ch\u00e9rie, Je t\u2019ai sentie sur mes genoux bien des fois cette semaine, preuve que tu es plus libre de toi, moins occup\u00e9e d\u2019un travail hallucinant et capable de r\u00eaverie. Et j\u2019\u00e9tais tr\u00e8s &hellip; <a href=\"https:\/\/monperejeanmamy.fr\/?page_id=2700\">Continuer la lecture <span class=\"meta-nav\">&rarr;<\/span><\/a><\/p>\n","protected":false},"author":2,"featured_media":11,"parent":0,"menu_order":0,"comment_status":"closed","ping_status":"closed","template":"","meta":[],"folder":[],"_links":{"self":[{"href":"https:\/\/monperejeanmamy.fr\/index.php?rest_route=\/wp\/v2\/pages\/2700"}],"collection":[{"href":"https:\/\/monperejeanmamy.fr\/index.php?rest_route=\/wp\/v2\/pages"}],"about":[{"href":"https:\/\/monperejeanmamy.fr\/index.php?rest_route=\/wp\/v2\/types\/page"}],"author":[{"embeddable":true,"href":"https:\/\/monperejeanmamy.fr\/index.php?rest_route=\/wp\/v2\/users\/2"}],"replies":[{"embeddable":true,"href":"https:\/\/monperejeanmamy.fr\/index.php?rest_route=%2Fwp%2Fv2%2Fcomments&post=2700"}],"version-history":[{"count":5,"href":"https:\/\/monperejeanmamy.fr\/index.php?rest_route=\/wp\/v2\/pages\/2700\/revisions"}],"predecessor-version":[{"id":2720,"href":"https:\/\/monperejeanmamy.fr\/index.php?rest_route=\/wp\/v2\/pages\/2700\/revisions\/2720"}],"wp:featuredmedia":[{"embeddable":true,"href":"https:\/\/monperejeanmamy.fr\/index.php?rest_route=\/wp\/v2\/media\/11"}],"wp:attachment":[{"href":"https:\/\/monperejeanmamy.fr\/index.php?rest_route=%2Fwp%2Fv2%2Fmedia&parent=2700"}],"wp:term":[{"taxonomy":"folder","embeddable":true,"href":"https:\/\/monperejeanmamy.fr\/index.php?rest_route=%2Fwp%2Fv2%2Ffolder&post=2700"}],"curies":[{"name":"wp","href":"https:\/\/api.w.org\/{rel}","templated":true}]}}