{"id":2707,"date":"2021-05-16T10:15:33","date_gmt":"2021-05-16T08:15:33","guid":{"rendered":"http:\/\/monperejeanmamy.fr\/?page_id=2707"},"modified":"2021-05-16T10:48:54","modified_gmt":"2021-05-16T08:48:54","slug":"jm-a-jr-fresnes-48-08-22","status":"publish","type":"page","link":"https:\/\/monperejeanmamy.fr\/?page_id=2707","title":{"rendered":"JM \u00e0 JR (Fresnes 48\/08\/22)"},"content":{"rendered":"<p><strong>\u00a0<\/strong><a href=\"http:\/\/monperejeanmamy.fr\/?page_id=2715\"><img loading=\"lazy\" class=\"wp-image-1352 alignleft\" src=\"http:\/\/monperejeanmamy.fr\/wp-content\/uploads\/2021\/03\/Lettre-precedente.jpg\" alt=\"\" width=\"143\" height=\"78\" \/><\/a><a href=\"http:\/\/monperejeanmamy.fr\/?page_id=2711\"><img loading=\"lazy\" class=\"alignright wp-image-1353\" src=\"http:\/\/monperejeanmamy.fr\/wp-content\/uploads\/2021\/03\/Lettre-suivante.jpg\" alt=\"\" width=\"139\" height=\"76\" \/><\/a><\/p>\n<p style=\"text-align: center;\"><strong>Dimanche 22 ao\u00fbt 1948<br \/>\n<\/strong><\/p>\n<p style=\"text-align: center;\">Ma petite fille ch\u00e9rie,<\/p>\n<p style=\"text-align: justify;\">Bien re\u00e7u tes deux lettres, toutes pleines de bruits de fermes, de l\u00e9gumes, de foire et de lait frais. Bravo. Prends des kilos et nourris-toi de ronflements de batteuses. C\u2019\u00e9tait ma joie, \u00e0 moi gosse, de participer aux travaux. Ce jour-l\u00e0, \u00e0 la ferme on pr\u00e9parait un banquet monstre. G\u00e9n\u00e9ralement on tuait un veau. Le vin rouge savoyard, qui est aussi lourd que le bourgogne, et le vin blanc des coteaux de Montm\u00e9lian asticotaient les cr\u00e2nes. Pour laver la poussi\u00e8re de la langue il faut un ruisseau de boisson. Notre batteuse \u00e9tait mue par une \u00e9norme locomotive \u00e0 grande courroie. Elle se calait sur les routes de montagne au milieu du chemin sans prendre garde aux n\u00e9cessit\u00e9s de la circulation. Je me d\u00e9vouais g\u00e9n\u00e9ralement \u00e0 la remont\u00e9e de la paille avec une fourche. J\u2019attrapais mes \u00ab\u00a0piqu\u00e9es\u00a0\u00bb et les enfournais dans la grange o\u00f9 d\u2019autres les entassaient. Cela me valait de fortes ampoules et des muqueuses bourr\u00e9es de son fin. Ce jour l\u00e0 les poules \u00e9taient chass\u00e9es loin dans les pr\u00e9s, le chien attach\u00e9 comme de juste pour ne point \u00eatre happ\u00e9 par la courroie et les gosses prudemment rel\u00e9gu\u00e9s derri\u00e8re les barri\u00e8res. J\u2019\u00e9tais tr\u00e8s fier de mes quatorze ans et de la permission de mon grand-p\u00e8re qui m\u2019avait autoris\u00e9 \u00e0 participer \u00e0 la f\u00eate avec les gars du village. Je prenais soin de boire mod\u00e9r\u00e9ment et pour ne pas g\u00eaner les jeunes paysans je n\u2019assistais pas au d\u00eener collectif. De la sorte ils pouvaient d\u00e9vider toutes leurs bourdes.<\/p>\n<p style=\"text-align: justify;\">La fermi\u00e8re \u00e9tait rouge du feu de ses cuisines. On avait pr\u00e9par\u00e9 d\u2019\u00e9normes pains blancs et on taillait dans le fromage \u00e0 pleins couteaux.<\/p>\n<p style=\"text-align: justify;\">Et puis ce bruit continu dans la plaine qui chantait la moisson, le bl\u00e9 m\u00fbr, le mois de juillet, les vacances, la belle humeur\u2026 Le 2 ao\u00fbt 1914, j\u2019\u00e9tais sur la route qui conduit \u00e0 Chamb\u00e9ry au mont Nivolet, \u00e0 \u00e9couter les batteuses quand, au milieu du bourdonnement doux rugit la sir\u00e8ne insistante d\u2019une voiture qui courrait d\u2019une mairie \u00e0 l\u2019autre. C\u2019\u00e9tait la mobilisation\u2026 qui n\u2019est jamais la guerre, comme chacun sait\u2026<a href=\"#_ftn1\" name=\"_ftnref1\">[ 1]<\/a><\/p>\n<p style=\"text-align: justify;\">Voil\u00e0 que les nuages menacent encore la vieille Europe. Ne crois-tu pas qu\u2019on devrait s\u2019abriter un peu plus loin pour ne plus prendre les coups\u00a0? Nous en parlerons d\u00e8s ton retour. Je te dirai ce qu\u2019on projette. Tout cela est bien vague mais peut prendre forme. Je crois de plus en plus que nous allons vite aux \u00e9v\u00e8nements pr\u00e9vus. Et je crois aussi que nous serons sortis par la force des choses et non point pour des travaux de paix. Cette fois-ci le p\u00e8re No\u00ebl tiendra ses promesses.<\/p>\n<p style=\"text-align: justify;\">Ai vu ma m\u00e8re hier au parloir. Elle n\u2019a cess\u00e9 de me faire tes louanges. Elle parle de toi avec enthousiasme. Moi, je ne dis rien. Je sais bien ce que je sais.<\/p>\n<p style=\"text-align: justify;\">Ton bouquet est toujours l\u00e0, \u00e0 s\u00e9cher sans se faner. Les colis sont tr\u00e8s bien. Je manque de plumes mais l\u2019administration exige que nous les achetions \u00e0 elle seule. Or, celles qu\u2019elle nous vend sont de la derni\u00e8re qualit\u00e9. Elles grattent et rouillent, crachent, se cassent. Je me bats avec le papier.<\/p>\n<p style=\"text-align: justify;\">Je mijote encore quelques menus travaux pour le temps qui reste \u00e0 passer ici. J\u2019ai re\u00e7u r\u00e9ponse de Flo. me disant que le juge est en vacances jusqu\u2019au 1<sup>er<\/sup> octobre. J\u2019esp\u00e8re qu\u2019il a toujours le dossier. Il me semble que oui, sinon on m\u2019aurait pr\u00e9venu, n\u2019est-ce pas\u00a0?<\/p>\n<p style=\"text-align: justify;\">Ma table est encombr\u00e9e de bouquins en piles. Je farfouille \u00e0 la fois dans la mythologie, dans Shakespeare, dans la politique g\u00e9n\u00e9rale, dans la documentation \u00e9conomique, dans les voyages de Cook, dans la Bible et dans l\u2019histoire des R\u00e9volutions. Pas le temps de lire les romans de Philibert. Je lui \u00e9crirai. Du reste, peux plus lire de romans, genre ex\u00e9crable, imaginations personnelles pr\u00e9tentieuses, fum\u00e9es.<\/p>\n<p style=\"text-align: justify;\">Quand rentres-tu\u00a0? Viens au parloir samedi 4 septembre. C\u2019est ton jour.<\/p>\n<p style=\"text-align: justify;\">Je ne t\u2019embrasse pas une fois mais dix, c&rsquo;est-\u00e0-dire cent. Mille baisers. Tu es tr\u00e8s tr\u00e8s gentille.<\/p>\n<h1 style=\"text-align: justify;\"><u>Lundi soir<\/u>.<\/h1>\n<p style=\"text-align: justify;\">Re\u00e7u ta lettre de samedi. Les tiennes vont plus vite que les miennes. Moi aussi je te souhaite bonne f\u00eate. Quelle id\u00e9e de f\u00eater Jeanne le 21 ao\u00fbt ! Savais pas. Moi, c\u2019est le 24 juin. Il y a aussi un Jean en d\u00e9cembre. D\u2019abord, qu\u2019est-ce qu\u2019elle a fait cette sainte l\u00e0 ? Pas tr\u00e8s vedette. Nous autres, nous avons des saints plus cossus, \u00c9vang\u00e9liste, Baptiste, des saints de premier plan.<\/p>\n<p style=\"text-align: justify;\">Alors, tu fr\u00e9quentes les ch\u00e8vres et les p\u00e2tres. Et tu te gargarises des fl\u00fbtiaux. Bucoliques\u00a0! Naturellement le jeune parisien d\u00e9couvre la campagne. Un \u0153uf dans une meule de paille. Il doit \u00eatre tout embarrass\u00e9. Reste l\u00e0-bas le plus longtemps que tu peux. Tu n\u2019es pas press\u00e9e au point de sacrifier des jours de vacances pour un parloir. Ah\u00a0! Si\u2026 Oui\u00a0!<\/p>\n<p style=\"text-align: justify;\">\u00c9videmment\u2026 mais puisque ce n\u2019est pas encore tout \u00e0 fait au point\u2026 attendons\u2026 No\u00ebl. No\u00ebl\u2026 Tant crie-t-on No\u00ebl qu\u2019il vient.<\/p>\n<p style=\"text-align: justify;\">Ma m\u00e8re se d\u00e9brouille tr\u00e8s bien pour les colis. Celui de ce matin est parfait.<\/p>\n<p style=\"text-align: justify;\">Ainsi tu \u00e9tais press\u00e9e de rentrer de vacances autrefois\u00a0? Et tu ne me l\u2019as jamais dit\u00a0! Alors, tu m\u2019as cach\u00e9 quelque chose. Vraiment tr\u00e8s press\u00e9e\u00a0? Je ne croyais pas \u00eatre d\u00e9sir\u00e9 \u00e0 ce point. Il faudra que je m\u2019habitue. Quand je me regarde dans la glace, je me m\u00e9fie et me dis que tu dois te tromper. Sais-tu que je suis tr\u00e8s peu s\u00e9duisant. Trop gros, lourd, avec une t\u00eate pas intelligente du tout, un menton timide, pas de cheveux, et pas beaux, l\u2019air rogue, le nez trop \u00e9pais, l\u2019oreille trop petite. Et puis casanier, fantaisiste, assez sanglier, n\u2019aimant que les livres ou les bateaux, ou les mers du Sud, ou la litt\u00e9rature grecque, ou les mus\u00e9es, ou les enfants, ou les filles blondes tr\u00e8s minces (j\u2019allais dire maigres). Enfin quelqu\u2019un de tr\u00e8s moyen, et tr\u00e8s discut\u00e9, pas du tout sympathique \u00e0 tout le monde, d\u00e9test\u00e9 de beaucoup, furieusement combattu, parce qu\u2019il n\u2019aime pas les concessions. Et puis sa fa\u00e7on de s\u2019ent\u00eater dans certaines attitudes. On voudrait bien l\u2019\u00e9triper. Tout le monde n\u2019est pas de ton avis. Pourquoi t\u2019int\u00e9resse-tu \u00e0 un monsieur si suspect\u00a0? Et ses arri\u00e8res pens\u00e9es\u00a0? As-tu vu son \u0153il\u00a0? Tout petit, gris-vert avec une tache marron. Et les lignes de sa main\u00a0? Celles de gauche, passe encore, mais \u00e0 droite, la ligne de t\u00eate se termine en fourche. C\u2019est un certain d\u00e9r\u00e8glement. Peut-\u00eatre bien mystique. On ne sait jamais o\u00f9 les po\u00e8tes vont se nicher.<\/p>\n<p style=\"text-align: justify;\">Moi, je ne suis pas du tout emball\u00e9 sur le personnage. Je te dirai qu\u2019\u00e0 le fr\u00e9quenter depuis des ann\u00e9es j\u2019ai beaucoup d\u2019efforts \u00e0 faire pour lui accorder mon amiti\u00e9. Ah\u00a0! S\u2019il voulait se corriger, cesser de penser \u00e0 lui-m\u00eame, se d\u00e9vouer, oser sourire, \u00eatre gentil avec les gens, s\u2019excuser quand il s\u2019est tromp\u00e9, plaire \u00e0 la foule\u2026 Alors\u2026<\/p>\n<p style=\"text-align: justify;\">Alors\u2026 il deviendrait tout \u00e0 fait banal. R\u00e9pugnant. Il serait le roi des concierges. Il vaut mieux en faire un ermite, un p\u00e8re de famille ermite\u2026 avec beaucoup de monde autour.<\/p>\n<p style=\"text-align: justify;\">Je fais de la culture physique r\u00e9guli\u00e8rement depuis huit jours pour maigrir un peu. R\u00e9sultat\u00a0: j\u2019ai grossi \u00e9norm\u00e9ment. Tout se d\u00e9veloppe, le thorax, l\u2019estomac, les \u00e9paules. Je fais craquer toutes les coutures. Bonsoir ch\u00e9rie. Mes gros baisers. Pourquoi gros\u00a0? Mes baisers \u00e9normes. Cent kilos de baisers.<\/p>\n<p style=\"text-align: justify;\">J.<\/p>\n<p style=\"text-align: justify;\"><a href=\"#_ftnref1\" name=\"_ftn1\">[1]<\/a> Voir le tout d\u00e9but de son roman autobiographique, L\u2019enfance sous les armes (Note de FGR)<\/p>\n","protected":false},"excerpt":{"rendered":"<p>\u00a0 Dimanche 22 ao\u00fbt 1948 Ma petite fille ch\u00e9rie, Bien re\u00e7u tes deux lettres, toutes pleines de bruits de fermes, de l\u00e9gumes, de foire et de lait frais. Bravo. Prends des kilos et nourris-toi de ronflements de batteuses. C\u2019\u00e9tait ma &hellip; <a href=\"https:\/\/monperejeanmamy.fr\/?page_id=2707\">Continuer la lecture <span class=\"meta-nav\">&rarr;<\/span><\/a><\/p>\n","protected":false},"author":2,"featured_media":11,"parent":0,"menu_order":0,"comment_status":"closed","ping_status":"closed","template":"","meta":[],"folder":[],"_links":{"self":[{"href":"https:\/\/monperejeanmamy.fr\/index.php?rest_route=\/wp\/v2\/pages\/2707"}],"collection":[{"href":"https:\/\/monperejeanmamy.fr\/index.php?rest_route=\/wp\/v2\/pages"}],"about":[{"href":"https:\/\/monperejeanmamy.fr\/index.php?rest_route=\/wp\/v2\/types\/page"}],"author":[{"embeddable":true,"href":"https:\/\/monperejeanmamy.fr\/index.php?rest_route=\/wp\/v2\/users\/2"}],"replies":[{"embeddable":true,"href":"https:\/\/monperejeanmamy.fr\/index.php?rest_route=%2Fwp%2Fv2%2Fcomments&post=2707"}],"version-history":[{"count":4,"href":"https:\/\/monperejeanmamy.fr\/index.php?rest_route=\/wp\/v2\/pages\/2707\/revisions"}],"predecessor-version":[{"id":2721,"href":"https:\/\/monperejeanmamy.fr\/index.php?rest_route=\/wp\/v2\/pages\/2707\/revisions\/2721"}],"wp:featuredmedia":[{"embeddable":true,"href":"https:\/\/monperejeanmamy.fr\/index.php?rest_route=\/wp\/v2\/media\/11"}],"wp:attachment":[{"href":"https:\/\/monperejeanmamy.fr\/index.php?rest_route=%2Fwp%2Fv2%2Fmedia&parent=2707"}],"wp:term":[{"taxonomy":"folder","embeddable":true,"href":"https:\/\/monperejeanmamy.fr\/index.php?rest_route=%2Fwp%2Fv2%2Ffolder&post=2707"}],"curies":[{"name":"wp","href":"https:\/\/api.w.org\/{rel}","templated":true}]}}