{"id":2722,"date":"2021-05-16T10:50:41","date_gmt":"2021-05-16T08:50:41","guid":{"rendered":"http:\/\/monperejeanmamy.fr\/?page_id=2722"},"modified":"2021-05-16T15:49:41","modified_gmt":"2021-05-16T13:49:41","slug":"jm-a-jr-fresnes-48-09-05","status":"publish","type":"page","link":"https:\/\/monperejeanmamy.fr\/?page_id=2722","title":{"rendered":"JM \u00e0 JR (Fresnes 48\/09\/05)"},"content":{"rendered":"<p><strong>\u00a0<\/strong><a href=\"http:\/\/monperejeanmamy.fr\/?page_id=2711\"><img loading=\"lazy\" class=\"wp-image-1352 alignleft\" src=\"http:\/\/monperejeanmamy.fr\/wp-content\/uploads\/2021\/03\/Lettre-precedente.jpg\" alt=\"\" width=\"143\" height=\"78\" \/><\/a><a href=\"http:\/\/monperejeanmamy.fr\/?page_id=2727\"><img loading=\"lazy\" class=\"alignright wp-image-1353\" src=\"http:\/\/monperejeanmamy.fr\/wp-content\/uploads\/2021\/03\/Lettre-suivante.jpg\" alt=\"\" width=\"139\" height=\"76\" \/><\/a><\/p>\n<p style=\"text-align: center;\"><strong>Dimanche 5 septembre 1948<br \/>\n<\/strong><\/p>\n<p style=\"text-align: center;\">Ma ch\u00e9rie,<\/p>\n<p style=\"text-align: justify;\">En \u00e9coutant tomber la pluie, j\u2019ai un peu moins de remords d\u2019avoir \u00e9t\u00e9 la cause de ton retour pr\u00e9cipit\u00e9. La campagne doit \u00eatre si mouill\u00e9e que tu ne dois pas regretter une semaine o\u00f9 tu aurais pataug\u00e9 dans la boue, o\u00f9 tu aurais pass\u00e9 tes journ\u00e9es \u00e0 regarder pleurer les vitres. Et le Fr\u00e9d\u00e9ric doit \u00eatre plus heureux \u00e0 Paris qu\u2019\u00e0 tourner en rond dans une maison de province. Les parloirs sont si courts que j\u2019h\u00e9site \u00e0 te dire de l\u2019amener quoique je br\u00fble de le voir, si grand, si blond, tout p\u00e9tillant de vie. Envoie-moi vite les photos, toutes les photos, m\u00eame les rat\u00e9es. On fera ici le tri, et celles que je t\u2019ai demand\u00e9es.<\/p>\n<p style=\"text-align: justify;\">Ici la vie est toujours la m\u00eame si au dehors elle court trop vite. On fait le point. On suppute. On esp\u00e8re. On patiente. Je vais entreprendre de nouveaux travaux. Dieu sait quoi. J\u2019ai des tas d\u2019histoires \u00e0 raconter, mais ce n\u2019est pas m\u00fbr. Il me faut attendre quelques ann\u00e9es pour d\u00e9canter. Pour qu\u2019une histoire soit pure, il faut que toute la lie soit retomb\u00e9e dans la conscience de l\u2019\u00e9crivain.<\/p>\n<p style=\"text-align: justify;\">Tu avais l\u2019air soucieuse de me voir entreprendre de nouvelles aventures. \u00ab\u00a0<em>\u00c7a va recommencer\u00a0! Voil\u00e0 quatre ans qu\u2019on \u00e9tait tranquille\u00a0!!!<\/em> (sic\u00a0!!!)\u00a0\u00bb. Curieuse conception. Faudrait-il que je reste en cellule pour que les miens vivent en paix\u00a0? D\u00e8s que sorti, me voit-on turbulent\u00a0? Dangereux\u00a0? Explosif\u00a0? Et l\u2019on a peur de tous les piloris\u00a0! L\u2019exp\u00e9rience m\u2019a aguerri, en m\u00eame temps qu\u2019assagi. C&rsquo;est-\u00e0-dire qu\u2019on me verra beaucoup plus prudent\u2026 et audacieux\u2026<\/p>\n<p style=\"text-align: justify;\">Il y a des gens qui ont re\u00e7u mission d\u2019accomplir quelque chose. La vie n\u2019est pas commode \u00e0 c\u00f4t\u00e9 d\u2019eux, et non plus pour eux. Nous ne sommes pas sur terre pour nous faire plaisir. Notre volont\u00e9 est toujours petite, \u00e9triqu\u00e9e. Les grandes t\u00e2ches sont surhumaines, anticonformistes, d\u00e9mesur\u00e9es. P\u00e9n\u00e9lope \u00e9tait patiente. Et Ulysse donc\u00a0! C\u2019est le danger qui fait l\u2019homme.<\/p>\n<p style=\"text-align: justify;\">Tu \u00e9tais ravissante sous ton chapeau noir et dans ta robe chiffon. Une vraie tahitienne. Une sauvage \u00e0 f\u00eater sans cesse dans sa case princi\u00e8re. Cochon de lait grill\u00e9, bananes, cr\u00e8me de noix de coco, eau de vie de poivre, ukul\u00e9l\u00e9. Nous irons chercher le secret du bonheur dans les splendeurs cr\u00e9pusculaires des tropiques. Pirogues, corail, nacre, p\u00eache de perle, et des po\u00e8mes, et des oranges, grosses comme des melons, vents aliz\u00e9s, poissons de couleurs. Je te jetterai sur les \u00e9paules des flots de couronnes de fleurs. Et tu ne serais jamais jalouse. Pas de raisons. Je ne regarde plus que les id\u00e9es.<\/p>\n<p style=\"text-align: justify;\">Bonsoir ma fille ch\u00e9rie. Je pense beaucoup \u00e0 toi. Et c\u2019est excellent. J\u2019ai consid\u00e9r\u00e9 que depuis quelque temps ton esprit s\u2019ouvre \u00e0 de plus profondes pr\u00e9sences. L\u2019amour a des racines qui travaillent sans cesse le sol de nos d\u00e9sirs. On s\u2019attache puissamment quand la s\u00e8ve est riche. Bonne nuit.<\/p>\n<h1 style=\"text-align: justify;\"><u>Lundi soir<\/u>.<\/h1>\n<p style=\"text-align: justify;\">Le colis est un des meilleurs, des plus complets, des plus abondants que j\u2019ai re\u00e7u. Vous avez vraiment l\u2019art de braver les situations difficiles. Je me retape comme un dieu.<\/p>\n<p style=\"text-align: justify;\">J\u2019ai vu le pasteur qui m\u2019a donn\u00e9 de tes bonnes nouvelles. C\u2019est le meilleur homme que j\u2019ai rencontr\u00e9. Il est d\u2019une puret\u00e9\u00a0!!! Nous avons tous deux beaucoup de projets d\u2019avenir.<\/p>\n<p style=\"text-align: justify;\">Les reines-marguerites sont d\u2019une beaut\u00e9. Je suis ravi.<\/p>\n<p style=\"text-align: justify;\">Assez de je. Parlons de nous.<\/p>\n<p style=\"text-align: justify;\">Pourquoi ce d\u00e9sir de ne plus tutoyer, comme aux premiers jours\u00a0? Timidit\u00e9, volont\u00e9 d\u2019effacement, go\u00fbt des situations secr\u00e8tes\u00a0? Et cette hantise des vieilles attitudes, d\u2019apr\u00e8s les souvenirs de feuilles br\u00fblantes de col\u00e8re\u00a0? C\u2019\u00e9tait un bon journal que celui qui vouait aux flammes d\u2019enfer tous les responsables de la d\u00e9ch\u00e9ance nationale. Au moins on criait. Aujourd\u2019hui tout est mort. Qui ose sonner le tocsin\u00a0? Personne ne l\u00e8ve le petit doigt contre le gang. On attend le miracle. Et l\u2019on aura la catastrophe. C\u2019est toujours ainsi.<\/p>\n<p style=\"text-align: justify;\">Avec tes yeux brillants et tendres et tout \u00e9tonn\u00e9s, tu te moques bien de la m\u00e9chante politique, petite fille sage. On t\u2019ennuie avec des histoires d\u2019homme\u00a0! Tu vas encore recommencer\u00a0! Pas si b\u00eate. Il ne faut jamais repasser par le m\u00eame chemin deux fois, quand on a pris la mauvaise route. On trouvera bien une solution qui satisfasse notre besoin d\u2019ordre. En tous cas, nous ferons le moins de gaffes possible. Et tout pour te plaire. Sans pour cela trahir notre devoir sup\u00e9rieur, si devoir il y a.<\/p>\n<p style=\"text-align: justify;\">L\u2019astrologie (j\u2019ai ici un excellent camarade qui s\u2019occupe de ces choses avec une remarquable exp\u00e9rience. Tout ce qu\u2019il pr\u00e9cise se d\u00e9roule suivant ses observations) indique pour moi que j\u2019\u00e9crirai la meilleure \u0153uvre de mon existence entre 63 et 67 ans. Encore 20 ans de travail. Nous t\u00e2cherons de nous soumettre \u00e0 des disciplines bienfaisantes.<\/p>\n<p style=\"text-align: justify;\">Avis\u00a0: veux-tu noter de ne plus m\u2019envoyer de flocons d\u2019avoine jusqu\u2019\u00e0 nouvel ordre. J\u2019en ai provision. Pense \u00e0 la petite casserole. Que ma m\u00e8re pense \u00e0 mon tricot de laine grise et au gilet de peau de mouton. Les pantoufles chaudes sont-elles r\u00e9par\u00e9es\u00a0? Ne pas me les envoyer avant demande.<\/p>\n<p style=\"text-align: justify;\">Te rappelles-tu d\u2019un bouquin dont je t\u2019avais parl\u00e9 vaguement\u00a0? Il s\u2019agit (voici pr\u00e9cisions) de <em>La Clef des Songes<\/em> par Guy de Bienval, \u00e9dit\u00e9 \u00e0 l\u2019Imprimerie de la Bourse (vraisemblablement \u00e9puis\u00e9). Vois si tu peux.<\/p>\n<p style=\"text-align: justify;\">Je t\u2019aime beaucoup, beaucoup, beaucoup.<\/p>\n<p style=\"text-align: justify;\">Ta robe \u00e0 fleurs rouges est tr\u00e8s jolie. Et ravissant le chapeau noir.<\/p>\n<p style=\"text-align: justify;\">Je suis tr\u00e8s content du dernier parloir. Tr\u00e8s content.<\/p>\n<p style=\"text-align: justify;\">Et je dors sur mon oreiller avec le sentiment d\u2019un avenir tendre. Il y a dans un passage de l\u2019\u00c9vangile un r\u00e9cit concernant la gu\u00e9rison d\u2019un paralytique \u00ab <em>L\u00e8ve toi et marche !<\/em> \u00bb Avant de l\u2019inciter \u00e0 gambader (\u00e0 la \u00ab saltation \u00bb antique dont les modernes n\u2019ont aucune id\u00e9e, tant absorb\u00e9s qu\u2019ils sont dans leurs danses sexuelles), le ma\u00eetre avait affirm\u00e9 au malade \u00ab <em>Tes p\u00e9ch\u00e9s te sont pardonn\u00e9s<\/em> \u00bb. C\u2019est le sentiment que j\u2019ai depuis quelques jours. Lav\u00e9, gu\u00e9ri d\u2019un vieux fardeau de mis\u00e8res, d\u00e9livr\u00e9 de tout un paquet de rancunes, de haines tenaces, de pauvres passions. Les souvenirs s\u2019accrochent \u00e0 nous comme les sangsues. Il faut oser les rejeter un \u00e0 un, m\u00eame les plaisants. Tourner la t\u00eate en arri\u00e8re, c\u2019est c\u00e9der \u00e0 la curiosit\u00e9 de la femme de Loth. Statue de sel. Dieu nous pr\u00e9c\u00e8de toujours.<\/p>\n<p style=\"text-align: justify;\">Puisque mes p\u00e9ch\u00e9s me sont pardonn\u00e9s, je t\u2019embrasse d\u2019un baiser tout neuf, infiniment tendre, troubl\u00e9 de merveilleuses images, adouci par la simplicit\u00e9. Tu vois que je ne suis pas compliqu\u00e9 du tout. Un fleuve, c\u2019est tr\u00e8s simple\u00a0: beaucoup d\u2019eau qui coule dans le m\u00eame sens. Un homme itou.<\/p>\n<p style=\"text-align: justify;\">Mes grandes tendresses, ch\u00e9rie. Ma confiance sur ton \u00e9paule.<\/p>\n<p style=\"text-align: justify;\">J.<\/p>\n","protected":false},"excerpt":{"rendered":"<p>\u00a0 Dimanche 5 septembre 1948 Ma ch\u00e9rie, En \u00e9coutant tomber la pluie, j\u2019ai un peu moins de remords d\u2019avoir \u00e9t\u00e9 la cause de ton retour pr\u00e9cipit\u00e9. La campagne doit \u00eatre si mouill\u00e9e que tu ne dois pas regretter une semaine &hellip; <a href=\"https:\/\/monperejeanmamy.fr\/?page_id=2722\">Continuer la lecture <span class=\"meta-nav\">&rarr;<\/span><\/a><\/p>\n","protected":false},"author":2,"featured_media":11,"parent":0,"menu_order":0,"comment_status":"closed","ping_status":"closed","template":"","meta":[],"folder":[],"_links":{"self":[{"href":"https:\/\/monperejeanmamy.fr\/index.php?rest_route=\/wp\/v2\/pages\/2722"}],"collection":[{"href":"https:\/\/monperejeanmamy.fr\/index.php?rest_route=\/wp\/v2\/pages"}],"about":[{"href":"https:\/\/monperejeanmamy.fr\/index.php?rest_route=\/wp\/v2\/types\/page"}],"author":[{"embeddable":true,"href":"https:\/\/monperejeanmamy.fr\/index.php?rest_route=\/wp\/v2\/users\/2"}],"replies":[{"embeddable":true,"href":"https:\/\/monperejeanmamy.fr\/index.php?rest_route=%2Fwp%2Fv2%2Fcomments&post=2722"}],"version-history":[{"count":3,"href":"https:\/\/monperejeanmamy.fr\/index.php?rest_route=\/wp\/v2\/pages\/2722\/revisions"}],"predecessor-version":[{"id":2730,"href":"https:\/\/monperejeanmamy.fr\/index.php?rest_route=\/wp\/v2\/pages\/2722\/revisions\/2730"}],"wp:featuredmedia":[{"embeddable":true,"href":"https:\/\/monperejeanmamy.fr\/index.php?rest_route=\/wp\/v2\/media\/11"}],"wp:attachment":[{"href":"https:\/\/monperejeanmamy.fr\/index.php?rest_route=%2Fwp%2Fv2%2Fmedia&parent=2722"}],"wp:term":[{"taxonomy":"folder","embeddable":true,"href":"https:\/\/monperejeanmamy.fr\/index.php?rest_route=%2Fwp%2Fv2%2Ffolder&post=2722"}],"curies":[{"name":"wp","href":"https:\/\/api.w.org\/{rel}","templated":true}]}}