{"id":2727,"date":"2021-05-16T15:41:55","date_gmt":"2021-05-16T13:41:55","guid":{"rendered":"http:\/\/monperejeanmamy.fr\/?page_id=2727"},"modified":"2021-05-16T16:20:06","modified_gmt":"2021-05-16T14:20:06","slug":"jm-a-jr-fresnes-48-09-12","status":"publish","type":"page","link":"https:\/\/monperejeanmamy.fr\/?page_id=2727","title":{"rendered":"JM \u00e0 JR (Fresnes 48\/09\/12)"},"content":{"rendered":"<p><strong>\u00a0<\/strong><a href=\"http:\/\/monperejeanmamy.fr\/?page_id=2722\"><img loading=\"lazy\" class=\"wp-image-1352 alignleft\" src=\"http:\/\/monperejeanmamy.fr\/wp-content\/uploads\/2021\/03\/Lettre-precedente.jpg\" alt=\"\" width=\"143\" height=\"78\" \/><\/a><a href=\"http:\/\/monperejeanmamy.fr\/?page_id=2731\"><img loading=\"lazy\" class=\"alignright wp-image-1353\" src=\"http:\/\/monperejeanmamy.fr\/wp-content\/uploads\/2021\/03\/Lettre-suivante.jpg\" alt=\"\" width=\"139\" height=\"76\" \/><\/a><\/p>\n<p style=\"text-align: center;\"><strong>Dimanche 12 septembre 1948<br \/>\n<\/strong><\/p>\n<p style=\"text-align: center;\">Ma ch\u00e9rie,<\/p>\n<p style=\"text-align: justify;\"><img loading=\"lazy\" class=\"alignleft size-medium wp-image-2744\" src=\"http:\/\/monperejeanmamy.fr\/wp-content\/uploads\/2021\/05\/1948-08-u-FGR-Uchizy-300x161.jpg\" alt=\"\" width=\"300\" height=\"161\" srcset=\"https:\/\/monperejeanmamy.fr\/wp-content\/uploads\/2021\/05\/1948-08-u-FGR-Uchizy-300x161.jpg 300w, https:\/\/monperejeanmamy.fr\/wp-content\/uploads\/2021\/05\/1948-08-u-FGR-Uchizy-768x412.jpg 768w, https:\/\/monperejeanmamy.fr\/wp-content\/uploads\/2021\/05\/1948-08-u-FGR-Uchizy-500x268.jpg 500w, https:\/\/monperejeanmamy.fr\/wp-content\/uploads\/2021\/05\/1948-08-u-FGR-Uchizy.jpg 919w\" sizes=\"(max-width: 300px) 100vw, 300px\" \/>Voil\u00e0 que nous sommes \u00e0 d\u00e9verser sous ta t\u00eate des flots de tendresse. D\u2019abord pour les photos. Elles sont de bonne, d\u2019excellente, qualit\u00e9. Particuli\u00e8rement celle du bateau o\u00f9 tes yeux sont plus subtils que toutes les madones primitives et celle des bras autour du cou, la Vierge et l\u2019Enfant. Et celle de la charrette de <img loading=\"lazy\" class=\"size-medium wp-image-2740 alignright\" src=\"http:\/\/monperejeanmamy.fr\/wp-content\/uploads\/2021\/05\/1948-08-o-FGR-Uchizy-199x300.jpg\" alt=\"\" width=\"199\" height=\"300\" srcset=\"https:\/\/monperejeanmamy.fr\/wp-content\/uploads\/2021\/05\/1948-08-o-FGR-Uchizy-199x300.jpg 199w, https:\/\/monperejeanmamy.fr\/wp-content\/uploads\/2021\/05\/1948-08-o-FGR-Uchizy.jpg 668w\" sizes=\"(max-width: 199px) 100vw, 199px\" \/>foin, et aussi les autres. Bien meilleur \u00e9clairage. Les pieds ne sont pas coup\u00e9s, les personnages sont bien centr\u00e9s, l\u2019exposition est bonne et ma Jeannette est tr\u00e8s photo g\u00e9nique, sourire star y compris, sans l\u2019allure appr\u00eat\u00e9e des professionnelles du charme. On te b\u00e9nit pour ces multiples rayons de soleil dans une cellule de prisonnier\u00a0 qui ne vit que par \u00e9clairs, par souvenirs, par intuition, par espoirs, par t\u00e2tonnements d\u2019amour.<\/p>\n<p style=\"text-align: justify;\">Je suis en pleine gu\u00e9rison. Il me semble que trente ans de vie m\u00e9diocre s\u2019\u00e9coulent, que toutes les luttes et les ranc\u0153urs, et les fi\u00e8vres, et les haines se dispersent, que le soleil r\u00e9apparait tout neuf dans une vie tourment\u00e9e d\u2019orages. Tout cela pour trois phrases comprises dans un bouquin mille fois relu depuis 20 ans. On met <img loading=\"lazy\" class=\"alignleft size-medium wp-image-2746\" src=\"http:\/\/monperejeanmamy.fr\/wp-content\/uploads\/2021\/05\/1948-08-a-FGR-Uchizy-198x300.jpg\" alt=\"\" width=\"198\" height=\"300\" srcset=\"https:\/\/monperejeanmamy.fr\/wp-content\/uploads\/2021\/05\/1948-08-a-FGR-Uchizy-198x300.jpg 198w, https:\/\/monperejeanmamy.fr\/wp-content\/uploads\/2021\/05\/1948-08-a-FGR-Uchizy.jpg 600w\" sizes=\"(max-width: 198px) 100vw, 198px\" \/>quelquefois des ann\u00e9es avant de comprendre comment poser un pied devant l\u2019autre. Il ne faut jamais d\u00e9sesp\u00e9rer de trouver sa v\u00e9rit\u00e9 \u00e0 tout \u00e2ge. Je me roule dans la joie comme un gosse. C\u2019\u00e9tait simple. Fallait y penser.<\/p>\n<p style=\"text-align: justify;\">Vu le pasteur, ce saint homme qui m\u2019a dit t\u2019avoir vue souriante. Toujours. Moi aussi, je t\u2019ai vue. Il n\u2019y a pas d\u2019heure o\u00f9 tu ne traverse mon champ de vision. Il n\u2019est pas de soir o\u00f9 je ne t\u2019ai parl\u00e9. Il n\u2019est pas de journ\u00e9e o\u00f9 j\u2019ai imagin\u00e9 quelque avenir o\u00f9 tu ne prenais ta grand place. Et je me demandais si tu pr\u00e9f\u00e9rais les \u00eeles Marquises ou Tahiti. La cabane bambou avec des milliers de cocotiers, la mer immense, les hu\u00eetres perli\u00e8res, la vie spacieuse de la montagne ou les entrep\u00f4ts bourr\u00e9s devant les cargos qui franchissent les arcs-en-ciel multiples. Cela n\u2019emp\u00eache pas de revenir de temps \u00e0 autre mesurer la d\u00e9cr\u00e9pitude du pav\u00e9 parisien, mais \u00e0 bon escient et pendant les p\u00e9riodes calmes.<\/p>\n<h1 style=\"text-align: justify;\"><u>Lundi<\/u>.<\/h1>\n<p style=\"text-align: justify;\">Que faire dans ce Fresnes, sinon travailler ou penser \u00e0 toi\u00a0? Or, pour l\u2019instant, je ne travaille gu\u00e8re. Question d\u2019inspiration. Il y a bien deux projets sur ma table, deux pi\u00e8ces qu\u2019il faut r\u00e9aliser. Elles m\u00fbrissent lentement au soleil de l\u2019esprit. Je cherche un peu partout d\u2019autres sujets. Si je n\u2019en trouve pas, je referai Faust et Parsifal. Les peintres ne s\u2019embarrassent de rien\u00a0: Annonciation, Crucifixion, C\u00e8ne. Ils changeaient les \u00e9toffes et les fonds, et ils peignaient des visages, des visages\u2026<\/p>\n<p style=\"text-align: justify;\">Le m\u00e9tier d\u2019auteur est aussi de peindre des visages, et le go\u00fbt de l\u2019amant est aussi de dessiner sur le papier vierge de l\u2019espoir le visage de celle qu\u2019il pr\u00e9f\u00e8re, parce que tous les mat\u00e9riaux contenus dans le c\u0153ur en d\u00e9sordre sont destin\u00e9s \u00e0 \u00eatre assembl\u00e9s avec patience. Je te construis et je m\u2019\u00e9l\u00e8ve \u00e0 la hauteur de toute cette architectu<img loading=\"lazy\" class=\"size-medium wp-image-2745 alignright\" src=\"http:\/\/monperejeanmamy.fr\/wp-content\/uploads\/2021\/05\/FGR19470313-Musee-du-Louvre-300x182.jpg\" alt=\"\" width=\"300\" height=\"182\" srcset=\"https:\/\/monperejeanmamy.fr\/wp-content\/uploads\/2021\/05\/FGR19470313-Musee-du-Louvre-300x182.jpg 300w, https:\/\/monperejeanmamy.fr\/wp-content\/uploads\/2021\/05\/FGR19470313-Musee-du-Louvre-495x300.jpg 495w, https:\/\/monperejeanmamy.fr\/wp-content\/uploads\/2021\/05\/FGR19470313-Musee-du-Louvre.jpg 578w\" sizes=\"(max-width: 300px) 100vw, 300px\" \/>re dress\u00e9e. Non point de boucles et d\u2019yeux profonds mais de merveilleuses r\u00e9serves inconnues, de joyaux purs, souffles d\u2019un instant qui durent dans le temps et l\u2019espace comme des photos immuables. L\u2019homme est moins fragile depuis qu\u2019on peut saisir ses gestes au vol. Un album de photos est \u00e0 la fois collier et jeu de construction. J\u2019\u00e9chafaude. Mais pas un ch\u00e2teau de cartes, c\u2019est de l\u2019\u00e9ternit\u00e9 rassembl\u00e9e en vrac et r\u00e9ajust\u00e9e selon l\u2019objectif. Envoie moi encore des images neuves. Et n\u2019oublie pas les anciennes (surtout celles de Fr\u00e9d\u00e9ric, place du Carrousel, devant une voiture.)<\/p>\n<p style=\"text-align: justify;\"><img loading=\"lazy\" class=\"alignleft wp-image-2738\" src=\"http:\/\/monperejeanmamy.fr\/wp-content\/uploads\/2021\/05\/1948-08-k-FGR-Uchizy-238x300.jpg\" alt=\"\" width=\"190\" height=\"237\" \/>J\u2019ai re\u00e7u une lettre de G\u00e9raudon. Il m\u2019annonce des bouquins. Les as-tu re\u00e7us\u00a0? As-tu re\u00e7u aussi <em>L\u2019Orestie<\/em> <a href=\"#_ftn1\" name=\"_ftnref1\">[1]<\/a>\u00a0? Sinon r\u00e9clames-la d\u2019urgence. Et lis-la pour me donner ton avis. Je pense toujours \u00e0 trois sc\u00e9narios II<sup>\u00e8me<\/sup> Empire. Il me faudrait quelques documents que je trouverai \u00e0 la Nationale.<\/p>\n<p style=\"text-align: justify;\"><span style=\"text-decoration: underline;\"><strong>Avis<\/strong><\/span>\u00a0: j\u2019ai d\u00e9cid\u00e9 de ne plus souffrir en pensant \u00e0 des choses idiotes\u00a0: la d\u00e9b\u00e2cle de l\u2019Occident par exemple et d\u2019autres pens\u00e9es douloureuses. Je me rongeais le sang en d\u00e9couvrant avec navrance que tout ce que j\u2019aime est pi\u00e9tin\u00e9 par une foule stupide. Et bien, nous le transporterons \u00e0 l\u2019abri dans une \u00eele d\u00e9serte ou sur la montagne, et nous vivrons repos\u00e9, calm\u00e9, gu\u00e9ri des tortures.<\/p>\n<h1 style=\"text-align: justify;\"><u><img loading=\"lazy\" class=\"size-medium wp-image-2743 alignright\" src=\"http:\/\/monperejeanmamy.fr\/wp-content\/uploads\/2021\/05\/1948-08-r-FGR-Uchizy-300x154.jpg\" alt=\"\" width=\"300\" height=\"154\" srcset=\"https:\/\/monperejeanmamy.fr\/wp-content\/uploads\/2021\/05\/1948-08-r-FGR-Uchizy-300x154.jpg 300w, https:\/\/monperejeanmamy.fr\/wp-content\/uploads\/2021\/05\/1948-08-r-FGR-Uchizy-1024x527.jpg 1024w, https:\/\/monperejeanmamy.fr\/wp-content\/uploads\/2021\/05\/1948-08-r-FGR-Uchizy-768x395.jpg 768w, https:\/\/monperejeanmamy.fr\/wp-content\/uploads\/2021\/05\/1948-08-r-FGR-Uchizy-500x257.jpg 500w, https:\/\/monperejeanmamy.fr\/wp-content\/uploads\/2021\/05\/1948-08-r-FGR-Uchizy.jpg 1212w\" sizes=\"(max-width: 300px) 100vw, 300px\" \/>Lundi 15 h<\/u>.<\/h1>\n<p style=\"text-align: justify;\">Re\u00e7u les 6 photos. Coll\u00e9es dans l\u2019album. Voil\u00e0 que se pr\u00e9cise le roman de cet \u00e9t\u00e9\u00a0: meules de paille, voitures de charroi, ch\u00e8vres, \u00e9chelles et toutes sortes de pans de toits. Je vis avec vous comme un passant hume l\u2019odeur des g\u00e2teaux qui monte du four du p\u00e2tissier. \u00c0 travers les grilles nos deux paradis conjugu\u00e9s. \u00c0 ce soir. Me voil\u00e0 replong\u00e9 dans Shakespeare et autres romans d\u2019enfant.<\/p>\n<h1 style=\"text-align: justify;\"><u><img loading=\"lazy\" class=\"alignleft size-medium wp-image-2735\" src=\"http:\/\/monperejeanmamy.fr\/wp-content\/uploads\/2021\/05\/1948-08-g-FGR-Uchizy-300x180.jpg\" alt=\"\" width=\"300\" height=\"180\" srcset=\"https:\/\/monperejeanmamy.fr\/wp-content\/uploads\/2021\/05\/1948-08-g-FGR-Uchizy-300x180.jpg 300w, https:\/\/monperejeanmamy.fr\/wp-content\/uploads\/2021\/05\/1948-08-g-FGR-Uchizy-500x300.jpg 500w, https:\/\/monperejeanmamy.fr\/wp-content\/uploads\/2021\/05\/1948-08-g-FGR-Uchizy.jpg 518w\" sizes=\"(max-width: 300px) 100vw, 300px\" \/>22 h<\/u>.<\/h1>\n<p style=\"text-align: justify;\">Tu seras, tu dois \u00eatre, tu es sans doute la seule personne au monde qui puisse apaiser le flot de douleur que j\u2019ai parfois contre le monde. Toi et les bras d\u2019un enfant pur. Je dois te dire que tout ce que je vois se pr\u00e9parer me remplit d\u2019une immense r\u00e9volte dont il faut que je brise la vague, car nous allons encore faire des b\u00eatises monstres\/ Partir, partir, quitter le souvenir odieux. Ne plus voir de toits, de tuiles, de visages constip\u00e9s, de drapeaux menteurs. Partir. Loin du bitume. J\u2019ai feuillet\u00e9 toute la soir\u00e9e des paysages polyn\u00e9siens, des bateaux, des pirogues et autres genres d\u2019objets incitant au repos taciturne. L\u2019exp\u00e9rience du malheur a assez dur\u00e9, assez pes\u00e9 sur nos t\u00eates. Je ne peux plus lire <img loading=\"lazy\" class=\"size-medium wp-image-2739 alignright\" src=\"http:\/\/monperejeanmamy.fr\/wp-content\/uploads\/2021\/05\/1948-08-m-FGR-Uchizy-173x300.jpg\" alt=\"\" width=\"173\" height=\"300\" srcset=\"https:\/\/monperejeanmamy.fr\/wp-content\/uploads\/2021\/05\/1948-08-m-FGR-Uchizy-173x300.jpg 173w, https:\/\/monperejeanmamy.fr\/wp-content\/uploads\/2021\/05\/1948-08-m-FGR-Uchizy.jpg 320w\" sizes=\"(max-width: 173px) 100vw, 173px\" \/>un discours d\u2019homme politique de ce pays. J\u2019ai la naus\u00e9e. C\u2019est fini. Il y a une dose d\u2019inertie dans la r\u00e9action contre le mensonge. Il y a aussi un point qu\u2019on ne peut d\u00e9passer. On en rit jusqu\u2019au moment o\u00f9 l\u2019on crie. J\u2019aime mieux ne plus voir cela.<\/p>\n<p style=\"text-align: justify;\">Parlons d\u2019autre chose. Passons \u00e0 autre chose. Vivons autre chose. Une solution : vie int\u00e9rieure intense, paix totale qui conduit \u00e0 choisir son paysage, son horizon, ses amis, son mode d\u2019enthousiasme, ses refus, sa haute montagne. Je sais bien que le d\u00e9part devra s\u2019op\u00e9rer dans le calme le plus doux pour qu\u2019il ait sa valeur conductrice, pour qu\u2019il ne soit point d\u00e9vor\u00e9 par la brutalit\u00e9 d\u2019une passion soudaine. Pourquoi d\u00e9part ? Il se peut que cela soit la cons\u00e9quence d\u2019une rupture d\u00e9j\u00e0 tr\u00e8s vieille, et bien consomm\u00e9e. Elle tendait, pendant un temps, \u00e0 Chatillon. De toutes fa\u00e7ons je serais parti.<\/p>\n<p style=\"text-align: justify;\"><img loading=\"lazy\" class=\"alignleft size-medium wp-image-2736\" src=\"http:\/\/monperejeanmamy.fr\/wp-content\/uploads\/2021\/05\/1948-08-h-FGR-Uchizy-300x169.jpg\" alt=\"\" width=\"300\" height=\"169\" srcset=\"https:\/\/monperejeanmamy.fr\/wp-content\/uploads\/2021\/05\/1948-08-h-FGR-Uchizy-300x169.jpg 300w, https:\/\/monperejeanmamy.fr\/wp-content\/uploads\/2021\/05\/1948-08-h-FGR-Uchizy-500x281.jpg 500w, https:\/\/monperejeanmamy.fr\/wp-content\/uploads\/2021\/05\/1948-08-h-FGR-Uchizy.jpg 572w\" sizes=\"(max-width: 300px) 100vw, 300px\" \/>Voici que je vais m\u2019endormir tout heureux pour m\u2019\u00eatre adouci sur ton \u00e9paule, pour avoir mang\u00e9 de l\u2019esprit quelques photos o\u00f9 ta silhouette se dresse particuli\u00e8rement heureuse, heureuse en soi, parce que simple. On sent bien que tes lettres sont pleines d\u2019une tranquillit\u00e9 s\u00fbre. Et tu as le bonheur de construire des chemins de paille \u00e0 un enfant. Il faudra aussi m\u2019aider \u00e0 mettre sur le parquet les morceaux de mes jouets. Je veux construire un palais divin, une demeure de brindilles et de marbre, une maison de douceur et de musique, au chant des mers du Sud.<\/p>\n<p style=\"text-align: justify;\">Mes doux baisers. Il faut \u00eatre tr\u00e8s tendre. Tu l\u2019es.<\/p>\n<p style=\"text-align: justify;\">J.<\/p>\n<p style=\"text-align: justify;\"><a href=\"#_ftnref1\" name=\"_ftn1\">[1]<\/a> <em>L\u2019Orestie<\/em> est une trilogie dramatique d&rsquo;Eschyle repr\u00e9sent\u00e9e en 458 av. J.-C. aux Grandes Dionysies d&rsquo;Ath\u00e8nes, o\u00f9 elle remporte le premier prix. Elle est compos\u00e9e de trois trag\u00e9dies centr\u00e9es sur la geste des Atrides : <em>Agamemnon<\/em>, <em>Les Cho\u00e9phores<\/em> et <em>Les Eum\u00e9nides.<\/em> Un drame satyrique intitul\u00e9 <em>Prot\u00e9e<\/em> (aujourd&rsquo;hui perdu) \u00e9tait cens\u00e9 la compl\u00e9ter. C&rsquo;est la seule trilogie li\u00e9e conserv\u00e9e.<\/p>\n<p>&nbsp;<\/p>\n<p>&nbsp;<\/p>\n","protected":false},"excerpt":{"rendered":"<p>\u00a0 Dimanche 12 septembre 1948 Ma ch\u00e9rie, Voil\u00e0 que nous sommes \u00e0 d\u00e9verser sous ta t\u00eate des flots de tendresse. D\u2019abord pour les photos. Elles sont de bonne, d\u2019excellente, qualit\u00e9. Particuli\u00e8rement celle du bateau o\u00f9 tes yeux sont plus subtils &hellip; <a href=\"https:\/\/monperejeanmamy.fr\/?page_id=2727\">Continuer la lecture <span class=\"meta-nav\">&rarr;<\/span><\/a><\/p>\n","protected":false},"author":2,"featured_media":11,"parent":0,"menu_order":0,"comment_status":"closed","ping_status":"closed","template":"","meta":[],"folder":[],"_links":{"self":[{"href":"https:\/\/monperejeanmamy.fr\/index.php?rest_route=\/wp\/v2\/pages\/2727"}],"collection":[{"href":"https:\/\/monperejeanmamy.fr\/index.php?rest_route=\/wp\/v2\/pages"}],"about":[{"href":"https:\/\/monperejeanmamy.fr\/index.php?rest_route=\/wp\/v2\/types\/page"}],"author":[{"embeddable":true,"href":"https:\/\/monperejeanmamy.fr\/index.php?rest_route=\/wp\/v2\/users\/2"}],"replies":[{"embeddable":true,"href":"https:\/\/monperejeanmamy.fr\/index.php?rest_route=%2Fwp%2Fv2%2Fcomments&post=2727"}],"version-history":[{"count":4,"href":"https:\/\/monperejeanmamy.fr\/index.php?rest_route=\/wp\/v2\/pages\/2727\/revisions"}],"predecessor-version":[{"id":2748,"href":"https:\/\/monperejeanmamy.fr\/index.php?rest_route=\/wp\/v2\/pages\/2727\/revisions\/2748"}],"wp:featuredmedia":[{"embeddable":true,"href":"https:\/\/monperejeanmamy.fr\/index.php?rest_route=\/wp\/v2\/media\/11"}],"wp:attachment":[{"href":"https:\/\/monperejeanmamy.fr\/index.php?rest_route=%2Fwp%2Fv2%2Fmedia&parent=2727"}],"wp:term":[{"taxonomy":"folder","embeddable":true,"href":"https:\/\/monperejeanmamy.fr\/index.php?rest_route=%2Fwp%2Fv2%2Ffolder&post=2727"}],"curies":[{"name":"wp","href":"https:\/\/api.w.org\/{rel}","templated":true}]}}