{"id":2731,"date":"2021-05-16T15:51:12","date_gmt":"2021-05-16T13:51:12","guid":{"rendered":"http:\/\/monperejeanmamy.fr\/?page_id=2731"},"modified":"2024-11-03T17:09:38","modified_gmt":"2024-11-03T16:09:38","slug":"jm-a-jr-fresnes-48-09-14","status":"publish","type":"page","link":"https:\/\/monperejeanmamy.fr\/?page_id=2731","title":{"rendered":"JM \u00e0 JR (Fresnes 48\/09\/14)"},"content":{"rendered":"<p><strong>\u00a0<\/strong><a href=\"http:\/\/monperejeanmamy.fr\/?page_id=2727\"><img loading=\"lazy\" class=\"wp-image-1352 alignleft\" src=\"http:\/\/monperejeanmamy.fr\/wp-content\/uploads\/2021\/03\/Lettre-precedente.jpg\" alt=\"\" width=\"143\" height=\"78\" \/><\/a><a href=\"http:\/\/monperejeanmamy.fr\/?page_id=3347\"><img loading=\"lazy\" class=\"alignright wp-image-1353\" src=\"http:\/\/monperejeanmamy.fr\/wp-content\/uploads\/2021\/03\/Lettre-suivante.jpg\" alt=\"\" width=\"139\" height=\"76\" \/><\/a><\/p>\n<p style=\"text-align: center;\"><strong>Mardi 14 septembre 1948<br \/>\n<\/strong><\/p>\n<p style=\"text-align: justify;\">Ma ch\u00e9rie, toute ch\u00e9rie <a href=\"#_ftn1\" name=\"_ftnref1\">[1]<\/a><a href=\"#_ftn1\" name=\"_ftnref1\"><\/a>, <a href=\"#_ftnref1\" name=\"_ftn1\"><\/a>J&rsquo;esp\u00e8re que tu as fini de travailler \u00e0 cette chose si importante et passionnante. Je me r\u00e9jouis de l\u2019int\u00e9r\u00eat que tu y auras pris. Bien plus. Je sais que d\u00e8s cette profonde cogitation assimil\u00e9e tu auras sur l\u2019avenir des id\u00e9es plus larges. L\u2019horizon s\u2019\u00e9claire quand la vue nette de l\u2019homme pr\u00e9cise les obstacles ou les id\u00e9es. Nous autres encha\u00een\u00e9s, qui sommes les plus libres du monde, nous avons la chance d\u2019\u00eatre dans la meilleure position mentale possible pour attaquer toutes les erreurs de la terre. Celui qui est dos au mur ne peut plus reculer. Il faut qu\u2019il p\u00e9n\u00e8tre le ciel qui gicle de partout.<\/p>\n<p style=\"text-align: justify;\">J\u2019esp\u00e8re un mot de toi demain. L\u2019affaire ? Je ne m\u2019en pr\u00e9occupe gu\u00e8re. Il ne me semble pas qu\u2019on puisse prendre des d\u00e9cisions avant les \u00e9lections. Trop tard maintenant. Si ces \u00e9lections avaient du se faire sous logique de r\u00e9pression, notre semaine aurait \u00e9t\u00e9 sanglante. Bien au contraire, il semble que nous soyons plac\u00e9s sous le signe plus favorable de la d\u00e9tente. Par contraire, les \u00e9v\u00e8nements internationaux se durcissent. Nous sommes \u00e0 la veille d\u2019une tension plus grande qui peut aller tr\u00e8s loin, \u00e9tant donn\u00e9 que les int\u00e9r\u00eats en jeu ne pr\u00e9voient pas de m\u00e9nagements possibles entre les deux adversaires. Ne nous inqui\u00e9tons pas non plus de ce c\u00f4t\u00e9-l\u00e0. Nous passerons \u00e0 travers tout.<\/p>\n<p style=\"text-align: justify;\">J\u2019ai envoy\u00e9 \u00e0 Leroy il y a trois jours un papier qu\u2019il te communiquera. Il vaut mieux prendre toutes pr\u00e9cautions. Comme \u00e7a, les int\u00e9r\u00eats sont sauvegard\u00e9s et pr\u00e9cis\u00e9s. S\u2019il faut r\u00e9diger la chose autrement fais le moi dire.<\/p>\n<p style=\"text-align: justify;\">\u00c0 l\u2019encontre de ce que je pensais, ma m\u00e8re ne peut rien faire pour le suppl\u00e9ment d\u2019honoraires. Je cherche dans ma t\u00eate ce que je pourrais faire. Mais il m\u2019est difficile d\u2019op\u00e9rer l\u00e0 o\u00f9 je suis. Je vais voir comment r\u00e9soudre le probl\u00e8me. Je te ferai part de ce que j\u2019ai trouv\u00e9.<\/p>\n<p style=\"text-align: justify;\">Le travail va bien. Je n\u2019ai pas encore pens\u00e9 au sc\u00e9nario. Trop d\u2019autres choses. Tr\u00e8s importantes. Veux-tu surtout d\u2019occuper d\u2019EdR pour r\u00e9cup\u00e9rer et m\u2019envoyer par Leroy le rapport sur <em>la Cuve<\/em> avec une note (non tap\u00e9e mais fais un exemplaire) sur les baraques de la m\u00e9daille. Tu dois trouver tout \u00e7a dans la note verte rendue. C\u2019est un manuscrit sur papier trou\u00e9. Je compte absolument dessus pour pr\u00e9senter quelque chose de complet. Urgent. Je suis en train de compl\u00e9ter le tout.<\/p>\n<p style=\"text-align: justify;\">Mes \u00e9tudes sur le Zen vont bien. Pour l\u2019instant je suis pourvu de tout. Sauf en lettres de Jeannette dont j\u2019esp\u00e8re les d\u00e9bordements litt\u00e9raires fertilisants tels les crues du Nil, tels les humeurs du Fleuve Jaune, tels les riches gonflements de l\u2019Amazone. Les grands c\u0153urs sont fluides, fluviaux, puissants, nourris de suc \u00e0 l\u2019infini. Le \u00ab\u00a0<em>fleuve de vie <\/em><a href=\"#_ftn1\" name=\"_ftnref1\">[2]<\/a>\u00a0\u00bb de l\u2019Apocalypse.<\/p>\n<p style=\"text-align: justify;\">On t\u2019embrasse comme une brioche de saveur, pr\u00e9cieuse vertu, douce fid\u00e8le. G\u00e9ranton qui m\u2019\u00e9crit aujourd\u2019hui ne cesse encore de m\u2019envoyer sur toi quelques superlatifs. Peine perdue. Je sais tr\u00e8s bien ce que je dois penser. Je suis assez d\u00e9gourdi pour juger. J\u2019ai bien vu \u00e0 qui j\u2019avais \u00e0 faire. On ne me trompe pas sur la qualit\u00e9. J\u2019ai soupes\u00e9. L\u2019or pur et le reste. Et il n\u2019y a pas de reste.<\/p>\n<p style=\"text-align: justify;\">Donc on t\u2019embrasse. Et l\u2019on te complimente pour ta patience. Et l\u2019on t\u2019assure de la n\u00f4tre. Et l\u2019on va tenir jusqu\u2019au bout pour vaincre, se d\u00e9livrer des tous ennemis.<\/p>\n<p style=\"text-align: justify;\">Mes gros baisers.<\/p>\n<p style=\"text-align: justify;\">J.<\/p>\n<p style=\"text-align: justify;\"><a href=\"#_ftnref1\" name=\"_ftn1\">[1]<\/a> Erreur probable de date, il semble que cette lettre ait \u00e9t\u00e9 \u00e9crite le 19 et non le 14. En effet la lettre hebdomadaire pr\u00e9c\u00e9dente est du 12 et la suivante du 26.<br \/>\n<a href=\"#_ftnref1\" name=\"_ftn1\">[2]<\/a> L\u2019expression \u00ab <em>fleuve de vie<\/em> \u00bb n\u2019appara\u00eet pas dans la <em>Bible<\/em>, mais <em>Apocalypse<\/em> parle du \u00ab <em>fleuve d\u2019eau de la vie, limpide comme du cristal, qui sortait du tr\u00f4ne de Dieu et de l\u2019Agneau<\/em>. \u00bb L\u2019Ap\u00f4tre Jean, dans sa vision de la nouvelle J\u00e9rusalem, dit que ce fleuve coule \u00ab\u00a0<em>au milieu de la grande rue de la ville<\/em> \u00bb. Le fleuve d\u2019eau de la vie d\u00e9crit en <em>Apocalypse 22<\/em> est tr\u00e8s certainement une repr\u00e9sentation symbolique de la vie \u00e9ternelle que Dieu donne gratuitement \u00e0 tous ceux qui croient en Christ<\/p>\n","protected":false},"excerpt":{"rendered":"<p>\u00a0 Mardi 14 septembre 1948 Ma ch\u00e9rie, toute ch\u00e9rie [1], J&rsquo;esp\u00e8re que tu as fini de travailler \u00e0 cette chose si importante et passionnante. Je me r\u00e9jouis de l\u2019int\u00e9r\u00eat que tu y auras pris. Bien plus. Je sais que d\u00e8s &hellip; <a href=\"https:\/\/monperejeanmamy.fr\/?page_id=2731\">Continuer la lecture <span class=\"meta-nav\">&rarr;<\/span><\/a><\/p>\n","protected":false},"author":2,"featured_media":11,"parent":0,"menu_order":0,"comment_status":"closed","ping_status":"closed","template":"","meta":[],"folder":[],"_links":{"self":[{"href":"https:\/\/monperejeanmamy.fr\/index.php?rest_route=\/wp\/v2\/pages\/2731"}],"collection":[{"href":"https:\/\/monperejeanmamy.fr\/index.php?rest_route=\/wp\/v2\/pages"}],"about":[{"href":"https:\/\/monperejeanmamy.fr\/index.php?rest_route=\/wp\/v2\/types\/page"}],"author":[{"embeddable":true,"href":"https:\/\/monperejeanmamy.fr\/index.php?rest_route=\/wp\/v2\/users\/2"}],"replies":[{"embeddable":true,"href":"https:\/\/monperejeanmamy.fr\/index.php?rest_route=%2Fwp%2Fv2%2Fcomments&post=2731"}],"version-history":[{"count":6,"href":"https:\/\/monperejeanmamy.fr\/index.php?rest_route=\/wp\/v2\/pages\/2731\/revisions"}],"predecessor-version":[{"id":3351,"href":"https:\/\/monperejeanmamy.fr\/index.php?rest_route=\/wp\/v2\/pages\/2731\/revisions\/3351"}],"wp:featuredmedia":[{"embeddable":true,"href":"https:\/\/monperejeanmamy.fr\/index.php?rest_route=\/wp\/v2\/media\/11"}],"wp:attachment":[{"href":"https:\/\/monperejeanmamy.fr\/index.php?rest_route=%2Fwp%2Fv2%2Fmedia&parent=2731"}],"wp:term":[{"taxonomy":"folder","embeddable":true,"href":"https:\/\/monperejeanmamy.fr\/index.php?rest_route=%2Fwp%2Fv2%2Ffolder&post=2731"}],"curies":[{"name":"wp","href":"https:\/\/api.w.org\/{rel}","templated":true}]}}