{"id":2753,"date":"2021-05-17T09:04:36","date_gmt":"2021-05-17T07:04:36","guid":{"rendered":"http:\/\/monperejeanmamy.fr\/?page_id=2753"},"modified":"2024-11-03T17:45:39","modified_gmt":"2024-11-03T16:45:39","slug":"jm-a-jr-fresnes-48-10-03","status":"publish","type":"page","link":"https:\/\/monperejeanmamy.fr\/?page_id=2753","title":{"rendered":"JM \u00e0 JR (Fresnes 48\/10\/03)"},"content":{"rendered":"<p><strong>\u00a0<\/strong><a href=\"http:\/\/monperejeanmamy.fr\/?page_id=2749\"><img loading=\"lazy\" class=\"wp-image-1352 alignleft\" src=\"http:\/\/monperejeanmamy.fr\/wp-content\/uploads\/2021\/03\/Lettre-precedente.jpg\" alt=\"\" width=\"143\" height=\"78\" \/><\/a><a href=\"http:\/\/monperejeanmamy.fr\/?page_id=2759\"><img loading=\"lazy\" class=\"alignright wp-image-1353\" src=\"http:\/\/monperejeanmamy.fr\/wp-content\/uploads\/2021\/03\/Lettre-suivante.jpg\" alt=\"\" width=\"139\" height=\"76\" \/><\/a><\/p>\n<p style=\"text-align: center;\"><strong>Dimanche 3 octobre 1948<br \/>\n<\/strong><\/p>\n<p style=\"text-align: center;\">Ma ch\u00e9rie,<\/p>\n<p style=\"text-align: justify;\">Moi, c\u2019est tous les samedis que je voudrais te voir au parloir. Un mois, c\u2019est trop long. Une fois que j\u2019ai d\u00e9cid\u00e9 o\u00f9 appuyer mon affection, j\u2019aime voir la personne qui r\u00e9pond avec tous ses yeux et ses sourires. Et voil\u00e0 qu\u2019il nous faut toujours attendre. Patientons. N\u2019attendons pas pour \u00eatre patient.<\/p>\n<p style=\"text-align: justify;\">J\u2019ai un rat qui gratte dans mon plancher. Il est comme le souvenir, ou la pr\u00e9sence souterraine de quelque chose qui s\u2019acharne, ou comme un espoir, ou comme l\u2019impuissance d\u2019un adversaire. Beaucoup de d\u00e9tenus \u00e9l\u00e8vent des souris blanches. On les fait tourner dans des roues de carton, monter sur des \u00e9chelles \u00e0 barreaux d\u2019allumettes. Tout une faune d\u2019amis et d\u2019ennemis. L\u2019ennemi est toujours noir, l\u2019ami rayonne de blancheur.<\/p>\n<p style=\"text-align: justify;\">Bien re\u00e7u ta lettre et ton mandat. Je voudrais te gronder avec une voix \u00e9norme. Je ne veux pas que tu m\u2019envoies d\u2019argent\u00a0! Tant pis pour ma corpulence qui se r\u00e9duira \u00e0 de justes proportions. La graisse est une inconvenance notoire en ces temps restrictifs. Et je n\u2019y peux rien. Un verre d\u2019eau me gonfle. Une pens\u00e9e de joie m\u2019\u00e9panouit. Une seule fleur me distend et fait craquer mon gilet et je me d\u00e9veloppe formidablement \u00e0 tout refuser.<\/p>\n<p style=\"text-align: justify;\">Je vais t\u00e2cher de m\u2019\u00e9lever jusqu\u2019\u00e0 un monde sans rats\u00a0! Sans tribunaux non plus. Sans guerres et sans r\u00e9volutions. Mais non point sans compagne d\u00e9vou\u00e9e et parfaite qui soit tout le r\u00e9confort, tout le bonheur lentement m\u00fbri.<\/p>\n<p style=\"text-align: justify;\">J\u2019esp\u00e8re recevoir de toi le renseignement sur le Palais. Si le dossier est encore ailleurs, attends le parloir pour que nous en parlions.<\/p>\n<p style=\"text-align: justify;\">Es-tu d\u2019accord pour l\u2019Oc\u00e9anie\u00a0? Les Tuamotu\u00a0? Ou les Marquises\u00a0? Ou Samoa\u00a0? La cueillette du coco, l\u2019arbre \u00e0 pain, la p\u00e8che des hu\u00eetres perli\u00e8res, la confiture d\u2019ananas, le par\u00e9o, les vents aliz\u00e9s, la case \u00e0 Gauguin, et m\u00eame mieux\u00a0: une belle maison en pierres, un beau bateau taill\u00e9 pour le tour du monde, et des voyages partout avec tous les enfants, ou sans eux. Va pour l\u2019Oc\u00e9anie. Apr\u00e8s les prochaines ann\u00e9es d\u2019affaires, car l\u2019astrologue me pr\u00e9dit d\u00e8s 1949 une fortune constante pendant le temps qu\u2019il faut pour r\u00e9aliser un honn\u00eate capital. Et nous avons mieux encore que l\u2019astrologie\u2026<\/p>\n<p style=\"text-align: justify;\">Le destin des hommes est curieux, mouvant comme la mer, tant\u00f4t calme, tant\u00f4t tumultueux, tant\u00f4t riche, tant\u00f4t mis\u00e9rable. Il importe d\u2019\u00eatre aussi sage dans l\u2019abondance que serein dans l\u2019adversit\u00e9 car cette \u00e9preuve n\u2019est que la marque de la sollicitude de la Providence qui cherche \u00e0 nous gu\u00e9rir de nos faiblesses. Il est beaucoup plus difficile de traverser le bonheur sans tomber dans l\u2019ivresse des plaisirs que de se garder de toute indignit\u00e9 au moment du danger. La terre enti\u00e8re pourrait \u00e9clater que je continuerai \u00e0 sourire et \u00e0 me reposer sur l\u2019\u00e9ternit\u00e9 de l\u2019Esprit.<\/p>\n<p style=\"text-align: justify;\">Je t\u2019embrasse mille fois parce que tu as le c\u0153ur si bon qu\u2019on ne saurait trop l\u2019honorer et que tu es la plus sainte fille du monde, et la plus sens\u00e9e, et la plus simple, et la mieux aim\u00e9e. Bonsoir. Tr\u00e8s gentil bonsoir. On t\u2019assure de notre estime et de notre sensible d\u00e9vouement.<\/p>\n<h1 style=\"text-align: justify;\"><u>Lundi<\/u>.<\/h1>\n<p style=\"text-align: justify;\">Voil\u00e0 deux bonnes nouvelles photos et une ancienne que j\u2019attendais avec joie, et une excellente lettre, et un magnifique colis. Bravo, merci, mille baisers.<\/p>\n<p style=\"text-align: justify;\">N\u2019oublie pas vendredi de lire l\u2019<em>Orestie<\/em>. Je suis emb\u00eat\u00e9. J\u2019ai oubli\u00e9 de commander de la p\u00e2te dentifrice \u00e0 la cantine et il me faut attendre huit jours pour le moins avec ces interdictions. Et puis fini le vade-mecum de bouteilles. Quelle barbe\u00a0! La laine grenat va tr\u00e8s bien.<\/p>\n<p style=\"text-align: justify;\">Je n\u2019ai plus de punaises. Par contre les rats font un de ces sabbats\u00a0! J\u2019ai cherch\u00e9 \u00e0 int\u00e9resser \u00e0 mon sort la chatte de la division. Elle a guett\u00e9 pendant \u00bd heure devant le trou o\u00f9 ces bougres se faufilent. Esp\u00e9rons que ce soir elle voudra bien revenir. Je me fortifie dedans ma carr\u00e9e en bouchant mon plancher avec du pl\u00e2tre m\u00eal\u00e9 de verre pil\u00e9. Mais ils bouffent tout. Il y a deux ans j\u2019\u00e9tais encore plus assailli. Ils couraient la nuit dans ma cellule et l\u2019un d\u2019eux m\u2019a r\u00e9veill\u00e9 un soir en me passant sur la figure.<\/p>\n<p style=\"text-align: justify;\">Mais c\u2019est si peu de chose, \u00e0 c\u00f4t\u00e9 de tout. Il parait (c\u2019est ce qu\u2019on m\u2019a annonc\u00e9 cet apr\u00e8s-midi) que nous allons rentrer dans un cycle d\u2019\u00e9v\u00e8nements terribles. Et moi qui vit dans le merveilleux, dans cette douceur absolue d\u2019une existence sacr\u00e9e ! On passera \u00e0 travers tous ces cauchemars comme nous avons d\u00e9j\u00e0 franchi tous les autres, et nous aboutirons \u00e0 la rive dor\u00e9e.<\/p>\n<p style=\"text-align: justify;\">Ce soir j\u2019ai boucl\u00e9 la fen\u00eatre. Il fait d\u00e9j\u00e0 un peu froid. Il est sept heures. On vient de me boucler et l\u2019on est si tranquille avec une porte qui s\u2019ouvre par le dehors pour nous \u00e9viter toutes tentations frivoles. Voil\u00e0 comment il faut traiter les po\u00e8tes. Un cahier de papier blanc et deux tours de clef. Travaillez, messieurs, avec s\u00e9r\u00e9nit\u00e9. Vous \u00eates des vieux retir\u00e9s du monde. D\u00e9versez sur ces feuilles vierges votre fleuve de vie.<\/p>\n<p style=\"text-align: justify;\">Je ne veux pas r\u00eaver \u00e0 des images : cheveux tordus, puis d\u00e9nou\u00e9s, boucles d\u2019oreilles ramass\u00e9es d\u2019une main h\u00e2tive, cher visage qu\u2019on enfouit dans l\u2019\u00e9paule, sanglots trop comprim\u00e9s par l\u2019attente et douceur des yeux qui s\u2019estompent quand passe la vague d\u2019amour. Les images sont des pr\u00e9cisions trop temporelles, trop fictives. Il nous faut mieux. Un courant qui suit les battements de deux pouls au m\u00eame rythme jusqu\u2019\u00e0 ce que les murs s\u2019\u00e9vaporent et que l\u2019on franchisse des abimes, de multiples obstacles de haine vieillotte. Nous sommes au point o\u00f9 les murailles des bourreaux vont se refermer sur eux-m\u00eames et nous reprendrons la grand route avec des chansons fleuries. Et nous t\u00e2cherons d\u2019aider les hommes \u00e0 vivre en leur montrant les dangers pass\u00e9s et en combattant pour un avenir plus sain. Un seul ennemi : la haine et ses d\u00e9rives. Et toute haine vient de l\u2019ignorance.<\/p>\n<p style=\"text-align: justify;\">En pensant que des communistes vont venir ici me remplacer, j\u2019ai d\u00e9j\u00e0 envie de les consoler, de les gracier et de les lib\u00e9rer. Lib\u00e9ration pour tous\u00a0! Pourquoi\u00a0? Pour quoi aboutira cette guerre idiote\u00a0? Est-ce que le monde ne pourrait pas comprendre la valeur salvatrice du travail en commun\u00a0? Une communaut\u00e9 d\u2019hommes disciplin\u00e9s o\u00f9 les meilleurs ont les responsabilit\u00e9s, o\u00f9 les plus faibles sont soutenus. C\u2019\u00e9tait cet admirable moyen-\u00e2ge chr\u00e9tien, si m\u00e9connu, si m\u00e9pris\u00e9, si riche en gr\u00e2ce de toutes sortes.<\/p>\n<p style=\"text-align: justify;\">Le proc\u00e8s de mes camarades de la Cagoule <a href=\"#_ftn1\" name=\"_ftnref1\">[1]<\/a> a d\u00e9but\u00e9 aujourd\u2019hui. Ce sont des types \u00e9patants, courageux, intelligents, d\u00e9vou\u00e9s. Je ne cesse de penser \u00e0 eux avec amiti\u00e9. Oh, ils ne risquent pas grand-chose. Dans quelques jours toutes ces infamies seront termin\u00e9es. Je suis tout \u00e0 fait persuad\u00e9 que le P\u00e8re No\u00ebl sera tr\u00e8s gentil cette ann\u00e9e.<\/p>\n<p style=\"text-align: justify;\">Tu sais que je regarde avec beaucoup d\u2019affection toutes les photos des champs et je m\u2019en impr\u00e8gne. Je pourrais presque \u00e9crire le roman de vos vacances.<\/p>\n<p style=\"text-align: justify;\">Tu viens samedi. Tu viens samedi. Tu viens samedi. Tu viens samedi. Tu viens samedi. Tu viens samedi.<\/p>\n<p style=\"text-align: justify;\">Viens vite avec des phrases fra\u00eeches. J\u2019entends souvent trop de choses affreuses. J\u2019ai besoin de quelqu\u2019un qui aime la vie et qui ne connaisse rien d\u2019autre que la bont\u00e9. Je t\u2019embrasse.<\/p>\n<p style=\"text-align: justify;\">J.<\/p>\n<p style=\"text-align: justify;\"><a href=\"#_ftnref1\" name=\"_ftn1\">[1]<\/a> La Cagoule est un groupe d&rsquo;extr\u00eame droite actif dans les ann\u00e9es 1930 en France. Originellement nomm\u00e9 Organisation secr\u00e8te d&rsquo;action r\u00e9volutionnaire nationale (OSARN) par ses fondateurs, puis abr\u00e9g\u00e9 OSAR, le groupe est devenu dans la presse Comit\u00e9 secret d&rsquo;action r\u00e9volutionnaire (CSAR) suite \u00e0 une faute dans un rapport d&rsquo;informateur. Dirig\u00e9e par Eug\u00e8ne Deloncle et plusieurs anciens membres de l&rsquo;Action fran\u00e7aise, la Cagoule promeut ouvertement une action terroriste, qui lui vaut son surnom. Anticommuniste, antis\u00e9mite, antir\u00e9publicaine et proche du fascisme, la Cagoule voit plusieurs de ses membres se rallier au gouvernement de Vichy apr\u00e8s l&rsquo;armistice de 1940. Le proc\u00e8s de la Cagoule eut lieu en 1948. La plupart des Cagoulards sont acquitt\u00e9s, les plus compromis sous l\u2019Occupation sont condamn\u00e9s aux travaux forc\u00e9s. Eug\u00e8ne Schueller, alors patron du groupe L&rsquo;Or\u00e9al, un soutien inconditionnel d&rsquo;Eug\u00e8ne Deloncle et de Marcel D\u00e9at, collaborationnistes notoires, n&rsquo;est cependant pas inqui\u00e9t\u00e9 \u00e0 la Lib\u00e9ration, ayant donn\u00e9 des gages \u00e0 la r\u00e9sistance, comme au r\u00e9gime de P\u00e9tain, ce qui lui permet de mettre Louis le fils de Deloncle \u00e0 l&rsquo;abri des poursuites.<\/p>\n","protected":false},"excerpt":{"rendered":"<p>\u00a0 Dimanche 3 octobre 1948 Ma ch\u00e9rie, Moi, c\u2019est tous les samedis que je voudrais te voir au parloir. Un mois, c\u2019est trop long. Une fois que j\u2019ai d\u00e9cid\u00e9 o\u00f9 appuyer mon affection, j\u2019aime voir la personne qui r\u00e9pond avec &hellip; <a href=\"https:\/\/monperejeanmamy.fr\/?page_id=2753\">Continuer la lecture <span class=\"meta-nav\">&rarr;<\/span><\/a><\/p>\n","protected":false},"author":2,"featured_media":11,"parent":0,"menu_order":0,"comment_status":"closed","ping_status":"closed","template":"","meta":[],"folder":[],"_links":{"self":[{"href":"https:\/\/monperejeanmamy.fr\/index.php?rest_route=\/wp\/v2\/pages\/2753"}],"collection":[{"href":"https:\/\/monperejeanmamy.fr\/index.php?rest_route=\/wp\/v2\/pages"}],"about":[{"href":"https:\/\/monperejeanmamy.fr\/index.php?rest_route=\/wp\/v2\/types\/page"}],"author":[{"embeddable":true,"href":"https:\/\/monperejeanmamy.fr\/index.php?rest_route=\/wp\/v2\/users\/2"}],"replies":[{"embeddable":true,"href":"https:\/\/monperejeanmamy.fr\/index.php?rest_route=%2Fwp%2Fv2%2Fcomments&post=2753"}],"version-history":[{"count":4,"href":"https:\/\/monperejeanmamy.fr\/index.php?rest_route=\/wp\/v2\/pages\/2753\/revisions"}],"predecessor-version":[{"id":3353,"href":"https:\/\/monperejeanmamy.fr\/index.php?rest_route=\/wp\/v2\/pages\/2753\/revisions\/3353"}],"wp:featuredmedia":[{"embeddable":true,"href":"https:\/\/monperejeanmamy.fr\/index.php?rest_route=\/wp\/v2\/media\/11"}],"wp:attachment":[{"href":"https:\/\/monperejeanmamy.fr\/index.php?rest_route=%2Fwp%2Fv2%2Fmedia&parent=2753"}],"wp:term":[{"taxonomy":"folder","embeddable":true,"href":"https:\/\/monperejeanmamy.fr\/index.php?rest_route=%2Fwp%2Fv2%2Ffolder&post=2753"}],"curies":[{"name":"wp","href":"https:\/\/api.w.org\/{rel}","templated":true}]}}