{"id":2763,"date":"2021-05-17T09:30:56","date_gmt":"2021-05-17T07:30:56","guid":{"rendered":"http:\/\/monperejeanmamy.fr\/?page_id=2763"},"modified":"2021-05-17T09:49:46","modified_gmt":"2021-05-17T07:49:46","slug":"jm-a-jr-fresnes-48-10-18","status":"publish","type":"page","link":"https:\/\/monperejeanmamy.fr\/?page_id=2763","title":{"rendered":"JM \u00e0 JR (Fresnes 48\/10\/18)"},"content":{"rendered":"<p><strong>\u00a0<\/strong><a href=\"http:\/\/monperejeanmamy.fr\/?page_id=2759\"><img loading=\"lazy\" class=\"wp-image-1352 alignleft\" src=\"http:\/\/monperejeanmamy.fr\/wp-content\/uploads\/2021\/03\/Lettre-precedente.jpg\" alt=\"\" width=\"143\" height=\"78\" \/><\/a><a href=\"http:\/\/monperejeanmamy.fr\/?page_id=2768\"><img loading=\"lazy\" class=\"alignright wp-image-1353\" src=\"http:\/\/monperejeanmamy.fr\/wp-content\/uploads\/2021\/03\/Lettre-suivante.jpg\" alt=\"\" width=\"139\" height=\"76\" \/><\/a><\/p>\n<p style=\"text-align: center;\"><strong>Lundi 18 octobre 1948<br \/>\n<\/strong><\/p>\n<p style=\"text-align: center;\">Ma ch\u00e9rie,<\/p>\n<p style=\"text-align: justify;\">Comme je n\u2019avais pas de lettre de toute la semaine apr\u00e8s n\u2019avoir pas eu de visite samedi, je me d\u00e9sesp\u00e9rais en faisant mille suppositions. Mais la vie est ainsi faite que les choses ne vont jamais aussi bien qu\u2019on l\u2019esp\u00e8re et aussi mal qu\u2019on le craint. Voici ton mot du 14 qui me rassure sur tes bonnes intentions, qui te plaint de l\u2019am\u00e8re potion que je t\u2019ai inflig\u00e9e, qui veut bien convenir qu\u2019il n\u2019y avait pas de quoi se casser la t\u00eate tous les deux, etc\u2026<\/p>\n<p style=\"text-align: justify;\">Donc, je t\u2019embrasse. Embrassons-nous. Voil\u00e0, tout va bien. Il n\u2019en n\u2019a jamais \u00e9t\u00e9 autrement. Moi aussi je m\u2019endors en Morph\u00e9e et me r\u00e9veille tout seul. Quand cette idiotie va-t-elle finir\u00a0? Vivement la fuite de ce pays de bandits, de chauvins, d\u2019ahuris ou de braves types impuissants \u00e0 faire respecter l\u2019ordre. Pourquoi sommes-nous n\u00e9s Europ\u00e9ens\u00a0? Car enfin, on aurait tr\u00e8s bien pu na\u00eetre install\u00e9s dans un coin tranquille. Je d\u00e9m\u00e9nage \u00e0 coup s\u00fbr. Pas dr\u00f4le d\u2019\u00eatre toujours sur un glacis militaire. Bient\u00f4t on sera tous Alsaciens-Lorrains, une fois Russes, une fois Anglais. Et \u00e0 chaque coup on punit les traitres, c&rsquo;est-\u00e0-dire tout le monde.<\/p>\n<p style=\"text-align: justify;\">Apr\u00e8s cette digression obligatoire qui ponctue chaque semaine la situation politique, revenons \u00e0 nos moutons. Je pense que nous allons vers la solution prochaine. Les \u00e9lections marquent la d\u00e9faite de l\u2019\u00e9quipe au pouvoir. Il faudra bien qu\u2019ils se r\u00e9signent \u00e0 partir, et assez t\u00f4t. Ils ont fait tant de mal. Quand on verra le bilan, on en sera effray\u00e9. Jamais groupe d\u2019homme n\u2019a \u00e9t\u00e9 aussi nocif contre son propre pays.<\/p>\n<p style=\"text-align: justify;\">Donc ceci nous donne espoir. Attendons. Va au Palais. Je compte sur toi. Je crois que m\u00eame de ce c\u00f4t\u00e9-l\u00e0, nous n\u2019aurons pas besoin de man\u0153uvrer. Les \u00e9v\u00e8nements tournent vite.<\/p>\n<p style=\"text-align: justify;\">Merci d\u2019avance pour les bouquins. Apporte-les samedi.<\/p>\n<p style=\"text-align: justify;\">Le colis est parfait, toujours parfait.<\/p>\n<p style=\"text-align: justify;\">Ai beaucoup travaill\u00e9 cette semaine. Il faut en terminer avec les po\u00e8mes. Mais on doit recommencer beaucoup plus de 100 fois. Boileau est tr\u00e8s modeste dans ses conseils. Je crois que je les modifierai jusqu\u2019au bout de la vie. On s\u2019aper\u00e7oit toujours de multiples imperfections, apr\u00e8s combien de temps\u00a0? C\u2019est comme pour nous, il faut se roder aussi. De la sorte, on arrive \u00e0 d\u00e9couvrir des qualit\u00e9s qui sont toujours enferm\u00e9es sous des tas de d\u00e9fauts. Ainsi, moi, je suis d\u2019une s\u00e9v\u00e9rit\u00e9, d\u2019une brutalit\u00e9 avec toi\u00a0! Quand je pense que j\u2019ai pu faire des reproches \u00e0 une personne aussi charmante et d\u00e9vou\u00e9e. Je suis tout f\u00e2ch\u00e9 contre moi et me r\u00e9serve toutes les impr\u00e9cations que je vouais au hasard qui nous a emp\u00each\u00e9 de nous voir samedi dernier.<\/p>\n<p style=\"text-align: justify;\">Donc, tu viens samedi. Satisfaite, hein\u00a0? Je ne crois pas qu\u2019il y ait maintenant un quelconque obstacle. Si ma m\u00e8re t\u2019oppose quoi que ce soit, rousp\u00e8te et maintient ton droit. C\u2019est ta place, et non celle de quiconque. Donc viens.<\/p>\n<h1 style=\"text-align: justify;\"><span style=\"text-decoration: underline;\">20h<\/span>.<\/h1>\n<p style=\"text-align: justify;\">Panne de lumi\u00e8re. On marche \u00e0 la bougie. Je pense \u00e0 toi beaucoup mieux dans la demi-obscurit\u00e9, avec beaucoup plus d\u2019affection, de tendresse. Tu es une toute petite fille si fragile, si \u00e9motive. Personne ne veut te faire du mal, bien au contraire. Tu m\u00e9rites beaucoup mieux que le monde m\u00e9chant dans lequel on vit. Et tu auras ta r\u00e9compense.<\/p>\n<p style=\"text-align: justify;\">Voil\u00e0 que le papier trop fin me parait tout brouill\u00e9. Tu liras entre les lignes.<\/p>\n<p><img loading=\"lazy\" class=\"aligncenter size-full wp-image-2771\" src=\"http:\/\/monperejeanmamy.fr\/wp-content\/uploads\/2021\/05\/Lettre-feuille-trop-fine.jpg\" alt=\"\" width=\"855\" height=\"230\" srcset=\"https:\/\/monperejeanmamy.fr\/wp-content\/uploads\/2021\/05\/Lettre-feuille-trop-fine.jpg 855w, https:\/\/monperejeanmamy.fr\/wp-content\/uploads\/2021\/05\/Lettre-feuille-trop-fine-300x81.jpg 300w, https:\/\/monperejeanmamy.fr\/wp-content\/uploads\/2021\/05\/Lettre-feuille-trop-fine-768x207.jpg 768w, https:\/\/monperejeanmamy.fr\/wp-content\/uploads\/2021\/05\/Lettre-feuille-trop-fine-500x135.jpg 500w\" sizes=\"(max-width: 855px) 100vw, 855px\" \/><\/p>\n<p style=\"text-align: justify;\">Du reste, entre nous deux, il faut toujours lire entre les lignes. On ne peut jamais tout dire de ce dont le c\u0153ur est plein. Je t\u2019aime beaucoup, beaucoup plus encore que tu crois, et si quelquefois je suis un peu bougon c\u2019est parce que tu ne m\u2019as pas \u00e9crit, ou que je n\u2019ai pas assez pens\u00e9 \u00e0 toi, ou que je ne t\u2019ai pas vue depuis longtemps, ou que ta photo a de la poussi\u00e8re, ou bien que je pense trop \u00e0 nous en arri\u00e8re\u2026 etc\u2026<\/p>\n<p style=\"text-align: justify;\">Il ne faut donc pas m\u2019en vouloir.<\/p>\n<p style=\"text-align: justify;\">Mes gros baisers. On ferme les portes. Je n\u2019ai presque plus de bougie car les pannes sont tr\u00e8s fr\u00e9quentes et vais me coucher. Laisse-moi te dire\u2026 Non, je ne te dirai rien. Tu sais d\u00e9j\u00e0 tout. \u00c0 bient\u00f4t te lire, te voir\u2026 etc\u2026<\/p>\n<p style=\"text-align: justify;\">J.<\/p>\n","protected":false},"excerpt":{"rendered":"<p>\u00a0 Lundi 18 octobre 1948 Ma ch\u00e9rie, Comme je n\u2019avais pas de lettre de toute la semaine apr\u00e8s n\u2019avoir pas eu de visite samedi, je me d\u00e9sesp\u00e9rais en faisant mille suppositions. Mais la vie est ainsi faite que les choses &hellip; <a href=\"https:\/\/monperejeanmamy.fr\/?page_id=2763\">Continuer la lecture <span class=\"meta-nav\">&rarr;<\/span><\/a><\/p>\n","protected":false},"author":2,"featured_media":11,"parent":0,"menu_order":0,"comment_status":"closed","ping_status":"closed","template":"","meta":[],"folder":[],"_links":{"self":[{"href":"https:\/\/monperejeanmamy.fr\/index.php?rest_route=\/wp\/v2\/pages\/2763"}],"collection":[{"href":"https:\/\/monperejeanmamy.fr\/index.php?rest_route=\/wp\/v2\/pages"}],"about":[{"href":"https:\/\/monperejeanmamy.fr\/index.php?rest_route=\/wp\/v2\/types\/page"}],"author":[{"embeddable":true,"href":"https:\/\/monperejeanmamy.fr\/index.php?rest_route=\/wp\/v2\/users\/2"}],"replies":[{"embeddable":true,"href":"https:\/\/monperejeanmamy.fr\/index.php?rest_route=%2Fwp%2Fv2%2Fcomments&post=2763"}],"version-history":[{"count":3,"href":"https:\/\/monperejeanmamy.fr\/index.php?rest_route=\/wp\/v2\/pages\/2763\/revisions"}],"predecessor-version":[{"id":2772,"href":"https:\/\/monperejeanmamy.fr\/index.php?rest_route=\/wp\/v2\/pages\/2763\/revisions\/2772"}],"wp:featuredmedia":[{"embeddable":true,"href":"https:\/\/monperejeanmamy.fr\/index.php?rest_route=\/wp\/v2\/media\/11"}],"wp:attachment":[{"href":"https:\/\/monperejeanmamy.fr\/index.php?rest_route=%2Fwp%2Fv2%2Fmedia&parent=2763"}],"wp:term":[{"taxonomy":"folder","embeddable":true,"href":"https:\/\/monperejeanmamy.fr\/index.php?rest_route=%2Fwp%2Fv2%2Ffolder&post=2763"}],"curies":[{"name":"wp","href":"https:\/\/api.w.org\/{rel}","templated":true}]}}