{"id":2773,"date":"2021-05-17T09:52:20","date_gmt":"2021-05-17T07:52:20","guid":{"rendered":"http:\/\/monperejeanmamy.fr\/?page_id=2773"},"modified":"2024-11-03T18:18:37","modified_gmt":"2024-11-03T17:18:37","slug":"jm-a-jr-fresnes-48-11-01","status":"publish","type":"page","link":"https:\/\/monperejeanmamy.fr\/?page_id=2773","title":{"rendered":"JM \u00e0 JR (Fresnes 48\/11\/01)"},"content":{"rendered":"<p><strong>\u00a0<\/strong><a href=\"http:\/\/monperejeanmamy.fr\/?page_id=2768\"><img loading=\"lazy\" class=\"wp-image-1352 alignleft\" src=\"http:\/\/monperejeanmamy.fr\/wp-content\/uploads\/2021\/03\/Lettre-precedente.jpg\" alt=\"\" width=\"143\" height=\"78\" \/><\/a><a href=\"http:\/\/monperejeanmamy.fr\/?page_id=2778\"><img loading=\"lazy\" class=\"alignright wp-image-1353\" src=\"http:\/\/monperejeanmamy.fr\/wp-content\/uploads\/2021\/03\/Lettre-suivante.jpg\" alt=\"\" width=\"139\" height=\"76\" \/><\/a><\/p>\n<p style=\"text-align: center;\"><strong>Lundi 1<sup>er<\/sup> novembre 1948<br \/>\n<\/strong><\/p>\n<p style=\"text-align: center;\">Ma petite fille ch\u00e9rie,<\/p>\n<p style=\"text-align: justify;\">Est-ce que \u00e7a va durer longtemps cette habitude de titrer mes lettres de H.A (homme administratif !) ? Cinqui\u00e8me hiver ! On voit bien que beaucoup de choses vont changer, mais nous sommes toujours l\u00e0. Oh ! Sans murmures. Si on sort, on dira que c\u2019est tr\u00e8s bien, \u00e9tant donn\u00e9 l\u2019ampleur de la vague pass\u00e9e. Il faudra remercier le ciel, et tout le monde, et Jeannette en particulier. D\u2019abord le P\u00e8re, qui est dans le secret d\u2019en Haut. Et puis Jeannette, qui est dans le secret d\u2019en bas. Et nous sortirons de l\u2019\u00e9preuve, riche de nous d\u00e9velopper beaucoup plus aguerri. Beaucoup plus calme, c&rsquo;est-\u00e0-dire plus ma\u00eetre de soi. Ne va pas t\u2019imaginer que je suis moins actif mentalement, bien au contraire, et cette activit\u00e9 int\u00e9rieure ne pourra manquer de se traduire par quelques exploits, litt\u00e9raires bien entendu, en ai-je jamais commis d\u2019autres ?<\/p>\n<p style=\"text-align: justify;\">Je t\u2019embrasse. Tu ne m\u2019as pas \u00e9crit cette semaine. Je ne suis pas content du tout. Je t\u2019embrasse. Tu aurais pu, tu aurais d\u00fb\u2026 Tu n\u2019as pas fait\u2026 C\u2019est sans doute que\u2026 Je t\u2019embrasse\u2026 Tant pis. Tant mieux. C\u2019est dommage. J\u2019aurais voulu\u2026 Mais c\u2019est peut-\u00eatre en route. Je t\u2019embrasse. J\u2019ai beaucoup de patience.<\/p>\n<p style=\"text-align: justify;\">Travaille comme un n\u00e8gre. Un n\u00e8gre qui travaille. C\u2019est fou ce que j\u2019ai \u00e0 faire. Encore au moins pour deux ans. Et dire qu\u2019il va falloir sortir d\u2019ici. On n\u2019aura plus le temps de rien\u00a0!<\/p>\n<p style=\"text-align: justify;\">A en juger par les apparences, tout va bien dehors. Mes compliments \u00e0 tous les auteurs du g\u00e2chis. Ils ne pouvaient pas mieux r\u00e9aliser toutes les mauvaises proph\u00e9ties que nous autres, Nostradamus politiques, nous avions \u00e9nonc\u00e9es modestement \u00e0 propos de leurs syst\u00e8mes Rien ne pourrait mieux justifier notre position d\u2019hier. Le pire pour nous aurait \u00e9t\u00e9 qu\u2019ils r\u00e9tablissent l\u2019ordre\u00a0! On les en savait incapables, mais toutefois\u00a0!&#8230; Dis \u00e0 Brassard que je lui raconterai des histoires amusantes sur ses idoles. Qu\u2019il ne croit pas que je me r\u00e9jouisse des nouveaux arrivants. Je ne pense qu\u2019aux cocotiers et \u00e0 la mer fleurie, aux vents aliz\u00e9s et aux poissons de couleur, \u00e0 la p\u00e8che des perles et \u00e0 la chasse \u00e0 la baleine, aux danses polyn\u00e9siennes et \u00e0 l\u2019orgue \u00e9lectrique \u00e0 trois claviers (peut-\u00eatre cinq) avec adaptation d\u2019un dispositif de paroles que je ferai installer pour pouvoir ex\u00e9cuter moi-m\u00eame tout seul une partition de Wagner. Pour le reste\u2026 faites vos guerres\u2026 Votez pour Untel ou pour Machin-chose, et discourez devant le zinc. Fini de m\u2019int\u00e9resser aux bitumes des villes termites. La musique, la po\u00e9sie, le commerce des objets d\u2019art, une petite imprimerie personnelle pour tirages limit\u00e9s, et les grands paysages de couleurs in\u00e9dites\u00a0! Au milieu d\u2019un groupe d\u2019amis rares, choisis avec soin, \u00e9prouv\u00e9s depuis longtemps, ayant des buts \u00e9lev\u00e9s et difficiles \u00e0 atteindre, et ne respirant que sur les hauteurs, voil\u00e0 la vie.<\/p>\n<p style=\"text-align: justify;\">Quelle chance de ne pouvoir serrer la main que de tr\u00e8s peu de gens, de ne plus lire que tr\u00e8s peu de livres, de n\u2019\u00e9couter que tr\u00e8s peu de bruit, et de ne plus lire de journaux que tous les six mois.<\/p>\n<p style=\"text-align: justify;\">Je n\u2019ai pas \u00e9crit \u00e0 Philibert, faute de correspondance disponible. Il fallait que je dise \u00e0 ma m\u00e8re toutes sortes de choses aimables et r\u00e9confortantes. Veux-tu bien lui mettre un mot. Ne lui parle pas des Beau de Lom\u00e9nie <a href=\"#_ftn1\" name=\"_ftnref1\">[1]<\/a>. Je les ach\u00e8terai \u00e0 la sortie ou j\u2019irai les consulter \u00e0 la Nationale.<\/p>\n<p style=\"text-align: justify;\">J\u2019ai \u00e9crit \u00e0 ma m\u00e8re que tu viendras samedi. Veux-tu bien le lui dire et venir. Elle viendra au parloir suivant, et j\u2019esp\u00e8re qu\u2019ensuite il n\u2019y aura plus de parloir. Pr\u00e9pare moi une petite place quelque part, je ne suis pas si gros que je le parais. Et il te faudra beaucoup de patience. J\u2019ai envie de parler beaucoup, tout le temps, sur n\u2019importe quoi, sans qu\u2019on m\u2019arr\u00eate, et j\u2019ai des milliers d\u2019histoires \u00e0 raconter. Tu en as pour toute la vie \u00e0 m\u2019entendre. Et il faudra que tu approuves tout. Ou, en tous cas, que tu \u00e9coutes tout. Si tu ne le fais pas, je les raconterai \u00e0 Fr\u00e9d\u00e9ric, qui m\u2019\u00e9coutera, lui. Du reste, je compte bien passer tout mon temps avec lui. Nous avons des secrets \u00e0 nous confier tous les deux, d\u2019homme \u00e0 homme, des choses qui ne regardent pas les femmes. Des histoires de chemins de fer, d\u2019automobiles, de machines \u00e0 vapeur et de jeux de construction. C\u2019est autrement plus int\u00e9ressant que le cin\u00e9ma (sauf les films \u00e0 valses viennoises bien entendu, pour les personnes romantiques, sentimentales et d\u00e9sireuses de voitures \u00e0 chevaux).<\/p>\n<p style=\"text-align: justify;\">Faut-il que l\u2019h\u00e9ro\u00efne se tue ou non ? Que le jeune premier soit partag\u00e9 entre deux femmes, ou que ce soient deux hommes pour une ? Que l\u2019empereur ait une moustache cir\u00e9e ou qu\u2019on ne le montre que de loin \u00e0 cheval, dans un cort\u00e8ge rapide ? Que le film soit gai ou triste \u2013 ou les deux \u2013 ou rempli de l\u00e9vriers clownesques ou tr\u00e8s joliment historique ? Il y aura tous les bals, les populaires, les princiers, toutes les musiques, la f\u00eate joyeuse, la f\u00eate lugubre, des d\u00eeners aux bougies, des d\u00e9collet\u00e9s tr\u00e8s tamis\u00e9s, des drap\u00e9s voluptueux, des fauteuils bourgeois, et tout un monde papillon autour d\u2019une aventure \u00e9ph\u00e9m\u00e8re.<\/p>\n<p style=\"text-align: justify;\">As-tu lu la trag\u00e9die ?<\/p>\n<p style=\"text-align: justify;\">Comment va le violon\u00a0? Je te pose cette question car, depuis un quart d\u2019heure, je suis pris d\u2019une fr\u00e9n\u00e9sie de musique, et je m\u2019aper\u00e7ois que mes doigts vont devoir s\u2019exercer \u00e0 nouveau avec patience. Il me faudra de longues heures d\u2019\u00e9tude pour arriver \u00e0 reprendre contact avec le clavier et de nouveau th\u00e8mes. Mes go\u00fbts ont bien chang\u00e9. J\u2019esp\u00e8re r\u00e9aliser rapidement l\u00e0 aussi.<\/p>\n<p style=\"text-align: justify;\">Pour les affaires, je compte me d\u00e9brouiller tr\u00e8s vite. D\u00e8s \u00e0 pr\u00e9sent je vois o\u00f9 il faudra travailler. Tout est d\u00e9j\u00e0 pr\u00eat. J\u2019ai ma petite id\u00e9e. Et nous avons mis sur pied des choses int\u00e9ressantes.<\/p>\n<p style=\"text-align: justify;\">Que de questions vont se poser bient\u00f4t\u00a0! Tout r\u00e9soudre \u00e0 la fois. C\u2019\u00e9tait trop beau. Fresnes ne pouvait durer \u00e9ternellement. Les meilleures choses ont une fin. Le contact avec la vie va \u00eatre curieux. Je me demande s\u2019il va me falloir un char blind\u00e9 pour me promener un peu partout ou si, au contraire, on va se trouver en pr\u00e9sence d\u2019une immense l\u00e2chet\u00e9 et de tas de pieds plats qui, apr\u00e8s nous avoir d\u00e9vor\u00e9 en effigie pendant quatre ans, vous pleurnicheront dans le gilet des bienvenues de crocodile, en g\u00e9missant sur leur ind\u00e9fectible amiti\u00e9, et le bonheur qu\u2019ils ont de vous retrouver sans dommage (j\u2019imagine le rire qu\u2019ils auraient eu \u00e0 l\u2019annonce de mon ex\u00e9cution). Tout va me sembler si faux. Je ne puis plus croire \u00e0 rien, qu\u2019\u00e0 ceux qui ont prouv\u00e9 vraiment leur d\u00e9vouement. J\u2019ai re\u00e7u tr\u00e8s peu de lettres depuis quatre ans. Il y a des gens qui n\u2019ont pas os\u00e9, d\u2019autres qui n\u2019ont pas voulu, d\u2019autres qui ne savaient pas, et d\u2019autres qui \u00e9taient bougrement contents. Ce sont ceux-l\u00e0 que j\u2019aurai plaisir \u00e0 aborder avec pr\u00e9venance (en faisant attention aux gestes trop vifs, ou suspects. Il vaut toujours mieux tirer le premier).<\/p>\n<p style=\"text-align: justify;\">Ma petite fille, je t\u2019embrasse, une fois, dix fois, mille fois. Dors tranquille. Tout ce que je te raconte c\u2019est pour dire des choses qui n\u2019arriveront jamais (les mauvaises, les bonnes arrivent toujours).<\/p>\n<p style=\"text-align: justify;\">A samedi. Viens avec tout ton c\u0153ur. On t\u00e2chera de le b\u00e9nir, de le remplir de joie, de lui dire tout ce qu\u2019il faut pour qu\u2019il rougisse de plaisir. Mes tendresses et mes caresses et toute mon affection.<\/p>\n<p style=\"text-align: justify;\">J.<\/p>\n<p style=\"text-align: justify;\"><a href=\"#_ftnref1\" name=\"_ftn1\">[1]<\/a> Emmanuel Beau de Lom\u00e9nie, n\u00e9 le 4 f\u00e9vrier 1896 \u00a0est un \u00e9crivain, essayiste, pol\u00e9miste et journaliste fran\u00e7ais d&rsquo;extr\u00eame droite.<\/p>\n<p>&nbsp;<\/p>\n","protected":false},"excerpt":{"rendered":"<p>\u00a0 Lundi 1er novembre 1948 Ma petite fille ch\u00e9rie, Est-ce que \u00e7a va durer longtemps cette habitude de titrer mes lettres de H.A (homme administratif !) ? Cinqui\u00e8me hiver ! On voit bien que beaucoup de choses vont changer, mais &hellip; <a href=\"https:\/\/monperejeanmamy.fr\/?page_id=2773\">Continuer la lecture <span class=\"meta-nav\">&rarr;<\/span><\/a><\/p>\n","protected":false},"author":2,"featured_media":11,"parent":0,"menu_order":0,"comment_status":"closed","ping_status":"closed","template":"","meta":[],"folder":[],"_links":{"self":[{"href":"https:\/\/monperejeanmamy.fr\/index.php?rest_route=\/wp\/v2\/pages\/2773"}],"collection":[{"href":"https:\/\/monperejeanmamy.fr\/index.php?rest_route=\/wp\/v2\/pages"}],"about":[{"href":"https:\/\/monperejeanmamy.fr\/index.php?rest_route=\/wp\/v2\/types\/page"}],"author":[{"embeddable":true,"href":"https:\/\/monperejeanmamy.fr\/index.php?rest_route=\/wp\/v2\/users\/2"}],"replies":[{"embeddable":true,"href":"https:\/\/monperejeanmamy.fr\/index.php?rest_route=%2Fwp%2Fv2%2Fcomments&post=2773"}],"version-history":[{"count":4,"href":"https:\/\/monperejeanmamy.fr\/index.php?rest_route=\/wp\/v2\/pages\/2773\/revisions"}],"predecessor-version":[{"id":3356,"href":"https:\/\/monperejeanmamy.fr\/index.php?rest_route=\/wp\/v2\/pages\/2773\/revisions\/3356"}],"wp:featuredmedia":[{"embeddable":true,"href":"https:\/\/monperejeanmamy.fr\/index.php?rest_route=\/wp\/v2\/media\/11"}],"wp:attachment":[{"href":"https:\/\/monperejeanmamy.fr\/index.php?rest_route=%2Fwp%2Fv2%2Fmedia&parent=2773"}],"wp:term":[{"taxonomy":"folder","embeddable":true,"href":"https:\/\/monperejeanmamy.fr\/index.php?rest_route=%2Fwp%2Fv2%2Ffolder&post=2773"}],"curies":[{"name":"wp","href":"https:\/\/api.w.org\/{rel}","templated":true}]}}