{"id":2778,"date":"2021-05-17T16:02:41","date_gmt":"2021-05-17T14:02:41","guid":{"rendered":"http:\/\/monperejeanmamy.fr\/?page_id=2778"},"modified":"2024-11-03T18:26:45","modified_gmt":"2024-11-03T17:26:45","slug":"jm-a-jr-fresnes-48-11-08","status":"publish","type":"page","link":"https:\/\/monperejeanmamy.fr\/?page_id=2778","title":{"rendered":"JM \u00e0 JR (Fresnes 48\/11\/08)"},"content":{"rendered":"<p><strong>\u00a0<\/strong><a href=\"http:\/\/monperejeanmamy.fr\/?page_id=2773\"><img loading=\"lazy\" class=\"wp-image-1352 alignleft\" src=\"http:\/\/monperejeanmamy.fr\/wp-content\/uploads\/2021\/03\/Lettre-precedente.jpg\" alt=\"\" width=\"143\" height=\"78\" \/><\/a><a href=\"http:\/\/monperejeanmamy.fr\/?page_id=2782\"><img loading=\"lazy\" class=\"alignright wp-image-1353\" src=\"http:\/\/monperejeanmamy.fr\/wp-content\/uploads\/2021\/03\/Lettre-suivante.jpg\" alt=\"\" width=\"139\" height=\"76\" \/><\/a><\/p>\n<p style=\"text-align: center;\"><strong>Lundi 8 novembre 1948<br \/>\n<\/strong><\/p>\n<p style=\"text-align: center;\">Ma petite fille ch\u00e9rie,<\/p>\n<p style=\"text-align: justify;\">Voici aujourd\u2019hui une date bien m\u00e9morable\u00a0: les \u00e9lections au conseil de la R\u00e9publique, \u00e9croulement de l\u2019empire chinois (qui pour l\u2019historien est un \u00e9v\u00e8nement comparable \u00e0 la chute de la Rome Antique ou \u00e0 celui de l\u2019Empire d\u2019Alexandre, mais pour qui sans doute le public occidental n\u2019a pas d\u2019yeux qui puisse voir, car il ne semble pas qu\u2019on s\u2019\u00e9meuve ici des cons\u00e9quences fantastiques de l\u2019\u00e9v\u00e8nement, bien plus consid\u00e9rable que les deux derni\u00e8res guerres d\u2019Europe). Une troisi\u00e8me raison de retenir cette date est que depuis hier soir j\u2019ai d\u00e9m\u00e9nag\u00e9 deux fois. Apr\u00e8s une courte \u00e9tape au 4<sup>\u00e8me<\/sup> \u00e9tage, je suis redescendu au 3<sup>\u00e8me<\/sup>. Motif ? Myst\u00e8re. Les d\u00e9cisions de l\u2019administration ne sont pas discutables. Je suis donc dans l\u2019\u00e9tat fourbu de quelqu\u2019un qui a lav\u00e9 sa cellule en entier y compris le plafond, qui, depuis sept heures ce matin, s\u2019acharne \u00e0 trouver une place pour chaque objet et qui r\u00eave d\u2019une salle de bain (Ah ! que la mienne me manque. C\u2019est la seule chose qui me manque. Y compris toi, bien s\u00fbr, mais tu ne me manque pas. Je t\u2019ai beaucoup plus profond\u00e9ment encore qu\u2019avant, lente exploration de quatre ann\u00e9es de tendresses. A te concevoir, t\u2019\u00e9tudier, lire entre les lignes de tes lettres, qu\u2019on finit tout de m\u00eame par avoir \u00e0 force d\u2019insister. Et surtout savoir ce que contient le c\u0153ur immense de cette personne qui n\u2019a rien \u00e0 dire \u2013 non pas parce qu\u2019elle a tout dit \u2013 mais peut-\u00eatre parce qu\u2019elle ne pense pas \u00e0 le dire, ou m\u00eame qu\u2019elle ne pense pas \u00e0 le penser.<\/p>\n<p style=\"text-align: justify;\">Voil\u00e0 qu\u2019on vient de m\u2019\u00e9teindre. Je compose donc \u00e0 la bougie, si rare, les coupures d\u2019\u00e9lectricit\u00e9 nous atteignent particuli\u00e8rement. D\u00e8s 7 heures du soir, nous sommes dans le noir jusqu\u2019au lendemain matin 7 heures. Pas dr\u00f4le de dormir, ou de ne pas dormir, \u00e0 penser sans pouvoir \u00e9crire. Il est vrai que j\u2019ai pris mon parti de me lever t\u00f4t. Je crois que demain matin je serai un peu courbatu, d\u2019autant plus que ma nouvelle paillasse est fort dure. Comment peut-on coucher sur des ressorts\u00a0?!! Sur un matelas de laine\u00a0?!! Je ne con\u00e7ois plus rien de la vie douce. Quel autre monde\u00a0! Vous, les mondains, les gens libres\u00a0!! Quelle dr\u00f4le de chose\u00a0!<\/p>\n<p style=\"text-align: justify;\">Enfin une plume qui \u00e9crive \u00e0 peu pr\u00e8s \u00e0 ma guise. Je sens que je vais faire toutes les maisons de Paris pour trouver celle qui convient. Il y a certainement beaucoup de mod\u00e8les que je n\u2019ai pas essay\u00e9s.<\/p>\n<p style=\"text-align: justify;\">Alors, bien entendu, tu vas trouver le monsieur qui doit s\u2019occuper de la chose que tu auras mercredi. Tu ouvriras l\u2019exemplaire et tu ne manqueras pas de trouver vers la fin l\u2019enveloppe \u00e0 lui destin\u00e9e. Tu auras pour lui les plus douces paroles et les plus chauds remerciements. Tu verras, il est tr\u00e8s laid, mais tout \u00e0 fait charmant. Tu lui diras que tu ne comprends rien \u00e0 tout \u00e7a, mais qu\u2019il y a peut-\u00eatre des fous que cela peut int\u00e9resser, des gens qui vivent dans un r\u00eave de litt\u00e9rature \u00e9trange, des gens qu\u2019on ne rencontre pas toujours dans le m\u00e9tro, qui sont amoureux des quais, des squares, des statues et des vastes espaces, et qui n\u2019ont pour la ville qu\u2019une sorte de prudente m\u00e9fiance, parce qu\u2019ils savent qu\u2019elle est explosive comme pas une. Sacr\u00e9e soci\u00e9t\u00e9\u00a0! En aura-t-elle eu des lubies\u00a0!!<\/p>\n<p style=\"text-align: justify;\">Je crois que les \u00e9v\u00e8nements en cours sont excellents pour nous. C&rsquo;est-\u00e0-dire qu\u2019on en reparlera dans trois mille ans. Mais nous avons d\u00e9j\u00e0 d\u00e9pass\u00e9 le sujet. Est-ce que tu crois \u00e0 la vie \u00e9ternelle\u00a0? Comment la con\u00e7ois-tu\u00a0? Est-ce que tu as r\u00e9fl\u00e9chi \u00e0 la vanit\u00e9 des choses terrestres\u00a0? Est-ce que tu sais que l\u2019\u0153uvre des po\u00e8tes dure beaucoup plus que celle des rois\u00a0? Et m\u00eame que celle des architectes\u00a0? Hom\u00e8re, Orph\u00e9e sont toujours vivants. Et Virgile n\u2019a pas cess\u00e9 d\u2019\u00eatre l\u2019inspirateur de milliers de peuples. Est-ce que tu sais que l\u2019art est le seul langage qui soit digne du nom d\u2019homme. Quand tu m\u2019as parl\u00e9 l\u2019autre jour d\u2019un film \u00ab\u00a0commercial\u00a0\u00bb j\u2019ai fr\u00e9mi comme si le spectre du pauvre artisan mercenaire que j\u2019\u00e9tais hier surgissait devant le grillage. Je ne veux plus penser au public d\u2019aujourd\u2019hui. J\u2019\u00e9cris pour dans deux mille ans. Et si je compose un sc\u00e9nario sur les crinolines et les cal\u00e8ches ce sera pour les g\u00e9n\u00e9rations de l\u2019an trois mille. Elles seules m\u2019int\u00e9ressent parce qu\u2019elles auront \u00e0 peine assimil\u00e9 la culture antique et un petit peu du classicisme et du romantisme. Combien d\u2019\u00e9coles litt\u00e9raires leur auront pass\u00e9 sur le ventre d\u2019ici l\u00e0\u00a0? Pour qu\u2019il y ait un nouvel art, faut-il d\u00e9passer tout. Oh, on vulgarise tout. On <u>commercialise<\/u>. Ce n\u2019est pas au po\u00e8te de descendre vers la foule. C\u2019est \u00e0 la foule de monter. On comprend Racine ou non. On accepte Wagner ou non. Mais on ne se contente pas de facilit\u00e9s. Et nous n\u2019avons pas \u00e0 expliquer le b.a.ba. des grandes \u0153uvres. Le cin\u00e9ma, art vulgaire, commerce grossier, est devenu l\u2019idol\u00e2trie nouvelle. On se p\u00e2me devant des h\u00e9ros de pacotille coll\u00e9s \u00e0 des d\u00e9cors de carton. Le commercial, c\u2019est ce qui est compris par le plus grand nombre. La v\u00e9rit\u00e9 a tr\u00e8s peu d\u2019adh\u00e9rents. Elle est rarissime. Elle n\u2019est compr\u00e9hensible que pour ceux qui se sont donn\u00e9 la peine de la comprendre. Et pour le reste, tant pis, ce sera pour plus tard.<\/p>\n<p style=\"text-align: justify;\">Le go\u00fbt de la foule est toujours mauvais. Elle pr\u00e9f\u00e8re Sardou \u00e0 Corneille, Scribe \u00e0 Musset, Zola \u00e0 Baudelaire, Bernstein \u00e0 Claudel. La foule ne lit pas. Elle d\u00e9vore les bas morceaux. Elle va toujours au moins cher, non pas qu\u2019elle n\u2019a pas d\u2019argent (elle d\u00e9pense des fortunes pour le tabac, l\u2019ap\u00e9ritif et la boustife) mais parce qu\u2019elle n\u2019a pas de go\u00fbt. Et le go\u00fbt est une discipline rude, un savoir-vivre longtemps rem\u00e2ch\u00e9. Les bourgeois non plus n\u2019ont pas de go\u00fbt mais ils donnent, par snobisme, leur argent \u00e0 ceux qui en ont pour eux. Ils font vivre Matisse, Derain, Bourdelle, Maillol. Ils ach\u00e8tent quelque fois le meilleur parce qu\u2019ils sont guid\u00e9s par de bons antiquaires. Ils applaudissent Anouilh. La foule pr\u00e9f\u00e8re une histoire de cr\u00e9mier qui \u00e9pouse la duchesse, une histoire de duc qui s\u00e9duit l\u2019orpheline, et surtout, avant tout, l\u2019\u00e9pop\u00e9e merveilleuse de toutes les D\u00e9d\u00e9e d\u2019Anvers, de tous le D\u00e9d\u00e9 la Musique. Je ne veux plus \u00eatre commercial. J\u2019ai rompu avec le monsieur qui se pr\u00eatait \u00e0 ces compromissions. On se salit toujours \u00e0 se vulgariser.<\/p>\n<p style=\"text-align: justify;\">Donc je vais penser \u00e0 mon sc\u00e9nario. Mais quel sera-t-il\u00a0? On verra bien.<\/p>\n<p style=\"text-align: justify;\">Je t\u2019embrasse, sur le bout des doigts, sur le front, sur le bout du nez, sur le chapeau, sur la plume et sur la boucle d\u2019oreille.<\/p>\n<p style=\"text-align: justify;\">\u00c9cris-moi tout ce que tu n\u2019oses pas penser. Dis-moi tout ce que tu n\u2019oses pas \u00e9crire. Pense tout ce que tu n\u2019oses pas dire.<\/p>\n<p style=\"text-align: justify;\">Tu \u00e9tais tr\u00e8s jolie. Tu es toujours tr\u00e8s mignonne. Et je le remarque bien. Mes gros baisers.<\/p>\n<p style=\"text-align: justify;\">J.<\/p>\n","protected":false},"excerpt":{"rendered":"<p>\u00a0 Lundi 8 novembre 1948 Ma petite fille ch\u00e9rie, Voici aujourd\u2019hui une date bien m\u00e9morable\u00a0: les \u00e9lections au conseil de la R\u00e9publique, \u00e9croulement de l\u2019empire chinois (qui pour l\u2019historien est un \u00e9v\u00e8nement comparable \u00e0 la chute de la Rome Antique &hellip; <a href=\"https:\/\/monperejeanmamy.fr\/?page_id=2778\">Continuer la lecture <span class=\"meta-nav\">&rarr;<\/span><\/a><\/p>\n","protected":false},"author":2,"featured_media":11,"parent":0,"menu_order":0,"comment_status":"closed","ping_status":"closed","template":"","meta":[],"folder":[],"_links":{"self":[{"href":"https:\/\/monperejeanmamy.fr\/index.php?rest_route=\/wp\/v2\/pages\/2778"}],"collection":[{"href":"https:\/\/monperejeanmamy.fr\/index.php?rest_route=\/wp\/v2\/pages"}],"about":[{"href":"https:\/\/monperejeanmamy.fr\/index.php?rest_route=\/wp\/v2\/types\/page"}],"author":[{"embeddable":true,"href":"https:\/\/monperejeanmamy.fr\/index.php?rest_route=\/wp\/v2\/users\/2"}],"replies":[{"embeddable":true,"href":"https:\/\/monperejeanmamy.fr\/index.php?rest_route=%2Fwp%2Fv2%2Fcomments&post=2778"}],"version-history":[{"count":4,"href":"https:\/\/monperejeanmamy.fr\/index.php?rest_route=\/wp\/v2\/pages\/2778\/revisions"}],"predecessor-version":[{"id":3357,"href":"https:\/\/monperejeanmamy.fr\/index.php?rest_route=\/wp\/v2\/pages\/2778\/revisions\/3357"}],"wp:featuredmedia":[{"embeddable":true,"href":"https:\/\/monperejeanmamy.fr\/index.php?rest_route=\/wp\/v2\/media\/11"}],"wp:attachment":[{"href":"https:\/\/monperejeanmamy.fr\/index.php?rest_route=%2Fwp%2Fv2%2Fmedia&parent=2778"}],"wp:term":[{"taxonomy":"folder","embeddable":true,"href":"https:\/\/monperejeanmamy.fr\/index.php?rest_route=%2Fwp%2Fv2%2Ffolder&post=2778"}],"curies":[{"name":"wp","href":"https:\/\/api.w.org\/{rel}","templated":true}]}}