{"id":2787,"date":"2021-05-18T09:10:40","date_gmt":"2021-05-18T07:10:40","guid":{"rendered":"http:\/\/monperejeanmamy.fr\/?page_id=2787"},"modified":"2024-11-03T18:39:25","modified_gmt":"2024-11-03T17:39:25","slug":"jm-a-jr-fresnes-48-11-21","status":"publish","type":"page","link":"https:\/\/monperejeanmamy.fr\/?page_id=2787","title":{"rendered":"JM \u00e0 JR (Fresnes 48\/11\/21)"},"content":{"rendered":"<p><strong>\u00a0<\/strong><a href=\"http:\/\/monperejeanmamy.fr\/?page_id=2782\"><img loading=\"lazy\" class=\"wp-image-1352 alignleft\" src=\"http:\/\/monperejeanmamy.fr\/wp-content\/uploads\/2021\/03\/Lettre-precedente.jpg\" alt=\"\" width=\"143\" height=\"78\" \/><\/a><a href=\"http:\/\/monperejeanmamy.fr\/?page_id=2791\"><img loading=\"lazy\" class=\"alignright wp-image-1353\" src=\"http:\/\/monperejeanmamy.fr\/wp-content\/uploads\/2021\/03\/Lettre-suivante.jpg\" alt=\"\" width=\"139\" height=\"76\" \/><\/a><\/p>\n<p style=\"text-align: center;\"><strong>Dimanche 21 novembre 1948<br \/>\n<\/strong><\/p>\n<p style=\"text-align: center;\">Ma petite fille ch\u00e9rie,<\/p>\n<p style=\"text-align: justify;\">Alors, malgr\u00e9 Toutes les pr\u00e9visions nous sommes menac\u00e9s. Je pense que la chose va s\u2019arranger comme il convient et je fais confiance \u00e0 F. De toutes fa\u00e7ons le temps gagn\u00e9 est bien gagn\u00e9 et nous sommes en meilleure position qu\u2019avant. Nous verrons bien ce que cette semaine va nous apporter. Pas d\u2019inqui\u00e9tude.<\/p>\n<p style=\"text-align: justify;\">Alors, il parait que tu as une fluxion\u00a0! C\u2019est l\u2019amour qui te travaille\u00a0? Pauvre ch\u00e9rie. On m\u2019a fait triste peinture de tes ennuis. Je relis tes deux bonnes lettres. Elles sont pleines d\u2019une affection si s\u00fbre qu\u2019on les embrasse, \u00e0 d\u00e9faut de la personne, mais l\u2019affection traverse tous les petits obstacles visibles et s\u2019\u00e9panouit \u00e0 travers tous les murs et les distances. Je n\u2019ai pas besoin d\u2019argent. Les colis sont parfaits et tu as trouv\u00e9 le moyen de les varier superbement. Pour le premier de l\u2019an nous verrons quel cadeau s\u2019offrir mutuellement. Je t\u2019enverrai peut-\u00eatre une nouvelle pi\u00e8ce, si on me laisse le temps de l\u2019\u00e9crire. Elle est toute pr\u00eate \u00e0 jaillir. Mais voil\u00e0 qu\u2019on nous ennuie avec cette s\u00e9rie de conf\u00e9rences qui va nous amener Dieu sait o\u00f9\u00a0? Il faut que l\u2019impr\u00e9sario se d\u00e9brouille pour arranger son programme. Auquel cas nous verrons plus clair.<\/p>\n<p style=\"text-align: justify;\">J\u2019esp\u00e8re que tu auras d\u00e9j\u00e0 vu, au re\u00e7u de cette lettre, mon ami Paul et que tu lui auras montr\u00e9 ce qui l\u2019int\u00e9resse. Pr\u00e9viens-le de toutes les choses en cours car il peut faire sans doute quelque chose. Il est si adroit, si prudent, qu\u2019il saura bien int\u00e9resser les gens avec un tact infini. Et fais-lui toutes mes amiti\u00e9s fid\u00e8les.<\/p>\n<p style=\"text-align: justify;\">Tu crains que nous ayons pour nous beaucoup plus de c\u0153ur que de tr\u00e8fle. Rassure-toi. Les mains pleines ne sont jamais d\u00e9munies de ce qu\u2019il faut. C\u2019est l\u2019amour qui cr\u00e9e l\u2019argent. C\u2019est l\u2019esprit qui ruisselle d\u2019abondance et nous serons toujours rev\u00eatus princi\u00e8rement. Il suffit d\u2019accepter tous les dons du ciel qui engendrent tous ceux de la terre. Le premier don est le go\u00fbt de travailler. Le deuxi\u00e8me la pers\u00e9v\u00e9rance dans l\u2019\u00e9conomie. Le troisi\u00e8me\u00a0: l\u2019utilisation de la richesse acquise. Le quatri\u00e8me\u00a0: la confiance, le d\u00e9sint\u00e9ressement, la vue large sur l\u2019activit\u00e9 n\u00e9cessaire. Et ainsi de suite.<\/p>\n<p style=\"text-align: justify;\">Parlons s\u00e9rieusement. Si quelquefois les choses tournent d\u2019une fa\u00e7on impr\u00e9vue, je te dirai dans ma prochaine lettre tout ce qu\u2019il faudra faire pour parer le coup. J\u2019esp\u00e8re avoir un hiver tranquille (en tous cas, je serai moi-m\u00eame au sommet de la s\u00e9r\u00e9nit\u00e9), mais qui sait\u00a0? Donc, \u00e0 ce moment, nous conviendrons de beaucoup de choses. Nous avons le temps de parler de tout \u00e7a\u00a0; il ne faut rien pr\u00e9voir, car chaque heure peut changer tout. Donc, n\u2019y pensons pas aujourd\u2019hui. Les r\u00e9alit\u00e9s sont autres.<\/p>\n<p style=\"text-align: justify;\">La r\u00e9alit\u00e9 est que je t\u2019embrasse infiniment et que je prie pour que ta fluxion t\u2019apparaisse comme le n\u00e9ant d\u2019un r\u00eave t\u00f4t disparu. Ma m\u00e8re m\u2019a dit que le Fr\u00e9d\u00e9ric \u00e9tait un peu turbulent. Ne le laisse pas trop jouer au petit cheval avec une maman complaisante. Il faut mater la nature animale du petit p\u00eacheur et lui enseigner la douceur, la mod\u00e9ration, le jeu d\u2019esprit, le respect de la tranquillit\u00e9 d\u2019autrui.<\/p>\n<h1 style=\"text-align: justify;\"><strong><u>Lundi 14h<\/u><\/strong>.<\/h1>\n<p style=\"text-align: justify;\">Trois mots pour te dire qu\u2019on pense \u00e0 toi. Le colis est parfait. Attention pour le prochain : si tout va bien, continue comme par le pass\u00e9. Si au contraire il y a du nouveau : 1\u00b0\/ ne pas mettre de bougies. 2\u00b0\/ pas d\u2019oignons, sel, etc\u2026 Rien que des aliments faciles \u00e0 emporter. Rien \u00e0 faire cuire. J\u2019aurai besoin surtout de fruits, viande cuite, g\u00e2teaux, etc\u2026 Ne pas charger en linge. Je rendrai le plus possible samedi et ne conserverai qu\u2019un tout petit minimum (toujours ceci au cas o\u00f9\u2026). Apr\u00e8s nous verrons.<\/p>\n<p style=\"text-align: justify;\">Mais je reste persuad\u00e9 qu\u2019il ne se passera rien.<\/p>\n<p style=\"text-align: justify;\">Je t\u2019embrasse<\/p>\n<ol>\n<li style=\"text-align: justify;\">parce que c\u2019est lundi.<\/li>\n<li style=\"text-align: justify;\">que tu es tr\u00e8s gentille.<\/li>\n<li style=\"text-align: justify;\">et que tu n\u2019as plus de fluxion.<\/li>\n<\/ol>\n<p style=\"text-align: justify;\">Tes fleurs sont ravissantes. Celles de la semaine derni\u00e8re que j\u2019adore sont encore l\u00e0. Toutes fraiches.\u00a0 Je vais travailler.<\/p>\n<h1 style=\"text-align: justify;\"><strong><u>20h<\/u><\/strong>.<\/h1>\n<p style=\"text-align: justify;\">J\u2019ai re\u00e7u tout \u00e0 l\u2019heure ma feuille avec citation de 40 t\u00e9moins. J\u2019envoie pneu \u00e0 Flo. Pour mettre tout en branle. Tu vas donc m\u2019excuser ce soir. Je vais d\u00e9pouiller des notes que j\u2019ai ici, les mettre en ordre, au cas o\u00f9\u2026 Car depuis quatre ans je n\u2019ai jamais pr\u00e9par\u00e9 de d\u00e9fense, que superficiellement. Il me faut donner quelques indications \u00e0 mes avocats.<\/p>\n<p style=\"text-align: justify;\">Je me demande si, au fond, tout cela n\u2019est pas mieux. J\u2019ai besoin d\u2019\u00e9crire au plus t\u00f4t la pi\u00e8ce que j\u2019ai dans la t\u00eate. Une fois d\u00e9barrass\u00e9 de tout \u00e7a j\u2019aurai l\u2019esprit libre (peut-\u00eatre pas les pieds\u2026)<\/p>\n<p style=\"text-align: justify;\">Depuis une demi-heure j\u2019ai interrompu ma lettre, tourniqu\u00e9 dans ma cellule, fait un th\u00e9, trois discours, r\u00e9pondu \u00e0 trente questions du pr\u00e9sident, rabrou\u00e9 quatorze fois le commissaire du gouvernement et je reviens finalement me rattacher au papier blanc comme un animal \u00e0 son licol.<\/p>\n<p style=\"text-align: justify;\">Car je te dois toutes tes phrases hebdomadaires, celles qui font vivre le c\u0153ur battant un peu plus vite parce qu\u2019elles \u00e9veillent le souvenir ou l\u2019espoir, celles qui caressent l\u2019esprit et p\u00e9n\u00e8trent jusqu\u2019\u00e0 ce sanctuaire recueilli qu\u2019est la conscience secr\u00e8te o\u00f9 l\u2019on sent monter les meilleurs d\u00e9sirs, la s\u00e8ve pure et sauvage qui a besoin d\u2019\u00eatre b\u00e9nie par un peu de lumi\u00e8re. Voil\u00e0 tout ce qu\u2019il faut dire \u00e0 l\u2019oreille, et redire, et puis cesser de dire pour mieux le faire entendre.<\/p>\n<p style=\"text-align: justify;\">Je suis arriv\u00e9 au point de la s\u00e9r\u00e9nit\u00e9. Si tu savais comme tous ces petits personnages m\u2019importaient peu. Nous ne vivons pas dans le m\u00eame monde. On va sortir un gros corps de chair peu habitu\u00e9e \u00e0 l\u2019exercice pour l\u2019interroger au nom de quoi\u00a0? Sur quoi\u00a0? Et le personnage va parler de tout autre chose que de ce qu\u2019on attend. Et la vengeance voudra le mordre au talon. Mais il n\u2019a pas de talon.<\/p>\n<p style=\"text-align: justify;\">Et cette bonne s\u00e9r\u00e9nit\u00e9 me permet de te tirer les cheveux, tout comme Fr\u00e9d\u00e9ric, de te faire des tas de mis\u00e8res, \u00e0 quoi tu consens \u00e0 demi, et de r\u00e9parer tous mes torts avec une s\u00e9rie d\u2019actes de tendresse qui sont autant de pardons accept\u00e9s.<\/p>\n<p style=\"text-align: justify;\">J\u2019esp\u00e8re qu\u2019au re\u00e7u de cette lettre tout sera arrang\u00e9.<\/p>\n<p style=\"text-align: justify;\">Mes gros, gros baisers. Je vais dormir avec toi. Surtout ne dis rien. J\u2019ai besoin d\u2019\u00eatre tranquille, heureux. Je pense \u00e0 toi. Donc je le suis. Bonsoir.<\/p>\n<p style=\"text-align: justify;\">J.<\/p>\n","protected":false},"excerpt":{"rendered":"<p>\u00a0 Dimanche 21 novembre 1948 Ma petite fille ch\u00e9rie, Alors, malgr\u00e9 Toutes les pr\u00e9visions nous sommes menac\u00e9s. Je pense que la chose va s\u2019arranger comme il convient et je fais confiance \u00e0 F. De toutes fa\u00e7ons le temps gagn\u00e9 est &hellip; <a href=\"https:\/\/monperejeanmamy.fr\/?page_id=2787\">Continuer la lecture <span class=\"meta-nav\">&rarr;<\/span><\/a><\/p>\n","protected":false},"author":2,"featured_media":11,"parent":0,"menu_order":0,"comment_status":"closed","ping_status":"closed","template":"","meta":[],"folder":[],"_links":{"self":[{"href":"https:\/\/monperejeanmamy.fr\/index.php?rest_route=\/wp\/v2\/pages\/2787"}],"collection":[{"href":"https:\/\/monperejeanmamy.fr\/index.php?rest_route=\/wp\/v2\/pages"}],"about":[{"href":"https:\/\/monperejeanmamy.fr\/index.php?rest_route=\/wp\/v2\/types\/page"}],"author":[{"embeddable":true,"href":"https:\/\/monperejeanmamy.fr\/index.php?rest_route=\/wp\/v2\/users\/2"}],"replies":[{"embeddable":true,"href":"https:\/\/monperejeanmamy.fr\/index.php?rest_route=%2Fwp%2Fv2%2Fcomments&post=2787"}],"version-history":[{"count":5,"href":"https:\/\/monperejeanmamy.fr\/index.php?rest_route=\/wp\/v2\/pages\/2787\/revisions"}],"predecessor-version":[{"id":3359,"href":"https:\/\/monperejeanmamy.fr\/index.php?rest_route=\/wp\/v2\/pages\/2787\/revisions\/3359"}],"wp:featuredmedia":[{"embeddable":true,"href":"https:\/\/monperejeanmamy.fr\/index.php?rest_route=\/wp\/v2\/media\/11"}],"wp:attachment":[{"href":"https:\/\/monperejeanmamy.fr\/index.php?rest_route=%2Fwp%2Fv2%2Fmedia&parent=2787"}],"wp:term":[{"taxonomy":"folder","embeddable":true,"href":"https:\/\/monperejeanmamy.fr\/index.php?rest_route=%2Fwp%2Fv2%2Ffolder&post=2787"}],"curies":[{"name":"wp","href":"https:\/\/api.w.org\/{rel}","templated":true}]}}