{"id":2791,"date":"2021-05-18T09:18:20","date_gmt":"2021-05-18T07:18:20","guid":{"rendered":"http:\/\/monperejeanmamy.fr\/?page_id=2791"},"modified":"2024-11-03T18:46:26","modified_gmt":"2024-11-03T17:46:26","slug":"jm-a-jr-fresnes-49-11-28","status":"publish","type":"page","link":"https:\/\/monperejeanmamy.fr\/?page_id=2791","title":{"rendered":"JM \u00e0 JR (Fresnes 48\/11\/28)"},"content":{"rendered":"<p><strong>\u00a0<\/strong><a href=\"http:\/\/monperejeanmamy.fr\/?page_id=2787\"><img loading=\"lazy\" class=\"wp-image-1352 alignleft\" src=\"http:\/\/monperejeanmamy.fr\/wp-content\/uploads\/2021\/03\/Lettre-precedente.jpg\" alt=\"\" width=\"143\" height=\"78\" \/><\/a><a href=\"http:\/\/monperejeanmamy.fr\/?page_id=2796\"><img loading=\"lazy\" class=\"alignright wp-image-1353\" src=\"http:\/\/monperejeanmamy.fr\/wp-content\/uploads\/2021\/03\/Lettre-suivante.jpg\" alt=\"\" width=\"139\" height=\"76\" \/><\/a><\/p>\n<p style=\"text-align: center;\"><strong>Dimanche 28 novembre 1948<\/strong><\/p>\n<p style=\"text-align: center;\">Ma petite fille ch\u00e9rie,<\/p>\n<p style=\"text-align: justify;\">Donc, ce n\u2019est pas pour demain, mais pour plus tard. Tant mieux. Nous voici plus tranquille pour nous pr\u00e9parer.<\/p>\n<p style=\"text-align: justify;\">Ma m\u00e8re t\u2019a-t-elle fait la commission\u00a0? J\u2019ai besoin d\u2019un num\u00e9ro r\u00e9cent du <em>Temple <a href=\"#_ftn1\" name=\"_ftnref1\"><strong>[1]<\/strong><\/a><\/em> pour voir la tendance d\u2019aujourd\u2019hui. J\u2019aurai besoin aussi, aussit\u00f4t que pr\u00eat, de taper un cours rapport \u00e0 remettre \u00e0 la Cour sur la r\u00e9capitulation de mes arguments \u00e0 d\u00e9charge. Je le ferai cette semaine et pense voir Leroy bient\u00f4t. Veux-tu lui t\u00e9l\u00e9phoner et lui demander de m\u2019apporter l\u2019acte d\u2019accusation (que je n\u2019ai jamais lu). Il faut aussi que je d\u00e9pouille avec lui tout le dossier que Flo. doit lui passer.<\/p>\n<p style=\"text-align: justify;\">Est-ce que Flo. s\u2019est arrang\u00e9 avec lui pour les honoraires\u00a0? Question importante que je veux savoir r\u00e9solue. Je voudrais te voir au parloir samedi pour mettre au point beaucoup de choses. En particulier les visites \u00e0 faire. Veux-tu bien me le rappeler. Ce sont petits d\u00e9tails importants. Je te dirai aussi si j\u2019ai besoin d\u2019autres documents. Mais je compte me servir de ceux que tout le monde connait.<\/p>\n<p style=\"text-align: justify;\">As-tu revu l\u2019aviation\u00a0? Et, au Palais, que pense-t-on\u00a0? Dis-moi pourquoi il n\u2019a pas \u00e9t\u00e9 possible de gagner janvier. Il me semble pr\u00e9parer une g\u00e9n\u00e9rale. Il faudra penser aux invitations. Le monsieur \u00ab\u00a0charmant\u00a0\u00bb m\u2019a l\u2019air de t\u2019avoir s\u00e9duite. A-t-il fait la d\u00e9marche\u00a0? Je le crois \u00e0 ce que m\u2019a dit Leroy dans son mot.<\/p>\n<p style=\"text-align: justify;\">Je veux que Flo. continue \u00e0 mener l\u2019affaire jusqu\u2019au bout. Il y aura sans doute des arrangements \u00e0 obtenir, des situations \u00e0 pr\u00e9ciser d\u2019avance. Ne partons pas dans l\u2019inconnu.<\/p>\n<p style=\"text-align: justify;\">Sur ce, je vais me d\u00e9tendre avec du Balzac. \u00c0 relire des vieux romans on reprend de la s\u00e8ve. Il vaut mieux les ma\u00eetres que le flot des m\u00e9diocres d\u2019aujourd\u2019hui qui ne savent que roucouler des stupidit\u00e9s. Nous sommes noy\u00e9s par les histoires, la litt\u00e9rature plate. Quelle d\u00e9gringolade en un si\u00e8cle. Pas un auteur qui puisse d\u00e9peindre cette formidable \u00e9poque. On se sent tout petit. Il n\u2019y a partout que des faiseurs de croquis, de grand talent, mais du croquis.<\/p>\n<p style=\"text-align: justify;\">Je voudrai raconter cinq minutes de la vie du monde, et br\u00fbler ce r\u00e9cit inint\u00e9ressant. Photographie de ruche, de millions de ruches.<\/p>\n<p style=\"text-align: justify;\">Nous sommes des abeilles en quarantaine. On ne s\u2019est pas entendu avec les autres sur la fabrication du miel. Elles appellent cela du miel\u00a0!!!<\/p>\n<p style=\"text-align: justify;\">\u00c0 bien r\u00e9fl\u00e9chir depuis 8 jours, je crois que je ne ferai plus jamais de cin\u00e9ma. Pourquoi\u00a0? J\u2019ai vu quelques revues de films. Le <em>Cin\u00e9monde <a href=\"#_ftn2\" name=\"_ftnref2\"><strong>[2]<\/strong><\/a><\/em> est puant, absolument infect, d\u2019une bassesse totale. C\u2019est un de mes ex-amis qui le dirige, de mon ex-loge. Pas de f\u00e9licitations.<\/p>\n<p style=\"text-align: justify;\">Du reste, tout ce que je vois depuis quatre ans est choquant, sauf tr\u00e8s rares exceptions.<\/p>\n<p style=\"text-align: justify;\">Je pense que le verdict sera rendu le jour de No\u00ebl et que nous avions bien pr\u00e9vu pour ce jour-l\u00e0 que le P\u00e8re No\u00ebl serait bon papa. Tu vois qu\u2019il vient un jour quand on le demande. Il faut toujours mettre ses souliers.<\/p>\n<p style=\"text-align: justify;\">Bonsoir fille ch\u00e9rie. Dors heureuse. On pense \u00e0 toi doucement, avec bonheur.<\/p>\n<h1 style=\"text-align: justify;\"><span style=\"text-decoration: underline;\">Lundi.<\/span><\/h1>\n<p style=\"text-align: justify;\">Bien re\u00e7u colis et fleurs adorables. Pour colis, tout parfait. Dis \u00e0 ma m\u00e8re si possible augmenter pendant les froids rations de th\u00e9, et je n\u2019ose dire de caf\u00e9, car je sais qu\u2019il est rare. Si tu peux, mets quelques feuilles de verveine et de menthe. On se fera des infusions. Sauf contre ordre samedi, plus de bougies jusqu\u2019\u00e0 nouvel ordre.<\/p>\n<p style=\"text-align: justify;\">Il commence \u00e0 faire bougrement froid depuis hier soir. La brume p\u00e9n\u00e8tre partout, sauf l\u2019esprit, qui est toujours de bonne humeur.<\/p>\n<p style=\"text-align: justify;\">Que le petit homme b\u00e9ni ne manque pas de te donner tous les conseils d\u2019usage. Il cherche d\u00e9sesp\u00e9r\u00e9ment un appartement. Trouve le lui.<\/p>\n<p style=\"text-align: justify;\">Suis bien content que ton patron soit en tourn\u00e9e. Repos. On ne presse pas sur ma Jeannette comme sur un acc\u00e9l\u00e9rateur.<\/p>\n<p style=\"text-align: justify;\">Je n\u2019ai pas du tout travaill\u00e9 aujourd\u2019hui. L\u2019esprit travaille toujours beaucoup, mais il faut noter les id\u00e9es au vol. Ce soir nous allons nous employer \u00e0 quelque classement. J\u2019ai encore tant de bouquins \u00e0 lire, quatre gros volumes du dictionnaire th\u00e9ologique de Migne <a href=\"#_ftn3\" name=\"_ftnref3\">[3]<\/a> qui sont l\u00e0 en attente. On perd ses journ\u00e9es \u00e0 des riens. Je vais peut-\u00eatre commencer tout \u00e0 l\u2019heure. Il me faut au moins quatre jours pour empiler des documents pr\u00e9cieux. Tu te rappelles ma manie des bouts de papier. Je crois que je vivrais toujours dans les petits carnets, les fichiers, les dossiers, les anecdotes chip\u00e9es un peu partout. Si jamais je refais (et j\u2019en referais) du cin\u00e9ma et du journalisme, on me verra encore empiler des tr\u00e9sors, comme des vieilleries (un bric-\u00e0-brac bien aim\u00e9). Je ne me plais que dans la masse des souvenirs, dans l\u2019humus de la petite histoire.<\/p>\n<p style=\"text-align: justify;\">En ce moment je me d\u00e9lecte avec le <em>Cl\u00e9menceau <a href=\"#_ftn4\" name=\"_ftnref4\"><strong>[4]<\/strong><\/a><\/em> de ce pauvre Suarez, plaisant comme un roman feuilleton. Je d\u00e9teste Cl\u00e9menceau, charlatan, bonimenteur, jouisseur acide. Un de ces sadiques du passe-boule parlementaire. Quelle vie creuse\u00a0! D\u00e9sax\u00e9e\u00a0! Toujours antinationale (sauf le sursaut de la guerre, et encore\u00a0!). Notre g\u00e9n\u00e9ration porte un bien lourd fardeau. On aurait pr\u00e9f\u00e9r\u00e9 que nos p\u00e8res nous l\u00e8guent un autre r\u00e9gime que celui de l\u2019\u00e9ternelle dispute, de l\u2019anarchie permanente, de la ruine in\u00e9vitable. Avec, en plus, l\u2019interdiction de se r\u00e9volter. Les vieux ca\u00efmans veulent d\u00e9vier jusqu\u2019\u00e0 la mort dans les drapeaux de l\u2019Utopie, acclam\u00e9s par des foules serviles et les fonctionnaires cauteleux <a href=\"#_ftn5\" name=\"_ftnref5\">[5]<\/a>, accabl\u00e9s d\u2019apoth\u00e9oses de commande. La b\u00eatise de ces cornards me rendrait fou furieux si je n\u2019\u00e9tais la patience elle-m\u00eame, et si je n\u2019avais pas le sommeil juste.<\/p>\n<p style=\"text-align: justify;\">Voir comme on se trompe sur la bonne foi et la loyaut\u00e9 du monde. On m\u2019aurait dit il y a quatre ans que tout cela durerait encore que jamais je n\u2019aurais pu le supposer. Impensable. Et pourtant nous voyons que la haine dure ind\u00e9finiment, que les esprits ne s\u2019apaisent pas, que plus les adversaires enragent de leurs propres \u00e9checs, plus ils s\u2019acharnent contre l\u2019ennemi vaincu. J\u2019ai beau relire l\u2019histoire, je ne vois pas (sauf 93) de pire p\u00e9riode (et 93 a \u00e9t\u00e9 moins meurtrier, voire plus grand par certains c\u00f4t\u00e9s). Il p\u00e8se sur ce pays une hypocrisie inconnue. Je me demande si elle ne vient pas de cette collusion des cl\u00e9ricaux et des jacobins qui est la grande nouveaut\u00e9 de ce r\u00e9gime. Jusqu\u2019\u00e0 pr\u00e9sent les deux clans s\u2019\u00e9taient oppos\u00e9s. Leur r\u00e9union est catastrophique.<\/p>\n<p style=\"text-align: justify;\">Voil\u00e0 ma petite fille des choses bien difficiles pour une aussi jolie enfant qui ne demande qu\u2019amour et tranquillit\u00e9. On nous force \u00e0 prendre parti pour telle ou telle meute, alors que nous sommes du parti de la lampe du soir contre le divan ti\u00e8de, du coin du feu et de la tasse de th\u00e9 de Chine, du lire des po\u00e8mes patients, de la lecture tempe contre tempe, des joies sans m\u00e9lange \u00e0 regarder dormir les enfants d\u2019amour. Et tout cela, r\u00eave joli, ne sera atteint que lentement parce qu\u2019il faut remonter de la tombe ouverte, traverser les cris de haine, braver les couronnes d\u2019\u00e9pines et laisser se calmer le flot de fureur. Bonsoir toute douce. On t\u2019embrasse et te dit\u00a0: \u00e0 samedi sans faute. Nous avons beaucoup \u00e0 parler. Gros baisers.<\/p>\n<p style=\"text-align: justify;\">J.<\/p>\n<p style=\"text-align: justify;\"><a href=\"#_ftnref1\" name=\"_ftn1\">[1]<\/a> <em>Le Temple\u00a0<\/em>: revue publi\u00e9e par des Francs-Ma\u00e7ons du rite \u00c9cossais (le n\u00b02 est dat\u00e9 de Mai-Juin 1946).<br \/>\n<a href=\"#_ftnref2\" name=\"_ftn2\">[2]<\/a> <em>Cin\u00e9monde<\/em> est une revue de cin\u00e9ma hebdomadaire fran\u00e7aise, parue de 1928 \u00e0 1971.Le premier num\u00e9ro, accompagnant l&rsquo;arriv\u00e9e du cin\u00e9ma parlant, est sorti en octobre 1928, sous la direction de Gaston Thierry, journaliste venu du magazine <em>Tout-Paris-Cin\u00e9<\/em>. Apr\u00e8s une interruption de 1940 \u00e0 1946, <em>Cin\u00e9monde<\/em>, revendu \u00e0 Jean-Placide Mauclaire cofondateur du Studio 28, reparait en 1946 avec Maurice Bessy comme directeur, qui restera en fonction jusqu&rsquo;en 1966.<br \/>\n<a href=\"#_ftnref3\" name=\"_ftn3\">[3]<\/a> L\u2019abb\u00e9 Jacques-Paul Migne (1800-1875) est un imprimeur, journaliste et \u00e9diteur fran\u00e7ais. La <em>Patrologie<\/em>, L\u2019<em>Encyclop\u00e9die th\u00e9ologique<\/em> et la Biblioth\u00e8que de l\u2019abb\u00e9 Migne comptant les volumes par centaines, le poids de cette importante production entraina n\u00e9anmoins une concurrence, qui souleva la col\u00e8re des \u00e9diteurs accr\u00e9dit\u00e9s par les \u00e9glises dont il leur prenait la client\u00e8le. Son \u00e9v\u00eaque lui reprocha alors son militantisme ultra-catholique et, \u00e0 la fin du Second Empire, il lui fut interdit de dire la messe. Le pape Pie IX sanctionna \u00e9galement Migne pour avoir mis \u00e0 la disposition du plus grand nombre des textes habituellement accessibles \u00e0 un \u00ab\u00a0public plus averti\u00a0\u00bb et il interdit au clerg\u00e9 d\u2019utiliser les fonds paroissiaux pour acheter ses ouvrages. Dans la nuit du 12 au 13 f\u00e9vrier 1868, un incendie \u00ab\u00a0d\u2019origine inconnue\u00a0\u00bb qui \u00e9clata dans son imprimerie d\u00e9truisit ses ateliers et an\u00e9antit des collections th\u00e9ologiques consid\u00e9rables. La perte mat\u00e9rielle, garantie par des assurances, s\u2019\u00e9leva, dit-on, \u00e0 une somme de six \u00e0 sept millions et les assurances ne couvrirent pas les frais de r\u00e9fection. Apr\u00e8s sa mort, la maison d\u2019\u00e9dition Garnier fr\u00e8res racheta les droits sur ses \u00e9ditions.<br \/>\n<a href=\"#_ftnref4\" name=\"_ftn4\">[4]<\/a> <em>La vie orgueilleuse de Cl\u00e9menceau<\/em> par Georges Suarez.<br \/>\n<a href=\"#_ftnref5\" name=\"_ftn5\">[5]<\/a> Cauteleux\u00a0: qui agit d\u2019une fa\u00e7on d\u00e9tourn\u00e9e et sournoise.<\/p>\n","protected":false},"excerpt":{"rendered":"<p>\u00a0 Dimanche 28 novembre 1948 Ma petite fille ch\u00e9rie, Donc, ce n\u2019est pas pour demain, mais pour plus tard. Tant mieux. Nous voici plus tranquille pour nous pr\u00e9parer. Ma m\u00e8re t\u2019a-t-elle fait la commission\u00a0? J\u2019ai besoin d\u2019un num\u00e9ro r\u00e9cent du &hellip; <a href=\"https:\/\/monperejeanmamy.fr\/?page_id=2791\">Continuer la lecture <span class=\"meta-nav\">&rarr;<\/span><\/a><\/p>\n","protected":false},"author":2,"featured_media":11,"parent":0,"menu_order":0,"comment_status":"closed","ping_status":"closed","template":"","meta":[],"folder":[],"_links":{"self":[{"href":"https:\/\/monperejeanmamy.fr\/index.php?rest_route=\/wp\/v2\/pages\/2791"}],"collection":[{"href":"https:\/\/monperejeanmamy.fr\/index.php?rest_route=\/wp\/v2\/pages"}],"about":[{"href":"https:\/\/monperejeanmamy.fr\/index.php?rest_route=\/wp\/v2\/types\/page"}],"author":[{"embeddable":true,"href":"https:\/\/monperejeanmamy.fr\/index.php?rest_route=\/wp\/v2\/users\/2"}],"replies":[{"embeddable":true,"href":"https:\/\/monperejeanmamy.fr\/index.php?rest_route=%2Fwp%2Fv2%2Fcomments&post=2791"}],"version-history":[{"count":5,"href":"https:\/\/monperejeanmamy.fr\/index.php?rest_route=\/wp\/v2\/pages\/2791\/revisions"}],"predecessor-version":[{"id":3286,"href":"https:\/\/monperejeanmamy.fr\/index.php?rest_route=\/wp\/v2\/pages\/2791\/revisions\/3286"}],"wp:featuredmedia":[{"embeddable":true,"href":"https:\/\/monperejeanmamy.fr\/index.php?rest_route=\/wp\/v2\/media\/11"}],"wp:attachment":[{"href":"https:\/\/monperejeanmamy.fr\/index.php?rest_route=%2Fwp%2Fv2%2Fmedia&parent=2791"}],"wp:term":[{"taxonomy":"folder","embeddable":true,"href":"https:\/\/monperejeanmamy.fr\/index.php?rest_route=%2Fwp%2Fv2%2Ffolder&post=2791"}],"curies":[{"name":"wp","href":"https:\/\/api.w.org\/{rel}","templated":true}]}}