{"id":2796,"date":"2021-05-18T09:29:56","date_gmt":"2021-05-18T07:29:56","guid":{"rendered":"http:\/\/monperejeanmamy.fr\/?page_id=2796"},"modified":"2024-01-23T15:35:40","modified_gmt":"2024-01-23T14:35:40","slug":"jm-a-jr-fresnes-48-12-06","status":"publish","type":"page","link":"https:\/\/monperejeanmamy.fr\/?page_id=2796","title":{"rendered":"JM \u00e0 JR (Fresnes 48\/12\/06)"},"content":{"rendered":"<p><strong>\u00a0<\/strong><a href=\"http:\/\/monperejeanmamy.fr\/?page_id=2791\"><img loading=\"lazy\" class=\"wp-image-1352 alignleft\" src=\"http:\/\/monperejeanmamy.fr\/wp-content\/uploads\/2021\/03\/Lettre-precedente.jpg\" alt=\"\" width=\"143\" height=\"78\" \/><\/a><a href=\"http:\/\/monperejeanmamy.fr\/?page_id=2801\"><img loading=\"lazy\" class=\"alignright wp-image-1353\" src=\"http:\/\/monperejeanmamy.fr\/wp-content\/uploads\/2021\/03\/Lettre-suivante.jpg\" alt=\"\" width=\"139\" height=\"76\" \/><\/a><\/p>\n<p style=\"text-align: center;\"><strong>Lundi 6 d\u00e9cembre 1948<br \/>\n<\/strong><\/p>\n<p style=\"text-align: center;\">Ma ch\u00e9rie,<\/p>\n<p style=\"text-align: justify;\">Alors, tu ne comprends rien \u00e0 ce que je fais ! Tu ne m\u2019approuves pas du tout dans mes actes\u00a0! Tu ne me suis que par passion, mais pas par consentement ! Tu es en d\u00e9saccord complet avec mes \u0153uvres et pens\u00e9es, et tu ne m\u2019aimes que pour l\u2019amour, c\u2019est-\u00e0-dire sentimentalement pour ce que je peux repr\u00e9senter encore de puissance charnelle (donc, rien du tout en fait). Tu es un dr\u00f4le d\u2019oiseau, un petit bout d\u2019animal timide, d\u00e9vou\u00e9, ob\u00e9issant, jaloux, plein de qualit\u00e9s aimables, mais sans audace d\u2019esprit, Mon bout d\u2019chou\u00a0! Tu es ravissante, toute bonne, on t\u2019embrasse, et on te veut heureuse. Mais je me demande si je saurai, car la fantaisie (ou bien l\u2019ordre), le mystique, la m\u00e9taphysique, la politique de transcendance qui sont pour toi objets inutiles, inconnus, inappr\u00e9ciables, m\u2019accaparent au point de vouloir que tout autour de moi voltige \u00e0 la m\u00eame vitesse. Je t\u2019ai regard\u00e9e longuement pour te comprendre, et j\u2019ai vu un reflet d\u2019ang\u00e9lique puret\u00e9, mais aussi une craintive personne, qui a bien tort de redouter la Nuit de No\u00ebl. Les anges descendent toujours avec pa\u00adtience, pour mettre dans toutes les chemin\u00e9es des monceaux d\u2019apaisements. Et tu auras des souliers remplis de joie.<\/p>\n<p style=\"text-align: justify;\">Je me sens si calme depuis quelques jours. Les \u00e9v\u00e8nements n\u2019ont plus d\u2019importance. Tout cela est d\u00e9j\u00e0 d\u00e9pass\u00e9. Condamnation ou pas, il faut voir beaucoup plus haut, plus loin. Nous sommes d\u00e9j\u00e0 en pleine libert\u00e9. Et tout ce qui compte pour moi est de pouvoir commencer ma pi\u00e8ce avec l\u2019esprit frais.<\/p>\n<p style=\"text-align: justify;\">G&#8230; m\u2019a \u00e9crit une tr\u00e8s gentille lettre, Veux-tu bien lui t\u00e9l\u00e9phoner pour lui dire la date. Il habite 9 Bd&#8230;<\/p>\n<p style=\"text-align: justify;\">Bien re\u00e7u le colis. Excellent\u00a0! Pas de bougies la semaine prochaine. Veux-tu t\u00e9l\u00e9phoner \u00e0 ma m\u00e8re pour lui demander si elle peut m\u2019envoyer 500 Frs. J\u2019ai un peu \u00e9puis\u00e9 mon compte avec des achats de fruits.<\/p>\n<p style=\"text-align: justify;\">Comme convenu, j\u2019\u00e9cris ce soir \u00e0 mon avocat pour qu\u2019il vienne ici et surtout qu\u2019il m\u2019apporte l\u2019acte d\u2019accusation, que je sache au moins ce qu\u2019on me veut. (Et au fond ! On ne me veut rien ! Tout \u00e7a, c\u2019est du mensonge.)<\/p>\n<p style=\"text-align: justify;\">Et maintenant, que te dire\u00a0? Puisque tout est dit d\u00e9j\u00e0, depuis tant d\u2019ann\u00e9es qu\u2019on s\u2019\u00e9crit des lettres o\u00f9 l\u2019on d\u00e9verse \u00e0 flots des tendresses communes. Il me semble \u00e0 regarder en arri\u00e8re, que je t\u2019ai donn\u00e9 une mer \u00e0 boire de paroles douces. C\u2019est ennuyeux la mer \u00e0 boire. Tu es perdue au milieu de trop de mots.<\/p>\n<p style=\"text-align: justify;\">Alors, il nous faut rar\u00e9fier. Ne plus dire que l\u2019essentiel. De plus en plus, je crois que la vie se r\u00e9p\u00e8te, et consiste \u00e0 redire et refaire les m\u00eames gestes, dans les m\u00eames circonstances. Si je te re\u00adcopiais ma lettre d\u2019il y a un an\u00a0? Tu l\u2019as d\u00e9j\u00e0 oubli\u00e9e. Tu auras l\u2019im\u00adpression de quelque chose de tout neuf. Celle d\u2019aujourd\u2019hui ne contient pas plus. Elle ne pouvait pas \u00eatre plus compl\u00e8te que l\u2019autre qui conte\u00adnait d\u00e9j\u00e0 tout.<\/p>\n<p style=\"text-align: justify;\">Est-ce que tu les gardes pour les relire\u00a0? Pas la peine. Je t\u2019en ferai d\u2019autres, \u00e0 l\u2019infini.<\/p>\n<p style=\"text-align: justify;\">Je compte sur toi pour <em>Lucile<\/em>. Vivement trois semaines, qu\u2019on soit d\u00e9barrass\u00e9s de la pi\u00e8ce \u00e0 jouer ! Quoique, bien int\u00e9ressante. On peut construire beaucoup l\u00e0-dessus. Le caract\u00e8re d\u2019un homme se d\u00e9voile quand il est en face de l\u2019erreur (la sienne ou celle des autres). C\u2019est son comportement devant l\u2019\u00e9v\u00e8nement qui lui vaut le progr\u00e8s (je ne parle pas de l\u2019estime ou de 1a d\u00e9sapprobation publi\u00adque. I1 n\u2019y a rien de plus \u00e9ph\u00e9m\u00e8re et m\u00e9prisable. Une girouette \u00e0 tous vents).<\/p>\n<p style=\"text-align: justify;\">Nous allons donc t\u00e2cher de montrer un caract\u00e8re convenable. Nous allons nous pr\u00e9senter tranquillement, comme quelqu\u2019un qui sait ce qu\u2019il fait, qui n\u2019est pas du tout \u00e9tonn\u00e9 d\u2019\u00eatre l\u00e0, qui trouve naturel toute l\u2019injustice humaine, et qui essaie de tirer des conclusions de ses actes pass\u00e9s, qu\u2019il revendique hautement.<\/p>\n<p style=\"text-align: justify;\">Attitude orgueilleuse\u00a0? Non, ferme. D\u00e9fi\u00a0? Non, maintien d\u2019une doctrine. M\u00e9pris des juges\u00a0? Que non\u00a0! Certitude de l\u2019exp\u00e9rience qui d\u00e9montrera la justesse de vue. Est-ce \u00e0 dire que nous avons eu toujours raison\u00a0? Non. Mais les autres ont bougrement des torts et nos r\u00e9actions sont l\u00e9gitimes.<\/p>\n<p style=\"text-align: justify;\">(Je te parle de choses qui ne t\u2019int\u00e9ressent pas du tout).<\/p>\n<p style=\"text-align: justify;\">Parlons d\u2019un coin de feu, d\u2019un fauteuil de velours vert et d\u2019heures o\u00f9 l\u2019on ne pense \u00e0 rien, qu\u2019\u00e0 traverser la vie d\u2019un coup d\u2019aile, sans voir les cailloux de la route. Pensons aux sommeils d\u2019enfants o\u00f9 l\u2019on r\u00eave d\u2019un amour si tendre qu\u2019on retrouve le bonheur du b\u00e9b\u00e9 apais\u00e9 par le sein maternel. Parlons de toutes les minutes de silence o\u00f9 l\u2019on \u00e9coutait battre le rythme de la vie \u00e0 flots press\u00e9s, quand la lampe mourait, comme un regard trop brutal sur des \u00e9mois trop tendres. Voil\u00e0 qui te plait. On te chantera des vieilles chansons d\u2019antan, devant des dessins japonais, sous des tableaux de C\u00f4te d\u2019Azur, au milieu de vieux bois.<\/p>\n<p style=\"text-align: justify;\">Mon papier devient illisible. Il est temps que j\u2019arr\u00eate mes folichonneries. A bient\u00f4t te lire, savoir que tu t\u2019int\u00e9resses un peu \u00e0 ce qu\u2019\u00e9crit le gros Monsieur. Je vais manger beaucoup pour te plaire d\u2019avantage. Nous irons d\u00eener au club des 100 Kgs et tu para\u00eetras si menue qu\u2019on te mangera au dessert.<\/p>\n<p style=\"text-align: justify;\">Gros, gros baisers.<\/p>\n<p style=\"text-align: justify;\">J.<\/p>\n","protected":false},"excerpt":{"rendered":"<p>\u00a0 Lundi 6 d\u00e9cembre 1948 Ma ch\u00e9rie, Alors, tu ne comprends rien \u00e0 ce que je fais ! Tu ne m\u2019approuves pas du tout dans mes actes\u00a0! Tu ne me suis que par passion, mais pas par consentement ! Tu &hellip; <a href=\"https:\/\/monperejeanmamy.fr\/?page_id=2796\">Continuer la lecture <span class=\"meta-nav\">&rarr;<\/span><\/a><\/p>\n","protected":false},"author":2,"featured_media":11,"parent":0,"menu_order":0,"comment_status":"closed","ping_status":"closed","template":"","meta":[],"folder":[],"_links":{"self":[{"href":"https:\/\/monperejeanmamy.fr\/index.php?rest_route=\/wp\/v2\/pages\/2796"}],"collection":[{"href":"https:\/\/monperejeanmamy.fr\/index.php?rest_route=\/wp\/v2\/pages"}],"about":[{"href":"https:\/\/monperejeanmamy.fr\/index.php?rest_route=\/wp\/v2\/types\/page"}],"author":[{"embeddable":true,"href":"https:\/\/monperejeanmamy.fr\/index.php?rest_route=\/wp\/v2\/users\/2"}],"replies":[{"embeddable":true,"href":"https:\/\/monperejeanmamy.fr\/index.php?rest_route=%2Fwp%2Fv2%2Fcomments&post=2796"}],"version-history":[{"count":4,"href":"https:\/\/monperejeanmamy.fr\/index.php?rest_route=\/wp\/v2\/pages\/2796\/revisions"}],"predecessor-version":[{"id":3287,"href":"https:\/\/monperejeanmamy.fr\/index.php?rest_route=\/wp\/v2\/pages\/2796\/revisions\/3287"}],"wp:featuredmedia":[{"embeddable":true,"href":"https:\/\/monperejeanmamy.fr\/index.php?rest_route=\/wp\/v2\/media\/11"}],"wp:attachment":[{"href":"https:\/\/monperejeanmamy.fr\/index.php?rest_route=%2Fwp%2Fv2%2Fmedia&parent=2796"}],"wp:term":[{"taxonomy":"folder","embeddable":true,"href":"https:\/\/monperejeanmamy.fr\/index.php?rest_route=%2Fwp%2Fv2%2Ffolder&post=2796"}],"curies":[{"name":"wp","href":"https:\/\/api.w.org\/{rel}","templated":true}]}}