{"id":2801,"date":"2021-05-18T10:11:30","date_gmt":"2021-05-18T08:11:30","guid":{"rendered":"http:\/\/monperejeanmamy.fr\/?page_id=2801"},"modified":"2024-11-04T16:05:29","modified_gmt":"2024-11-04T15:05:29","slug":"jm-a-jr-fresnes-48-12-13","status":"publish","type":"page","link":"https:\/\/monperejeanmamy.fr\/?page_id=2801","title":{"rendered":"JM \u00e0 JR (Fresnes 48\/12\/13)"},"content":{"rendered":"<p><strong>\u00a0<\/strong><a href=\"http:\/\/monperejeanmamy.fr\/?page_id=2796\"><img loading=\"lazy\" class=\"wp-image-1352 alignleft\" src=\"http:\/\/monperejeanmamy.fr\/wp-content\/uploads\/2021\/03\/Lettre-precedente.jpg\" alt=\"\" width=\"143\" height=\"78\" \/><\/a><a href=\"http:\/\/monperejeanmamy.fr\/?page_id=2806\"><img loading=\"lazy\" class=\"alignright wp-image-1353\" src=\"http:\/\/monperejeanmamy.fr\/wp-content\/uploads\/2021\/03\/Lettre-suivante.jpg\" alt=\"\" width=\"139\" height=\"76\" \/><\/a><\/p>\n<p style=\"text-align: center;\"><strong>Lundi 13 d\u00e9cembre 1948<br \/>\n<\/strong><\/p>\n<p style=\"text-align: center;\">Ma petite fille ch\u00e9rie,<\/p>\n<p style=\"text-align: justify;\">Jamais je n\u2019ai \u00e9prouv\u00e9 telle \u00e9motion, confusion, reconnaissance qu\u2019au re\u00e7u de ton pneu de vendredi. C\u2019est que je ne suis pas habitu\u00e9 \u00e0 ces choses. Depuis toujours le souci d\u2019argent a \u00e9t\u00e9 une hantise s\u00e9v\u00e8re. Et voici qu\u2019il tombe de l\u2019amour par les fen\u00eatres. Je n\u2019ose m\u00eame te remercier mais il me semble que tu as pris dans mon esprit une place totale, l\u00e9gitime, que tu t\u2019es impos\u00e9e comme le soutien absolu que j\u2019attendais depuis des ann\u00e9es, et qui, \u00e0 l\u2019heure difficile, appara\u00eet comme r\u00e9sistant \u00e0 tous les assauts. C\u2019est que je me suis toujours cru, et vu, tout seul, charg\u00e9 du poids de tous. Voici que nous sommes deux \u00e0 tirer sous le m\u00eame joug. Le repos est entr\u00e9 en moi comme un vieux printemps, une sorte de d\u00e9sir d\u2019enfance, \u00e9bloui et accompli. Je n\u2019ose encore y croire. Dire que quelqu\u2019un m\u2019aime \u00e0 ce point\u00a0! Je n\u2019ai jamais, depuis l\u2019enfance (\u00e0 part l\u2019affection maternelle, souvent maladroite) re\u00e7u que des coups. Je t\u2019embrasse pour tout ce que cela promet de s\u00fbr et de fid\u00e8le. Tu seras combl\u00e9e au centuple.<\/p>\n<p style=\"text-align: justify;\">J\u2019ai vu Leroy aujourd\u2019hui. Tr\u00e8s brave type. Je crois que c\u2019est tout juste ce qu\u2019il nous faut. Bon papa. Assez modeste pour ne pas effaroucher le jury. Cheveux blancs. Assez lyrique. Humain. Ramenant tout \u00e0 des proportions justes. Bref, l\u2019avocat r\u00eav\u00e9 pour un \u00e9nergum\u00e8ne comme moi. Car, \u00e0 relire mon dossier, je me rends compte que \u2014\u00e0 mon insu\u2014 je suis peut-\u00eatre un personnage difficile, \u00e9trange. Est-ce que les psychiatres auraient raison\u00a0? Si j\u2019\u00e9tais le juge charg\u00e9 de l\u2019affaire, je me condamnerais au repos.<\/p>\n<p style=\"text-align: justify;\">J\u2019ai besoin de beaucoup de soir\u00e9es au coin de la chemin\u00e9e, et de mon grand fauteuil vert, avec des heures o\u00f9 l\u2019on ne pense \u00e0 rien. Et puis, de m\u2019int\u00e9resser \u00e0 quelque chose d\u2019utile et de productif\u00a0: la fabrication du thon par exemple, ou l\u2019emballage des noix de coco, pour ne penser \u00e0 rien, qu\u2019\u00e0 deux grands yeux, qui demandent \u00e0 \u00eatre b\u00e9nis.<\/p>\n<p style=\"text-align: justify;\">Dans huit jours j\u2019aurai d\u00e9j\u00e0 bataill\u00e9 une journ\u00e9e\u2026 Aurai-je le temps de t\u2019\u00e9crire mes impressions\u00a0? Je te promets trois mots. Peut-\u00eatre davantage (Leroy avait l\u2019air assez content de notre entretien. Il voit que la s\u00e8ve coule \u00e0 flot de ma bouche).<\/p>\n<p style=\"text-align: justify;\">Sais-tu bien que je fais des discours tout seul dans ma cellule\u00a0? Il faut bien s\u2019entrainer. Un v\u00e9ritable fou.<\/p>\n<p style=\"text-align: justify;\">Voil\u00e0 une heure que je suis devant mon papier \u00e0 ruminer le proc\u00e8s. Il m\u2019accapare trop l\u2019esprit. Je vais me coucher tranquillement.<\/p>\n<p style=\"text-align: justify;\">Avant, on va penser \u00e0 toi, comme il le faut, comme tu l\u2019aimes. C\u2019est \u00e0 dire en ne pensant \u00e0 rien\u2026 Je voudrais bien que Fr\u00e9d\u00e9ric ait un beau No\u00ebl.<\/p>\n<p style=\"text-align: justify;\">Ne me mets pas de bougies dans le prochain colis. Pas de sel, ni oignons. Pas de bouillon Kub, pas de riz ni p\u00e2tes. Rien que ce qu\u2019on peut emporter. Si possible un rosbif, ou gigot (ce serait mieux), du p\u00e2t\u00e9, quelques bonbons \u00e0 la menthe ou rafraichissants (pastilles digestives menthol\u00e9es). J\u2019ai assez de tisanes pour l\u2019instant. Que ce colis soit \u00e0 peu pr\u00e8s compl\u00e8tement en viande. Dis \u00e0 ma m\u00e8re de mettre un demi-poulet si elle peut (\u00e0 moins que ce soit prohibitif). Le beurre sera le bienvenu. Excuse mes exigences, mais cette semaine l\u00e0 sera sp\u00e9ciale. (Pas de lard, ni saucisse, ni rien \u00e0 faire cuire. Rien de sal\u00e9).<\/p>\n<p style=\"text-align: justify;\">Ma ch\u00e9rie, je t\u2019embrasse. Il est tard. Je veux dormir. Tr\u00e8s bien. Sans heurts. Et pour ce, il me faut oublier toutes les vilaines choses de la terre, ne penser qu\u2019aux merveilles toujours pr\u00e9sentes qui r\u00e9jouissent \u00e0 jamais le c\u0153ur de l\u2019homme. Gros, gros baisers.<\/p>\n<p style=\"text-align: justify;\">J.<\/p>\n","protected":false},"excerpt":{"rendered":"<p>\u00a0 Lundi 13 d\u00e9cembre 1948 Ma petite fille ch\u00e9rie, Jamais je n\u2019ai \u00e9prouv\u00e9 telle \u00e9motion, confusion, reconnaissance qu\u2019au re\u00e7u de ton pneu de vendredi. C\u2019est que je ne suis pas habitu\u00e9 \u00e0 ces choses. Depuis toujours le souci d\u2019argent a &hellip; <a href=\"https:\/\/monperejeanmamy.fr\/?page_id=2801\">Continuer la lecture <span class=\"meta-nav\">&rarr;<\/span><\/a><\/p>\n","protected":false},"author":2,"featured_media":11,"parent":0,"menu_order":0,"comment_status":"closed","ping_status":"closed","template":"","meta":[],"folder":[],"_links":{"self":[{"href":"https:\/\/monperejeanmamy.fr\/index.php?rest_route=\/wp\/v2\/pages\/2801"}],"collection":[{"href":"https:\/\/monperejeanmamy.fr\/index.php?rest_route=\/wp\/v2\/pages"}],"about":[{"href":"https:\/\/monperejeanmamy.fr\/index.php?rest_route=\/wp\/v2\/types\/page"}],"author":[{"embeddable":true,"href":"https:\/\/monperejeanmamy.fr\/index.php?rest_route=\/wp\/v2\/users\/2"}],"replies":[{"embeddable":true,"href":"https:\/\/monperejeanmamy.fr\/index.php?rest_route=%2Fwp%2Fv2%2Fcomments&post=2801"}],"version-history":[{"count":4,"href":"https:\/\/monperejeanmamy.fr\/index.php?rest_route=\/wp\/v2\/pages\/2801\/revisions"}],"predecessor-version":[{"id":3360,"href":"https:\/\/monperejeanmamy.fr\/index.php?rest_route=\/wp\/v2\/pages\/2801\/revisions\/3360"}],"wp:featuredmedia":[{"embeddable":true,"href":"https:\/\/monperejeanmamy.fr\/index.php?rest_route=\/wp\/v2\/media\/11"}],"wp:attachment":[{"href":"https:\/\/monperejeanmamy.fr\/index.php?rest_route=%2Fwp%2Fv2%2Fmedia&parent=2801"}],"wp:term":[{"taxonomy":"folder","embeddable":true,"href":"https:\/\/monperejeanmamy.fr\/index.php?rest_route=%2Fwp%2Fv2%2Ffolder&post=2801"}],"curies":[{"name":"wp","href":"https:\/\/api.w.org\/{rel}","templated":true}]}}