{"id":2806,"date":"2021-05-18T10:18:21","date_gmt":"2021-05-18T08:18:21","guid":{"rendered":"http:\/\/monperejeanmamy.fr\/?page_id=2806"},"modified":"2024-01-23T15:41:26","modified_gmt":"2024-01-23T14:41:26","slug":"jm-a-jr-fresnes-48-12-15","status":"publish","type":"page","link":"https:\/\/monperejeanmamy.fr\/?page_id=2806","title":{"rendered":"JM \u00e0 JR (Fresnes 48\/12\/15)"},"content":{"rendered":"<p><strong>\u00a0<\/strong><a href=\"http:\/\/monperejeanmamy.fr\/?page_id=2801\"><img loading=\"lazy\" class=\"wp-image-1352 alignleft\" src=\"http:\/\/monperejeanmamy.fr\/wp-content\/uploads\/2021\/03\/Lettre-precedente.jpg\" alt=\"\" width=\"143\" height=\"78\" \/><\/a><a href=\"http:\/\/monperejeanmamy.fr\/?page_id=2810\"><img loading=\"lazy\" class=\"alignright wp-image-1353\" src=\"http:\/\/monperejeanmamy.fr\/wp-content\/uploads\/2021\/03\/Lettre-suivante.jpg\" alt=\"\" width=\"139\" height=\"76\" \/><\/a><\/p>\n<p style=\"text-align: center;\"><strong>Mercredi 15 d\u00e9cembre 1948<br \/>\n<\/strong><\/p>\n<p style=\"text-align: center;\">Ma ch\u00e9rie,<\/p>\n<ol>\n<li style=\"text-align: justify;\">Merci pour 25.000 \u2013 gros merci.<\/li>\n<li style=\"text-align: justify;\">Dis \u00e0 ma m\u00e8re se d\u00e9brouiller pour les 25.000 autres avant proc\u00e8s, Leroy y tient<\/li>\n<li style=\"text-align: justify;\">Vois Leroy et Floriot d\u2019urgence pour t\u00e9moignages et pi\u00e8ces \u00e0 d\u00e9charge (urgent). J\u2019ai donn\u00e9 la liste ce matin, tr\u00e8s important. Il manque beaucoup de pi\u00e8ces. Arrange-toi pour que tout soit tap\u00e9.<\/li>\n<\/ol>\n<p style=\"text-align: justify;\">Tout va bien<\/p>\n<p style=\"text-align: justify;\">Gros baisers.<\/p>\n<p style=\"text-align: justify;\">J.<\/p>\n","protected":false},"excerpt":{"rendered":"<p>\u00a0 Mercredi 15 d\u00e9cembre 1948 Ma ch\u00e9rie, Merci pour 25.000 \u2013 gros merci. Dis \u00e0 ma m\u00e8re se d\u00e9brouiller pour les 25.000 autres avant proc\u00e8s, Leroy y tient Vois Leroy et Floriot d\u2019urgence pour t\u00e9moignages et pi\u00e8ces \u00e0 d\u00e9charge (urgent). &hellip; <a href=\"https:\/\/monperejeanmamy.fr\/?page_id=2806\">Continuer la lecture <span class=\"meta-nav\">&rarr;<\/span><\/a><\/p>\n","protected":false},"author":2,"featured_media":11,"parent":0,"menu_order":0,"comment_status":"closed","ping_status":"closed","template":"","meta":[],"folder":[],"_links":{"self":[{"href":"https:\/\/monperejeanmamy.fr\/index.php?rest_route=\/wp\/v2\/pages\/2806"}],"collection":[{"href":"https:\/\/monperejeanmamy.fr\/index.php?rest_route=\/wp\/v2\/pages"}],"about":[{"href":"https:\/\/monperejeanmamy.fr\/index.php?rest_route=\/wp\/v2\/types\/page"}],"author":[{"embeddable":true,"href":"https:\/\/monperejeanmamy.fr\/index.php?rest_route=\/wp\/v2\/users\/2"}],"replies":[{"embeddable":true,"href":"https:\/\/monperejeanmamy.fr\/index.php?rest_route=%2Fwp%2Fv2%2Fcomments&post=2806"}],"version-history":[{"count":4,"href":"https:\/\/monperejeanmamy.fr\/index.php?rest_route=\/wp\/v2\/pages\/2806\/revisions"}],"predecessor-version":[{"id":3288,"href":"https:\/\/monperejeanmamy.fr\/index.php?rest_route=\/wp\/v2\/pages\/2806\/revisions\/3288"}],"wp:featuredmedia":[{"embeddable":true,"href":"https:\/\/monperejeanmamy.fr\/index.php?rest_route=\/wp\/v2\/media\/11"}],"wp:attachment":[{"href":"https:\/\/monperejeanmamy.fr\/index.php?rest_route=%2Fwp%2Fv2%2Fmedia&parent=2806"}],"wp:term":[{"taxonomy":"folder","embeddable":true,"href":"https:\/\/monperejeanmamy.fr\/index.php?rest_route=%2Fwp%2Fv2%2Ffolder&post=2806"}],"curies":[{"name":"wp","href":"https:\/\/api.w.org\/{rel}","templated":true}]}}