{"id":2810,"date":"2021-05-18T10:25:09","date_gmt":"2021-05-18T08:25:09","guid":{"rendered":"http:\/\/monperejeanmamy.fr\/?page_id=2810"},"modified":"2021-05-18T10:36:18","modified_gmt":"2021-05-18T08:36:18","slug":"jm-a-jr-fresnes-48-12-26","status":"publish","type":"page","link":"https:\/\/monperejeanmamy.fr\/?page_id=2810","title":{"rendered":"JM \u00e0 JR (Fresnes 48\/12\/26)"},"content":{"rendered":"<p><strong>\u00a0<\/strong><a href=\"http:\/\/monperejeanmamy.fr\/?page_id=2806\"><img loading=\"lazy\" class=\"wp-image-1352 alignleft\" src=\"http:\/\/monperejeanmamy.fr\/wp-content\/uploads\/2021\/03\/Lettre-precedente.jpg\" alt=\"\" width=\"143\" height=\"78\" \/><\/a><a href=\"http:\/\/monperejeanmamy.fr\/?page_id=2815\"><img loading=\"lazy\" class=\"alignright wp-image-1353\" src=\"http:\/\/monperejeanmamy.fr\/wp-content\/uploads\/2021\/03\/Lettre-suivante.jpg\" alt=\"\" width=\"139\" height=\"76\" \/><\/a><\/p>\n<p style=\"text-align: center;\"><strong>Dimanche 26 d\u00e9cembre 1948<br \/>\n<\/strong><\/p>\n<p style=\"text-align: center;\">Ma petite fille ch\u00e9rie,<\/p>\n<p style=\"text-align: justify;\">Tu es admirable de courage. Je t\u2019aime infiniment. Leroy m\u2019a dit tout le bien qu\u2019il pensait de toi. Je suis s\u00fbr que nous en sortirons. Il faut, Je le veux \u2014pour toi d\u2019abord\u2014 et aussi pour tout ce que j\u2019ai encore \u00e0 faire.<\/p>\n<p style=\"text-align: justify;\">Il faut pr\u00e9parer avec Leroy les points suivants\u00a0:<\/p>\n<ol style=\"text-align: justify;\">\n<li>Voir si l\u2019on peut obtenir enqu\u00eate 2<sup>\u00e8me<\/sup> bureau sur Grandmaison pour retarder l\u2019affaire.<\/li>\n<li>Voir qui, \u00e0 la Commission des Gr\u00e2ces, est susceptible d\u2019\u00eatre nomm\u00e9 rapporteur<\/li>\n<li>Voir Flo. Car Leroy n\u2019a pas encore touch\u00e9 le commissaire du gouvernement. S\u2019arranger pour <u>qu\u2019il ne s\u2019oppose pas \u00e0 la gr\u00e2ce<\/u>. Est-ce que Flo. N\u2019est pas mieux plac\u00e9\u00a0?<\/li>\n<li>Voir ce pr\u00e9sident. Id. (toutes d\u00e9marches \u00e0 faire par qui tu voudras, conjointement avec Leroy)<\/li>\n<li>Voir Creys. Lui demander ce qu\u2019il peut faire sur les trois points pr\u00e9c\u00e9dents<\/li>\n<li>Avec Creys. Voir si on peut obtenir signatures personnalit\u00e9s litt\u00e9raires. Sur pr\u00e9sentation <em>Bar. d\u2019or<\/em> etc\u2026 en dissimulant le nom.<\/li>\n<li>Voir l\u2019aviateur. Que peut-il\u00a0?<\/li>\n<li>Je remettrai \u00e0 Leroy une note que tu taperas<\/li>\n<\/ol>\n<p style=\"text-align: justify;\">Voil\u00e0 tout pour aujourd\u2019hui. Inutile de te dire que je suis absolument tranquille, heureux, parfaitement lucide. Je ne suis pas fou du tout. Sais-tu\u00a0!<\/p>\n<p style=\"text-align: justify;\">Quelle rage\u00a0! Quelle haine dans cette salle\u00a0! D\u00e8s qu\u2019on parle d\u2019Allemands, les gens deviennent furieux. Pauvre humanit\u00e9\u00a0! Seuls les deux communistes (Pierre Herv\u00e9 et la femme de No\u00ebl) se sont montr\u00e9s dignes et habiles. J\u2019estime ces adversaires. Ils jouent le jeu. Nous restons sur le plan politique. Mais les autres\u00a0! Quelle sarabande autour des cadavres. Et les n\u00f4tres\u00a0? On n\u2019en parle jamais.<\/p>\n<p style=\"text-align: justify;\">N\u2019en parlons plus. C\u2019est un vieux mauvais r\u00eave d\u00e9j\u00e0 oubli\u00e9.<\/p>\n<p style=\"text-align: justify;\">Je t\u2019embrasse tr\u00e8s vite, car on vient me voir, et il faut que ma lettre soit finie. Sais-tu bien que je t\u2019aime de plus en plus. Tu ne peux pas savoir \u00e0 quel point. Tu m\u2019es pr\u00e9cieuse comme un ange d\u2019une si parfaite puret\u00e9. Que n\u2019ai-je regard\u00e9 tes yeux avant de faire mes b\u00eatises des deux derniers mois 44\u00a0! On ne pense pas \u00e0 tout. Si j\u2019avais su\u00a0! Mais maintenant je saurai.<\/p>\n<p style=\"text-align: justify;\">Mes gros, tr\u00e8s gros baisers. Je t\u2019aime infiniment. Tu ne peux pas savoir.<\/p>\n<p style=\"text-align: justify;\">J.<\/p>\n<p style=\"text-align: justify;\">Note de FGR : \u00e0 partir de cette date les lettres sont identifi\u00e9es 1\/46 CM (Condamn\u00e9 \u00e0 Mort)<\/p>\n","protected":false},"excerpt":{"rendered":"<p>\u00a0 Dimanche 26 d\u00e9cembre 1948 Ma petite fille ch\u00e9rie, Tu es admirable de courage. Je t\u2019aime infiniment. Leroy m\u2019a dit tout le bien qu\u2019il pensait de toi. Je suis s\u00fbr que nous en sortirons. Il faut, Je le veux \u2014pour &hellip; <a href=\"https:\/\/monperejeanmamy.fr\/?page_id=2810\">Continuer la lecture <span class=\"meta-nav\">&rarr;<\/span><\/a><\/p>\n","protected":false},"author":2,"featured_media":11,"parent":0,"menu_order":0,"comment_status":"closed","ping_status":"closed","template":"","meta":[],"folder":[],"_links":{"self":[{"href":"https:\/\/monperejeanmamy.fr\/index.php?rest_route=\/wp\/v2\/pages\/2810"}],"collection":[{"href":"https:\/\/monperejeanmamy.fr\/index.php?rest_route=\/wp\/v2\/pages"}],"about":[{"href":"https:\/\/monperejeanmamy.fr\/index.php?rest_route=\/wp\/v2\/types\/page"}],"author":[{"embeddable":true,"href":"https:\/\/monperejeanmamy.fr\/index.php?rest_route=\/wp\/v2\/users\/2"}],"replies":[{"embeddable":true,"href":"https:\/\/monperejeanmamy.fr\/index.php?rest_route=%2Fwp%2Fv2%2Fcomments&post=2810"}],"version-history":[{"count":3,"href":"https:\/\/monperejeanmamy.fr\/index.php?rest_route=\/wp\/v2\/pages\/2810\/revisions"}],"predecessor-version":[{"id":2818,"href":"https:\/\/monperejeanmamy.fr\/index.php?rest_route=\/wp\/v2\/pages\/2810\/revisions\/2818"}],"wp:featuredmedia":[{"embeddable":true,"href":"https:\/\/monperejeanmamy.fr\/index.php?rest_route=\/wp\/v2\/media\/11"}],"wp:attachment":[{"href":"https:\/\/monperejeanmamy.fr\/index.php?rest_route=%2Fwp%2Fv2%2Fmedia&parent=2810"}],"wp:term":[{"taxonomy":"folder","embeddable":true,"href":"https:\/\/monperejeanmamy.fr\/index.php?rest_route=%2Fwp%2Fv2%2Ffolder&post=2810"}],"curies":[{"name":"wp","href":"https:\/\/api.w.org\/{rel}","templated":true}]}}