{"id":2815,"date":"2021-05-18T10:30:10","date_gmt":"2021-05-18T08:30:10","guid":{"rendered":"http:\/\/monperejeanmamy.fr\/?page_id=2815"},"modified":"2021-05-18T10:43:07","modified_gmt":"2021-05-18T08:43:07","slug":"jm-a-jr-fresnes-48-12-27","status":"publish","type":"page","link":"https:\/\/monperejeanmamy.fr\/?page_id=2815","title":{"rendered":"JM \u00e0 JR (Fresnes 48\/12\/27)"},"content":{"rendered":"<p><strong>\u00a0<\/strong><a href=\"http:\/\/monperejeanmamy.fr\/?page_id=2810\"><img loading=\"lazy\" class=\"wp-image-1352 alignleft\" src=\"http:\/\/monperejeanmamy.fr\/wp-content\/uploads\/2021\/03\/Lettre-precedente.jpg\" alt=\"\" width=\"143\" height=\"78\" \/><\/a><a href=\"http:\/\/monperejeanmamy.fr\/?page_id=2819\"><img loading=\"lazy\" class=\"alignright wp-image-1353\" src=\"http:\/\/monperejeanmamy.fr\/wp-content\/uploads\/2021\/03\/Lettre-suivante.jpg\" alt=\"\" width=\"139\" height=\"76\" \/><\/a><\/p>\n<p style=\"text-align: center;\"><strong>Lundi 27 d\u00e9cembre 1948<br \/>\n<\/strong><\/p>\n<p style=\"text-align: center;\">Ma ch\u00e9rie,<\/p>\n<p style=\"text-align: justify;\">La minute, o\u00f9, pendant cette suspension d\u2019audience, il m\u2019a \u00e9t\u00e9 permis de presser contre ma tempe ton front plein de tendresse, est une des plus pures de ma vie. Autour de moi partout la haine et l\u2019angoisse, et les hurlements, et les accusateurs. Et en moi, un calme imp\u00e9n\u00e9trable qu\u2019ils ne peuvent pas comprendre, car ils ne peuvent appr\u00e9cier les mobiles exacts qui m\u2019ont pouss\u00e9. \u00c0 les dire, j\u2019aurai fait hurler un peu plus. L\u2019aveuglement est si profond en ce qui concerne les probl\u00e8mes du monde. Chacun ne voit que son drapeau et veut tuer ses adversaires (surtout en temps de guerre civile).<\/p>\n<p style=\"text-align: justify;\">Comme tu \u00e9tais tendre, et gentille, et courageuse\u00a0! Et j\u2019ai compris que tu me suivais vraiment du c\u0153ur, sinon de l\u2019esprit, car ces mauvaises passions partisanes ne sont pas ton tourment. J\u2019ai compris \u00e9norm\u00e9ment de choses pendant ces cinq jours. Vue du box de l\u2019accus\u00e9, la salle est toute diff\u00e9rente. Si tu savais comment ils ont menti\u00a0! Chaque t\u00e9moignage \u00e9tait pouss\u00e9, accus\u00e9, d\u00e9form\u00e9. Tout \u00e9tait calcul\u00e9 pour faire basculer le traitre. J\u2019ai r\u00e9sist\u00e9 \u00e0 peu pr\u00e8s partout, sauf sur quelques points qui auraient mis en valeur leur syst\u00e8me de mensonge. Mais on ne pare pas tous les coups. Fatigu\u00e9, j\u2019ai laiss\u00e9 passer deux ou trois pointes (mais j\u2019aurais peut-\u00eatre l\u2019occasion de redire les choses un jour, car ce n\u2019est pas fini).<\/p>\n<p style=\"text-align: justify;\">\u00c9videmment, j\u2019en ai assez de la politique (on dit cela). Pour l\u2019instant je m\u2019occupe de r\u00e9diger des notes pour le recours en gr\u00e2ce, car le proc\u00e8s n\u2019est pas jug\u00e9. Ce n\u2019est pas dans le pr\u00e9toire qu\u2019on peut appr\u00e9cier les faits avec s\u00e9r\u00e9nit\u00e9. \u00c0 l\u2019encontre de ce qu\u2019on pense, j\u2019ai marqu\u00e9 un point \u00e9norme \u00e0 l\u2019audience. Car le proc\u00e8s Mamy est devenu le proc\u00e8s Grandmaison. C\u2019\u00e9tait l\u00e0 le capital. Nous allons aller plus loin. Je compte bien vaincre. Car tout n\u2019est pas dit. Les dessous de l\u2019affaire sont immenses.<\/p>\n<p style=\"text-align: justify;\">Ne cesse pas de demander \u00e0 Leroy toutes les indications que je lui donne pour les d\u00e9marches \u00e0 faire. Je pense le voir cette semaine ou l\u2019autre. D\u2019ici l\u00e0, j\u2019aurai r\u00e9dig\u00e9 toutes les notes. Du reste, tu n\u2019as pas \u00e0 te m\u00ealer de cette affaire, mais tu peux \u00eatre utile pour que Leroy ne perde pas de temps. Surtout, reste en dehors de toutes ces histoires.<\/p>\n<p style=\"text-align: justify;\">Un jour, qui sera bienheureux, nous serons tous les deux, \u00e0 nous regarder avec \u00e9motion, et \u00e0 ne plus nous souvenir de ces cauchemars. Un jour b\u00e9ni, nous nous prendrons par la main et nous regarderons plus librement la vie. Un jour o\u00f9 tout sera apais\u00e9, et o\u00f9 je n\u2019aurai plus qu\u2019\u00e0 \u00e9carter devant toi les cailloux de la route. Un jour o\u00f9 les fleurs seront belles dans un pays tranquille. Ce sera tr\u00e8s loin. Nous serons hors de la fournaise. Si les fran\u00e7ais veulent continuer ind\u00e9finiment \u00e0 se battre entre eux, libre \u00e0 leur acharnement. Pour moi, j\u2019ai d\u00e9cid\u00e9 de poursuivre des buts de paix. On se sent tr\u00e8s seul (quoique tr\u00e8s fort) contre la foule. Quelle haine\u00a0! J\u2019en suis navr\u00e9 pour eux. Heureusement qu\u2019elle ne m\u2019impressionne aucunement.<\/p>\n<p style=\"text-align: justify;\">J\u2019ai vu Leroy hier qui m\u2019a dit ton magnifique courage. Et aussi la s\u00e9r\u00e9nit\u00e9 de ma m\u00e8re. Sa plaidoirie a \u00e9t\u00e9 magnifique. D\u2019un talent. D\u2019un tact. D\u2019un courage. D\u2019une sobri\u00e9t\u00e9. On ne pouvait \u00eatre meilleur et plus \u00e9cout\u00e9.<\/p>\n<p style=\"text-align: justify;\">Et maintenant, \u00e0 nous deux. Sais-tu bien que je n\u2019avais pas encore compris comme je t\u2019aimais. Mais peut-\u00eatre ne veux-tu plus que je t\u2019aime autant\u00a0? Quoique j\u2019ai bien vu que toutes ces \u00e9motions ne t\u2019atteignaient pas. Ces luttes politiques ne d\u00e9shonorent pas l\u2019homme. Elle le grandissent. J\u2019en sortirai beaucoup plus fort. Et je sais que tu as d\u00e9j\u00e0 compris que mes motifs \u00e9taient purs. Et puis, tes yeux \u00e9taient si heureux\u00a0! Tu avais l\u2019air inond\u00e9e de bonheur. Tellement s\u00fbre de ton amour. Et je crois que tu as compris le mien. Je n\u2019ai que toi, sais-tu\u00a0? Je ne connais plus personne au monde (sauf les amiti\u00e9s et affections secondaires), que toi par qui passe toute ma lumi\u00e8re, tout le bonheur que j\u2019ai de donner, tout le haut de mon souffle, tout l\u2019envol du meilleur. Accepte cette offrande, cet \u00e9lan, comme un ciel n\u00e9cessaire o\u00f9 il nous faut vivre d\u2019un c\u0153ur \u00e9gal, sans plus se soucier d\u2019hier ni de demain.<\/p>\n<p style=\"text-align: justify;\">Nous allons voir dans quelques jours les r\u00e9percussions du proc\u00e8s. Mauvaises en apparence. Elles s\u2019att\u00e9nueront dans deux ou trois mois. L\u2019atmosph\u00e8re sera plus calme. Nous pourrons combattre avec plus de lucidit\u00e9. Les \u00e9v\u00e8nements se pr\u00e9cipiteront. On parlera de bien autre chose. Et ce ne sont pas les furieux qui d\u00e9cident. Donc, patience encore. Nous aurons essuy\u00e9 les derniers gros coups. Car le jugement est si s\u00e9v\u00e8re pour mon co\u00e9quipier que je me dis qu\u2019il n\u2019est pas non plus pour moi celui de la s\u00e9r\u00e9nit\u00e9. En juridiction politique, pour \u00eatre impartial, il faut toujours renvoyer les adversaires dos-\u00e0-dos. Supposons un retournement, toujours possible, o\u00f9 iront nos accusateurs\u00a0?<\/p>\n<p style=\"text-align: justify;\">\u00c0 bient\u00f4t te lire longuement ma petite fille. Dis-moi tout ce qu\u2019il faut pour que je comprenne ce qui se passe en toi. C\u2019est le principal d\u2019abord. Que je n\u2019ai pas d\u2019inqui\u00e9tude pour ton moral et pour nous deux. Dis-moi ensuite tout ce que tu as appris sur l\u2019affaire. As-tu vu Flo\u00a0? Que pense-t-il\u00a0? Quelle sera la man\u0153uvre\u00a0? J\u2019attends. J\u2019attends te lire.<\/p>\n<p style=\"text-align: justify;\">Mes gros baisers. Mille et mille. Je ne vis plus que pour te revoir le plus vite. Tout ce que tu as fait m\u2019est si pr\u00e9cieux.<\/p>\n<p style=\"text-align: justify;\">Mille et mille tendresses et certitudes.<\/p>\n<p style=\"text-align: justify;\">J.<\/p>\n","protected":false},"excerpt":{"rendered":"<p>\u00a0 Lundi 27 d\u00e9cembre 1948 Ma ch\u00e9rie, La minute, o\u00f9, pendant cette suspension d\u2019audience, il m\u2019a \u00e9t\u00e9 permis de presser contre ma tempe ton front plein de tendresse, est une des plus pures de ma vie. Autour de moi partout &hellip; <a href=\"https:\/\/monperejeanmamy.fr\/?page_id=2815\">Continuer la lecture <span class=\"meta-nav\">&rarr;<\/span><\/a><\/p>\n","protected":false},"author":2,"featured_media":11,"parent":0,"menu_order":0,"comment_status":"closed","ping_status":"closed","template":"","meta":[],"folder":[],"_links":{"self":[{"href":"https:\/\/monperejeanmamy.fr\/index.php?rest_route=\/wp\/v2\/pages\/2815"}],"collection":[{"href":"https:\/\/monperejeanmamy.fr\/index.php?rest_route=\/wp\/v2\/pages"}],"about":[{"href":"https:\/\/monperejeanmamy.fr\/index.php?rest_route=\/wp\/v2\/types\/page"}],"author":[{"embeddable":true,"href":"https:\/\/monperejeanmamy.fr\/index.php?rest_route=\/wp\/v2\/users\/2"}],"replies":[{"embeddable":true,"href":"https:\/\/monperejeanmamy.fr\/index.php?rest_route=%2Fwp%2Fv2%2Fcomments&post=2815"}],"version-history":[{"count":3,"href":"https:\/\/monperejeanmamy.fr\/index.php?rest_route=\/wp\/v2\/pages\/2815\/revisions"}],"predecessor-version":[{"id":2822,"href":"https:\/\/monperejeanmamy.fr\/index.php?rest_route=\/wp\/v2\/pages\/2815\/revisions\/2822"}],"wp:featuredmedia":[{"embeddable":true,"href":"https:\/\/monperejeanmamy.fr\/index.php?rest_route=\/wp\/v2\/media\/11"}],"wp:attachment":[{"href":"https:\/\/monperejeanmamy.fr\/index.php?rest_route=%2Fwp%2Fv2%2Fmedia&parent=2815"}],"wp:term":[{"taxonomy":"folder","embeddable":true,"href":"https:\/\/monperejeanmamy.fr\/index.php?rest_route=%2Fwp%2Fv2%2Ffolder&post=2815"}],"curies":[{"name":"wp","href":"https:\/\/api.w.org\/{rel}","templated":true}]}}